{"id":6507,"date":"2023-05-04T23:55:28","date_gmt":"2023-05-04T21:55:28","guid":{"rendered":"https:\/\/mikrobagry.cz\/?post_type=product&#038;p=6507"},"modified":"2023-08-08T17:12:45","modified_gmt":"2023-08-08T15:12:45","slug":"lozisko-do-naboje-domecku-pohonoveho-kola","status":"publish","type":"product","link":"https:\/\/mikrobagry.cz\/pl\/obchod\/lozisko-do-naboje-domecku-pohonoveho-kola\/","title":{"rendered":"Lo\u017eisko do n\u00e1boje \/ dome\u010dku pohonov\u00e9ho kola"},"content":{"rendered":"","protected":false},"excerpt":{"rendered":"","protected":false},"featured_media":6500,"comment_status":"closed","ping_status":"closed","template":"","meta":{"_acf_changed":false},"product_cat":[87,107,81],"product_tag":[],"class_list":["post-6507","product","type-product","status-publish","has-post-thumbnail","hentry","product_cat-nahradni-dily","product_cat-pasy-a-kolecka","product_cat-prislusenstvi"],"acf":[],"yoast_head":"<!-- This site is optimized with the Yoast SEO plugin v25.7 - https:\/\/yoast.com\/wordpress\/plugins\/seo\/ -->\n<title>Lo\u017eisko do n\u00e1boje \/ dome\u010dku pohonov\u00e9ho kola - Mikrobagry.cz<\/title>\n<meta name=\"robots\" content=\"index, follow, max-snippet:-1, max-image-preview:large, max-video-preview:-1\" \/>\n<link rel=\"canonical\" href=\"https:\/\/mikrobagry.cz\/pl\/obchod\/lozisko-do-naboje-domecku-pohonoveho-kola\/\" \/>\n<meta property=\"og:locale\" content=\"pl_PL\" \/>\n<meta property=\"og:type\" content=\"article\" \/>\n<meta property=\"og:title\" content=\"Lo\u017eisko do n\u00e1boje \/ dome\u010dku pohonov\u00e9ho kola - Mikrobagry.cz\" \/>\n<meta property=\"og:url\" content=\"https:\/\/mikrobagry.cz\/pl\/obchod\/lozisko-do-naboje-domecku-pohonoveho-kola\/\" \/>\n<meta property=\"og:site_name\" content=\"Mikrobagry.cz\" \/>\n<meta property=\"article:publisher\" content=\"https:\/\/www.facebook.com\/Mikrobagry.cz\/\" \/>\n<meta property=\"article:modified_time\" content=\"2023-08-08T15:12:45+00:00\" \/>\n<meta property=\"og:image\" content=\"https:\/\/mikrobagry.cz\/wp-content\/uploads\/2023\/05\/IMG_8769.png\" \/>\n\t<meta property=\"og:image:width\" content=\"4032\" \/>\n\t<meta property=\"og:image:height\" content=\"3024\" \/>\n\t<meta property=\"og:image:type\" content=\"image\/png\" \/>\n<meta name=\"twitter:card\" content=\"summary_large_image\" \/>\n<script type=\"application\/ld+json\" class=\"yoast-schema-graph\">{\"@context\":\"https:\/\/schema.org\",\"@graph\":[{\"@type\":\"WebPage\",\"@id\":\"https:\/\/mikrobagry.cz\/obchod\/lozisko-do-naboje-domecku-pohonoveho-kola\/\",\"url\":\"https:\/\/mikrobagry.cz\/obchod\/lozisko-do-naboje-domecku-pohonoveho-kola\/\",\"name\":\"Lo\u017eisko do n\u00e1boje \/ dome\u010dku pohonov\u00e9ho kola - Mikrobagry.cz\",\"isPartOf\":{\"@id\":\"https:\/\/mikrobagry.cz\/#website\"},\"primaryImageOfPage\":{\"@id\":\"https:\/\/mikrobagry.cz\/obchod\/lozisko-do-naboje-domecku-pohonoveho-kola\/#primaryimage\"},\"image\":{\"@id\":\"https:\/\/mikrobagry.cz\/obchod\/lozisko-do-naboje-domecku-pohonoveho-kola\/#primaryimage\"},\"thumbnailUrl\":\"https:\/\/mikrobagry.cz\/wp-content\/uploads\/2023\/05\/IMG_8769.png\",\"datePublished\":\"2023-05-04T21:55:28+00:00\",\"dateModified\":\"2023-08-08T15:12:45+00:00\",\"breadcrumb\":{\"@id\":\"https:\/\/mikrobagry.cz\/obchod\/lozisko-do-naboje-domecku-pohonoveho-kola\/#breadcrumb\"},\"inLanguage\":\"pl-PL\",\"potentialAction\":[{\"@type\":\"ReadAction\",\"target\":[\"https:\/\/mikrobagry.cz\/obchod\/lozisko-do-naboje-domecku-pohonoveho-kola\/\"]}]},{\"@type\":\"ImageObject\",\"inLanguage\":\"pl-PL\",\"@id\":\"https:\/\/mikrobagry.cz\/obchod\/lozisko-do-naboje-domecku-pohonoveho-kola\/#primaryimage\",\"url\":\"https:\/\/mikrobagry.cz\/wp-content\/uploads\/2023\/05\/IMG_8769.png\",\"contentUrl\":\"https:\/\/mikrobagry.cz\/wp-content\/uploads\/2023\/05\/IMG_8769.png\",\"width\":4032,\"height\":3024},{\"@type\":\"BreadcrumbList\",\"@id\":\"https:\/\/mikrobagry.cz\/obchod\/lozisko-do-naboje-domecku-pohonoveho-kola\/#breadcrumb\",\"itemListElement\":[{\"@type\":\"ListItem\",\"position\":1,\"name\":\"Dom\u016f\",\"item\":\"https:\/\/mikrobagry.cz\/\"},{\"@type\":\"ListItem\",\"position\":2,\"name\":\"Produkty\",\"item\":\"https:\/\/mikrobagry.cz\/shop\/\"},{\"@type\":\"ListItem\",\"position\":3,\"name\":\"Lo\u017eisko do n\u00e1boje \/ dome\u010dku pohonov\u00e9ho kola\"}]},{\"@type\":\"WebSite\",\"@id\":\"https:\/\/mikrobagry.cz\/#website\",\"url\":\"https:\/\/mikrobagry.cz\/\",\"name\":\"Mikrobagry.cz\",\"description\":\"Dal\u0161\u00ed web pou\u017e\u00edvaj\u00edc\u00ed WordPress\",\"potentialAction\":[{\"@type\":\"SearchAction\",\"target\":{\"@type\":\"EntryPoint\",\"urlTemplate\":\"https:\/\/mikrobagry.cz\/?s={search_term_string}\"},\"query-input\":{\"@type\":\"PropertyValueSpecification\",\"valueRequired\":true,\"valueName\":\"search_term_string\"}}],\"inLanguage\":\"pl-PL\"}]}<\/script>\n<!-- \/ Yoast SEO plugin. -->","yoast_head_json":{"title":"Lo\u017eisko do n\u00e1boje \/ dome\u010dku pohonov\u00e9ho kola - Mikrobagry.cz","robots":{"index":"index","follow":"follow","max-snippet":"max-snippet:-1","max-image-preview":"max-image-preview:large","max-video-preview":"max-video-preview:-1"},"canonical":"https:\/\/mikrobagry.cz\/pl\/obchod\/lozisko-do-naboje-domecku-pohonoveho-kola\/","og_locale":"pl_PL","og_type":"article","og_title":"Lo\u017eisko do n\u00e1boje \/ dome\u010dku pohonov\u00e9ho kola - Mikrobagry.cz","og_url":"https:\/\/mikrobagry.cz\/pl\/obchod\/lozisko-do-naboje-domecku-pohonoveho-kola\/","og_site_name":"Mikrobagry.cz","article_publisher":"https:\/\/www.facebook.com\/Mikrobagry.cz\/","article_modified_time":"2023-08-08T15:12:45+00:00","og_image":[{"width":4032,"height":3024,"url":"https:\/\/mikrobagry.cz\/wp-content\/uploads\/2023\/05\/IMG_8769.png","type":"image\/png"}],"twitter_card":"summary_large_image","schema":{"@context":"https:\/\/schema.org","@graph":[{"@type":"WebPage","@id":"https:\/\/mikrobagry.cz\/obchod\/lozisko-do-naboje-domecku-pohonoveho-kola\/","url":"https:\/\/mikrobagry.cz\/obchod\/lozisko-do-naboje-domecku-pohonoveho-kola\/","name":"Lo\u017eisko do n\u00e1boje \/ dome\u010dku pohonov\u00e9ho kola - Mikrobagry.cz","isPartOf":{"@id":"https:\/\/mikrobagry.cz\/#website"},"primaryImageOfPage":{"@id":"https:\/\/mikrobagry.cz\/obchod\/lozisko-do-naboje-domecku-pohonoveho-kola\/#primaryimage"},"image":{"@id":"https:\/\/mikrobagry.cz\/obchod\/lozisko-do-naboje-domecku-pohonoveho-kola\/#primaryimage"},"thumbnailUrl":"https:\/\/mikrobagry.cz\/wp-content\/uploads\/2023\/05\/IMG_8769.png","datePublished":"2023-05-04T21:55:28+00:00","dateModified":"2023-08-08T15:12:45+00:00","breadcrumb":{"@id":"https:\/\/mikrobagry.cz\/obchod\/lozisko-do-naboje-domecku-pohonoveho-kola\/#breadcrumb"},"inLanguage":"pl-PL","potentialAction":[{"@type":"ReadAction","target":["https:\/\/mikrobagry.cz\/obchod\/lozisko-do-naboje-domecku-pohonoveho-kola\/"]}]},{"@type":"ImageObject","inLanguage":"pl-PL","@id":"https:\/\/mikrobagry.cz\/obchod\/lozisko-do-naboje-domecku-pohonoveho-kola\/#primaryimage","url":"https:\/\/mikrobagry.cz\/wp-content\/uploads\/2023\/05\/IMG_8769.png","contentUrl":"https:\/\/mikrobagry.cz\/wp-content\/uploads\/2023\/05\/IMG_8769.png","width":4032,"height":3024},{"@type":"BreadcrumbList","@id":"https:\/\/mikrobagry.cz\/obchod\/lozisko-do-naboje-domecku-pohonoveho-kola\/#breadcrumb","itemListElement":[{"@type":"ListItem","position":1,"name":"Dom\u016f","item":"https:\/\/mikrobagry.cz\/"},{"@type":"ListItem","position":2,"name":"Produkty","item":"https:\/\/mikrobagry.cz\/shop\/"},{"@type":"ListItem","position":3,"name":"Lo\u017eisko do n\u00e1boje \/ dome\u010dku pohonov\u00e9ho kola"}]},{"@type":"WebSite","@id":"https:\/\/mikrobagry.cz\/#website","url":"https:\/\/mikrobagry.cz\/","name":"Mikrobagry.cz","description":"Dal\u0161\u00ed web pou\u017e\u00edvaj\u00edc\u00ed WordPress","potentialAction":[{"@type":"SearchAction","target":{"@type":"EntryPoint","urlTemplate":"https:\/\/mikrobagry.cz\/?s={search_term_string}"},"query-input":{"@type":"PropertyValueSpecification","valueRequired":true,"valueName":"search_term_string"}}],"inLanguage":"pl-PL"}]}},"_links":{"self":[{"href":"https:\/\/mikrobagry.cz\/pl\/wp-json\/wp\/v2\/product\/6507","targetHints":{"allow":["GET"]}}],"collection":[{"href":"https:\/\/mikrobagry.cz\/pl\/wp-json\/wp\/v2\/product"}],"about":[{"href":"https:\/\/mikrobagry.cz\/pl\/wp-json\/wp\/v2\/types\/product"}],"replies":[{"embeddable":true,"href":"https:\/\/mikrobagry.cz\/pl\/wp-json\/wp\/v2\/comments?post=6507"}],"wp:featuredmedia":[{"embeddable":true,"href":"https:\/\/mikrobagry.cz\/pl\/wp-json\/wp\/v2\/media\/6500"}],"wp:attachment":[{"href":"https:\/\/mikrobagry.cz\/pl\/wp-json\/wp\/v2\/media?parent=6507"}],"wp:term":[{"taxonomy":"product_cat","embeddable":true,"href":"https:\/\/mikrobagry.cz\/pl\/wp-json\/wp\/v2\/product_cat?post=6507"},{"taxonomy":"product_tag","embeddable":true,"href":"https:\/\/mikrobagry.cz\/pl\/wp-json\/wp\/v2\/product_tag?post=6507"}],"curies":[{"name":"wp","href":"https:\/\/api.w.org\/{rel}","templated":true}]}}