{"id":6459,"date":"2023-04-28T16:42:10","date_gmt":"2023-04-28T14:42:10","guid":{"rendered":"https:\/\/mikrobagry.cz\/?post_type=product&#038;p=6459"},"modified":"2024-03-23T15:16:46","modified_gmt":"2024-03-23T14:16:46","slug":"spinaci-skrinka-pro-motor-excalibur-65hp-9hp","status":"publish","type":"product","link":"https:\/\/mikrobagry.cz\/pl\/obchod\/spinaci-skrinka-pro-motor-excalibur-65hp-9hp\/","title":{"rendered":"Sp\u00ednac\u00ed sk\u0159\u00ed\u0148ka pro motor Excalibur 6,5HP, 9HP"},"content":{"rendered":"<p>Sp\u00ednac\u00ed sk\u0159\u00ed\u0148ka pro benzinov\u00fd motor 6,5HP a 9HP typu Excalibur<\/p>","protected":false},"excerpt":{"rendered":"<p>Cena uvedena bez DPH.<\/p>","protected":false},"featured_media":6454,"comment_status":"open","ping_status":"closed","template":"","meta":{"_acf_changed":false},"product_cat":[93,87],"product_tag":[],"class_list":["post-6459","product","type-product","status-publish","has-post-thumbnail","hentry","product_cat-motory","product_cat-nahradni-dily"],"acf":[],"yoast_head":"<!-- This site is optimized with the Yoast SEO plugin v25.7 - https:\/\/yoast.com\/wordpress\/plugins\/seo\/ -->\n<title>Sp\u00ednac\u00ed sk\u0159\u00ed\u0148ka pro motor Excalibur 6,5HP, 9HP - Mikrobagry.cz<\/title>\n<meta name=\"robots\" content=\"index, follow, max-snippet:-1, max-image-preview:large, max-video-preview:-1\" \/>\n<link rel=\"canonical\" href=\"https:\/\/mikrobagry.cz\/pl\/obchod\/spinaci-skrinka-pro-motor-excalibur-65hp-9hp\/\" \/>\n<meta property=\"og:locale\" content=\"pl_PL\" \/>\n<meta property=\"og:type\" content=\"article\" \/>\n<meta property=\"og:title\" content=\"Sp\u00ednac\u00ed sk\u0159\u00ed\u0148ka pro motor Excalibur 6,5HP, 9HP - Mikrobagry.cz\" \/>\n<meta property=\"og:description\" content=\"Cena uvedena bez DPH.\" \/>\n<meta property=\"og:url\" content=\"https:\/\/mikrobagry.cz\/pl\/obchod\/spinaci-skrinka-pro-motor-excalibur-65hp-9hp\/\" \/>\n<meta property=\"og:site_name\" content=\"Mikrobagry.cz\" \/>\n<meta property=\"article:publisher\" content=\"https:\/\/www.facebook.com\/Mikrobagry.cz\/\" \/>\n<meta property=\"article:modified_time\" content=\"2024-03-23T14:16:46+00:00\" \/>\n<meta property=\"og:image\" content=\"https:\/\/mikrobagry.cz\/wp-content\/uploads\/2023\/04\/65Hp-Spinaci-skrinka-MOEX65007-scaled.jpg\" \/>\n\t<meta property=\"og:image:width\" content=\"1441\" \/>\n\t<meta property=\"og:image:height\" content=\"2560\" \/>\n\t<meta property=\"og:image:type\" content=\"image\/jpeg\" \/>\n<meta name=\"twitter:card\" content=\"summary_large_image\" \/>\n<meta name=\"twitter:label1\" content=\"Szacowany czas czytania\" \/>\n\t<meta name=\"twitter:data1\" content=\"1 minuta\" \/>\n<script type=\"application\/ld+json\" class=\"yoast-schema-graph\">{\"@context\":\"https:\/\/schema.org\",\"@graph\":[{\"@type\":\"WebPage\",\"@id\":\"https:\/\/mikrobagry.cz\/obchod\/spinaci-skrinka-pro-motor-excalibur-65hp-9hp\/\",\"url\":\"https:\/\/mikrobagry.cz\/obchod\/spinaci-skrinka-pro-motor-excalibur-65hp-9hp\/\",\"name\":\"Sp\u00ednac\u00ed sk\u0159\u00ed\u0148ka pro motor Excalibur 6,5HP, 9HP - Mikrobagry.cz\",\"isPartOf\":{\"@id\":\"https:\/\/mikrobagry.cz\/#website\"},\"primaryImageOfPage\":{\"@id\":\"https:\/\/mikrobagry.cz\/obchod\/spinaci-skrinka-pro-motor-excalibur-65hp-9hp\/#primaryimage\"},\"image\":{\"@id\":\"https:\/\/mikrobagry.cz\/obchod\/spinaci-skrinka-pro-motor-excalibur-65hp-9hp\/#primaryimage\"},\"thumbnailUrl\":\"https:\/\/mikrobagry.cz\/wp-content\/uploads\/2023\/04\/65Hp-Spinaci-skrinka-MOEX65007-scaled.jpg\",\"datePublished\":\"2023-04-28T14:42:10+00:00\",\"dateModified\":\"2024-03-23T14:16:46+00:00\",\"breadcrumb\":{\"@id\":\"https:\/\/mikrobagry.cz\/obchod\/spinaci-skrinka-pro-motor-excalibur-65hp-9hp\/#breadcrumb\"},\"inLanguage\":\"pl-PL\",\"potentialAction\":[{\"@type\":\"ReadAction\",\"target\":[\"https:\/\/mikrobagry.cz\/obchod\/spinaci-skrinka-pro-motor-excalibur-65hp-9hp\/\"]}]},{\"@type\":\"ImageObject\",\"inLanguage\":\"pl-PL\",\"@id\":\"https:\/\/mikrobagry.cz\/obchod\/spinaci-skrinka-pro-motor-excalibur-65hp-9hp\/#primaryimage\",\"url\":\"https:\/\/mikrobagry.cz\/wp-content\/uploads\/2023\/04\/65Hp-Spinaci-skrinka-MOEX65007-scaled.jpg\",\"contentUrl\":\"https:\/\/mikrobagry.cz\/wp-content\/uploads\/2023\/04\/65Hp-Spinaci-skrinka-MOEX65007-scaled.jpg\",\"width\":1441,\"height\":2560},{\"@type\":\"BreadcrumbList\",\"@id\":\"https:\/\/mikrobagry.cz\/obchod\/spinaci-skrinka-pro-motor-excalibur-65hp-9hp\/#breadcrumb\",\"itemListElement\":[{\"@type\":\"ListItem\",\"position\":1,\"name\":\"Dom\u016f\",\"item\":\"https:\/\/mikrobagry.cz\/\"},{\"@type\":\"ListItem\",\"position\":2,\"name\":\"Produkty\",\"item\":\"https:\/\/mikrobagry.cz\/shop\/\"},{\"@type\":\"ListItem\",\"position\":3,\"name\":\"Sp\u00ednac\u00ed sk\u0159\u00ed\u0148ka pro motor Excalibur 6,5HP, 9HP\"}]},{\"@type\":\"WebSite\",\"@id\":\"https:\/\/mikrobagry.cz\/#website\",\"url\":\"https:\/\/mikrobagry.cz\/\",\"name\":\"Mikrobagry.cz\",\"description\":\"Dal\u0161\u00ed web pou\u017e\u00edvaj\u00edc\u00ed WordPress\",\"potentialAction\":[{\"@type\":\"SearchAction\",\"target\":{\"@type\":\"EntryPoint\",\"urlTemplate\":\"https:\/\/mikrobagry.cz\/?s={search_term_string}\"},\"query-input\":{\"@type\":\"PropertyValueSpecification\",\"valueRequired\":true,\"valueName\":\"search_term_string\"}}],\"inLanguage\":\"pl-PL\"}]}<\/script>\n<!-- \/ Yoast SEO plugin. -->","yoast_head_json":{"title":"Sp\u00ednac\u00ed sk\u0159\u00ed\u0148ka pro motor Excalibur 6,5HP, 9HP - Mikrobagry.cz","robots":{"index":"index","follow":"follow","max-snippet":"max-snippet:-1","max-image-preview":"max-image-preview:large","max-video-preview":"max-video-preview:-1"},"canonical":"https:\/\/mikrobagry.cz\/pl\/obchod\/spinaci-skrinka-pro-motor-excalibur-65hp-9hp\/","og_locale":"pl_PL","og_type":"article","og_title":"Sp\u00ednac\u00ed sk\u0159\u00ed\u0148ka pro motor Excalibur 6,5HP, 9HP - Mikrobagry.cz","og_description":"Cena uvedena bez DPH.","og_url":"https:\/\/mikrobagry.cz\/pl\/obchod\/spinaci-skrinka-pro-motor-excalibur-65hp-9hp\/","og_site_name":"Mikrobagry.cz","article_publisher":"https:\/\/www.facebook.com\/Mikrobagry.cz\/","article_modified_time":"2024-03-23T14:16:46+00:00","og_image":[{"width":1441,"height":2560,"url":"https:\/\/mikrobagry.cz\/wp-content\/uploads\/2023\/04\/65Hp-Spinaci-skrinka-MOEX65007-scaled.jpg","type":"image\/jpeg"}],"twitter_card":"summary_large_image","twitter_misc":{"Szacowany czas czytania":"1 minuta"},"schema":{"@context":"https:\/\/schema.org","@graph":[{"@type":"WebPage","@id":"https:\/\/mikrobagry.cz\/obchod\/spinaci-skrinka-pro-motor-excalibur-65hp-9hp\/","url":"https:\/\/mikrobagry.cz\/obchod\/spinaci-skrinka-pro-motor-excalibur-65hp-9hp\/","name":"Sp\u00ednac\u00ed sk\u0159\u00ed\u0148ka pro motor Excalibur 6,5HP, 9HP - Mikrobagry.cz","isPartOf":{"@id":"https:\/\/mikrobagry.cz\/#website"},"primaryImageOfPage":{"@id":"https:\/\/mikrobagry.cz\/obchod\/spinaci-skrinka-pro-motor-excalibur-65hp-9hp\/#primaryimage"},"image":{"@id":"https:\/\/mikrobagry.cz\/obchod\/spinaci-skrinka-pro-motor-excalibur-65hp-9hp\/#primaryimage"},"thumbnailUrl":"https:\/\/mikrobagry.cz\/wp-content\/uploads\/2023\/04\/65Hp-Spinaci-skrinka-MOEX65007-scaled.jpg","datePublished":"2023-04-28T14:42:10+00:00","dateModified":"2024-03-23T14:16:46+00:00","breadcrumb":{"@id":"https:\/\/mikrobagry.cz\/obchod\/spinaci-skrinka-pro-motor-excalibur-65hp-9hp\/#breadcrumb"},"inLanguage":"pl-PL","potentialAction":[{"@type":"ReadAction","target":["https:\/\/mikrobagry.cz\/obchod\/spinaci-skrinka-pro-motor-excalibur-65hp-9hp\/"]}]},{"@type":"ImageObject","inLanguage":"pl-PL","@id":"https:\/\/mikrobagry.cz\/obchod\/spinaci-skrinka-pro-motor-excalibur-65hp-9hp\/#primaryimage","url":"https:\/\/mikrobagry.cz\/wp-content\/uploads\/2023\/04\/65Hp-Spinaci-skrinka-MOEX65007-scaled.jpg","contentUrl":"https:\/\/mikrobagry.cz\/wp-content\/uploads\/2023\/04\/65Hp-Spinaci-skrinka-MOEX65007-scaled.jpg","width":1441,"height":2560},{"@type":"BreadcrumbList","@id":"https:\/\/mikrobagry.cz\/obchod\/spinaci-skrinka-pro-motor-excalibur-65hp-9hp\/#breadcrumb","itemListElement":[{"@type":"ListItem","position":1,"name":"Dom\u016f","item":"https:\/\/mikrobagry.cz\/"},{"@type":"ListItem","position":2,"name":"Produkty","item":"https:\/\/mikrobagry.cz\/shop\/"},{"@type":"ListItem","position":3,"name":"Sp\u00ednac\u00ed sk\u0159\u00ed\u0148ka pro motor Excalibur 6,5HP, 9HP"}]},{"@type":"WebSite","@id":"https:\/\/mikrobagry.cz\/#website","url":"https:\/\/mikrobagry.cz\/","name":"Mikrobagry.cz","description":"Dal\u0161\u00ed web pou\u017e\u00edvaj\u00edc\u00ed WordPress","potentialAction":[{"@type":"SearchAction","target":{"@type":"EntryPoint","urlTemplate":"https:\/\/mikrobagry.cz\/?s={search_term_string}"},"query-input":{"@type":"PropertyValueSpecification","valueRequired":true,"valueName":"search_term_string"}}],"inLanguage":"pl-PL"}]}},"_links":{"self":[{"href":"https:\/\/mikrobagry.cz\/pl\/wp-json\/wp\/v2\/product\/6459","targetHints":{"allow":["GET"]}}],"collection":[{"href":"https:\/\/mikrobagry.cz\/pl\/wp-json\/wp\/v2\/product"}],"about":[{"href":"https:\/\/mikrobagry.cz\/pl\/wp-json\/wp\/v2\/types\/product"}],"replies":[{"embeddable":true,"href":"https:\/\/mikrobagry.cz\/pl\/wp-json\/wp\/v2\/comments?post=6459"}],"wp:featuredmedia":[{"embeddable":true,"href":"https:\/\/mikrobagry.cz\/pl\/wp-json\/wp\/v2\/media\/6454"}],"wp:attachment":[{"href":"https:\/\/mikrobagry.cz\/pl\/wp-json\/wp\/v2\/media?parent=6459"}],"wp:term":[{"taxonomy":"product_cat","embeddable":true,"href":"https:\/\/mikrobagry.cz\/pl\/wp-json\/wp\/v2\/product_cat?post=6459"},{"taxonomy":"product_tag","embeddable":true,"href":"https:\/\/mikrobagry.cz\/pl\/wp-json\/wp\/v2\/product_tag?post=6459"}],"curies":[{"name":"wp","href":"https:\/\/api.w.org\/{rel}","templated":true}]}}