{"id":4634,"date":"2021-04-28T07:47:33","date_gmt":"2021-04-28T05:47:33","guid":{"rendered":"https:\/\/mikrobagry.cz\/?post_type=product&#038;p=4634"},"modified":"2026-01-04T21:37:13","modified_gmt":"2026-01-04T20:37:13","slug":"svahova-lzice-80cm-pro-modely-mpt-82-1500","status":"publish","type":"product","link":"https:\/\/mikrobagry.cz\/pl\/obchod\/svahova-lzice-80cm-pro-modely-mpt-82-1500\/","title":{"rendered":"Svahov\u00e1 l\u017e\u00edce 80cm pro modely MPT-82-1500"},"content":{"rendered":"","protected":false},"excerpt":{"rendered":"<p>\u0160\u00ed\u0159ka 80cm. Standardn\u00ed, nenakl\u00e1p\u011bc\u00ed do stran. Cena bez DPH.<\/p>","protected":false},"featured_media":4629,"comment_status":"closed","ping_status":"closed","template":"","meta":{"_acf_changed":false},"product_cat":[90],"product_tag":[],"class_list":["post-4634","product","type-product","status-publish","has-post-thumbnail","hentry","product_cat-lzice"],"acf":[],"yoast_head":"<!-- This site is optimized with the Yoast SEO plugin v25.7 - https:\/\/yoast.com\/wordpress\/plugins\/seo\/ -->\n<title>Svahov\u00e1 l\u017e\u00edce 80cm pro modely MPT-82-1500 - Mikrobagry.cz<\/title>\n<meta name=\"robots\" content=\"index, follow, max-snippet:-1, max-image-preview:large, max-video-preview:-1\" \/>\n<link rel=\"canonical\" href=\"https:\/\/mikrobagry.cz\/pl\/obchod\/svahova-lzice-80cm-pro-modely-mpt-82-1500\/\" \/>\n<meta property=\"og:locale\" content=\"pl_PL\" \/>\n<meta property=\"og:type\" content=\"article\" \/>\n<meta property=\"og:title\" content=\"Svahov\u00e1 l\u017e\u00edce 80cm pro modely MPT-82-1500 - Mikrobagry.cz\" \/>\n<meta property=\"og:description\" content=\"\u0160\u00ed\u0159ka 80cm. Standardn\u00ed, nenakl\u00e1p\u011bc\u00ed do stran. Cena bez DPH.\" \/>\n<meta property=\"og:url\" content=\"https:\/\/mikrobagry.cz\/pl\/obchod\/svahova-lzice-80cm-pro-modely-mpt-82-1500\/\" \/>\n<meta property=\"og:site_name\" content=\"Mikrobagry.cz\" \/>\n<meta property=\"article:publisher\" content=\"https:\/\/www.facebook.com\/Mikrobagry.cz\/\" \/>\n<meta property=\"article:modified_time\" content=\"2026-01-04T20:37:13+00:00\" \/>\n<meta property=\"og:image\" content=\"https:\/\/mikrobagry.cz\/wp-content\/uploads\/2021\/04\/IMG_5681.png\" \/>\n\t<meta property=\"og:image:width\" content=\"700\" \/>\n\t<meta property=\"og:image:height\" content=\"525\" \/>\n\t<meta property=\"og:image:type\" content=\"image\/png\" \/>\n<meta name=\"twitter:card\" content=\"summary_large_image\" \/>\n<script type=\"application\/ld+json\" class=\"yoast-schema-graph\">{\"@context\":\"https:\/\/schema.org\",\"@graph\":[{\"@type\":\"WebPage\",\"@id\":\"https:\/\/mikrobagry.cz\/obchod\/svahova-lzice-80cm-pro-modely-mpt-82-1500\/\",\"url\":\"https:\/\/mikrobagry.cz\/obchod\/svahova-lzice-80cm-pro-modely-mpt-82-1500\/\",\"name\":\"Svahov\u00e1 l\u017e\u00edce 80cm pro modely MPT-82-1500 - Mikrobagry.cz\",\"isPartOf\":{\"@id\":\"https:\/\/mikrobagry.cz\/#website\"},\"primaryImageOfPage\":{\"@id\":\"https:\/\/mikrobagry.cz\/obchod\/svahova-lzice-80cm-pro-modely-mpt-82-1500\/#primaryimage\"},\"image\":{\"@id\":\"https:\/\/mikrobagry.cz\/obchod\/svahova-lzice-80cm-pro-modely-mpt-82-1500\/#primaryimage\"},\"thumbnailUrl\":\"https:\/\/mikrobagry.cz\/wp-content\/uploads\/2021\/04\/IMG_5681.png\",\"datePublished\":\"2021-04-28T05:47:33+00:00\",\"dateModified\":\"2026-01-04T20:37:13+00:00\",\"breadcrumb\":{\"@id\":\"https:\/\/mikrobagry.cz\/obchod\/svahova-lzice-80cm-pro-modely-mpt-82-1500\/#breadcrumb\"},\"inLanguage\":\"pl-PL\",\"potentialAction\":[{\"@type\":\"ReadAction\",\"target\":[\"https:\/\/mikrobagry.cz\/obchod\/svahova-lzice-80cm-pro-modely-mpt-82-1500\/\"]}]},{\"@type\":\"ImageObject\",\"inLanguage\":\"pl-PL\",\"@id\":\"https:\/\/mikrobagry.cz\/obchod\/svahova-lzice-80cm-pro-modely-mpt-82-1500\/#primaryimage\",\"url\":\"https:\/\/mikrobagry.cz\/wp-content\/uploads\/2021\/04\/IMG_5681.png\",\"contentUrl\":\"https:\/\/mikrobagry.cz\/wp-content\/uploads\/2021\/04\/IMG_5681.png\",\"width\":700,\"height\":525},{\"@type\":\"BreadcrumbList\",\"@id\":\"https:\/\/mikrobagry.cz\/obchod\/svahova-lzice-80cm-pro-modely-mpt-82-1500\/#breadcrumb\",\"itemListElement\":[{\"@type\":\"ListItem\",\"position\":1,\"name\":\"Dom\u016f\",\"item\":\"https:\/\/mikrobagry.cz\/\"},{\"@type\":\"ListItem\",\"position\":2,\"name\":\"Produkty\",\"item\":\"https:\/\/mikrobagry.cz\/shop\/\"},{\"@type\":\"ListItem\",\"position\":3,\"name\":\"Svahov\u00e1 l\u017e\u00edce 80cm pro modely MPT-82-1500\"}]},{\"@type\":\"WebSite\",\"@id\":\"https:\/\/mikrobagry.cz\/#website\",\"url\":\"https:\/\/mikrobagry.cz\/\",\"name\":\"Mikrobagry.cz\",\"description\":\"Dal\u0161\u00ed web pou\u017e\u00edvaj\u00edc\u00ed WordPress\",\"potentialAction\":[{\"@type\":\"SearchAction\",\"target\":{\"@type\":\"EntryPoint\",\"urlTemplate\":\"https:\/\/mikrobagry.cz\/?s={search_term_string}\"},\"query-input\":{\"@type\":\"PropertyValueSpecification\",\"valueRequired\":true,\"valueName\":\"search_term_string\"}}],\"inLanguage\":\"pl-PL\"}]}<\/script>\n<!-- \/ Yoast SEO plugin. -->","yoast_head_json":{"title":"Svahov\u00e1 l\u017e\u00edce 80cm pro modely MPT-82-1500 - Mikrobagry.cz","robots":{"index":"index","follow":"follow","max-snippet":"max-snippet:-1","max-image-preview":"max-image-preview:large","max-video-preview":"max-video-preview:-1"},"canonical":"https:\/\/mikrobagry.cz\/pl\/obchod\/svahova-lzice-80cm-pro-modely-mpt-82-1500\/","og_locale":"pl_PL","og_type":"article","og_title":"Svahov\u00e1 l\u017e\u00edce 80cm pro modely MPT-82-1500 - Mikrobagry.cz","og_description":"\u0160\u00ed\u0159ka 80cm. Standardn\u00ed, nenakl\u00e1p\u011bc\u00ed do stran. Cena bez DPH.","og_url":"https:\/\/mikrobagry.cz\/pl\/obchod\/svahova-lzice-80cm-pro-modely-mpt-82-1500\/","og_site_name":"Mikrobagry.cz","article_publisher":"https:\/\/www.facebook.com\/Mikrobagry.cz\/","article_modified_time":"2026-01-04T20:37:13+00:00","og_image":[{"width":700,"height":525,"url":"https:\/\/mikrobagry.cz\/wp-content\/uploads\/2021\/04\/IMG_5681.png","type":"image\/png"}],"twitter_card":"summary_large_image","schema":{"@context":"https:\/\/schema.org","@graph":[{"@type":"WebPage","@id":"https:\/\/mikrobagry.cz\/obchod\/svahova-lzice-80cm-pro-modely-mpt-82-1500\/","url":"https:\/\/mikrobagry.cz\/obchod\/svahova-lzice-80cm-pro-modely-mpt-82-1500\/","name":"Svahov\u00e1 l\u017e\u00edce 80cm pro modely MPT-82-1500 - Mikrobagry.cz","isPartOf":{"@id":"https:\/\/mikrobagry.cz\/#website"},"primaryImageOfPage":{"@id":"https:\/\/mikrobagry.cz\/obchod\/svahova-lzice-80cm-pro-modely-mpt-82-1500\/#primaryimage"},"image":{"@id":"https:\/\/mikrobagry.cz\/obchod\/svahova-lzice-80cm-pro-modely-mpt-82-1500\/#primaryimage"},"thumbnailUrl":"https:\/\/mikrobagry.cz\/wp-content\/uploads\/2021\/04\/IMG_5681.png","datePublished":"2021-04-28T05:47:33+00:00","dateModified":"2026-01-04T20:37:13+00:00","breadcrumb":{"@id":"https:\/\/mikrobagry.cz\/obchod\/svahova-lzice-80cm-pro-modely-mpt-82-1500\/#breadcrumb"},"inLanguage":"pl-PL","potentialAction":[{"@type":"ReadAction","target":["https:\/\/mikrobagry.cz\/obchod\/svahova-lzice-80cm-pro-modely-mpt-82-1500\/"]}]},{"@type":"ImageObject","inLanguage":"pl-PL","@id":"https:\/\/mikrobagry.cz\/obchod\/svahova-lzice-80cm-pro-modely-mpt-82-1500\/#primaryimage","url":"https:\/\/mikrobagry.cz\/wp-content\/uploads\/2021\/04\/IMG_5681.png","contentUrl":"https:\/\/mikrobagry.cz\/wp-content\/uploads\/2021\/04\/IMG_5681.png","width":700,"height":525},{"@type":"BreadcrumbList","@id":"https:\/\/mikrobagry.cz\/obchod\/svahova-lzice-80cm-pro-modely-mpt-82-1500\/#breadcrumb","itemListElement":[{"@type":"ListItem","position":1,"name":"Dom\u016f","item":"https:\/\/mikrobagry.cz\/"},{"@type":"ListItem","position":2,"name":"Produkty","item":"https:\/\/mikrobagry.cz\/shop\/"},{"@type":"ListItem","position":3,"name":"Svahov\u00e1 l\u017e\u00edce 80cm pro modely MPT-82-1500"}]},{"@type":"WebSite","@id":"https:\/\/mikrobagry.cz\/#website","url":"https:\/\/mikrobagry.cz\/","name":"Mikrobagry.cz","description":"Dal\u0161\u00ed web pou\u017e\u00edvaj\u00edc\u00ed WordPress","potentialAction":[{"@type":"SearchAction","target":{"@type":"EntryPoint","urlTemplate":"https:\/\/mikrobagry.cz\/?s={search_term_string}"},"query-input":{"@type":"PropertyValueSpecification","valueRequired":true,"valueName":"search_term_string"}}],"inLanguage":"pl-PL"}]}},"_links":{"self":[{"href":"https:\/\/mikrobagry.cz\/pl\/wp-json\/wp\/v2\/product\/4634","targetHints":{"allow":["GET"]}}],"collection":[{"href":"https:\/\/mikrobagry.cz\/pl\/wp-json\/wp\/v2\/product"}],"about":[{"href":"https:\/\/mikrobagry.cz\/pl\/wp-json\/wp\/v2\/types\/product"}],"replies":[{"embeddable":true,"href":"https:\/\/mikrobagry.cz\/pl\/wp-json\/wp\/v2\/comments?post=4634"}],"wp:featuredmedia":[{"embeddable":true,"href":"https:\/\/mikrobagry.cz\/pl\/wp-json\/wp\/v2\/media\/4629"}],"wp:attachment":[{"href":"https:\/\/mikrobagry.cz\/pl\/wp-json\/wp\/v2\/media?parent=4634"}],"wp:term":[{"taxonomy":"product_cat","embeddable":true,"href":"https:\/\/mikrobagry.cz\/pl\/wp-json\/wp\/v2\/product_cat?post=4634"},{"taxonomy":"product_tag","embeddable":true,"href":"https:\/\/mikrobagry.cz\/pl\/wp-json\/wp\/v2\/product_tag?post=4634"}],"curies":[{"name":"wp","href":"https:\/\/api.w.org\/{rel}","templated":true}]}}