{"id":4306,"date":"2021-01-30T22:24:03","date_gmt":"2021-01-30T21:24:03","guid":{"rendered":"https:\/\/mikrobagry.cz\/?post_type=product&#038;p=4306"},"modified":"2024-03-01T21:43:18","modified_gmt":"2024-03-01T20:43:18","slug":"zub-ke-lzicim","status":"publish","type":"product","link":"https:\/\/mikrobagry.cz\/pl\/obchod\/zub-ke-lzicim\/","title":{"rendered":"Zub ke l\u017e\u00edc\u00edm"},"content":{"rendered":"","protected":false},"excerpt":{"rendered":"<p>Kvalitn\u00ed n\u00e1hradn\u00ed zub k nov\u00fdm typ\u016fm l\u017eic s v\u00fdm\u011bnn\u00fdmi zuby. \u017d\u00e1dn\u00e1 \u010d\u00edna.<\/p>\n<p>Cena bez DPH.<\/p>","protected":false},"featured_media":4307,"comment_status":"closed","ping_status":"closed","template":"","meta":{"_acf_changed":false},"product_cat":[87,81],"product_tag":[],"class_list":["post-4306","product","type-product","status-publish","has-post-thumbnail","hentry","product_cat-nahradni-dily","product_cat-prislusenstvi"],"acf":[],"yoast_head":"<!-- This site is optimized with the Yoast SEO plugin v25.7 - https:\/\/yoast.com\/wordpress\/plugins\/seo\/ -->\n<title>Zub ke l\u017e\u00edc\u00edm - Mikrobagry.cz<\/title>\n<meta name=\"robots\" content=\"index, follow, max-snippet:-1, max-image-preview:large, max-video-preview:-1\" \/>\n<link rel=\"canonical\" href=\"https:\/\/mikrobagry.cz\/pl\/obchod\/zub-ke-lzicim\/\" \/>\n<meta property=\"og:locale\" content=\"pl_PL\" \/>\n<meta property=\"og:type\" content=\"article\" \/>\n<meta property=\"og:title\" content=\"Zub ke l\u017e\u00edc\u00edm - Mikrobagry.cz\" \/>\n<meta property=\"og:description\" content=\"Kvalitn\u00ed n\u00e1hradn\u00ed zub k nov\u00fdm typ\u016fm l\u017eic s v\u00fdm\u011bnn\u00fdmi zuby. \u017d\u00e1dn\u00e1 \u010d\u00edna.  Cena bez DPH.\" \/>\n<meta property=\"og:url\" content=\"https:\/\/mikrobagry.cz\/pl\/obchod\/zub-ke-lzicim\/\" \/>\n<meta property=\"og:site_name\" content=\"Mikrobagry.cz\" \/>\n<meta property=\"article:publisher\" content=\"https:\/\/www.facebook.com\/Mikrobagry.cz\/\" \/>\n<meta property=\"article:modified_time\" content=\"2024-03-01T20:43:18+00:00\" \/>\n<meta property=\"og:image\" content=\"https:\/\/mikrobagry.cz\/wp-content\/uploads\/2021\/01\/IMG_4099.jpg\" \/>\n\t<meta property=\"og:image:width\" content=\"900\" \/>\n\t<meta property=\"og:image:height\" content=\"1200\" \/>\n\t<meta property=\"og:image:type\" content=\"image\/jpeg\" \/>\n<meta name=\"twitter:card\" content=\"summary_large_image\" \/>\n<script type=\"application\/ld+json\" class=\"yoast-schema-graph\">{\"@context\":\"https:\/\/schema.org\",\"@graph\":[{\"@type\":\"WebPage\",\"@id\":\"https:\/\/mikrobagry.cz\/obchod\/zub-ke-lzicim\/\",\"url\":\"https:\/\/mikrobagry.cz\/obchod\/zub-ke-lzicim\/\",\"name\":\"Zub ke l\u017e\u00edc\u00edm - Mikrobagry.cz\",\"isPartOf\":{\"@id\":\"https:\/\/mikrobagry.cz\/#website\"},\"primaryImageOfPage\":{\"@id\":\"https:\/\/mikrobagry.cz\/obchod\/zub-ke-lzicim\/#primaryimage\"},\"image\":{\"@id\":\"https:\/\/mikrobagry.cz\/obchod\/zub-ke-lzicim\/#primaryimage\"},\"thumbnailUrl\":\"https:\/\/mikrobagry.cz\/wp-content\/uploads\/2021\/01\/IMG_4099.jpg\",\"datePublished\":\"2021-01-30T21:24:03+00:00\",\"dateModified\":\"2024-03-01T20:43:18+00:00\",\"breadcrumb\":{\"@id\":\"https:\/\/mikrobagry.cz\/obchod\/zub-ke-lzicim\/#breadcrumb\"},\"inLanguage\":\"pl-PL\",\"potentialAction\":[{\"@type\":\"ReadAction\",\"target\":[\"https:\/\/mikrobagry.cz\/obchod\/zub-ke-lzicim\/\"]}]},{\"@type\":\"ImageObject\",\"inLanguage\":\"pl-PL\",\"@id\":\"https:\/\/mikrobagry.cz\/obchod\/zub-ke-lzicim\/#primaryimage\",\"url\":\"https:\/\/mikrobagry.cz\/wp-content\/uploads\/2021\/01\/IMG_4099.jpg\",\"contentUrl\":\"https:\/\/mikrobagry.cz\/wp-content\/uploads\/2021\/01\/IMG_4099.jpg\",\"width\":900,\"height\":1200},{\"@type\":\"BreadcrumbList\",\"@id\":\"https:\/\/mikrobagry.cz\/obchod\/zub-ke-lzicim\/#breadcrumb\",\"itemListElement\":[{\"@type\":\"ListItem\",\"position\":1,\"name\":\"Dom\u016f\",\"item\":\"https:\/\/mikrobagry.cz\/\"},{\"@type\":\"ListItem\",\"position\":2,\"name\":\"Produkty\",\"item\":\"https:\/\/mikrobagry.cz\/shop\/\"},{\"@type\":\"ListItem\",\"position\":3,\"name\":\"Zub ke l\u017e\u00edc\u00edm\"}]},{\"@type\":\"WebSite\",\"@id\":\"https:\/\/mikrobagry.cz\/#website\",\"url\":\"https:\/\/mikrobagry.cz\/\",\"name\":\"Mikrobagry.cz\",\"description\":\"Dal\u0161\u00ed web pou\u017e\u00edvaj\u00edc\u00ed WordPress\",\"potentialAction\":[{\"@type\":\"SearchAction\",\"target\":{\"@type\":\"EntryPoint\",\"urlTemplate\":\"https:\/\/mikrobagry.cz\/?s={search_term_string}\"},\"query-input\":{\"@type\":\"PropertyValueSpecification\",\"valueRequired\":true,\"valueName\":\"search_term_string\"}}],\"inLanguage\":\"pl-PL\"}]}<\/script>\n<!-- \/ Yoast SEO plugin. -->","yoast_head_json":{"title":"Zub ke l\u017e\u00edc\u00edm - Mikrobagry.cz","robots":{"index":"index","follow":"follow","max-snippet":"max-snippet:-1","max-image-preview":"max-image-preview:large","max-video-preview":"max-video-preview:-1"},"canonical":"https:\/\/mikrobagry.cz\/pl\/obchod\/zub-ke-lzicim\/","og_locale":"pl_PL","og_type":"article","og_title":"Zub ke l\u017e\u00edc\u00edm - Mikrobagry.cz","og_description":"Kvalitn\u00ed n\u00e1hradn\u00ed zub k nov\u00fdm typ\u016fm l\u017eic s v\u00fdm\u011bnn\u00fdmi zuby. \u017d\u00e1dn\u00e1 \u010d\u00edna.  Cena bez DPH.","og_url":"https:\/\/mikrobagry.cz\/pl\/obchod\/zub-ke-lzicim\/","og_site_name":"Mikrobagry.cz","article_publisher":"https:\/\/www.facebook.com\/Mikrobagry.cz\/","article_modified_time":"2024-03-01T20:43:18+00:00","og_image":[{"width":900,"height":1200,"url":"https:\/\/mikrobagry.cz\/wp-content\/uploads\/2021\/01\/IMG_4099.jpg","type":"image\/jpeg"}],"twitter_card":"summary_large_image","schema":{"@context":"https:\/\/schema.org","@graph":[{"@type":"WebPage","@id":"https:\/\/mikrobagry.cz\/obchod\/zub-ke-lzicim\/","url":"https:\/\/mikrobagry.cz\/obchod\/zub-ke-lzicim\/","name":"Zub ke l\u017e\u00edc\u00edm - Mikrobagry.cz","isPartOf":{"@id":"https:\/\/mikrobagry.cz\/#website"},"primaryImageOfPage":{"@id":"https:\/\/mikrobagry.cz\/obchod\/zub-ke-lzicim\/#primaryimage"},"image":{"@id":"https:\/\/mikrobagry.cz\/obchod\/zub-ke-lzicim\/#primaryimage"},"thumbnailUrl":"https:\/\/mikrobagry.cz\/wp-content\/uploads\/2021\/01\/IMG_4099.jpg","datePublished":"2021-01-30T21:24:03+00:00","dateModified":"2024-03-01T20:43:18+00:00","breadcrumb":{"@id":"https:\/\/mikrobagry.cz\/obchod\/zub-ke-lzicim\/#breadcrumb"},"inLanguage":"pl-PL","potentialAction":[{"@type":"ReadAction","target":["https:\/\/mikrobagry.cz\/obchod\/zub-ke-lzicim\/"]}]},{"@type":"ImageObject","inLanguage":"pl-PL","@id":"https:\/\/mikrobagry.cz\/obchod\/zub-ke-lzicim\/#primaryimage","url":"https:\/\/mikrobagry.cz\/wp-content\/uploads\/2021\/01\/IMG_4099.jpg","contentUrl":"https:\/\/mikrobagry.cz\/wp-content\/uploads\/2021\/01\/IMG_4099.jpg","width":900,"height":1200},{"@type":"BreadcrumbList","@id":"https:\/\/mikrobagry.cz\/obchod\/zub-ke-lzicim\/#breadcrumb","itemListElement":[{"@type":"ListItem","position":1,"name":"Dom\u016f","item":"https:\/\/mikrobagry.cz\/"},{"@type":"ListItem","position":2,"name":"Produkty","item":"https:\/\/mikrobagry.cz\/shop\/"},{"@type":"ListItem","position":3,"name":"Zub ke l\u017e\u00edc\u00edm"}]},{"@type":"WebSite","@id":"https:\/\/mikrobagry.cz\/#website","url":"https:\/\/mikrobagry.cz\/","name":"Mikrobagry.cz","description":"Dal\u0161\u00ed web pou\u017e\u00edvaj\u00edc\u00ed WordPress","potentialAction":[{"@type":"SearchAction","target":{"@type":"EntryPoint","urlTemplate":"https:\/\/mikrobagry.cz\/?s={search_term_string}"},"query-input":{"@type":"PropertyValueSpecification","valueRequired":true,"valueName":"search_term_string"}}],"inLanguage":"pl-PL"}]}},"_links":{"self":[{"href":"https:\/\/mikrobagry.cz\/pl\/wp-json\/wp\/v2\/product\/4306","targetHints":{"allow":["GET"]}}],"collection":[{"href":"https:\/\/mikrobagry.cz\/pl\/wp-json\/wp\/v2\/product"}],"about":[{"href":"https:\/\/mikrobagry.cz\/pl\/wp-json\/wp\/v2\/types\/product"}],"replies":[{"embeddable":true,"href":"https:\/\/mikrobagry.cz\/pl\/wp-json\/wp\/v2\/comments?post=4306"}],"wp:featuredmedia":[{"embeddable":true,"href":"https:\/\/mikrobagry.cz\/pl\/wp-json\/wp\/v2\/media\/4307"}],"wp:attachment":[{"href":"https:\/\/mikrobagry.cz\/pl\/wp-json\/wp\/v2\/media?parent=4306"}],"wp:term":[{"taxonomy":"product_cat","embeddable":true,"href":"https:\/\/mikrobagry.cz\/pl\/wp-json\/wp\/v2\/product_cat?post=4306"},{"taxonomy":"product_tag","embeddable":true,"href":"https:\/\/mikrobagry.cz\/pl\/wp-json\/wp\/v2\/product_tag?post=4306"}],"curies":[{"name":"wp","href":"https:\/\/api.w.org\/{rel}","templated":true}]}}