{"id":3152,"date":"2019-09-23T23:53:59","date_gmt":"2019-09-23T21:53:59","guid":{"rendered":"http:\/\/mikrobagry.cz\/?post_type=product&#038;p=3152"},"modified":"2026-01-04T21:43:36","modified_gmt":"2026-01-04T20:43:36","slug":"hrabe-80-cm","status":"publish","type":"product","link":"https:\/\/mikrobagry.cz\/pl\/obchod\/hrabe-80-cm\/","title":{"rendered":"Hr\u00e1b\u011b 80 cm"},"content":{"rendered":"","protected":false},"excerpt":{"rendered":"<p>Tzv. vyrovn\u00e1vac\u00ed hr\u00e1b\u011b s rovnac\u00edm b\u0159item.\u00a0\u00a0Vhodn\u00e9 nap\u0159.:<\/p>\n<ul>\n<li>P\u0159ed ulo\u017een\u00ed z\u00e1mkov\u00e9 dla\u017eby bez zbyte\u010dn\u00e9ho nab\u00edr\u00e1n\u00ed a odvozu \u0161t\u011brku jako s klasicko lopatou.<\/li>\n<li>Pokl\u00e1d\u00e1n\u00ed zahrad nebo stahov\u00e1n\u00ed klest\u00ed.<\/li>\n<li>Rozhrab\u00e1n\u00ed pevn\u00fdch, kamenit\u00fdch povrch\u016f pro vyt\u0159\u00edd\u011bni kameniva a drn\u016f, ko\u0159en\u016f, plan\u00fdrov\u00e1n\u00ed a nakyp\u0159en\u00ed. Mo\u017eno pou\u017e\u00edt m\u00e9n\u011b s\u00edly \u00a0ve tvrd\u00e9 zemin\u011b p\u0159i stejn\u00e9 \u0161\u00ed\u0159i ne\u017e s klasickou lopatou.<\/li>\n<\/ul>\n<p>Cena uvedena bez DPH.<\/p>","protected":false},"featured_media":3151,"comment_status":"closed","ping_status":"closed","template":"","meta":{"_acf_changed":false},"product_cat":[96,90,81],"product_tag":[],"class_list":["post-3152","product","type-product","status-publish","has-post-thumbnail","hentry","product_cat-rypaci-trny","product_cat-lzice","product_cat-prislusenstvi"],"acf":[],"yoast_head":"<!-- This site is optimized with the Yoast SEO plugin v25.7 - https:\/\/yoast.com\/wordpress\/plugins\/seo\/ -->\n<title>Hr\u00e1b\u011b 80 cm - Mikrobagry.cz<\/title>\n<meta name=\"robots\" content=\"index, follow, max-snippet:-1, max-image-preview:large, max-video-preview:-1\" \/>\n<link rel=\"canonical\" href=\"https:\/\/mikrobagry.cz\/pl\/obchod\/hrabe-80-cm\/\" \/>\n<meta property=\"og:locale\" content=\"pl_PL\" \/>\n<meta property=\"og:type\" content=\"article\" \/>\n<meta property=\"og:title\" content=\"Hr\u00e1b\u011b 80 cm - Mikrobagry.cz\" \/>\n<meta property=\"og:description\" content=\"Tzv. vyrovn\u00e1vac\u00ed hr\u00e1b\u011b s rovnac\u00edm b\u0159item.\u00a0\u00a0Vhodn\u00e9 nap\u0159.:   P\u0159ed ulo\u017een\u00ed z\u00e1mkov\u00e9 dla\u017eby bez zbyte\u010dn\u00e9ho nab\u00edr\u00e1n\u00ed a odvozu \u0161t\u011brku jako s klasicko lopatou.  Pokl\u00e1d\u00e1n\u00ed zahrad nebo stahov\u00e1n\u00ed klest\u00ed.  Rozhrab\u00e1n\u00ed pevn\u00fdch, kamenit\u00fdch povrch\u016f pro vyt\u0159\u00edd\u011bni kameniva a drn\u016f, ko\u0159en\u016f, plan\u00fdrov\u00e1n\u00ed a nakyp\u0159en\u00ed. Mo\u017eno pou\u017e\u00edt m\u00e9n\u011b s\u00edly \u00a0ve tvrd\u00e9 zemin\u011b p\u0159i stejn\u00e9 \u0161\u00ed\u0159i ne\u017e s klasickou lopatou.  Cena uvedena bez DPH.\" \/>\n<meta property=\"og:url\" content=\"https:\/\/mikrobagry.cz\/pl\/obchod\/hrabe-80-cm\/\" \/>\n<meta property=\"og:site_name\" content=\"Mikrobagry.cz\" \/>\n<meta property=\"article:publisher\" content=\"https:\/\/www.facebook.com\/Mikrobagry.cz\/\" \/>\n<meta property=\"article:modified_time\" content=\"2026-01-04T20:43:36+00:00\" \/>\n<meta property=\"og:image\" content=\"https:\/\/mikrobagry.cz\/wp-content\/uploads\/2019\/09\/Hr\u00e1b\u011b-80_3-kopie.jpg\" \/>\n\t<meta property=\"og:image:width\" content=\"980\" \/>\n\t<meta property=\"og:image:height\" content=\"735\" \/>\n\t<meta property=\"og:image:type\" content=\"image\/jpeg\" \/>\n<meta name=\"twitter:card\" content=\"summary_large_image\" \/>\n<script type=\"application\/ld+json\" class=\"yoast-schema-graph\">{\"@context\":\"https:\/\/schema.org\",\"@graph\":[{\"@type\":\"WebPage\",\"@id\":\"https:\/\/mikrobagry.cz\/obchod\/hrabe-80-cm\/\",\"url\":\"https:\/\/mikrobagry.cz\/obchod\/hrabe-80-cm\/\",\"name\":\"Hr\u00e1b\u011b 80 cm - Mikrobagry.cz\",\"isPartOf\":{\"@id\":\"https:\/\/mikrobagry.cz\/#website\"},\"primaryImageOfPage\":{\"@id\":\"https:\/\/mikrobagry.cz\/obchod\/hrabe-80-cm\/#primaryimage\"},\"image\":{\"@id\":\"https:\/\/mikrobagry.cz\/obchod\/hrabe-80-cm\/#primaryimage\"},\"thumbnailUrl\":\"https:\/\/mikrobagry.cz\/wp-content\/uploads\/2019\/09\/Hr\u00e1b\u011b-80_3-kopie.jpg\",\"datePublished\":\"2019-09-23T21:53:59+00:00\",\"dateModified\":\"2026-01-04T20:43:36+00:00\",\"breadcrumb\":{\"@id\":\"https:\/\/mikrobagry.cz\/obchod\/hrabe-80-cm\/#breadcrumb\"},\"inLanguage\":\"pl-PL\",\"potentialAction\":[{\"@type\":\"ReadAction\",\"target\":[\"https:\/\/mikrobagry.cz\/obchod\/hrabe-80-cm\/\"]}]},{\"@type\":\"ImageObject\",\"inLanguage\":\"pl-PL\",\"@id\":\"https:\/\/mikrobagry.cz\/obchod\/hrabe-80-cm\/#primaryimage\",\"url\":\"https:\/\/mikrobagry.cz\/wp-content\/uploads\/2019\/09\/Hr\u00e1b\u011b-80_3-kopie.jpg\",\"contentUrl\":\"https:\/\/mikrobagry.cz\/wp-content\/uploads\/2019\/09\/Hr\u00e1b\u011b-80_3-kopie.jpg\",\"width\":980,\"height\":735},{\"@type\":\"BreadcrumbList\",\"@id\":\"https:\/\/mikrobagry.cz\/obchod\/hrabe-80-cm\/#breadcrumb\",\"itemListElement\":[{\"@type\":\"ListItem\",\"position\":1,\"name\":\"Dom\u016f\",\"item\":\"https:\/\/mikrobagry.cz\/\"},{\"@type\":\"ListItem\",\"position\":2,\"name\":\"Produkty\",\"item\":\"https:\/\/mikrobagry.cz\/shop\/\"},{\"@type\":\"ListItem\",\"position\":3,\"name\":\"Hr\u00e1b\u011b 80 cm\"}]},{\"@type\":\"WebSite\",\"@id\":\"https:\/\/mikrobagry.cz\/#website\",\"url\":\"https:\/\/mikrobagry.cz\/\",\"name\":\"Mikrobagry.cz\",\"description\":\"Dal\u0161\u00ed web pou\u017e\u00edvaj\u00edc\u00ed WordPress\",\"potentialAction\":[{\"@type\":\"SearchAction\",\"target\":{\"@type\":\"EntryPoint\",\"urlTemplate\":\"https:\/\/mikrobagry.cz\/?s={search_term_string}\"},\"query-input\":{\"@type\":\"PropertyValueSpecification\",\"valueRequired\":true,\"valueName\":\"search_term_string\"}}],\"inLanguage\":\"pl-PL\"}]}<\/script>\n<!-- \/ Yoast SEO plugin. -->","yoast_head_json":{"title":"Hr\u00e1b\u011b 80 cm - Mikrobagry.cz","robots":{"index":"index","follow":"follow","max-snippet":"max-snippet:-1","max-image-preview":"max-image-preview:large","max-video-preview":"max-video-preview:-1"},"canonical":"https:\/\/mikrobagry.cz\/pl\/obchod\/hrabe-80-cm\/","og_locale":"pl_PL","og_type":"article","og_title":"Hr\u00e1b\u011b 80 cm - Mikrobagry.cz","og_description":"Tzv. vyrovn\u00e1vac\u00ed hr\u00e1b\u011b s rovnac\u00edm b\u0159item.\u00a0\u00a0Vhodn\u00e9 nap\u0159.:   P\u0159ed ulo\u017een\u00ed z\u00e1mkov\u00e9 dla\u017eby bez zbyte\u010dn\u00e9ho nab\u00edr\u00e1n\u00ed a odvozu \u0161t\u011brku jako s klasicko lopatou.  Pokl\u00e1d\u00e1n\u00ed zahrad nebo stahov\u00e1n\u00ed klest\u00ed.  Rozhrab\u00e1n\u00ed pevn\u00fdch, kamenit\u00fdch povrch\u016f pro vyt\u0159\u00edd\u011bni kameniva a drn\u016f, ko\u0159en\u016f, plan\u00fdrov\u00e1n\u00ed a nakyp\u0159en\u00ed. Mo\u017eno pou\u017e\u00edt m\u00e9n\u011b s\u00edly \u00a0ve tvrd\u00e9 zemin\u011b p\u0159i stejn\u00e9 \u0161\u00ed\u0159i ne\u017e s klasickou lopatou.  Cena uvedena bez DPH.","og_url":"https:\/\/mikrobagry.cz\/pl\/obchod\/hrabe-80-cm\/","og_site_name":"Mikrobagry.cz","article_publisher":"https:\/\/www.facebook.com\/Mikrobagry.cz\/","article_modified_time":"2026-01-04T20:43:36+00:00","og_image":[{"width":980,"height":735,"url":"https:\/\/mikrobagry.cz\/wp-content\/uploads\/2019\/09\/Hr\u00e1b\u011b-80_3-kopie.jpg","type":"image\/jpeg"}],"twitter_card":"summary_large_image","schema":{"@context":"https:\/\/schema.org","@graph":[{"@type":"WebPage","@id":"https:\/\/mikrobagry.cz\/obchod\/hrabe-80-cm\/","url":"https:\/\/mikrobagry.cz\/obchod\/hrabe-80-cm\/","name":"Hr\u00e1b\u011b 80 cm - Mikrobagry.cz","isPartOf":{"@id":"https:\/\/mikrobagry.cz\/#website"},"primaryImageOfPage":{"@id":"https:\/\/mikrobagry.cz\/obchod\/hrabe-80-cm\/#primaryimage"},"image":{"@id":"https:\/\/mikrobagry.cz\/obchod\/hrabe-80-cm\/#primaryimage"},"thumbnailUrl":"https:\/\/mikrobagry.cz\/wp-content\/uploads\/2019\/09\/Hr\u00e1b\u011b-80_3-kopie.jpg","datePublished":"2019-09-23T21:53:59+00:00","dateModified":"2026-01-04T20:43:36+00:00","breadcrumb":{"@id":"https:\/\/mikrobagry.cz\/obchod\/hrabe-80-cm\/#breadcrumb"},"inLanguage":"pl-PL","potentialAction":[{"@type":"ReadAction","target":["https:\/\/mikrobagry.cz\/obchod\/hrabe-80-cm\/"]}]},{"@type":"ImageObject","inLanguage":"pl-PL","@id":"https:\/\/mikrobagry.cz\/obchod\/hrabe-80-cm\/#primaryimage","url":"https:\/\/mikrobagry.cz\/wp-content\/uploads\/2019\/09\/Hr\u00e1b\u011b-80_3-kopie.jpg","contentUrl":"https:\/\/mikrobagry.cz\/wp-content\/uploads\/2019\/09\/Hr\u00e1b\u011b-80_3-kopie.jpg","width":980,"height":735},{"@type":"BreadcrumbList","@id":"https:\/\/mikrobagry.cz\/obchod\/hrabe-80-cm\/#breadcrumb","itemListElement":[{"@type":"ListItem","position":1,"name":"Dom\u016f","item":"https:\/\/mikrobagry.cz\/"},{"@type":"ListItem","position":2,"name":"Produkty","item":"https:\/\/mikrobagry.cz\/shop\/"},{"@type":"ListItem","position":3,"name":"Hr\u00e1b\u011b 80 cm"}]},{"@type":"WebSite","@id":"https:\/\/mikrobagry.cz\/#website","url":"https:\/\/mikrobagry.cz\/","name":"Mikrobagry.cz","description":"Dal\u0161\u00ed web pou\u017e\u00edvaj\u00edc\u00ed WordPress","potentialAction":[{"@type":"SearchAction","target":{"@type":"EntryPoint","urlTemplate":"https:\/\/mikrobagry.cz\/?s={search_term_string}"},"query-input":{"@type":"PropertyValueSpecification","valueRequired":true,"valueName":"search_term_string"}}],"inLanguage":"pl-PL"}]}},"_links":{"self":[{"href":"https:\/\/mikrobagry.cz\/pl\/wp-json\/wp\/v2\/product\/3152","targetHints":{"allow":["GET"]}}],"collection":[{"href":"https:\/\/mikrobagry.cz\/pl\/wp-json\/wp\/v2\/product"}],"about":[{"href":"https:\/\/mikrobagry.cz\/pl\/wp-json\/wp\/v2\/types\/product"}],"replies":[{"embeddable":true,"href":"https:\/\/mikrobagry.cz\/pl\/wp-json\/wp\/v2\/comments?post=3152"}],"wp:featuredmedia":[{"embeddable":true,"href":"https:\/\/mikrobagry.cz\/pl\/wp-json\/wp\/v2\/media\/3151"}],"wp:attachment":[{"href":"https:\/\/mikrobagry.cz\/pl\/wp-json\/wp\/v2\/media?parent=3152"}],"wp:term":[{"taxonomy":"product_cat","embeddable":true,"href":"https:\/\/mikrobagry.cz\/pl\/wp-json\/wp\/v2\/product_cat?post=3152"},{"taxonomy":"product_tag","embeddable":true,"href":"https:\/\/mikrobagry.cz\/pl\/wp-json\/wp\/v2\/product_tag?post=3152"}],"curies":[{"name":"wp","href":"https:\/\/api.w.org\/{rel}","templated":true}]}}