{"id":2459,"date":"2018-12-01T21:19:25","date_gmt":"2018-12-01T20:19:25","guid":{"rendered":"http:\/\/mikrobagry.cz\/?post_type=product&#038;p=2459"},"modified":"2025-04-05T18:10:20","modified_gmt":"2025-04-05T16:10:20","slug":"hydraulicky-motor-vyztuzena-hridel-315cc-o25mm","status":"publish","type":"product","link":"https:\/\/mikrobagry.cz\/pl\/obchod\/hydraulicky-motor-vyztuzena-hridel-315cc-o25mm\/","title":{"rendered":"Silnik hydrauliczny. Wzmocniony wa\u0142 315cc \u00d825mm"},"content":{"rendered":"<ul>\n<li>Pou\u017e\u00edv\u00e1 se pro ot\u00e1\u010den\u00ed v\u011b\u017ee u model\u016f minibagr\u016f s pln\u011b oto\u010dnou v\u011b\u017e\u00ed.<\/li>\n<\/ul>","protected":false},"excerpt":{"rendered":"<p>Cena uvedena bez DPH.<\/p>","protected":false},"featured_media":2011,"comment_status":"closed","ping_status":"closed","template":"","meta":{"_acf_changed":false},"product_cat":[103,102,81],"product_tag":[],"class_list":["post-2459","product","type-product","status-publish","has-post-thumbnail","hentry","product_cat-hydraulicke-nahradni-dily","product_cat-hydromotory","product_cat-prislusenstvi"],"acf":[],"yoast_head":"<!-- This site is optimized with the Yoast SEO plugin v25.7 - https:\/\/yoast.com\/wordpress\/plugins\/seo\/ -->\n<title>Hydraulick\u00fd motor. Vyztu\u017een\u00e1 h\u0159\u00eddel 315cc \u00d825mm - Mikrobagry.cz<\/title>\n<meta name=\"robots\" content=\"index, follow, max-snippet:-1, max-image-preview:large, max-video-preview:-1\" \/>\n<link rel=\"canonical\" href=\"https:\/\/mikrobagry.cz\/pl\/obchod\/hydraulicky-motor-vyztuzena-hridel-315cc-o25mm\/\" \/>\n<meta property=\"og:locale\" content=\"pl_PL\" \/>\n<meta property=\"og:type\" content=\"article\" \/>\n<meta property=\"og:title\" content=\"Hydraulick\u00fd motor. Vyztu\u017een\u00e1 h\u0159\u00eddel 315cc \u00d825mm - Mikrobagry.cz\" \/>\n<meta property=\"og:description\" content=\"Cena uvedena bez DPH.\" \/>\n<meta property=\"og:url\" content=\"https:\/\/mikrobagry.cz\/pl\/obchod\/hydraulicky-motor-vyztuzena-hridel-315cc-o25mm\/\" \/>\n<meta property=\"og:site_name\" content=\"Mikrobagry.cz\" \/>\n<meta property=\"article:publisher\" content=\"https:\/\/www.facebook.com\/Mikrobagry.cz\/\" \/>\n<meta property=\"article:modified_time\" content=\"2025-04-05T16:10:20+00:00\" \/>\n<meta property=\"og:image\" content=\"https:\/\/mikrobagry.cz\/wp-content\/uploads\/2018\/02\/Hydraulick\u00fd-motor-Vyztu\u017een\u00fd-h\u0159\u00eddel-315-cc-\u00d825-mm.jpg\" \/>\n\t<meta property=\"og:image:width\" content=\"300\" \/>\n\t<meta property=\"og:image:height\" content=\"300\" \/>\n\t<meta property=\"og:image:type\" content=\"image\/jpeg\" \/>\n<meta name=\"twitter:card\" content=\"summary_large_image\" \/>\n<meta name=\"twitter:label1\" content=\"Szacowany czas czytania\" \/>\n\t<meta name=\"twitter:data1\" content=\"1 minuta\" \/>\n<script type=\"application\/ld+json\" class=\"yoast-schema-graph\">{\"@context\":\"https:\/\/schema.org\",\"@graph\":[{\"@type\":\"WebPage\",\"@id\":\"https:\/\/mikrobagry.cz\/obchod\/hydraulicky-motor-vyztuzena-hridel-315cc-o25mm\/\",\"url\":\"https:\/\/mikrobagry.cz\/obchod\/hydraulicky-motor-vyztuzena-hridel-315cc-o25mm\/\",\"name\":\"Hydraulick\u00fd motor. Vyztu\u017een\u00e1 h\u0159\u00eddel 315cc \u00d825mm - Mikrobagry.cz\",\"isPartOf\":{\"@id\":\"https:\/\/mikrobagry.cz\/#website\"},\"primaryImageOfPage\":{\"@id\":\"https:\/\/mikrobagry.cz\/obchod\/hydraulicky-motor-vyztuzena-hridel-315cc-o25mm\/#primaryimage\"},\"image\":{\"@id\":\"https:\/\/mikrobagry.cz\/obchod\/hydraulicky-motor-vyztuzena-hridel-315cc-o25mm\/#primaryimage\"},\"thumbnailUrl\":\"https:\/\/mikrobagry.cz\/wp-content\/uploads\/2018\/02\/Hydraulick\u00fd-motor-Vyztu\u017een\u00fd-h\u0159\u00eddel-315-cc-\u00d825-mm.jpg\",\"datePublished\":\"2018-12-01T20:19:25+00:00\",\"dateModified\":\"2025-04-05T16:10:20+00:00\",\"breadcrumb\":{\"@id\":\"https:\/\/mikrobagry.cz\/obchod\/hydraulicky-motor-vyztuzena-hridel-315cc-o25mm\/#breadcrumb\"},\"inLanguage\":\"pl-PL\",\"potentialAction\":[{\"@type\":\"ReadAction\",\"target\":[\"https:\/\/mikrobagry.cz\/obchod\/hydraulicky-motor-vyztuzena-hridel-315cc-o25mm\/\"]}]},{\"@type\":\"ImageObject\",\"inLanguage\":\"pl-PL\",\"@id\":\"https:\/\/mikrobagry.cz\/obchod\/hydraulicky-motor-vyztuzena-hridel-315cc-o25mm\/#primaryimage\",\"url\":\"https:\/\/mikrobagry.cz\/wp-content\/uploads\/2018\/02\/Hydraulick\u00fd-motor-Vyztu\u017een\u00fd-h\u0159\u00eddel-315-cc-\u00d825-mm.jpg\",\"contentUrl\":\"https:\/\/mikrobagry.cz\/wp-content\/uploads\/2018\/02\/Hydraulick\u00fd-motor-Vyztu\u017een\u00fd-h\u0159\u00eddel-315-cc-\u00d825-mm.jpg\",\"width\":300,\"height\":300},{\"@type\":\"BreadcrumbList\",\"@id\":\"https:\/\/mikrobagry.cz\/obchod\/hydraulicky-motor-vyztuzena-hridel-315cc-o25mm\/#breadcrumb\",\"itemListElement\":[{\"@type\":\"ListItem\",\"position\":1,\"name\":\"Dom\u016f\",\"item\":\"https:\/\/mikrobagry.cz\/\"},{\"@type\":\"ListItem\",\"position\":2,\"name\":\"Produkty\",\"item\":\"https:\/\/mikrobagry.cz\/shop\/\"},{\"@type\":\"ListItem\",\"position\":3,\"name\":\"Hydraulick\u00fd motor. Vyztu\u017een\u00e1 h\u0159\u00eddel 315cc \u00d825mm\"}]},{\"@type\":\"WebSite\",\"@id\":\"https:\/\/mikrobagry.cz\/#website\",\"url\":\"https:\/\/mikrobagry.cz\/\",\"name\":\"Mikrobagry.cz\",\"description\":\"Dal\u0161\u00ed web pou\u017e\u00edvaj\u00edc\u00ed WordPress\",\"potentialAction\":[{\"@type\":\"SearchAction\",\"target\":{\"@type\":\"EntryPoint\",\"urlTemplate\":\"https:\/\/mikrobagry.cz\/?s={search_term_string}\"},\"query-input\":{\"@type\":\"PropertyValueSpecification\",\"valueRequired\":true,\"valueName\":\"search_term_string\"}}],\"inLanguage\":\"pl-PL\"}]}<\/script>\n<!-- \/ Yoast SEO plugin. -->","yoast_head_json":{"title":"Hydraulick\u00fd motor. Vyztu\u017een\u00e1 h\u0159\u00eddel 315cc \u00d825mm - Mikrobagry.cz","robots":{"index":"index","follow":"follow","max-snippet":"max-snippet:-1","max-image-preview":"max-image-preview:large","max-video-preview":"max-video-preview:-1"},"canonical":"https:\/\/mikrobagry.cz\/pl\/obchod\/hydraulicky-motor-vyztuzena-hridel-315cc-o25mm\/","og_locale":"pl_PL","og_type":"article","og_title":"Hydraulick\u00fd motor. Vyztu\u017een\u00e1 h\u0159\u00eddel 315cc \u00d825mm - Mikrobagry.cz","og_description":"Cena uvedena bez DPH.","og_url":"https:\/\/mikrobagry.cz\/pl\/obchod\/hydraulicky-motor-vyztuzena-hridel-315cc-o25mm\/","og_site_name":"Mikrobagry.cz","article_publisher":"https:\/\/www.facebook.com\/Mikrobagry.cz\/","article_modified_time":"2025-04-05T16:10:20+00:00","og_image":[{"width":300,"height":300,"url":"https:\/\/mikrobagry.cz\/wp-content\/uploads\/2018\/02\/Hydraulick\u00fd-motor-Vyztu\u017een\u00fd-h\u0159\u00eddel-315-cc-\u00d825-mm.jpg","type":"image\/jpeg"}],"twitter_card":"summary_large_image","twitter_misc":{"Szacowany czas czytania":"1 minuta"},"schema":{"@context":"https:\/\/schema.org","@graph":[{"@type":"WebPage","@id":"https:\/\/mikrobagry.cz\/obchod\/hydraulicky-motor-vyztuzena-hridel-315cc-o25mm\/","url":"https:\/\/mikrobagry.cz\/obchod\/hydraulicky-motor-vyztuzena-hridel-315cc-o25mm\/","name":"Hydraulick\u00fd motor. Vyztu\u017een\u00e1 h\u0159\u00eddel 315cc \u00d825mm - Mikrobagry.cz","isPartOf":{"@id":"https:\/\/mikrobagry.cz\/#website"},"primaryImageOfPage":{"@id":"https:\/\/mikrobagry.cz\/obchod\/hydraulicky-motor-vyztuzena-hridel-315cc-o25mm\/#primaryimage"},"image":{"@id":"https:\/\/mikrobagry.cz\/obchod\/hydraulicky-motor-vyztuzena-hridel-315cc-o25mm\/#primaryimage"},"thumbnailUrl":"https:\/\/mikrobagry.cz\/wp-content\/uploads\/2018\/02\/Hydraulick\u00fd-motor-Vyztu\u017een\u00fd-h\u0159\u00eddel-315-cc-\u00d825-mm.jpg","datePublished":"2018-12-01T20:19:25+00:00","dateModified":"2025-04-05T16:10:20+00:00","breadcrumb":{"@id":"https:\/\/mikrobagry.cz\/obchod\/hydraulicky-motor-vyztuzena-hridel-315cc-o25mm\/#breadcrumb"},"inLanguage":"pl-PL","potentialAction":[{"@type":"ReadAction","target":["https:\/\/mikrobagry.cz\/obchod\/hydraulicky-motor-vyztuzena-hridel-315cc-o25mm\/"]}]},{"@type":"ImageObject","inLanguage":"pl-PL","@id":"https:\/\/mikrobagry.cz\/obchod\/hydraulicky-motor-vyztuzena-hridel-315cc-o25mm\/#primaryimage","url":"https:\/\/mikrobagry.cz\/wp-content\/uploads\/2018\/02\/Hydraulick\u00fd-motor-Vyztu\u017een\u00fd-h\u0159\u00eddel-315-cc-\u00d825-mm.jpg","contentUrl":"https:\/\/mikrobagry.cz\/wp-content\/uploads\/2018\/02\/Hydraulick\u00fd-motor-Vyztu\u017een\u00fd-h\u0159\u00eddel-315-cc-\u00d825-mm.jpg","width":300,"height":300},{"@type":"BreadcrumbList","@id":"https:\/\/mikrobagry.cz\/obchod\/hydraulicky-motor-vyztuzena-hridel-315cc-o25mm\/#breadcrumb","itemListElement":[{"@type":"ListItem","position":1,"name":"Dom\u016f","item":"https:\/\/mikrobagry.cz\/"},{"@type":"ListItem","position":2,"name":"Produkty","item":"https:\/\/mikrobagry.cz\/shop\/"},{"@type":"ListItem","position":3,"name":"Hydraulick\u00fd motor. Vyztu\u017een\u00e1 h\u0159\u00eddel 315cc \u00d825mm"}]},{"@type":"WebSite","@id":"https:\/\/mikrobagry.cz\/#website","url":"https:\/\/mikrobagry.cz\/","name":"Mikrobagry.cz","description":"Dal\u0161\u00ed web pou\u017e\u00edvaj\u00edc\u00ed WordPress","potentialAction":[{"@type":"SearchAction","target":{"@type":"EntryPoint","urlTemplate":"https:\/\/mikrobagry.cz\/?s={search_term_string}"},"query-input":{"@type":"PropertyValueSpecification","valueRequired":true,"valueName":"search_term_string"}}],"inLanguage":"pl-PL"}]}},"_links":{"self":[{"href":"https:\/\/mikrobagry.cz\/pl\/wp-json\/wp\/v2\/product\/2459","targetHints":{"allow":["GET"]}}],"collection":[{"href":"https:\/\/mikrobagry.cz\/pl\/wp-json\/wp\/v2\/product"}],"about":[{"href":"https:\/\/mikrobagry.cz\/pl\/wp-json\/wp\/v2\/types\/product"}],"replies":[{"embeddable":true,"href":"https:\/\/mikrobagry.cz\/pl\/wp-json\/wp\/v2\/comments?post=2459"}],"wp:featuredmedia":[{"embeddable":true,"href":"https:\/\/mikrobagry.cz\/pl\/wp-json\/wp\/v2\/media\/2011"}],"wp:attachment":[{"href":"https:\/\/mikrobagry.cz\/pl\/wp-json\/wp\/v2\/media?parent=2459"}],"wp:term":[{"taxonomy":"product_cat","embeddable":true,"href":"https:\/\/mikrobagry.cz\/pl\/wp-json\/wp\/v2\/product_cat?post=2459"},{"taxonomy":"product_tag","embeddable":true,"href":"https:\/\/mikrobagry.cz\/pl\/wp-json\/wp\/v2\/product_tag?post=2459"}],"curies":[{"name":"wp","href":"https:\/\/api.w.org\/{rel}","templated":true}]}}