{"id":2444,"date":"2018-12-01T20:14:59","date_gmt":"2018-12-01T19:14:59","guid":{"rendered":"http:\/\/mikrobagry.cz\/?post_type=product&#038;p=2444"},"modified":"2024-02-16T17:41:03","modified_gmt":"2024-02-16T16:41:03","slug":"pist-30-50-c-200-400mm-25mm","status":"publish","type":"product","link":"https:\/\/mikrobagry.cz\/pl\/obchod\/pist-30-50-c-200-400mm-25mm\/","title":{"rendered":"P\u00edst 30\/50 c 200 400mm\/25mm"},"content":{"rendered":"","protected":false},"excerpt":{"rendered":"<p>Cena uvedena bez DPH.<\/p>","protected":false},"featured_media":2068,"comment_status":"closed","ping_status":"closed","template":"","meta":{"_acf_changed":false},"product_cat":[101,81],"product_tag":[],"class_list":["post-2444","product","type-product","status-publish","has-post-thumbnail","hentry","product_cat-pisty","product_cat-prislusenstvi"],"acf":[],"yoast_head":"<!-- This site is optimized with the Yoast SEO plugin v25.7 - https:\/\/yoast.com\/wordpress\/plugins\/seo\/ -->\n<title>P\u00edst 30\/50 c 200 400mm\/25mm - Mikrobagry.cz<\/title>\n<meta name=\"robots\" content=\"index, follow, max-snippet:-1, max-image-preview:large, max-video-preview:-1\" \/>\n<link rel=\"canonical\" href=\"https:\/\/mikrobagry.cz\/pl\/obchod\/pist-30-50-c-200-400mm-25mm\/\" \/>\n<meta property=\"og:locale\" content=\"pl_PL\" \/>\n<meta property=\"og:type\" content=\"article\" \/>\n<meta property=\"og:title\" content=\"P\u00edst 30\/50 c 200 400mm\/25mm - Mikrobagry.cz\" \/>\n<meta property=\"og:description\" content=\"Cena uvedena bez DPH.\" \/>\n<meta property=\"og:url\" content=\"https:\/\/mikrobagry.cz\/pl\/obchod\/pist-30-50-c-200-400mm-25mm\/\" \/>\n<meta property=\"og:site_name\" content=\"Mikrobagry.cz\" \/>\n<meta property=\"article:publisher\" content=\"https:\/\/www.facebook.com\/Mikrobagry.cz\/\" \/>\n<meta property=\"article:modified_time\" content=\"2024-02-16T16:41:03+00:00\" \/>\n<meta property=\"og:image\" content=\"https:\/\/mikrobagry.cz\/wp-content\/uploads\/2018\/02\/P\u00edst-30-50-c-200-400mm-25mm.jpg\" \/>\n\t<meta property=\"og:image:width\" content=\"300\" \/>\n\t<meta property=\"og:image:height\" content=\"300\" \/>\n\t<meta property=\"og:image:type\" content=\"image\/jpeg\" \/>\n<meta name=\"twitter:card\" content=\"summary_large_image\" \/>\n<script type=\"application\/ld+json\" class=\"yoast-schema-graph\">{\"@context\":\"https:\/\/schema.org\",\"@graph\":[{\"@type\":\"WebPage\",\"@id\":\"https:\/\/mikrobagry.cz\/obchod\/pist-30-50-c-200-400mm-25mm\/\",\"url\":\"https:\/\/mikrobagry.cz\/obchod\/pist-30-50-c-200-400mm-25mm\/\",\"name\":\"P\u00edst 30\/50 c 200 400mm\/25mm - Mikrobagry.cz\",\"isPartOf\":{\"@id\":\"https:\/\/mikrobagry.cz\/#website\"},\"primaryImageOfPage\":{\"@id\":\"https:\/\/mikrobagry.cz\/obchod\/pist-30-50-c-200-400mm-25mm\/#primaryimage\"},\"image\":{\"@id\":\"https:\/\/mikrobagry.cz\/obchod\/pist-30-50-c-200-400mm-25mm\/#primaryimage\"},\"thumbnailUrl\":\"https:\/\/mikrobagry.cz\/wp-content\/uploads\/2018\/02\/P\u00edst-30-50-c-200-400mm-25mm.jpg\",\"datePublished\":\"2018-12-01T19:14:59+00:00\",\"dateModified\":\"2024-02-16T16:41:03+00:00\",\"breadcrumb\":{\"@id\":\"https:\/\/mikrobagry.cz\/obchod\/pist-30-50-c-200-400mm-25mm\/#breadcrumb\"},\"inLanguage\":\"pl-PL\",\"potentialAction\":[{\"@type\":\"ReadAction\",\"target\":[\"https:\/\/mikrobagry.cz\/obchod\/pist-30-50-c-200-400mm-25mm\/\"]}]},{\"@type\":\"ImageObject\",\"inLanguage\":\"pl-PL\",\"@id\":\"https:\/\/mikrobagry.cz\/obchod\/pist-30-50-c-200-400mm-25mm\/#primaryimage\",\"url\":\"https:\/\/mikrobagry.cz\/wp-content\/uploads\/2018\/02\/P\u00edst-30-50-c-200-400mm-25mm.jpg\",\"contentUrl\":\"https:\/\/mikrobagry.cz\/wp-content\/uploads\/2018\/02\/P\u00edst-30-50-c-200-400mm-25mm.jpg\",\"width\":300,\"height\":300},{\"@type\":\"BreadcrumbList\",\"@id\":\"https:\/\/mikrobagry.cz\/obchod\/pist-30-50-c-200-400mm-25mm\/#breadcrumb\",\"itemListElement\":[{\"@type\":\"ListItem\",\"position\":1,\"name\":\"Dom\u016f\",\"item\":\"https:\/\/mikrobagry.cz\/\"},{\"@type\":\"ListItem\",\"position\":2,\"name\":\"Produkty\",\"item\":\"https:\/\/mikrobagry.cz\/shop\/\"},{\"@type\":\"ListItem\",\"position\":3,\"name\":\"P\u00edst 30\/50 c 200 400mm\/25mm\"}]},{\"@type\":\"WebSite\",\"@id\":\"https:\/\/mikrobagry.cz\/#website\",\"url\":\"https:\/\/mikrobagry.cz\/\",\"name\":\"Mikrobagry.cz\",\"description\":\"Dal\u0161\u00ed web pou\u017e\u00edvaj\u00edc\u00ed WordPress\",\"potentialAction\":[{\"@type\":\"SearchAction\",\"target\":{\"@type\":\"EntryPoint\",\"urlTemplate\":\"https:\/\/mikrobagry.cz\/?s={search_term_string}\"},\"query-input\":{\"@type\":\"PropertyValueSpecification\",\"valueRequired\":true,\"valueName\":\"search_term_string\"}}],\"inLanguage\":\"pl-PL\"}]}<\/script>\n<!-- \/ Yoast SEO plugin. -->","yoast_head_json":{"title":"P\u00edst 30\/50 c 200 400mm\/25mm - Mikrobagry.cz","robots":{"index":"index","follow":"follow","max-snippet":"max-snippet:-1","max-image-preview":"max-image-preview:large","max-video-preview":"max-video-preview:-1"},"canonical":"https:\/\/mikrobagry.cz\/pl\/obchod\/pist-30-50-c-200-400mm-25mm\/","og_locale":"pl_PL","og_type":"article","og_title":"P\u00edst 30\/50 c 200 400mm\/25mm - Mikrobagry.cz","og_description":"Cena uvedena bez DPH.","og_url":"https:\/\/mikrobagry.cz\/pl\/obchod\/pist-30-50-c-200-400mm-25mm\/","og_site_name":"Mikrobagry.cz","article_publisher":"https:\/\/www.facebook.com\/Mikrobagry.cz\/","article_modified_time":"2024-02-16T16:41:03+00:00","og_image":[{"width":300,"height":300,"url":"https:\/\/mikrobagry.cz\/wp-content\/uploads\/2018\/02\/P\u00edst-30-50-c-200-400mm-25mm.jpg","type":"image\/jpeg"}],"twitter_card":"summary_large_image","schema":{"@context":"https:\/\/schema.org","@graph":[{"@type":"WebPage","@id":"https:\/\/mikrobagry.cz\/obchod\/pist-30-50-c-200-400mm-25mm\/","url":"https:\/\/mikrobagry.cz\/obchod\/pist-30-50-c-200-400mm-25mm\/","name":"P\u00edst 30\/50 c 200 400mm\/25mm - Mikrobagry.cz","isPartOf":{"@id":"https:\/\/mikrobagry.cz\/#website"},"primaryImageOfPage":{"@id":"https:\/\/mikrobagry.cz\/obchod\/pist-30-50-c-200-400mm-25mm\/#primaryimage"},"image":{"@id":"https:\/\/mikrobagry.cz\/obchod\/pist-30-50-c-200-400mm-25mm\/#primaryimage"},"thumbnailUrl":"https:\/\/mikrobagry.cz\/wp-content\/uploads\/2018\/02\/P\u00edst-30-50-c-200-400mm-25mm.jpg","datePublished":"2018-12-01T19:14:59+00:00","dateModified":"2024-02-16T16:41:03+00:00","breadcrumb":{"@id":"https:\/\/mikrobagry.cz\/obchod\/pist-30-50-c-200-400mm-25mm\/#breadcrumb"},"inLanguage":"pl-PL","potentialAction":[{"@type":"ReadAction","target":["https:\/\/mikrobagry.cz\/obchod\/pist-30-50-c-200-400mm-25mm\/"]}]},{"@type":"ImageObject","inLanguage":"pl-PL","@id":"https:\/\/mikrobagry.cz\/obchod\/pist-30-50-c-200-400mm-25mm\/#primaryimage","url":"https:\/\/mikrobagry.cz\/wp-content\/uploads\/2018\/02\/P\u00edst-30-50-c-200-400mm-25mm.jpg","contentUrl":"https:\/\/mikrobagry.cz\/wp-content\/uploads\/2018\/02\/P\u00edst-30-50-c-200-400mm-25mm.jpg","width":300,"height":300},{"@type":"BreadcrumbList","@id":"https:\/\/mikrobagry.cz\/obchod\/pist-30-50-c-200-400mm-25mm\/#breadcrumb","itemListElement":[{"@type":"ListItem","position":1,"name":"Dom\u016f","item":"https:\/\/mikrobagry.cz\/"},{"@type":"ListItem","position":2,"name":"Produkty","item":"https:\/\/mikrobagry.cz\/shop\/"},{"@type":"ListItem","position":3,"name":"P\u00edst 30\/50 c 200 400mm\/25mm"}]},{"@type":"WebSite","@id":"https:\/\/mikrobagry.cz\/#website","url":"https:\/\/mikrobagry.cz\/","name":"Mikrobagry.cz","description":"Dal\u0161\u00ed web pou\u017e\u00edvaj\u00edc\u00ed WordPress","potentialAction":[{"@type":"SearchAction","target":{"@type":"EntryPoint","urlTemplate":"https:\/\/mikrobagry.cz\/?s={search_term_string}"},"query-input":{"@type":"PropertyValueSpecification","valueRequired":true,"valueName":"search_term_string"}}],"inLanguage":"pl-PL"}]}},"_links":{"self":[{"href":"https:\/\/mikrobagry.cz\/pl\/wp-json\/wp\/v2\/product\/2444","targetHints":{"allow":["GET"]}}],"collection":[{"href":"https:\/\/mikrobagry.cz\/pl\/wp-json\/wp\/v2\/product"}],"about":[{"href":"https:\/\/mikrobagry.cz\/pl\/wp-json\/wp\/v2\/types\/product"}],"replies":[{"embeddable":true,"href":"https:\/\/mikrobagry.cz\/pl\/wp-json\/wp\/v2\/comments?post=2444"}],"wp:featuredmedia":[{"embeddable":true,"href":"https:\/\/mikrobagry.cz\/pl\/wp-json\/wp\/v2\/media\/2068"}],"wp:attachment":[{"href":"https:\/\/mikrobagry.cz\/pl\/wp-json\/wp\/v2\/media?parent=2444"}],"wp:term":[{"taxonomy":"product_cat","embeddable":true,"href":"https:\/\/mikrobagry.cz\/pl\/wp-json\/wp\/v2\/product_cat?post=2444"},{"taxonomy":"product_tag","embeddable":true,"href":"https:\/\/mikrobagry.cz\/pl\/wp-json\/wp\/v2\/product_tag?post=2444"}],"curies":[{"name":"wp","href":"https:\/\/api.w.org\/{rel}","templated":true}]}}