{"id":2420,"date":"2018-11-30T19:58:35","date_gmt":"2018-11-30T18:58:35","guid":{"rendered":"http:\/\/mikrobagry.cz\/?post_type=product&#038;p=2420"},"modified":"2024-02-16T17:44:07","modified_gmt":"2024-02-16T16:44:07","slug":"rozvadec-5-prvku-2-joysticky-s-dvojim-efektem-40l-250-baru","status":"publish","type":"product","link":"https:\/\/mikrobagry.cz\/pl\/obchod\/rozvadec-5-prvku-2-joysticky-s-dvojim-efektem-40l-250-baru\/","title":{"rendered":"Rozvad\u011b\u010d 5 prvk\u016f 2 joysticky s dvoj\u00edm efektem-40L-250-bar\u016f"},"content":{"rendered":"","protected":false},"excerpt":{"rendered":"<p>Uveden\u00e1 cena bez DPH.<\/p>","protected":false},"featured_media":2092,"comment_status":"closed","ping_status":"closed","template":"","meta":{"_acf_changed":false},"product_cat":[104,81],"product_tag":[],"class_list":["post-2420","product","type-product","status-publish","has-post-thumbnail","hentry","product_cat-hydraulicke-rozvadece","product_cat-prislusenstvi"],"acf":[],"yoast_head":"<!-- This site is optimized with the Yoast SEO plugin v25.7 - https:\/\/yoast.com\/wordpress\/plugins\/seo\/ -->\n<title>Rozvad\u011b\u010d 5 prvk\u016f 2 joysticky s dvoj\u00edm efektem-40L-250-bar\u016f - Mikrobagry.cz<\/title>\n<meta name=\"robots\" content=\"index, follow, max-snippet:-1, max-image-preview:large, max-video-preview:-1\" \/>\n<link rel=\"canonical\" href=\"https:\/\/mikrobagry.cz\/pl\/obchod\/rozvadec-5-prvku-2-joysticky-s-dvojim-efektem-40l-250-baru\/\" \/>\n<meta property=\"og:locale\" content=\"pl_PL\" \/>\n<meta property=\"og:type\" content=\"article\" \/>\n<meta property=\"og:title\" content=\"Rozvad\u011b\u010d 5 prvk\u016f 2 joysticky s dvoj\u00edm efektem-40L-250-bar\u016f - Mikrobagry.cz\" \/>\n<meta property=\"og:description\" content=\"Uveden\u00e1 cena bez DPH.\" \/>\n<meta property=\"og:url\" content=\"https:\/\/mikrobagry.cz\/pl\/obchod\/rozvadec-5-prvku-2-joysticky-s-dvojim-efektem-40l-250-baru\/\" \/>\n<meta property=\"og:site_name\" content=\"Mikrobagry.cz\" \/>\n<meta property=\"article:publisher\" content=\"https:\/\/www.facebook.com\/Mikrobagry.cz\/\" \/>\n<meta property=\"article:modified_time\" content=\"2024-02-16T16:44:07+00:00\" \/>\n<meta property=\"og:image\" content=\"https:\/\/mikrobagry.cz\/wp-content\/uploads\/2018\/02\/Rozvad\u011b\u010d-5-prvk\u016f-2-joysticky-s-dvoj\u00edm-efektem-40L-250-bar\u016f.jpg\" \/>\n\t<meta property=\"og:image:width\" content=\"300\" \/>\n\t<meta property=\"og:image:height\" content=\"300\" \/>\n\t<meta property=\"og:image:type\" content=\"image\/jpeg\" \/>\n<meta name=\"twitter:card\" content=\"summary_large_image\" \/>\n<script type=\"application\/ld+json\" class=\"yoast-schema-graph\">{\"@context\":\"https:\/\/schema.org\",\"@graph\":[{\"@type\":\"WebPage\",\"@id\":\"https:\/\/mikrobagry.cz\/obchod\/rozvadec-5-prvku-2-joysticky-s-dvojim-efektem-40l-250-baru\/\",\"url\":\"https:\/\/mikrobagry.cz\/obchod\/rozvadec-5-prvku-2-joysticky-s-dvojim-efektem-40l-250-baru\/\",\"name\":\"Rozvad\u011b\u010d 5 prvk\u016f 2 joysticky s dvoj\u00edm efektem-40L-250-bar\u016f - Mikrobagry.cz\",\"isPartOf\":{\"@id\":\"https:\/\/mikrobagry.cz\/#website\"},\"primaryImageOfPage\":{\"@id\":\"https:\/\/mikrobagry.cz\/obchod\/rozvadec-5-prvku-2-joysticky-s-dvojim-efektem-40l-250-baru\/#primaryimage\"},\"image\":{\"@id\":\"https:\/\/mikrobagry.cz\/obchod\/rozvadec-5-prvku-2-joysticky-s-dvojim-efektem-40l-250-baru\/#primaryimage\"},\"thumbnailUrl\":\"https:\/\/mikrobagry.cz\/wp-content\/uploads\/2018\/02\/Rozvad\u011b\u010d-5-prvk\u016f-2-joysticky-s-dvoj\u00edm-efektem-40L-250-bar\u016f.jpg\",\"datePublished\":\"2018-11-30T18:58:35+00:00\",\"dateModified\":\"2024-02-16T16:44:07+00:00\",\"breadcrumb\":{\"@id\":\"https:\/\/mikrobagry.cz\/obchod\/rozvadec-5-prvku-2-joysticky-s-dvojim-efektem-40l-250-baru\/#breadcrumb\"},\"inLanguage\":\"pl-PL\",\"potentialAction\":[{\"@type\":\"ReadAction\",\"target\":[\"https:\/\/mikrobagry.cz\/obchod\/rozvadec-5-prvku-2-joysticky-s-dvojim-efektem-40l-250-baru\/\"]}]},{\"@type\":\"ImageObject\",\"inLanguage\":\"pl-PL\",\"@id\":\"https:\/\/mikrobagry.cz\/obchod\/rozvadec-5-prvku-2-joysticky-s-dvojim-efektem-40l-250-baru\/#primaryimage\",\"url\":\"https:\/\/mikrobagry.cz\/wp-content\/uploads\/2018\/02\/Rozvad\u011b\u010d-5-prvk\u016f-2-joysticky-s-dvoj\u00edm-efektem-40L-250-bar\u016f.jpg\",\"contentUrl\":\"https:\/\/mikrobagry.cz\/wp-content\/uploads\/2018\/02\/Rozvad\u011b\u010d-5-prvk\u016f-2-joysticky-s-dvoj\u00edm-efektem-40L-250-bar\u016f.jpg\",\"width\":300,\"height\":300},{\"@type\":\"BreadcrumbList\",\"@id\":\"https:\/\/mikrobagry.cz\/obchod\/rozvadec-5-prvku-2-joysticky-s-dvojim-efektem-40l-250-baru\/#breadcrumb\",\"itemListElement\":[{\"@type\":\"ListItem\",\"position\":1,\"name\":\"Dom\u016f\",\"item\":\"https:\/\/mikrobagry.cz\/\"},{\"@type\":\"ListItem\",\"position\":2,\"name\":\"Produkty\",\"item\":\"https:\/\/mikrobagry.cz\/shop\/\"},{\"@type\":\"ListItem\",\"position\":3,\"name\":\"Rozvad\u011b\u010d 5 prvk\u016f 2 joysticky s dvoj\u00edm efektem-40L-250-bar\u016f\"}]},{\"@type\":\"WebSite\",\"@id\":\"https:\/\/mikrobagry.cz\/#website\",\"url\":\"https:\/\/mikrobagry.cz\/\",\"name\":\"Mikrobagry.cz\",\"description\":\"Dal\u0161\u00ed web pou\u017e\u00edvaj\u00edc\u00ed WordPress\",\"potentialAction\":[{\"@type\":\"SearchAction\",\"target\":{\"@type\":\"EntryPoint\",\"urlTemplate\":\"https:\/\/mikrobagry.cz\/?s={search_term_string}\"},\"query-input\":{\"@type\":\"PropertyValueSpecification\",\"valueRequired\":true,\"valueName\":\"search_term_string\"}}],\"inLanguage\":\"pl-PL\"}]}<\/script>\n<!-- \/ Yoast SEO plugin. -->","yoast_head_json":{"title":"Rozvad\u011b\u010d 5 prvk\u016f 2 joysticky s dvoj\u00edm efektem-40L-250-bar\u016f - Mikrobagry.cz","robots":{"index":"index","follow":"follow","max-snippet":"max-snippet:-1","max-image-preview":"max-image-preview:large","max-video-preview":"max-video-preview:-1"},"canonical":"https:\/\/mikrobagry.cz\/pl\/obchod\/rozvadec-5-prvku-2-joysticky-s-dvojim-efektem-40l-250-baru\/","og_locale":"pl_PL","og_type":"article","og_title":"Rozvad\u011b\u010d 5 prvk\u016f 2 joysticky s dvoj\u00edm efektem-40L-250-bar\u016f - Mikrobagry.cz","og_description":"Uveden\u00e1 cena bez DPH.","og_url":"https:\/\/mikrobagry.cz\/pl\/obchod\/rozvadec-5-prvku-2-joysticky-s-dvojim-efektem-40l-250-baru\/","og_site_name":"Mikrobagry.cz","article_publisher":"https:\/\/www.facebook.com\/Mikrobagry.cz\/","article_modified_time":"2024-02-16T16:44:07+00:00","og_image":[{"width":300,"height":300,"url":"https:\/\/mikrobagry.cz\/wp-content\/uploads\/2018\/02\/Rozvad\u011b\u010d-5-prvk\u016f-2-joysticky-s-dvoj\u00edm-efektem-40L-250-bar\u016f.jpg","type":"image\/jpeg"}],"twitter_card":"summary_large_image","schema":{"@context":"https:\/\/schema.org","@graph":[{"@type":"WebPage","@id":"https:\/\/mikrobagry.cz\/obchod\/rozvadec-5-prvku-2-joysticky-s-dvojim-efektem-40l-250-baru\/","url":"https:\/\/mikrobagry.cz\/obchod\/rozvadec-5-prvku-2-joysticky-s-dvojim-efektem-40l-250-baru\/","name":"Rozvad\u011b\u010d 5 prvk\u016f 2 joysticky s dvoj\u00edm efektem-40L-250-bar\u016f - Mikrobagry.cz","isPartOf":{"@id":"https:\/\/mikrobagry.cz\/#website"},"primaryImageOfPage":{"@id":"https:\/\/mikrobagry.cz\/obchod\/rozvadec-5-prvku-2-joysticky-s-dvojim-efektem-40l-250-baru\/#primaryimage"},"image":{"@id":"https:\/\/mikrobagry.cz\/obchod\/rozvadec-5-prvku-2-joysticky-s-dvojim-efektem-40l-250-baru\/#primaryimage"},"thumbnailUrl":"https:\/\/mikrobagry.cz\/wp-content\/uploads\/2018\/02\/Rozvad\u011b\u010d-5-prvk\u016f-2-joysticky-s-dvoj\u00edm-efektem-40L-250-bar\u016f.jpg","datePublished":"2018-11-30T18:58:35+00:00","dateModified":"2024-02-16T16:44:07+00:00","breadcrumb":{"@id":"https:\/\/mikrobagry.cz\/obchod\/rozvadec-5-prvku-2-joysticky-s-dvojim-efektem-40l-250-baru\/#breadcrumb"},"inLanguage":"pl-PL","potentialAction":[{"@type":"ReadAction","target":["https:\/\/mikrobagry.cz\/obchod\/rozvadec-5-prvku-2-joysticky-s-dvojim-efektem-40l-250-baru\/"]}]},{"@type":"ImageObject","inLanguage":"pl-PL","@id":"https:\/\/mikrobagry.cz\/obchod\/rozvadec-5-prvku-2-joysticky-s-dvojim-efektem-40l-250-baru\/#primaryimage","url":"https:\/\/mikrobagry.cz\/wp-content\/uploads\/2018\/02\/Rozvad\u011b\u010d-5-prvk\u016f-2-joysticky-s-dvoj\u00edm-efektem-40L-250-bar\u016f.jpg","contentUrl":"https:\/\/mikrobagry.cz\/wp-content\/uploads\/2018\/02\/Rozvad\u011b\u010d-5-prvk\u016f-2-joysticky-s-dvoj\u00edm-efektem-40L-250-bar\u016f.jpg","width":300,"height":300},{"@type":"BreadcrumbList","@id":"https:\/\/mikrobagry.cz\/obchod\/rozvadec-5-prvku-2-joysticky-s-dvojim-efektem-40l-250-baru\/#breadcrumb","itemListElement":[{"@type":"ListItem","position":1,"name":"Dom\u016f","item":"https:\/\/mikrobagry.cz\/"},{"@type":"ListItem","position":2,"name":"Produkty","item":"https:\/\/mikrobagry.cz\/shop\/"},{"@type":"ListItem","position":3,"name":"Rozvad\u011b\u010d 5 prvk\u016f 2 joysticky s dvoj\u00edm efektem-40L-250-bar\u016f"}]},{"@type":"WebSite","@id":"https:\/\/mikrobagry.cz\/#website","url":"https:\/\/mikrobagry.cz\/","name":"Mikrobagry.cz","description":"Dal\u0161\u00ed web pou\u017e\u00edvaj\u00edc\u00ed WordPress","potentialAction":[{"@type":"SearchAction","target":{"@type":"EntryPoint","urlTemplate":"https:\/\/mikrobagry.cz\/?s={search_term_string}"},"query-input":{"@type":"PropertyValueSpecification","valueRequired":true,"valueName":"search_term_string"}}],"inLanguage":"pl-PL"}]}},"_links":{"self":[{"href":"https:\/\/mikrobagry.cz\/pl\/wp-json\/wp\/v2\/product\/2420","targetHints":{"allow":["GET"]}}],"collection":[{"href":"https:\/\/mikrobagry.cz\/pl\/wp-json\/wp\/v2\/product"}],"about":[{"href":"https:\/\/mikrobagry.cz\/pl\/wp-json\/wp\/v2\/types\/product"}],"replies":[{"embeddable":true,"href":"https:\/\/mikrobagry.cz\/pl\/wp-json\/wp\/v2\/comments?post=2420"}],"wp:featuredmedia":[{"embeddable":true,"href":"https:\/\/mikrobagry.cz\/pl\/wp-json\/wp\/v2\/media\/2092"}],"wp:attachment":[{"href":"https:\/\/mikrobagry.cz\/pl\/wp-json\/wp\/v2\/media?parent=2420"}],"wp:term":[{"taxonomy":"product_cat","embeddable":true,"href":"https:\/\/mikrobagry.cz\/pl\/wp-json\/wp\/v2\/product_cat?post=2420"},{"taxonomy":"product_tag","embeddable":true,"href":"https:\/\/mikrobagry.cz\/pl\/wp-json\/wp\/v2\/product_tag?post=2420"}],"curies":[{"name":"wp","href":"https:\/\/api.w.org\/{rel}","templated":true}]}}