{"id":6475,"date":"2023-04-28T20:35:53","date_gmt":"2023-04-28T18:35:53","guid":{"rendered":"https:\/\/mikrobagry.cz\/?post_type=product&#038;p=6475"},"modified":"2024-03-01T21:42:55","modified_gmt":"2024-03-01T20:42:55","slug":"pruzina-do-rychloupinaku","status":"publish","type":"product","link":"https:\/\/mikrobagry.cz\/it\/obchod\/pruzina-do-rychloupinaku\/","title":{"rendered":"Pru\u017eina do rychloup\u00edn\u00e1ku"},"content":{"rendered":"","protected":false},"excerpt":{"rendered":"<p>Cena uvedena bez DPH<\/p>","protected":false},"featured_media":6463,"comment_status":"closed","ping_status":"closed","template":"","meta":{"_acf_changed":false},"product_cat":[87],"product_tag":[],"class_list":["post-6475","product","type-product","status-publish","has-post-thumbnail","hentry","product_cat-nahradni-dily"],"acf":[],"yoast_head":"<!-- This site is optimized with the Yoast SEO plugin v25.7 - https:\/\/yoast.com\/wordpress\/plugins\/seo\/ -->\n<title>Pru\u017eina do rychloup\u00edn\u00e1ku - Mikrobagry.cz<\/title>\n<meta name=\"robots\" content=\"index, follow, max-snippet:-1, max-image-preview:large, max-video-preview:-1\" \/>\n<link rel=\"canonical\" href=\"https:\/\/mikrobagry.cz\/it\/obchod\/pruzina-do-rychloupinaku\/\" \/>\n<meta property=\"og:locale\" content=\"it_IT\" \/>\n<meta property=\"og:type\" content=\"article\" \/>\n<meta property=\"og:title\" content=\"Pru\u017eina do rychloup\u00edn\u00e1ku - Mikrobagry.cz\" \/>\n<meta property=\"og:description\" content=\"Cena uvedena bez DPH\" \/>\n<meta property=\"og:url\" content=\"https:\/\/mikrobagry.cz\/it\/obchod\/pruzina-do-rychloupinaku\/\" \/>\n<meta property=\"og:site_name\" content=\"Mikrobagry.cz\" \/>\n<meta property=\"article:publisher\" content=\"https:\/\/www.facebook.com\/Mikrobagry.cz\/\" \/>\n<meta property=\"article:modified_time\" content=\"2024-03-01T20:42:55+00:00\" \/>\n<meta property=\"og:image\" content=\"https:\/\/mikrobagry.cz\/wp-content\/uploads\/2023\/04\/IMG_20230203_115528.jpg\" \/>\n\t<meta property=\"og:image:width\" content=\"2279\" \/>\n\t<meta property=\"og:image:height\" content=\"2265\" \/>\n\t<meta property=\"og:image:type\" content=\"image\/jpeg\" \/>\n<meta name=\"twitter:card\" content=\"summary_large_image\" \/>\n<script type=\"application\/ld+json\" class=\"yoast-schema-graph\">{\"@context\":\"https:\/\/schema.org\",\"@graph\":[{\"@type\":\"WebPage\",\"@id\":\"https:\/\/mikrobagry.cz\/obchod\/pruzina-do-rychloupinaku\/\",\"url\":\"https:\/\/mikrobagry.cz\/obchod\/pruzina-do-rychloupinaku\/\",\"name\":\"Pru\u017eina do rychloup\u00edn\u00e1ku - Mikrobagry.cz\",\"isPartOf\":{\"@id\":\"https:\/\/mikrobagry.cz\/#website\"},\"primaryImageOfPage\":{\"@id\":\"https:\/\/mikrobagry.cz\/obchod\/pruzina-do-rychloupinaku\/#primaryimage\"},\"image\":{\"@id\":\"https:\/\/mikrobagry.cz\/obchod\/pruzina-do-rychloupinaku\/#primaryimage\"},\"thumbnailUrl\":\"https:\/\/mikrobagry.cz\/wp-content\/uploads\/2023\/04\/IMG_20230203_115528.jpg\",\"datePublished\":\"2023-04-28T18:35:53+00:00\",\"dateModified\":\"2024-03-01T20:42:55+00:00\",\"breadcrumb\":{\"@id\":\"https:\/\/mikrobagry.cz\/obchod\/pruzina-do-rychloupinaku\/#breadcrumb\"},\"inLanguage\":\"it-IT\",\"potentialAction\":[{\"@type\":\"ReadAction\",\"target\":[\"https:\/\/mikrobagry.cz\/obchod\/pruzina-do-rychloupinaku\/\"]}]},{\"@type\":\"ImageObject\",\"inLanguage\":\"it-IT\",\"@id\":\"https:\/\/mikrobagry.cz\/obchod\/pruzina-do-rychloupinaku\/#primaryimage\",\"url\":\"https:\/\/mikrobagry.cz\/wp-content\/uploads\/2023\/04\/IMG_20230203_115528.jpg\",\"contentUrl\":\"https:\/\/mikrobagry.cz\/wp-content\/uploads\/2023\/04\/IMG_20230203_115528.jpg\",\"width\":2279,\"height\":2265},{\"@type\":\"BreadcrumbList\",\"@id\":\"https:\/\/mikrobagry.cz\/obchod\/pruzina-do-rychloupinaku\/#breadcrumb\",\"itemListElement\":[{\"@type\":\"ListItem\",\"position\":1,\"name\":\"Dom\u016f\",\"item\":\"https:\/\/mikrobagry.cz\/\"},{\"@type\":\"ListItem\",\"position\":2,\"name\":\"Produkty\",\"item\":\"https:\/\/mikrobagry.cz\/shop\/\"},{\"@type\":\"ListItem\",\"position\":3,\"name\":\"Pru\u017eina do rychloup\u00edn\u00e1ku\"}]},{\"@type\":\"WebSite\",\"@id\":\"https:\/\/mikrobagry.cz\/#website\",\"url\":\"https:\/\/mikrobagry.cz\/\",\"name\":\"Mikrobagry.cz\",\"description\":\"Dal\u0161\u00ed web pou\u017e\u00edvaj\u00edc\u00ed WordPress\",\"potentialAction\":[{\"@type\":\"SearchAction\",\"target\":{\"@type\":\"EntryPoint\",\"urlTemplate\":\"https:\/\/mikrobagry.cz\/?s={search_term_string}\"},\"query-input\":{\"@type\":\"PropertyValueSpecification\",\"valueRequired\":true,\"valueName\":\"search_term_string\"}}],\"inLanguage\":\"it-IT\"}]}<\/script>\n<!-- \/ Yoast SEO plugin. -->","yoast_head_json":{"title":"Pru\u017eina do rychloup\u00edn\u00e1ku - Mikrobagry.cz","robots":{"index":"index","follow":"follow","max-snippet":"max-snippet:-1","max-image-preview":"max-image-preview:large","max-video-preview":"max-video-preview:-1"},"canonical":"https:\/\/mikrobagry.cz\/it\/obchod\/pruzina-do-rychloupinaku\/","og_locale":"it_IT","og_type":"article","og_title":"Pru\u017eina do rychloup\u00edn\u00e1ku - Mikrobagry.cz","og_description":"Cena uvedena bez DPH","og_url":"https:\/\/mikrobagry.cz\/it\/obchod\/pruzina-do-rychloupinaku\/","og_site_name":"Mikrobagry.cz","article_publisher":"https:\/\/www.facebook.com\/Mikrobagry.cz\/","article_modified_time":"2024-03-01T20:42:55+00:00","og_image":[{"width":2279,"height":2265,"url":"https:\/\/mikrobagry.cz\/wp-content\/uploads\/2023\/04\/IMG_20230203_115528.jpg","type":"image\/jpeg"}],"twitter_card":"summary_large_image","schema":{"@context":"https:\/\/schema.org","@graph":[{"@type":"WebPage","@id":"https:\/\/mikrobagry.cz\/obchod\/pruzina-do-rychloupinaku\/","url":"https:\/\/mikrobagry.cz\/obchod\/pruzina-do-rychloupinaku\/","name":"Pru\u017eina do rychloup\u00edn\u00e1ku - Mikrobagry.cz","isPartOf":{"@id":"https:\/\/mikrobagry.cz\/#website"},"primaryImageOfPage":{"@id":"https:\/\/mikrobagry.cz\/obchod\/pruzina-do-rychloupinaku\/#primaryimage"},"image":{"@id":"https:\/\/mikrobagry.cz\/obchod\/pruzina-do-rychloupinaku\/#primaryimage"},"thumbnailUrl":"https:\/\/mikrobagry.cz\/wp-content\/uploads\/2023\/04\/IMG_20230203_115528.jpg","datePublished":"2023-04-28T18:35:53+00:00","dateModified":"2024-03-01T20:42:55+00:00","breadcrumb":{"@id":"https:\/\/mikrobagry.cz\/obchod\/pruzina-do-rychloupinaku\/#breadcrumb"},"inLanguage":"it-IT","potentialAction":[{"@type":"ReadAction","target":["https:\/\/mikrobagry.cz\/obchod\/pruzina-do-rychloupinaku\/"]}]},{"@type":"ImageObject","inLanguage":"it-IT","@id":"https:\/\/mikrobagry.cz\/obchod\/pruzina-do-rychloupinaku\/#primaryimage","url":"https:\/\/mikrobagry.cz\/wp-content\/uploads\/2023\/04\/IMG_20230203_115528.jpg","contentUrl":"https:\/\/mikrobagry.cz\/wp-content\/uploads\/2023\/04\/IMG_20230203_115528.jpg","width":2279,"height":2265},{"@type":"BreadcrumbList","@id":"https:\/\/mikrobagry.cz\/obchod\/pruzina-do-rychloupinaku\/#breadcrumb","itemListElement":[{"@type":"ListItem","position":1,"name":"Dom\u016f","item":"https:\/\/mikrobagry.cz\/"},{"@type":"ListItem","position":2,"name":"Produkty","item":"https:\/\/mikrobagry.cz\/shop\/"},{"@type":"ListItem","position":3,"name":"Pru\u017eina do rychloup\u00edn\u00e1ku"}]},{"@type":"WebSite","@id":"https:\/\/mikrobagry.cz\/#website","url":"https:\/\/mikrobagry.cz\/","name":"Mikrobagry.cz","description":"Dal\u0161\u00ed web pou\u017e\u00edvaj\u00edc\u00ed WordPress","potentialAction":[{"@type":"SearchAction","target":{"@type":"EntryPoint","urlTemplate":"https:\/\/mikrobagry.cz\/?s={search_term_string}"},"query-input":{"@type":"PropertyValueSpecification","valueRequired":true,"valueName":"search_term_string"}}],"inLanguage":"it-IT"}]}},"_links":{"self":[{"href":"https:\/\/mikrobagry.cz\/it\/wp-json\/wp\/v2\/product\/6475","targetHints":{"allow":["GET"]}}],"collection":[{"href":"https:\/\/mikrobagry.cz\/it\/wp-json\/wp\/v2\/product"}],"about":[{"href":"https:\/\/mikrobagry.cz\/it\/wp-json\/wp\/v2\/types\/product"}],"replies":[{"embeddable":true,"href":"https:\/\/mikrobagry.cz\/it\/wp-json\/wp\/v2\/comments?post=6475"}],"wp:featuredmedia":[{"embeddable":true,"href":"https:\/\/mikrobagry.cz\/it\/wp-json\/wp\/v2\/media\/6463"}],"wp:attachment":[{"href":"https:\/\/mikrobagry.cz\/it\/wp-json\/wp\/v2\/media?parent=6475"}],"wp:term":[{"taxonomy":"product_cat","embeddable":true,"href":"https:\/\/mikrobagry.cz\/it\/wp-json\/wp\/v2\/product_cat?post=6475"},{"taxonomy":"product_tag","embeddable":true,"href":"https:\/\/mikrobagry.cz\/it\/wp-json\/wp\/v2\/product_tag?post=6475"}],"curies":[{"name":"wp","href":"https:\/\/api.w.org\/{rel}","templated":true}]}}