{"id":6474,"date":"2023-04-28T17:56:34","date_gmt":"2023-04-28T15:56:34","guid":{"rendered":"https:\/\/mikrobagry.cz\/?post_type=product&#038;p=6474"},"modified":"2023-08-08T17:15:31","modified_gmt":"2023-08-08T15:15:31","slug":"vzduchovy-filtr-kohler-14hp","status":"publish","type":"product","link":"https:\/\/mikrobagry.cz\/it\/obchod\/vzduchovy-filtr-kohler-14hp\/","title":{"rendered":"Vzduchov\u00fd filtr K\u00f6hler 14HP"},"content":{"rendered":"<p>Vzduchov\u00fd filtr pro motory Kohler.<\/p>","protected":false},"excerpt":{"rendered":"<p>Cena uvedena bez DPH<\/p>","protected":false},"featured_media":6462,"comment_status":"closed","ping_status":"closed","template":"","meta":{"_acf_changed":false},"product_cat":[108,93,87],"product_tag":[],"class_list":["post-6474","product","type-product","status-publish","has-post-thumbnail","hentry","product_cat-maziva-oleje-maznice","product_cat-motory","product_cat-nahradni-dily"],"acf":[],"yoast_head":"<!-- This site is optimized with the Yoast SEO plugin v25.7 - https:\/\/yoast.com\/wordpress\/plugins\/seo\/ -->\n<title>Vzduchov\u00fd filtr K\u00f6hler 14HP - Mikrobagry.cz<\/title>\n<meta name=\"robots\" content=\"index, follow, max-snippet:-1, max-image-preview:large, max-video-preview:-1\" \/>\n<link rel=\"canonical\" href=\"https:\/\/mikrobagry.cz\/it\/obchod\/vzduchovy-filtr-kohler-14hp\/\" \/>\n<meta property=\"og:locale\" content=\"it_IT\" \/>\n<meta property=\"og:type\" content=\"article\" \/>\n<meta property=\"og:title\" content=\"Vzduchov\u00fd filtr K\u00f6hler 14HP - Mikrobagry.cz\" \/>\n<meta property=\"og:description\" content=\"Cena uvedena bez DPH\" \/>\n<meta property=\"og:url\" content=\"https:\/\/mikrobagry.cz\/it\/obchod\/vzduchovy-filtr-kohler-14hp\/\" \/>\n<meta property=\"og:site_name\" content=\"Mikrobagry.cz\" \/>\n<meta property=\"article:publisher\" content=\"https:\/\/www.facebook.com\/Mikrobagry.cz\/\" \/>\n<meta property=\"article:modified_time\" content=\"2023-08-08T15:15:31+00:00\" \/>\n<meta property=\"og:image\" content=\"https:\/\/mikrobagry.cz\/wp-content\/uploads\/2023\/04\/Snimek-obrazovky-2023-04-28-v-16.58.38.png\" \/>\n\t<meta property=\"og:image:width\" content=\"900\" \/>\n\t<meta property=\"og:image:height\" content=\"615\" \/>\n\t<meta property=\"og:image:type\" content=\"image\/png\" \/>\n<meta name=\"twitter:card\" content=\"summary_large_image\" \/>\n<meta name=\"twitter:label1\" content=\"Tempo di lettura stimato\" \/>\n\t<meta name=\"twitter:data1\" content=\"1 minuto\" \/>\n<script type=\"application\/ld+json\" class=\"yoast-schema-graph\">{\"@context\":\"https:\/\/schema.org\",\"@graph\":[{\"@type\":\"WebPage\",\"@id\":\"https:\/\/mikrobagry.cz\/obchod\/vzduchovy-filtr-kohler-14hp\/\",\"url\":\"https:\/\/mikrobagry.cz\/obchod\/vzduchovy-filtr-kohler-14hp\/\",\"name\":\"Vzduchov\u00fd filtr K\u00f6hler 14HP - Mikrobagry.cz\",\"isPartOf\":{\"@id\":\"https:\/\/mikrobagry.cz\/#website\"},\"primaryImageOfPage\":{\"@id\":\"https:\/\/mikrobagry.cz\/obchod\/vzduchovy-filtr-kohler-14hp\/#primaryimage\"},\"image\":{\"@id\":\"https:\/\/mikrobagry.cz\/obchod\/vzduchovy-filtr-kohler-14hp\/#primaryimage\"},\"thumbnailUrl\":\"https:\/\/mikrobagry.cz\/wp-content\/uploads\/2023\/04\/Snimek-obrazovky-2023-04-28-v-16.58.38.png\",\"datePublished\":\"2023-04-28T15:56:34+00:00\",\"dateModified\":\"2023-08-08T15:15:31+00:00\",\"breadcrumb\":{\"@id\":\"https:\/\/mikrobagry.cz\/obchod\/vzduchovy-filtr-kohler-14hp\/#breadcrumb\"},\"inLanguage\":\"it-IT\",\"potentialAction\":[{\"@type\":\"ReadAction\",\"target\":[\"https:\/\/mikrobagry.cz\/obchod\/vzduchovy-filtr-kohler-14hp\/\"]}]},{\"@type\":\"ImageObject\",\"inLanguage\":\"it-IT\",\"@id\":\"https:\/\/mikrobagry.cz\/obchod\/vzduchovy-filtr-kohler-14hp\/#primaryimage\",\"url\":\"https:\/\/mikrobagry.cz\/wp-content\/uploads\/2023\/04\/Snimek-obrazovky-2023-04-28-v-16.58.38.png\",\"contentUrl\":\"https:\/\/mikrobagry.cz\/wp-content\/uploads\/2023\/04\/Snimek-obrazovky-2023-04-28-v-16.58.38.png\",\"width\":900,\"height\":615},{\"@type\":\"BreadcrumbList\",\"@id\":\"https:\/\/mikrobagry.cz\/obchod\/vzduchovy-filtr-kohler-14hp\/#breadcrumb\",\"itemListElement\":[{\"@type\":\"ListItem\",\"position\":1,\"name\":\"Dom\u016f\",\"item\":\"https:\/\/mikrobagry.cz\/\"},{\"@type\":\"ListItem\",\"position\":2,\"name\":\"Produkty\",\"item\":\"https:\/\/mikrobagry.cz\/shop\/\"},{\"@type\":\"ListItem\",\"position\":3,\"name\":\"Vzduchov\u00fd filtr K\u00f6hler 14HP\"}]},{\"@type\":\"WebSite\",\"@id\":\"https:\/\/mikrobagry.cz\/#website\",\"url\":\"https:\/\/mikrobagry.cz\/\",\"name\":\"Mikrobagry.cz\",\"description\":\"Dal\u0161\u00ed web pou\u017e\u00edvaj\u00edc\u00ed WordPress\",\"potentialAction\":[{\"@type\":\"SearchAction\",\"target\":{\"@type\":\"EntryPoint\",\"urlTemplate\":\"https:\/\/mikrobagry.cz\/?s={search_term_string}\"},\"query-input\":{\"@type\":\"PropertyValueSpecification\",\"valueRequired\":true,\"valueName\":\"search_term_string\"}}],\"inLanguage\":\"it-IT\"}]}<\/script>\n<!-- \/ Yoast SEO plugin. -->","yoast_head_json":{"title":"Vzduchov\u00fd filtr K\u00f6hler 14HP - Mikrobagry.cz","robots":{"index":"index","follow":"follow","max-snippet":"max-snippet:-1","max-image-preview":"max-image-preview:large","max-video-preview":"max-video-preview:-1"},"canonical":"https:\/\/mikrobagry.cz\/it\/obchod\/vzduchovy-filtr-kohler-14hp\/","og_locale":"it_IT","og_type":"article","og_title":"Vzduchov\u00fd filtr K\u00f6hler 14HP - Mikrobagry.cz","og_description":"Cena uvedena bez DPH","og_url":"https:\/\/mikrobagry.cz\/it\/obchod\/vzduchovy-filtr-kohler-14hp\/","og_site_name":"Mikrobagry.cz","article_publisher":"https:\/\/www.facebook.com\/Mikrobagry.cz\/","article_modified_time":"2023-08-08T15:15:31+00:00","og_image":[{"width":900,"height":615,"url":"https:\/\/mikrobagry.cz\/wp-content\/uploads\/2023\/04\/Snimek-obrazovky-2023-04-28-v-16.58.38.png","type":"image\/png"}],"twitter_card":"summary_large_image","twitter_misc":{"Tempo di lettura stimato":"1 minuto"},"schema":{"@context":"https:\/\/schema.org","@graph":[{"@type":"WebPage","@id":"https:\/\/mikrobagry.cz\/obchod\/vzduchovy-filtr-kohler-14hp\/","url":"https:\/\/mikrobagry.cz\/obchod\/vzduchovy-filtr-kohler-14hp\/","name":"Vzduchov\u00fd filtr K\u00f6hler 14HP - Mikrobagry.cz","isPartOf":{"@id":"https:\/\/mikrobagry.cz\/#website"},"primaryImageOfPage":{"@id":"https:\/\/mikrobagry.cz\/obchod\/vzduchovy-filtr-kohler-14hp\/#primaryimage"},"image":{"@id":"https:\/\/mikrobagry.cz\/obchod\/vzduchovy-filtr-kohler-14hp\/#primaryimage"},"thumbnailUrl":"https:\/\/mikrobagry.cz\/wp-content\/uploads\/2023\/04\/Snimek-obrazovky-2023-04-28-v-16.58.38.png","datePublished":"2023-04-28T15:56:34+00:00","dateModified":"2023-08-08T15:15:31+00:00","breadcrumb":{"@id":"https:\/\/mikrobagry.cz\/obchod\/vzduchovy-filtr-kohler-14hp\/#breadcrumb"},"inLanguage":"it-IT","potentialAction":[{"@type":"ReadAction","target":["https:\/\/mikrobagry.cz\/obchod\/vzduchovy-filtr-kohler-14hp\/"]}]},{"@type":"ImageObject","inLanguage":"it-IT","@id":"https:\/\/mikrobagry.cz\/obchod\/vzduchovy-filtr-kohler-14hp\/#primaryimage","url":"https:\/\/mikrobagry.cz\/wp-content\/uploads\/2023\/04\/Snimek-obrazovky-2023-04-28-v-16.58.38.png","contentUrl":"https:\/\/mikrobagry.cz\/wp-content\/uploads\/2023\/04\/Snimek-obrazovky-2023-04-28-v-16.58.38.png","width":900,"height":615},{"@type":"BreadcrumbList","@id":"https:\/\/mikrobagry.cz\/obchod\/vzduchovy-filtr-kohler-14hp\/#breadcrumb","itemListElement":[{"@type":"ListItem","position":1,"name":"Dom\u016f","item":"https:\/\/mikrobagry.cz\/"},{"@type":"ListItem","position":2,"name":"Produkty","item":"https:\/\/mikrobagry.cz\/shop\/"},{"@type":"ListItem","position":3,"name":"Vzduchov\u00fd filtr K\u00f6hler 14HP"}]},{"@type":"WebSite","@id":"https:\/\/mikrobagry.cz\/#website","url":"https:\/\/mikrobagry.cz\/","name":"Mikrobagry.cz","description":"Dal\u0161\u00ed web pou\u017e\u00edvaj\u00edc\u00ed WordPress","potentialAction":[{"@type":"SearchAction","target":{"@type":"EntryPoint","urlTemplate":"https:\/\/mikrobagry.cz\/?s={search_term_string}"},"query-input":{"@type":"PropertyValueSpecification","valueRequired":true,"valueName":"search_term_string"}}],"inLanguage":"it-IT"}]}},"_links":{"self":[{"href":"https:\/\/mikrobagry.cz\/it\/wp-json\/wp\/v2\/product\/6474","targetHints":{"allow":["GET"]}}],"collection":[{"href":"https:\/\/mikrobagry.cz\/it\/wp-json\/wp\/v2\/product"}],"about":[{"href":"https:\/\/mikrobagry.cz\/it\/wp-json\/wp\/v2\/types\/product"}],"replies":[{"embeddable":true,"href":"https:\/\/mikrobagry.cz\/it\/wp-json\/wp\/v2\/comments?post=6474"}],"wp:featuredmedia":[{"embeddable":true,"href":"https:\/\/mikrobagry.cz\/it\/wp-json\/wp\/v2\/media\/6462"}],"wp:attachment":[{"href":"https:\/\/mikrobagry.cz\/it\/wp-json\/wp\/v2\/media?parent=6474"}],"wp:term":[{"taxonomy":"product_cat","embeddable":true,"href":"https:\/\/mikrobagry.cz\/it\/wp-json\/wp\/v2\/product_cat?post=6474"},{"taxonomy":"product_tag","embeddable":true,"href":"https:\/\/mikrobagry.cz\/it\/wp-json\/wp\/v2\/product_tag?post=6474"}],"curies":[{"name":"wp","href":"https:\/\/api.w.org\/{rel}","templated":true}]}}