{"id":6011,"date":"2022-10-06T22:35:31","date_gmt":"2022-10-06T20:35:31","guid":{"rendered":"https:\/\/mikrobagry.cz\/?post_type=product&#038;p=6011"},"modified":"2026-01-04T16:28:08","modified_gmt":"2026-01-04T15:28:08","slug":"lzice-15cm-pro-modely-mpt-82-1500","status":"publish","type":"product","link":"https:\/\/mikrobagry.cz\/it\/obchod\/lzice-15cm-pro-modely-mpt-82-1500\/","title":{"rendered":"L\u017e\u00edce 15cm pro modely MPT-82-1500"},"content":{"rendered":"","protected":false},"excerpt":{"rendered":"<p>L\u017e\u00edce na \u00fazk\u00e9 r\u00fdhy pro specifick\u00e9 pou\u017eit\u00ed. Cena uvedena bez DPH.<\/p>","protected":false},"featured_media":6005,"comment_status":"closed","ping_status":"closed","template":"","meta":{"_acf_changed":false},"product_cat":[90,81],"product_tag":[],"class_list":["post-6011","product","type-product","status-publish","has-post-thumbnail","hentry","product_cat-lzice","product_cat-prislusenstvi"],"acf":[],"yoast_head":"<!-- This site is optimized with the Yoast SEO plugin v25.7 - https:\/\/yoast.com\/wordpress\/plugins\/seo\/ -->\n<title>L\u017e\u00edce 15cm pro modely MPT-82-1500 - Mikrobagry.cz<\/title>\n<meta name=\"robots\" content=\"index, follow, max-snippet:-1, max-image-preview:large, max-video-preview:-1\" \/>\n<link rel=\"canonical\" href=\"https:\/\/mikrobagry.cz\/it\/obchod\/lzice-15cm-pro-modely-mpt-82-1500\/\" \/>\n<meta property=\"og:locale\" content=\"it_IT\" \/>\n<meta property=\"og:type\" content=\"article\" \/>\n<meta property=\"og:title\" content=\"L\u017e\u00edce 15cm pro modely MPT-82-1500 - Mikrobagry.cz\" \/>\n<meta property=\"og:description\" content=\"L\u017e\u00edce na \u00fazk\u00e9 r\u00fdhy pro specifick\u00e9 pou\u017eit\u00ed. Cena uvedena bez DPH.\" \/>\n<meta property=\"og:url\" content=\"https:\/\/mikrobagry.cz\/it\/obchod\/lzice-15cm-pro-modely-mpt-82-1500\/\" \/>\n<meta property=\"og:site_name\" content=\"Mikrobagry.cz\" \/>\n<meta property=\"article:publisher\" content=\"https:\/\/www.facebook.com\/Mikrobagry.cz\/\" \/>\n<meta property=\"article:modified_time\" content=\"2026-01-04T15:28:08+00:00\" \/>\n<meta property=\"og:image\" content=\"https:\/\/mikrobagry.cz\/wp-content\/uploads\/2022\/10\/IMG_6918-scaled.jpg\" \/>\n\t<meta property=\"og:image:width\" content=\"2560\" \/>\n\t<meta property=\"og:image:height\" content=\"1920\" \/>\n\t<meta property=\"og:image:type\" content=\"image\/jpeg\" \/>\n<meta name=\"twitter:card\" content=\"summary_large_image\" \/>\n<script type=\"application\/ld+json\" class=\"yoast-schema-graph\">{\"@context\":\"https:\/\/schema.org\",\"@graph\":[{\"@type\":\"WebPage\",\"@id\":\"https:\/\/mikrobagry.cz\/obchod\/lzice-15cm-pro-modely-mpt-82-1500\/\",\"url\":\"https:\/\/mikrobagry.cz\/obchod\/lzice-15cm-pro-modely-mpt-82-1500\/\",\"name\":\"L\u017e\u00edce 15cm pro modely MPT-82-1500 - Mikrobagry.cz\",\"isPartOf\":{\"@id\":\"https:\/\/mikrobagry.cz\/#website\"},\"primaryImageOfPage\":{\"@id\":\"https:\/\/mikrobagry.cz\/obchod\/lzice-15cm-pro-modely-mpt-82-1500\/#primaryimage\"},\"image\":{\"@id\":\"https:\/\/mikrobagry.cz\/obchod\/lzice-15cm-pro-modely-mpt-82-1500\/#primaryimage\"},\"thumbnailUrl\":\"https:\/\/mikrobagry.cz\/wp-content\/uploads\/2022\/10\/IMG_6918-scaled.jpg\",\"datePublished\":\"2022-10-06T20:35:31+00:00\",\"dateModified\":\"2026-01-04T15:28:08+00:00\",\"breadcrumb\":{\"@id\":\"https:\/\/mikrobagry.cz\/obchod\/lzice-15cm-pro-modely-mpt-82-1500\/#breadcrumb\"},\"inLanguage\":\"it-IT\",\"potentialAction\":[{\"@type\":\"ReadAction\",\"target\":[\"https:\/\/mikrobagry.cz\/obchod\/lzice-15cm-pro-modely-mpt-82-1500\/\"]}]},{\"@type\":\"ImageObject\",\"inLanguage\":\"it-IT\",\"@id\":\"https:\/\/mikrobagry.cz\/obchod\/lzice-15cm-pro-modely-mpt-82-1500\/#primaryimage\",\"url\":\"https:\/\/mikrobagry.cz\/wp-content\/uploads\/2022\/10\/IMG_6918-scaled.jpg\",\"contentUrl\":\"https:\/\/mikrobagry.cz\/wp-content\/uploads\/2022\/10\/IMG_6918-scaled.jpg\",\"width\":2560,\"height\":1920},{\"@type\":\"BreadcrumbList\",\"@id\":\"https:\/\/mikrobagry.cz\/obchod\/lzice-15cm-pro-modely-mpt-82-1500\/#breadcrumb\",\"itemListElement\":[{\"@type\":\"ListItem\",\"position\":1,\"name\":\"Dom\u016f\",\"item\":\"https:\/\/mikrobagry.cz\/\"},{\"@type\":\"ListItem\",\"position\":2,\"name\":\"Produkty\",\"item\":\"https:\/\/mikrobagry.cz\/shop\/\"},{\"@type\":\"ListItem\",\"position\":3,\"name\":\"L\u017e\u00edce 15cm pro modely MPT-82-1500\"}]},{\"@type\":\"WebSite\",\"@id\":\"https:\/\/mikrobagry.cz\/#website\",\"url\":\"https:\/\/mikrobagry.cz\/\",\"name\":\"Mikrobagry.cz\",\"description\":\"Dal\u0161\u00ed web pou\u017e\u00edvaj\u00edc\u00ed WordPress\",\"potentialAction\":[{\"@type\":\"SearchAction\",\"target\":{\"@type\":\"EntryPoint\",\"urlTemplate\":\"https:\/\/mikrobagry.cz\/?s={search_term_string}\"},\"query-input\":{\"@type\":\"PropertyValueSpecification\",\"valueRequired\":true,\"valueName\":\"search_term_string\"}}],\"inLanguage\":\"it-IT\"}]}<\/script>\n<!-- \/ Yoast SEO plugin. -->","yoast_head_json":{"title":"L\u017e\u00edce 15cm pro modely MPT-82-1500 - Mikrobagry.cz","robots":{"index":"index","follow":"follow","max-snippet":"max-snippet:-1","max-image-preview":"max-image-preview:large","max-video-preview":"max-video-preview:-1"},"canonical":"https:\/\/mikrobagry.cz\/it\/obchod\/lzice-15cm-pro-modely-mpt-82-1500\/","og_locale":"it_IT","og_type":"article","og_title":"L\u017e\u00edce 15cm pro modely MPT-82-1500 - Mikrobagry.cz","og_description":"L\u017e\u00edce na \u00fazk\u00e9 r\u00fdhy pro specifick\u00e9 pou\u017eit\u00ed. Cena uvedena bez DPH.","og_url":"https:\/\/mikrobagry.cz\/it\/obchod\/lzice-15cm-pro-modely-mpt-82-1500\/","og_site_name":"Mikrobagry.cz","article_publisher":"https:\/\/www.facebook.com\/Mikrobagry.cz\/","article_modified_time":"2026-01-04T15:28:08+00:00","og_image":[{"width":2560,"height":1920,"url":"https:\/\/mikrobagry.cz\/wp-content\/uploads\/2022\/10\/IMG_6918-scaled.jpg","type":"image\/jpeg"}],"twitter_card":"summary_large_image","schema":{"@context":"https:\/\/schema.org","@graph":[{"@type":"WebPage","@id":"https:\/\/mikrobagry.cz\/obchod\/lzice-15cm-pro-modely-mpt-82-1500\/","url":"https:\/\/mikrobagry.cz\/obchod\/lzice-15cm-pro-modely-mpt-82-1500\/","name":"L\u017e\u00edce 15cm pro modely MPT-82-1500 - Mikrobagry.cz","isPartOf":{"@id":"https:\/\/mikrobagry.cz\/#website"},"primaryImageOfPage":{"@id":"https:\/\/mikrobagry.cz\/obchod\/lzice-15cm-pro-modely-mpt-82-1500\/#primaryimage"},"image":{"@id":"https:\/\/mikrobagry.cz\/obchod\/lzice-15cm-pro-modely-mpt-82-1500\/#primaryimage"},"thumbnailUrl":"https:\/\/mikrobagry.cz\/wp-content\/uploads\/2022\/10\/IMG_6918-scaled.jpg","datePublished":"2022-10-06T20:35:31+00:00","dateModified":"2026-01-04T15:28:08+00:00","breadcrumb":{"@id":"https:\/\/mikrobagry.cz\/obchod\/lzice-15cm-pro-modely-mpt-82-1500\/#breadcrumb"},"inLanguage":"it-IT","potentialAction":[{"@type":"ReadAction","target":["https:\/\/mikrobagry.cz\/obchod\/lzice-15cm-pro-modely-mpt-82-1500\/"]}]},{"@type":"ImageObject","inLanguage":"it-IT","@id":"https:\/\/mikrobagry.cz\/obchod\/lzice-15cm-pro-modely-mpt-82-1500\/#primaryimage","url":"https:\/\/mikrobagry.cz\/wp-content\/uploads\/2022\/10\/IMG_6918-scaled.jpg","contentUrl":"https:\/\/mikrobagry.cz\/wp-content\/uploads\/2022\/10\/IMG_6918-scaled.jpg","width":2560,"height":1920},{"@type":"BreadcrumbList","@id":"https:\/\/mikrobagry.cz\/obchod\/lzice-15cm-pro-modely-mpt-82-1500\/#breadcrumb","itemListElement":[{"@type":"ListItem","position":1,"name":"Dom\u016f","item":"https:\/\/mikrobagry.cz\/"},{"@type":"ListItem","position":2,"name":"Produkty","item":"https:\/\/mikrobagry.cz\/shop\/"},{"@type":"ListItem","position":3,"name":"L\u017e\u00edce 15cm pro modely MPT-82-1500"}]},{"@type":"WebSite","@id":"https:\/\/mikrobagry.cz\/#website","url":"https:\/\/mikrobagry.cz\/","name":"Mikrobagry.cz","description":"Dal\u0161\u00ed web pou\u017e\u00edvaj\u00edc\u00ed WordPress","potentialAction":[{"@type":"SearchAction","target":{"@type":"EntryPoint","urlTemplate":"https:\/\/mikrobagry.cz\/?s={search_term_string}"},"query-input":{"@type":"PropertyValueSpecification","valueRequired":true,"valueName":"search_term_string"}}],"inLanguage":"it-IT"}]}},"_links":{"self":[{"href":"https:\/\/mikrobagry.cz\/it\/wp-json\/wp\/v2\/product\/6011","targetHints":{"allow":["GET"]}}],"collection":[{"href":"https:\/\/mikrobagry.cz\/it\/wp-json\/wp\/v2\/product"}],"about":[{"href":"https:\/\/mikrobagry.cz\/it\/wp-json\/wp\/v2\/types\/product"}],"replies":[{"embeddable":true,"href":"https:\/\/mikrobagry.cz\/it\/wp-json\/wp\/v2\/comments?post=6011"}],"wp:featuredmedia":[{"embeddable":true,"href":"https:\/\/mikrobagry.cz\/it\/wp-json\/wp\/v2\/media\/6005"}],"wp:attachment":[{"href":"https:\/\/mikrobagry.cz\/it\/wp-json\/wp\/v2\/media?parent=6011"}],"wp:term":[{"taxonomy":"product_cat","embeddable":true,"href":"https:\/\/mikrobagry.cz\/it\/wp-json\/wp\/v2\/product_cat?post=6011"},{"taxonomy":"product_tag","embeddable":true,"href":"https:\/\/mikrobagry.cz\/it\/wp-json\/wp\/v2\/product_tag?post=6011"}],"curies":[{"name":"wp","href":"https:\/\/api.w.org\/{rel}","templated":true}]}}