{"id":3163,"date":"2019-09-26T23:46:26","date_gmt":"2019-09-26T21:46:26","guid":{"rendered":"http:\/\/mikrobagry.cz\/?post_type=product&#038;p=3163"},"modified":"2026-01-04T21:48:48","modified_gmt":"2026-01-04T20:48:48","slug":"adapter-na-vrtak-do-rychloupinaku","status":"publish","type":"product","link":"https:\/\/mikrobagry.cz\/it\/obchod\/adapter-na-vrtak-do-rychloupinaku\/","title":{"rendered":"Adapt\u00e9r na vrt\u00e1k \u010di kle\u0161t\u011b do rychloup\u00edn\u00e1ku"},"content":{"rendered":"<div class=\"page\" title=\"Page 9\">\n<div class=\"layoutArea\">\n<div class=\"column\">\n<p>Pokud m\u00e1te stroj vybaveny\u0301 rychloupi\u0301na\u0301kem, pouz\u030cijte k uchyceni\u0301 vrtaci\u0301 soupravy \u010di kle\u0161t\u00ed, <strong>adapte\u0301r pro uchyceni\u0301 do rychloupi\u0301na\u0301ku.<\/strong><\/p>\n<p>Uchyceni\u0301 vrt\u00e1ku \u010di kle\u0161t\u00ed pot\u00e9 na rameno p\u0159ipevn\u00edte stejn\u011b pohodln\u011b, jako nap\u0159. kteroukoli l\u017e\u00edci.<\/p>\n<\/div>\n<\/div>\n<\/div>","protected":false},"excerpt":{"rendered":"<p>M\u00e1te rychloup\u00edn\u00e1k a dokoupili jste si vrt\u00e1k \u010di kle\u0161t\u011b? Pot\u00e9 se V\u00e1m jist\u011b bude hodit adapt\u00e9r, pomoc\u00ed kter\u00e9ho budete toto p\u0159\u00edslu\u0161enstv\u00ed jednodu\u0161e cvakat do rychloup\u00edn\u00e1ku tak snadno, jako je nap\u0159. v\u00fdm\u011bna l\u017eic.<\/p>\n<p>V\u00e1ha : 5,9 Kg<\/p>\n<p>Cena uvedena bez DPH.<\/p>","protected":false},"featured_media":3167,"comment_status":"closed","ping_status":"closed","template":"","meta":{"_acf_changed":false},"product_cat":[97,89,88,81],"product_tag":[],"class_list":["post-3163","product","type-product","status-publish","has-post-thumbnail","hentry","product_cat-kleste","product_cat-vrtaky","product_cat-vybava","product_cat-prislusenstvi"],"acf":[],"yoast_head":"<!-- This site is optimized with the Yoast SEO plugin v25.7 - https:\/\/yoast.com\/wordpress\/plugins\/seo\/ -->\n<title>Adapt\u00e9r na vrt\u00e1k \u010di kle\u0161t\u011b do rychloup\u00edn\u00e1ku - Mikrobagry.cz<\/title>\n<meta name=\"robots\" content=\"index, follow, max-snippet:-1, max-image-preview:large, max-video-preview:-1\" \/>\n<link rel=\"canonical\" href=\"https:\/\/mikrobagry.cz\/it\/obchod\/adapter-na-vrtak-do-rychloupinaku\/\" \/>\n<meta property=\"og:locale\" content=\"it_IT\" \/>\n<meta property=\"og:type\" content=\"article\" \/>\n<meta property=\"og:title\" content=\"Adapt\u00e9r na vrt\u00e1k \u010di kle\u0161t\u011b do rychloup\u00edn\u00e1ku - Mikrobagry.cz\" \/>\n<meta property=\"og:description\" content=\"M\u00e1te rychloup\u00edn\u00e1k a dokoupili jste si vrt\u00e1k \u010di kle\u0161t\u011b? Pot\u00e9 se V\u00e1m jist\u011b bude hodit adapt\u00e9r, pomoc\u00ed kter\u00e9ho budete toto p\u0159\u00edslu\u0161enstv\u00ed jednodu\u0161e cvakat do rychloup\u00edn\u00e1ku tak snadno, jako je nap\u0159. v\u00fdm\u011bna l\u017eic.  V\u00e1ha : 5,9 Kg  Cena uvedena bez DPH.\" \/>\n<meta property=\"og:url\" content=\"https:\/\/mikrobagry.cz\/it\/obchod\/adapter-na-vrtak-do-rychloupinaku\/\" \/>\n<meta property=\"og:site_name\" content=\"Mikrobagry.cz\" \/>\n<meta property=\"article:publisher\" content=\"https:\/\/www.facebook.com\/Mikrobagry.cz\/\" \/>\n<meta property=\"article:modified_time\" content=\"2026-01-04T20:48:48+00:00\" \/>\n<meta property=\"og:image\" content=\"https:\/\/mikrobagry.cz\/wp-content\/uploads\/2019\/09\/Sn\u00edmek-obrazovky-2019-09-27-v-0.01.43.png\" \/>\n\t<meta property=\"og:image:width\" content=\"1100\" \/>\n\t<meta property=\"og:image:height\" content=\"1341\" \/>\n\t<meta property=\"og:image:type\" content=\"image\/png\" \/>\n<meta name=\"twitter:card\" content=\"summary_large_image\" \/>\n<meta name=\"twitter:label1\" content=\"Tempo di lettura stimato\" \/>\n\t<meta name=\"twitter:data1\" content=\"1 minuto\" \/>\n<script type=\"application\/ld+json\" class=\"yoast-schema-graph\">{\"@context\":\"https:\/\/schema.org\",\"@graph\":[{\"@type\":\"WebPage\",\"@id\":\"https:\/\/mikrobagry.cz\/obchod\/adapter-na-vrtak-do-rychloupinaku\/\",\"url\":\"https:\/\/mikrobagry.cz\/obchod\/adapter-na-vrtak-do-rychloupinaku\/\",\"name\":\"Adapt\u00e9r na vrt\u00e1k \u010di kle\u0161t\u011b do rychloup\u00edn\u00e1ku - Mikrobagry.cz\",\"isPartOf\":{\"@id\":\"https:\/\/mikrobagry.cz\/#website\"},\"primaryImageOfPage\":{\"@id\":\"https:\/\/mikrobagry.cz\/obchod\/adapter-na-vrtak-do-rychloupinaku\/#primaryimage\"},\"image\":{\"@id\":\"https:\/\/mikrobagry.cz\/obchod\/adapter-na-vrtak-do-rychloupinaku\/#primaryimage\"},\"thumbnailUrl\":\"https:\/\/mikrobagry.cz\/wp-content\/uploads\/2019\/09\/Sn\u00edmek-obrazovky-2019-09-27-v-0.01.43.png\",\"datePublished\":\"2019-09-26T21:46:26+00:00\",\"dateModified\":\"2026-01-04T20:48:48+00:00\",\"breadcrumb\":{\"@id\":\"https:\/\/mikrobagry.cz\/obchod\/adapter-na-vrtak-do-rychloupinaku\/#breadcrumb\"},\"inLanguage\":\"it-IT\",\"potentialAction\":[{\"@type\":\"ReadAction\",\"target\":[\"https:\/\/mikrobagry.cz\/obchod\/adapter-na-vrtak-do-rychloupinaku\/\"]}]},{\"@type\":\"ImageObject\",\"inLanguage\":\"it-IT\",\"@id\":\"https:\/\/mikrobagry.cz\/obchod\/adapter-na-vrtak-do-rychloupinaku\/#primaryimage\",\"url\":\"https:\/\/mikrobagry.cz\/wp-content\/uploads\/2019\/09\/Sn\u00edmek-obrazovky-2019-09-27-v-0.01.43.png\",\"contentUrl\":\"https:\/\/mikrobagry.cz\/wp-content\/uploads\/2019\/09\/Sn\u00edmek-obrazovky-2019-09-27-v-0.01.43.png\",\"width\":1100,\"height\":1341},{\"@type\":\"BreadcrumbList\",\"@id\":\"https:\/\/mikrobagry.cz\/obchod\/adapter-na-vrtak-do-rychloupinaku\/#breadcrumb\",\"itemListElement\":[{\"@type\":\"ListItem\",\"position\":1,\"name\":\"Dom\u016f\",\"item\":\"https:\/\/mikrobagry.cz\/\"},{\"@type\":\"ListItem\",\"position\":2,\"name\":\"Produkty\",\"item\":\"https:\/\/mikrobagry.cz\/shop\/\"},{\"@type\":\"ListItem\",\"position\":3,\"name\":\"Adapt\u00e9r na vrt\u00e1k \u010di kle\u0161t\u011b do rychloup\u00edn\u00e1ku\"}]},{\"@type\":\"WebSite\",\"@id\":\"https:\/\/mikrobagry.cz\/#website\",\"url\":\"https:\/\/mikrobagry.cz\/\",\"name\":\"Mikrobagry.cz\",\"description\":\"Dal\u0161\u00ed web pou\u017e\u00edvaj\u00edc\u00ed WordPress\",\"potentialAction\":[{\"@type\":\"SearchAction\",\"target\":{\"@type\":\"EntryPoint\",\"urlTemplate\":\"https:\/\/mikrobagry.cz\/?s={search_term_string}\"},\"query-input\":{\"@type\":\"PropertyValueSpecification\",\"valueRequired\":true,\"valueName\":\"search_term_string\"}}],\"inLanguage\":\"it-IT\"}]}<\/script>\n<!-- \/ Yoast SEO plugin. -->","yoast_head_json":{"title":"Adapt\u00e9r na vrt\u00e1k \u010di kle\u0161t\u011b do rychloup\u00edn\u00e1ku - Mikrobagry.cz","robots":{"index":"index","follow":"follow","max-snippet":"max-snippet:-1","max-image-preview":"max-image-preview:large","max-video-preview":"max-video-preview:-1"},"canonical":"https:\/\/mikrobagry.cz\/it\/obchod\/adapter-na-vrtak-do-rychloupinaku\/","og_locale":"it_IT","og_type":"article","og_title":"Adapt\u00e9r na vrt\u00e1k \u010di kle\u0161t\u011b do rychloup\u00edn\u00e1ku - Mikrobagry.cz","og_description":"M\u00e1te rychloup\u00edn\u00e1k a dokoupili jste si vrt\u00e1k \u010di kle\u0161t\u011b? Pot\u00e9 se V\u00e1m jist\u011b bude hodit adapt\u00e9r, pomoc\u00ed kter\u00e9ho budete toto p\u0159\u00edslu\u0161enstv\u00ed jednodu\u0161e cvakat do rychloup\u00edn\u00e1ku tak snadno, jako je nap\u0159. v\u00fdm\u011bna l\u017eic.  V\u00e1ha : 5,9 Kg  Cena uvedena bez DPH.","og_url":"https:\/\/mikrobagry.cz\/it\/obchod\/adapter-na-vrtak-do-rychloupinaku\/","og_site_name":"Mikrobagry.cz","article_publisher":"https:\/\/www.facebook.com\/Mikrobagry.cz\/","article_modified_time":"2026-01-04T20:48:48+00:00","og_image":[{"width":1100,"height":1341,"url":"https:\/\/mikrobagry.cz\/wp-content\/uploads\/2019\/09\/Sn\u00edmek-obrazovky-2019-09-27-v-0.01.43.png","type":"image\/png"}],"twitter_card":"summary_large_image","twitter_misc":{"Tempo di lettura stimato":"1 minuto"},"schema":{"@context":"https:\/\/schema.org","@graph":[{"@type":"WebPage","@id":"https:\/\/mikrobagry.cz\/obchod\/adapter-na-vrtak-do-rychloupinaku\/","url":"https:\/\/mikrobagry.cz\/obchod\/adapter-na-vrtak-do-rychloupinaku\/","name":"Adapt\u00e9r na vrt\u00e1k \u010di kle\u0161t\u011b do rychloup\u00edn\u00e1ku - Mikrobagry.cz","isPartOf":{"@id":"https:\/\/mikrobagry.cz\/#website"},"primaryImageOfPage":{"@id":"https:\/\/mikrobagry.cz\/obchod\/adapter-na-vrtak-do-rychloupinaku\/#primaryimage"},"image":{"@id":"https:\/\/mikrobagry.cz\/obchod\/adapter-na-vrtak-do-rychloupinaku\/#primaryimage"},"thumbnailUrl":"https:\/\/mikrobagry.cz\/wp-content\/uploads\/2019\/09\/Sn\u00edmek-obrazovky-2019-09-27-v-0.01.43.png","datePublished":"2019-09-26T21:46:26+00:00","dateModified":"2026-01-04T20:48:48+00:00","breadcrumb":{"@id":"https:\/\/mikrobagry.cz\/obchod\/adapter-na-vrtak-do-rychloupinaku\/#breadcrumb"},"inLanguage":"it-IT","potentialAction":[{"@type":"ReadAction","target":["https:\/\/mikrobagry.cz\/obchod\/adapter-na-vrtak-do-rychloupinaku\/"]}]},{"@type":"ImageObject","inLanguage":"it-IT","@id":"https:\/\/mikrobagry.cz\/obchod\/adapter-na-vrtak-do-rychloupinaku\/#primaryimage","url":"https:\/\/mikrobagry.cz\/wp-content\/uploads\/2019\/09\/Sn\u00edmek-obrazovky-2019-09-27-v-0.01.43.png","contentUrl":"https:\/\/mikrobagry.cz\/wp-content\/uploads\/2019\/09\/Sn\u00edmek-obrazovky-2019-09-27-v-0.01.43.png","width":1100,"height":1341},{"@type":"BreadcrumbList","@id":"https:\/\/mikrobagry.cz\/obchod\/adapter-na-vrtak-do-rychloupinaku\/#breadcrumb","itemListElement":[{"@type":"ListItem","position":1,"name":"Dom\u016f","item":"https:\/\/mikrobagry.cz\/"},{"@type":"ListItem","position":2,"name":"Produkty","item":"https:\/\/mikrobagry.cz\/shop\/"},{"@type":"ListItem","position":3,"name":"Adapt\u00e9r na vrt\u00e1k \u010di kle\u0161t\u011b do rychloup\u00edn\u00e1ku"}]},{"@type":"WebSite","@id":"https:\/\/mikrobagry.cz\/#website","url":"https:\/\/mikrobagry.cz\/","name":"Mikrobagry.cz","description":"Dal\u0161\u00ed web pou\u017e\u00edvaj\u00edc\u00ed WordPress","potentialAction":[{"@type":"SearchAction","target":{"@type":"EntryPoint","urlTemplate":"https:\/\/mikrobagry.cz\/?s={search_term_string}"},"query-input":{"@type":"PropertyValueSpecification","valueRequired":true,"valueName":"search_term_string"}}],"inLanguage":"it-IT"}]}},"_links":{"self":[{"href":"https:\/\/mikrobagry.cz\/it\/wp-json\/wp\/v2\/product\/3163","targetHints":{"allow":["GET"]}}],"collection":[{"href":"https:\/\/mikrobagry.cz\/it\/wp-json\/wp\/v2\/product"}],"about":[{"href":"https:\/\/mikrobagry.cz\/it\/wp-json\/wp\/v2\/types\/product"}],"replies":[{"embeddable":true,"href":"https:\/\/mikrobagry.cz\/it\/wp-json\/wp\/v2\/comments?post=3163"}],"wp:featuredmedia":[{"embeddable":true,"href":"https:\/\/mikrobagry.cz\/it\/wp-json\/wp\/v2\/media\/3167"}],"wp:attachment":[{"href":"https:\/\/mikrobagry.cz\/it\/wp-json\/wp\/v2\/media?parent=3163"}],"wp:term":[{"taxonomy":"product_cat","embeddable":true,"href":"https:\/\/mikrobagry.cz\/it\/wp-json\/wp\/v2\/product_cat?post=3163"},{"taxonomy":"product_tag","embeddable":true,"href":"https:\/\/mikrobagry.cz\/it\/wp-json\/wp\/v2\/product_tag?post=3163"}],"curies":[{"name":"wp","href":"https:\/\/api.w.org\/{rel}","templated":true}]}}