{"id":2894,"date":"2019-07-28T14:19:59","date_gmt":"2019-07-28T12:19:59","guid":{"rendered":"http:\/\/mikrobagry.cz\/?post_type=product&#038;p=2894"},"modified":"2026-01-04T21:57:02","modified_gmt":"2026-01-04T20:57:02","slug":"pridavny-drzak-zavazi","status":"publish","type":"product","link":"https:\/\/mikrobagry.cz\/it\/obchod\/pridavny-drzak-zavazi\/","title":{"rendered":"P\u0159\u00eddavn\u00fd dr\u017e\u00e1k z\u00e1va\u017e\u00ed"},"content":{"rendered":"<p>Na tento dr\u017e\u00e1k z\u00e1va\u017e\u00ed lze zav\u011bsit z\u00e1va\u017e\u00ed do max hmotnosti 140 Kg. Dod\u00e1v\u00e1me tak\u00e9 z\u00e1va\u017e\u00ed, uveden\u00e1 cena je bez t\u011bchto z\u00e1va\u017e\u00ed a bez DPH. Mo\u017eno dokoupit z\u00e1va\u017e\u00ed. 1ks Z\u00e1va\u017e\u00ed 20kg za cenu 1600,-K\u010d bez DPH.<\/p>","protected":false},"excerpt":{"rendered":"<p>Pokud m\u00e1te stroj vybaven\u00fd nap\u0159. hydraulicky v\u00fdsuvn\u00fdm ramenem, je bezpodm\u00edne\u010dn\u011b nutn\u00e9 m\u00edt namontov\u00e1n dr\u017e\u00e1k z\u00e1va\u017e\u00ed se 7ks z\u00e1va\u017e\u00edmi po 20kg (140 kg).<\/p>","protected":false},"featured_media":2888,"comment_status":"closed","ping_status":"closed","template":"","meta":{"_acf_changed":false},"product_cat":[88,81],"product_tag":[],"class_list":["post-2894","product","type-product","status-publish","has-post-thumbnail","hentry","product_cat-vybava","product_cat-prislusenstvi"],"acf":[],"yoast_head":"<!-- This site is optimized with the Yoast SEO plugin v25.7 - https:\/\/yoast.com\/wordpress\/plugins\/seo\/ -->\n<title>P\u0159\u00eddavn\u00fd dr\u017e\u00e1k z\u00e1va\u017e\u00ed - Mikrobagry.cz<\/title>\n<meta name=\"robots\" content=\"index, follow, max-snippet:-1, max-image-preview:large, max-video-preview:-1\" \/>\n<link rel=\"canonical\" href=\"https:\/\/mikrobagry.cz\/it\/obchod\/pridavny-drzak-zavazi\/\" \/>\n<meta property=\"og:locale\" content=\"it_IT\" \/>\n<meta property=\"og:type\" content=\"article\" \/>\n<meta property=\"og:title\" content=\"P\u0159\u00eddavn\u00fd dr\u017e\u00e1k z\u00e1va\u017e\u00ed - Mikrobagry.cz\" \/>\n<meta property=\"og:description\" content=\"Pokud m\u00e1te stroj vybaven\u00fd nap\u0159. hydraulicky v\u00fdsuvn\u00fdm ramenem, je bezpodm\u00edne\u010dn\u011b nutn\u00e9 m\u00edt namontov\u00e1n dr\u017e\u00e1k z\u00e1va\u017e\u00ed se 7ks z\u00e1va\u017e\u00edmi po 20kg (140 kg).\" \/>\n<meta property=\"og:url\" content=\"https:\/\/mikrobagry.cz\/it\/obchod\/pridavny-drzak-zavazi\/\" \/>\n<meta property=\"og:site_name\" content=\"Mikrobagry.cz\" \/>\n<meta property=\"article:publisher\" content=\"https:\/\/www.facebook.com\/Mikrobagry.cz\/\" \/>\n<meta property=\"article:modified_time\" content=\"2026-01-04T20:57:02+00:00\" \/>\n<meta property=\"og:image\" content=\"https:\/\/mikrobagry.cz\/wp-content\/uploads\/2019\/07\/support-contre-poids2-1000X758.jpg\" \/>\n\t<meta property=\"og:image:width\" content=\"1000\" \/>\n\t<meta property=\"og:image:height\" content=\"758\" \/>\n\t<meta property=\"og:image:type\" content=\"image\/jpeg\" \/>\n<meta name=\"twitter:card\" content=\"summary_large_image\" \/>\n<meta name=\"twitter:label1\" content=\"Tempo di lettura stimato\" \/>\n\t<meta name=\"twitter:data1\" content=\"1 minuto\" \/>\n<script type=\"application\/ld+json\" class=\"yoast-schema-graph\">{\"@context\":\"https:\/\/schema.org\",\"@graph\":[{\"@type\":\"WebPage\",\"@id\":\"https:\/\/mikrobagry.cz\/obchod\/pridavny-drzak-zavazi\/\",\"url\":\"https:\/\/mikrobagry.cz\/obchod\/pridavny-drzak-zavazi\/\",\"name\":\"P\u0159\u00eddavn\u00fd dr\u017e\u00e1k z\u00e1va\u017e\u00ed - Mikrobagry.cz\",\"isPartOf\":{\"@id\":\"https:\/\/mikrobagry.cz\/#website\"},\"primaryImageOfPage\":{\"@id\":\"https:\/\/mikrobagry.cz\/obchod\/pridavny-drzak-zavazi\/#primaryimage\"},\"image\":{\"@id\":\"https:\/\/mikrobagry.cz\/obchod\/pridavny-drzak-zavazi\/#primaryimage\"},\"thumbnailUrl\":\"https:\/\/mikrobagry.cz\/wp-content\/uploads\/2019\/07\/support-contre-poids2-1000X758.jpg\",\"datePublished\":\"2019-07-28T12:19:59+00:00\",\"dateModified\":\"2026-01-04T20:57:02+00:00\",\"breadcrumb\":{\"@id\":\"https:\/\/mikrobagry.cz\/obchod\/pridavny-drzak-zavazi\/#breadcrumb\"},\"inLanguage\":\"it-IT\",\"potentialAction\":[{\"@type\":\"ReadAction\",\"target\":[\"https:\/\/mikrobagry.cz\/obchod\/pridavny-drzak-zavazi\/\"]}]},{\"@type\":\"ImageObject\",\"inLanguage\":\"it-IT\",\"@id\":\"https:\/\/mikrobagry.cz\/obchod\/pridavny-drzak-zavazi\/#primaryimage\",\"url\":\"https:\/\/mikrobagry.cz\/wp-content\/uploads\/2019\/07\/support-contre-poids2-1000X758.jpg\",\"contentUrl\":\"https:\/\/mikrobagry.cz\/wp-content\/uploads\/2019\/07\/support-contre-poids2-1000X758.jpg\",\"width\":1000,\"height\":758},{\"@type\":\"BreadcrumbList\",\"@id\":\"https:\/\/mikrobagry.cz\/obchod\/pridavny-drzak-zavazi\/#breadcrumb\",\"itemListElement\":[{\"@type\":\"ListItem\",\"position\":1,\"name\":\"Dom\u016f\",\"item\":\"https:\/\/mikrobagry.cz\/\"},{\"@type\":\"ListItem\",\"position\":2,\"name\":\"Produkty\",\"item\":\"https:\/\/mikrobagry.cz\/shop\/\"},{\"@type\":\"ListItem\",\"position\":3,\"name\":\"P\u0159\u00eddavn\u00fd dr\u017e\u00e1k z\u00e1va\u017e\u00ed\"}]},{\"@type\":\"WebSite\",\"@id\":\"https:\/\/mikrobagry.cz\/#website\",\"url\":\"https:\/\/mikrobagry.cz\/\",\"name\":\"Mikrobagry.cz\",\"description\":\"Dal\u0161\u00ed web pou\u017e\u00edvaj\u00edc\u00ed WordPress\",\"potentialAction\":[{\"@type\":\"SearchAction\",\"target\":{\"@type\":\"EntryPoint\",\"urlTemplate\":\"https:\/\/mikrobagry.cz\/?s={search_term_string}\"},\"query-input\":{\"@type\":\"PropertyValueSpecification\",\"valueRequired\":true,\"valueName\":\"search_term_string\"}}],\"inLanguage\":\"it-IT\"}]}<\/script>\n<!-- \/ Yoast SEO plugin. -->","yoast_head_json":{"title":"P\u0159\u00eddavn\u00fd dr\u017e\u00e1k z\u00e1va\u017e\u00ed - Mikrobagry.cz","robots":{"index":"index","follow":"follow","max-snippet":"max-snippet:-1","max-image-preview":"max-image-preview:large","max-video-preview":"max-video-preview:-1"},"canonical":"https:\/\/mikrobagry.cz\/it\/obchod\/pridavny-drzak-zavazi\/","og_locale":"it_IT","og_type":"article","og_title":"P\u0159\u00eddavn\u00fd dr\u017e\u00e1k z\u00e1va\u017e\u00ed - Mikrobagry.cz","og_description":"Pokud m\u00e1te stroj vybaven\u00fd nap\u0159. hydraulicky v\u00fdsuvn\u00fdm ramenem, je bezpodm\u00edne\u010dn\u011b nutn\u00e9 m\u00edt namontov\u00e1n dr\u017e\u00e1k z\u00e1va\u017e\u00ed se 7ks z\u00e1va\u017e\u00edmi po 20kg (140 kg).","og_url":"https:\/\/mikrobagry.cz\/it\/obchod\/pridavny-drzak-zavazi\/","og_site_name":"Mikrobagry.cz","article_publisher":"https:\/\/www.facebook.com\/Mikrobagry.cz\/","article_modified_time":"2026-01-04T20:57:02+00:00","og_image":[{"width":1000,"height":758,"url":"https:\/\/mikrobagry.cz\/wp-content\/uploads\/2019\/07\/support-contre-poids2-1000X758.jpg","type":"image\/jpeg"}],"twitter_card":"summary_large_image","twitter_misc":{"Tempo di lettura stimato":"1 minuto"},"schema":{"@context":"https:\/\/schema.org","@graph":[{"@type":"WebPage","@id":"https:\/\/mikrobagry.cz\/obchod\/pridavny-drzak-zavazi\/","url":"https:\/\/mikrobagry.cz\/obchod\/pridavny-drzak-zavazi\/","name":"P\u0159\u00eddavn\u00fd dr\u017e\u00e1k z\u00e1va\u017e\u00ed - Mikrobagry.cz","isPartOf":{"@id":"https:\/\/mikrobagry.cz\/#website"},"primaryImageOfPage":{"@id":"https:\/\/mikrobagry.cz\/obchod\/pridavny-drzak-zavazi\/#primaryimage"},"image":{"@id":"https:\/\/mikrobagry.cz\/obchod\/pridavny-drzak-zavazi\/#primaryimage"},"thumbnailUrl":"https:\/\/mikrobagry.cz\/wp-content\/uploads\/2019\/07\/support-contre-poids2-1000X758.jpg","datePublished":"2019-07-28T12:19:59+00:00","dateModified":"2026-01-04T20:57:02+00:00","breadcrumb":{"@id":"https:\/\/mikrobagry.cz\/obchod\/pridavny-drzak-zavazi\/#breadcrumb"},"inLanguage":"it-IT","potentialAction":[{"@type":"ReadAction","target":["https:\/\/mikrobagry.cz\/obchod\/pridavny-drzak-zavazi\/"]}]},{"@type":"ImageObject","inLanguage":"it-IT","@id":"https:\/\/mikrobagry.cz\/obchod\/pridavny-drzak-zavazi\/#primaryimage","url":"https:\/\/mikrobagry.cz\/wp-content\/uploads\/2019\/07\/support-contre-poids2-1000X758.jpg","contentUrl":"https:\/\/mikrobagry.cz\/wp-content\/uploads\/2019\/07\/support-contre-poids2-1000X758.jpg","width":1000,"height":758},{"@type":"BreadcrumbList","@id":"https:\/\/mikrobagry.cz\/obchod\/pridavny-drzak-zavazi\/#breadcrumb","itemListElement":[{"@type":"ListItem","position":1,"name":"Dom\u016f","item":"https:\/\/mikrobagry.cz\/"},{"@type":"ListItem","position":2,"name":"Produkty","item":"https:\/\/mikrobagry.cz\/shop\/"},{"@type":"ListItem","position":3,"name":"P\u0159\u00eddavn\u00fd dr\u017e\u00e1k z\u00e1va\u017e\u00ed"}]},{"@type":"WebSite","@id":"https:\/\/mikrobagry.cz\/#website","url":"https:\/\/mikrobagry.cz\/","name":"Mikrobagry.cz","description":"Dal\u0161\u00ed web pou\u017e\u00edvaj\u00edc\u00ed WordPress","potentialAction":[{"@type":"SearchAction","target":{"@type":"EntryPoint","urlTemplate":"https:\/\/mikrobagry.cz\/?s={search_term_string}"},"query-input":{"@type":"PropertyValueSpecification","valueRequired":true,"valueName":"search_term_string"}}],"inLanguage":"it-IT"}]}},"_links":{"self":[{"href":"https:\/\/mikrobagry.cz\/it\/wp-json\/wp\/v2\/product\/2894","targetHints":{"allow":["GET"]}}],"collection":[{"href":"https:\/\/mikrobagry.cz\/it\/wp-json\/wp\/v2\/product"}],"about":[{"href":"https:\/\/mikrobagry.cz\/it\/wp-json\/wp\/v2\/types\/product"}],"replies":[{"embeddable":true,"href":"https:\/\/mikrobagry.cz\/it\/wp-json\/wp\/v2\/comments?post=2894"}],"wp:featuredmedia":[{"embeddable":true,"href":"https:\/\/mikrobagry.cz\/it\/wp-json\/wp\/v2\/media\/2888"}],"wp:attachment":[{"href":"https:\/\/mikrobagry.cz\/it\/wp-json\/wp\/v2\/media?parent=2894"}],"wp:term":[{"taxonomy":"product_cat","embeddable":true,"href":"https:\/\/mikrobagry.cz\/it\/wp-json\/wp\/v2\/product_cat?post=2894"},{"taxonomy":"product_tag","embeddable":true,"href":"https:\/\/mikrobagry.cz\/it\/wp-json\/wp\/v2\/product_tag?post=2894"}],"curies":[{"name":"wp","href":"https:\/\/api.w.org\/{rel}","templated":true}]}}