{"id":2462,"date":"2018-12-01T21:35:00","date_gmt":"2018-12-01T20:35:00","guid":{"rendered":"http:\/\/mikrobagry.cz\/?post_type=product&#038;p=2462"},"modified":"2025-06-20T09:36:29","modified_gmt":"2025-06-20T07:36:29","slug":"hydr-hadice-o10-max-180-bar","status":"publish","type":"product","link":"https:\/\/mikrobagry.cz\/it\/obchod\/hydr-hadice-o10-max-180-bar\/","title":{"rendered":"Hydr. hadice 2SC &#8211; \u00d810, 330 bar"},"content":{"rendered":"","protected":false},"excerpt":{"rendered":"<p>Cena za 1 metr bez DPH.<\/p>","protected":false},"featured_media":2008,"comment_status":"closed","ping_status":"closed","template":"","meta":{"_acf_changed":false},"product_cat":[100,103,81],"product_tag":[],"class_list":["post-2462","product","type-product","status-publish","has-post-thumbnail","hentry","product_cat-hydraulicke-komponenty","product_cat-hydraulicke-nahradni-dily","product_cat-prislusenstvi"],"acf":[],"yoast_head":"<!-- This site is optimized with the Yoast SEO plugin v25.7 - https:\/\/yoast.com\/wordpress\/plugins\/seo\/ -->\n<title>Hydr. hadice 2SC - \u00d810, 330 bar - Mikrobagry.cz<\/title>\n<meta name=\"robots\" content=\"index, follow, max-snippet:-1, max-image-preview:large, max-video-preview:-1\" \/>\n<link rel=\"canonical\" href=\"https:\/\/mikrobagry.cz\/it\/obchod\/hydr-hadice-o10-max-180-bar\/\" \/>\n<meta property=\"og:locale\" content=\"it_IT\" \/>\n<meta property=\"og:type\" content=\"article\" \/>\n<meta property=\"og:title\" content=\"Hydr. hadice 2SC - \u00d810, 330 bar - Mikrobagry.cz\" \/>\n<meta property=\"og:description\" content=\"Cena za 1 metr bez DPH.\" \/>\n<meta property=\"og:url\" content=\"https:\/\/mikrobagry.cz\/it\/obchod\/hydr-hadice-o10-max-180-bar\/\" \/>\n<meta property=\"og:site_name\" content=\"Mikrobagry.cz\" \/>\n<meta property=\"article:publisher\" content=\"https:\/\/www.facebook.com\/Mikrobagry.cz\/\" \/>\n<meta property=\"article:modified_time\" content=\"2025-06-20T07:36:29+00:00\" \/>\n<meta property=\"og:image\" content=\"https:\/\/mikrobagry.cz\/wp-content\/uploads\/2018\/02\/Hadice-\u00d810.jpg\" \/>\n\t<meta property=\"og:image:width\" content=\"300\" \/>\n\t<meta property=\"og:image:height\" content=\"300\" \/>\n\t<meta property=\"og:image:type\" content=\"image\/jpeg\" \/>\n<meta name=\"twitter:card\" content=\"summary_large_image\" \/>\n<script type=\"application\/ld+json\" class=\"yoast-schema-graph\">{\"@context\":\"https:\/\/schema.org\",\"@graph\":[{\"@type\":\"WebPage\",\"@id\":\"https:\/\/mikrobagry.cz\/obchod\/hydr-hadice-o10-max-180-bar\/\",\"url\":\"https:\/\/mikrobagry.cz\/obchod\/hydr-hadice-o10-max-180-bar\/\",\"name\":\"Hydr. hadice 2SC - \u00d810, 330 bar - Mikrobagry.cz\",\"isPartOf\":{\"@id\":\"https:\/\/mikrobagry.cz\/#website\"},\"primaryImageOfPage\":{\"@id\":\"https:\/\/mikrobagry.cz\/obchod\/hydr-hadice-o10-max-180-bar\/#primaryimage\"},\"image\":{\"@id\":\"https:\/\/mikrobagry.cz\/obchod\/hydr-hadice-o10-max-180-bar\/#primaryimage\"},\"thumbnailUrl\":\"https:\/\/mikrobagry.cz\/wp-content\/uploads\/2018\/02\/Hadice-\u00d810.jpg\",\"datePublished\":\"2018-12-01T20:35:00+00:00\",\"dateModified\":\"2025-06-20T07:36:29+00:00\",\"breadcrumb\":{\"@id\":\"https:\/\/mikrobagry.cz\/obchod\/hydr-hadice-o10-max-180-bar\/#breadcrumb\"},\"inLanguage\":\"it-IT\",\"potentialAction\":[{\"@type\":\"ReadAction\",\"target\":[\"https:\/\/mikrobagry.cz\/obchod\/hydr-hadice-o10-max-180-bar\/\"]}]},{\"@type\":\"ImageObject\",\"inLanguage\":\"it-IT\",\"@id\":\"https:\/\/mikrobagry.cz\/obchod\/hydr-hadice-o10-max-180-bar\/#primaryimage\",\"url\":\"https:\/\/mikrobagry.cz\/wp-content\/uploads\/2018\/02\/Hadice-\u00d810.jpg\",\"contentUrl\":\"https:\/\/mikrobagry.cz\/wp-content\/uploads\/2018\/02\/Hadice-\u00d810.jpg\",\"width\":300,\"height\":300},{\"@type\":\"BreadcrumbList\",\"@id\":\"https:\/\/mikrobagry.cz\/obchod\/hydr-hadice-o10-max-180-bar\/#breadcrumb\",\"itemListElement\":[{\"@type\":\"ListItem\",\"position\":1,\"name\":\"Dom\u016f\",\"item\":\"https:\/\/mikrobagry.cz\/\"},{\"@type\":\"ListItem\",\"position\":2,\"name\":\"Produkty\",\"item\":\"https:\/\/mikrobagry.cz\/shop\/\"},{\"@type\":\"ListItem\",\"position\":3,\"name\":\"Hydr. hadice-\u00d810, max 180 bar\"}]},{\"@type\":\"WebSite\",\"@id\":\"https:\/\/mikrobagry.cz\/#website\",\"url\":\"https:\/\/mikrobagry.cz\/\",\"name\":\"Mikrobagry.cz\",\"description\":\"Dal\u0161\u00ed web pou\u017e\u00edvaj\u00edc\u00ed WordPress\",\"potentialAction\":[{\"@type\":\"SearchAction\",\"target\":{\"@type\":\"EntryPoint\",\"urlTemplate\":\"https:\/\/mikrobagry.cz\/?s={search_term_string}\"},\"query-input\":{\"@type\":\"PropertyValueSpecification\",\"valueRequired\":true,\"valueName\":\"search_term_string\"}}],\"inLanguage\":\"it-IT\"}]}<\/script>\n<!-- \/ Yoast SEO plugin. -->","yoast_head_json":{"title":"Hydr. hadice 2SC - \u00d810, 330 bar - Mikrobagry.cz","robots":{"index":"index","follow":"follow","max-snippet":"max-snippet:-1","max-image-preview":"max-image-preview:large","max-video-preview":"max-video-preview:-1"},"canonical":"https:\/\/mikrobagry.cz\/it\/obchod\/hydr-hadice-o10-max-180-bar\/","og_locale":"it_IT","og_type":"article","og_title":"Hydr. hadice 2SC - \u00d810, 330 bar - Mikrobagry.cz","og_description":"Cena za 1 metr bez DPH.","og_url":"https:\/\/mikrobagry.cz\/it\/obchod\/hydr-hadice-o10-max-180-bar\/","og_site_name":"Mikrobagry.cz","article_publisher":"https:\/\/www.facebook.com\/Mikrobagry.cz\/","article_modified_time":"2025-06-20T07:36:29+00:00","og_image":[{"width":300,"height":300,"url":"https:\/\/mikrobagry.cz\/wp-content\/uploads\/2018\/02\/Hadice-\u00d810.jpg","type":"image\/jpeg"}],"twitter_card":"summary_large_image","schema":{"@context":"https:\/\/schema.org","@graph":[{"@type":"WebPage","@id":"https:\/\/mikrobagry.cz\/obchod\/hydr-hadice-o10-max-180-bar\/","url":"https:\/\/mikrobagry.cz\/obchod\/hydr-hadice-o10-max-180-bar\/","name":"Hydr. hadice 2SC - \u00d810, 330 bar - Mikrobagry.cz","isPartOf":{"@id":"https:\/\/mikrobagry.cz\/#website"},"primaryImageOfPage":{"@id":"https:\/\/mikrobagry.cz\/obchod\/hydr-hadice-o10-max-180-bar\/#primaryimage"},"image":{"@id":"https:\/\/mikrobagry.cz\/obchod\/hydr-hadice-o10-max-180-bar\/#primaryimage"},"thumbnailUrl":"https:\/\/mikrobagry.cz\/wp-content\/uploads\/2018\/02\/Hadice-\u00d810.jpg","datePublished":"2018-12-01T20:35:00+00:00","dateModified":"2025-06-20T07:36:29+00:00","breadcrumb":{"@id":"https:\/\/mikrobagry.cz\/obchod\/hydr-hadice-o10-max-180-bar\/#breadcrumb"},"inLanguage":"it-IT","potentialAction":[{"@type":"ReadAction","target":["https:\/\/mikrobagry.cz\/obchod\/hydr-hadice-o10-max-180-bar\/"]}]},{"@type":"ImageObject","inLanguage":"it-IT","@id":"https:\/\/mikrobagry.cz\/obchod\/hydr-hadice-o10-max-180-bar\/#primaryimage","url":"https:\/\/mikrobagry.cz\/wp-content\/uploads\/2018\/02\/Hadice-\u00d810.jpg","contentUrl":"https:\/\/mikrobagry.cz\/wp-content\/uploads\/2018\/02\/Hadice-\u00d810.jpg","width":300,"height":300},{"@type":"BreadcrumbList","@id":"https:\/\/mikrobagry.cz\/obchod\/hydr-hadice-o10-max-180-bar\/#breadcrumb","itemListElement":[{"@type":"ListItem","position":1,"name":"Dom\u016f","item":"https:\/\/mikrobagry.cz\/"},{"@type":"ListItem","position":2,"name":"Produkty","item":"https:\/\/mikrobagry.cz\/shop\/"},{"@type":"ListItem","position":3,"name":"Hydr. hadice-\u00d810, max 180 bar"}]},{"@type":"WebSite","@id":"https:\/\/mikrobagry.cz\/#website","url":"https:\/\/mikrobagry.cz\/","name":"Mikrobagry.cz","description":"Dal\u0161\u00ed web pou\u017e\u00edvaj\u00edc\u00ed WordPress","potentialAction":[{"@type":"SearchAction","target":{"@type":"EntryPoint","urlTemplate":"https:\/\/mikrobagry.cz\/?s={search_term_string}"},"query-input":{"@type":"PropertyValueSpecification","valueRequired":true,"valueName":"search_term_string"}}],"inLanguage":"it-IT"}]}},"_links":{"self":[{"href":"https:\/\/mikrobagry.cz\/it\/wp-json\/wp\/v2\/product\/2462","targetHints":{"allow":["GET"]}}],"collection":[{"href":"https:\/\/mikrobagry.cz\/it\/wp-json\/wp\/v2\/product"}],"about":[{"href":"https:\/\/mikrobagry.cz\/it\/wp-json\/wp\/v2\/types\/product"}],"replies":[{"embeddable":true,"href":"https:\/\/mikrobagry.cz\/it\/wp-json\/wp\/v2\/comments?post=2462"}],"wp:featuredmedia":[{"embeddable":true,"href":"https:\/\/mikrobagry.cz\/it\/wp-json\/wp\/v2\/media\/2008"}],"wp:attachment":[{"href":"https:\/\/mikrobagry.cz\/it\/wp-json\/wp\/v2\/media?parent=2462"}],"wp:term":[{"taxonomy":"product_cat","embeddable":true,"href":"https:\/\/mikrobagry.cz\/it\/wp-json\/wp\/v2\/product_cat?post=2462"},{"taxonomy":"product_tag","embeddable":true,"href":"https:\/\/mikrobagry.cz\/it\/wp-json\/wp\/v2\/product_tag?post=2462"}],"curies":[{"name":"wp","href":"https:\/\/api.w.org\/{rel}","templated":true}]}}