{"id":2446,"date":"2018-12-01T20:22:45","date_gmt":"2018-12-01T19:22:45","guid":{"rendered":"http:\/\/mikrobagry.cz\/?post_type=product&#038;p=2446"},"modified":"2024-02-16T17:40:27","modified_gmt":"2024-02-16T16:40:27","slug":"pist-25-40-c-400-sroub-pro-padak-570mm-20mm","status":"publish","type":"product","link":"https:\/\/mikrobagry.cz\/it\/obchod\/pist-25-40-c-400-sroub-pro-padak-570mm-20mm\/","title":{"rendered":"P\u00edst 25\/40 c 400 570mm\/20mm"},"content":{"rendered":"","protected":false},"excerpt":{"rendered":"<p>Cena uvedena bez DPH.<\/p>","protected":false},"featured_media":2066,"comment_status":"closed","ping_status":"closed","template":"","meta":{"_acf_changed":false},"product_cat":[101,81],"product_tag":[],"class_list":["post-2446","product","type-product","status-publish","has-post-thumbnail","hentry","product_cat-pisty","product_cat-prislusenstvi"],"acf":[],"yoast_head":"<!-- This site is optimized with the Yoast SEO plugin v25.7 - https:\/\/yoast.com\/wordpress\/plugins\/seo\/ -->\n<title>P\u00edst 25\/40 c 400 570mm\/20mm - Mikrobagry.cz<\/title>\n<meta name=\"robots\" content=\"index, follow, max-snippet:-1, max-image-preview:large, max-video-preview:-1\" \/>\n<link rel=\"canonical\" href=\"https:\/\/mikrobagry.cz\/it\/obchod\/pist-25-40-c-400-sroub-pro-padak-570mm-20mm\/\" \/>\n<meta property=\"og:locale\" content=\"it_IT\" \/>\n<meta property=\"og:type\" content=\"article\" \/>\n<meta property=\"og:title\" content=\"P\u00edst 25\/40 c 400 570mm\/20mm - Mikrobagry.cz\" \/>\n<meta property=\"og:description\" content=\"Cena uvedena bez DPH.\" \/>\n<meta property=\"og:url\" content=\"https:\/\/mikrobagry.cz\/it\/obchod\/pist-25-40-c-400-sroub-pro-padak-570mm-20mm\/\" \/>\n<meta property=\"og:site_name\" content=\"Mikrobagry.cz\" \/>\n<meta property=\"article:publisher\" content=\"https:\/\/www.facebook.com\/Mikrobagry.cz\/\" \/>\n<meta property=\"article:modified_time\" content=\"2024-02-16T16:40:27+00:00\" \/>\n<meta property=\"og:image\" content=\"https:\/\/mikrobagry.cz\/wp-content\/uploads\/2018\/02\/P\u00edst-25-40-c-400-\u0160roub-pro-pad\u00e1k-570mm-20mm.jpg\" \/>\n\t<meta property=\"og:image:width\" content=\"300\" \/>\n\t<meta property=\"og:image:height\" content=\"300\" \/>\n\t<meta property=\"og:image:type\" content=\"image\/jpeg\" \/>\n<meta name=\"twitter:card\" content=\"summary_large_image\" \/>\n<script type=\"application\/ld+json\" class=\"yoast-schema-graph\">{\"@context\":\"https:\/\/schema.org\",\"@graph\":[{\"@type\":\"WebPage\",\"@id\":\"https:\/\/mikrobagry.cz\/obchod\/pist-25-40-c-400-sroub-pro-padak-570mm-20mm\/\",\"url\":\"https:\/\/mikrobagry.cz\/obchod\/pist-25-40-c-400-sroub-pro-padak-570mm-20mm\/\",\"name\":\"P\u00edst 25\/40 c 400 570mm\/20mm - Mikrobagry.cz\",\"isPartOf\":{\"@id\":\"https:\/\/mikrobagry.cz\/#website\"},\"primaryImageOfPage\":{\"@id\":\"https:\/\/mikrobagry.cz\/obchod\/pist-25-40-c-400-sroub-pro-padak-570mm-20mm\/#primaryimage\"},\"image\":{\"@id\":\"https:\/\/mikrobagry.cz\/obchod\/pist-25-40-c-400-sroub-pro-padak-570mm-20mm\/#primaryimage\"},\"thumbnailUrl\":\"https:\/\/mikrobagry.cz\/wp-content\/uploads\/2018\/02\/P\u00edst-25-40-c-400-\u0160roub-pro-pad\u00e1k-570mm-20mm.jpg\",\"datePublished\":\"2018-12-01T19:22:45+00:00\",\"dateModified\":\"2024-02-16T16:40:27+00:00\",\"breadcrumb\":{\"@id\":\"https:\/\/mikrobagry.cz\/obchod\/pist-25-40-c-400-sroub-pro-padak-570mm-20mm\/#breadcrumb\"},\"inLanguage\":\"it-IT\",\"potentialAction\":[{\"@type\":\"ReadAction\",\"target\":[\"https:\/\/mikrobagry.cz\/obchod\/pist-25-40-c-400-sroub-pro-padak-570mm-20mm\/\"]}]},{\"@type\":\"ImageObject\",\"inLanguage\":\"it-IT\",\"@id\":\"https:\/\/mikrobagry.cz\/obchod\/pist-25-40-c-400-sroub-pro-padak-570mm-20mm\/#primaryimage\",\"url\":\"https:\/\/mikrobagry.cz\/wp-content\/uploads\/2018\/02\/P\u00edst-25-40-c-400-\u0160roub-pro-pad\u00e1k-570mm-20mm.jpg\",\"contentUrl\":\"https:\/\/mikrobagry.cz\/wp-content\/uploads\/2018\/02\/P\u00edst-25-40-c-400-\u0160roub-pro-pad\u00e1k-570mm-20mm.jpg\",\"width\":300,\"height\":300},{\"@type\":\"BreadcrumbList\",\"@id\":\"https:\/\/mikrobagry.cz\/obchod\/pist-25-40-c-400-sroub-pro-padak-570mm-20mm\/#breadcrumb\",\"itemListElement\":[{\"@type\":\"ListItem\",\"position\":1,\"name\":\"Dom\u016f\",\"item\":\"https:\/\/mikrobagry.cz\/\"},{\"@type\":\"ListItem\",\"position\":2,\"name\":\"Produkty\",\"item\":\"https:\/\/mikrobagry.cz\/shop\/\"},{\"@type\":\"ListItem\",\"position\":3,\"name\":\"P\u00edst 25\/40 c 400 570mm\/20mm\"}]},{\"@type\":\"WebSite\",\"@id\":\"https:\/\/mikrobagry.cz\/#website\",\"url\":\"https:\/\/mikrobagry.cz\/\",\"name\":\"Mikrobagry.cz\",\"description\":\"Dal\u0161\u00ed web pou\u017e\u00edvaj\u00edc\u00ed WordPress\",\"potentialAction\":[{\"@type\":\"SearchAction\",\"target\":{\"@type\":\"EntryPoint\",\"urlTemplate\":\"https:\/\/mikrobagry.cz\/?s={search_term_string}\"},\"query-input\":{\"@type\":\"PropertyValueSpecification\",\"valueRequired\":true,\"valueName\":\"search_term_string\"}}],\"inLanguage\":\"it-IT\"}]}<\/script>\n<!-- \/ Yoast SEO plugin. -->","yoast_head_json":{"title":"P\u00edst 25\/40 c 400 570mm\/20mm - Mikrobagry.cz","robots":{"index":"index","follow":"follow","max-snippet":"max-snippet:-1","max-image-preview":"max-image-preview:large","max-video-preview":"max-video-preview:-1"},"canonical":"https:\/\/mikrobagry.cz\/it\/obchod\/pist-25-40-c-400-sroub-pro-padak-570mm-20mm\/","og_locale":"it_IT","og_type":"article","og_title":"P\u00edst 25\/40 c 400 570mm\/20mm - Mikrobagry.cz","og_description":"Cena uvedena bez DPH.","og_url":"https:\/\/mikrobagry.cz\/it\/obchod\/pist-25-40-c-400-sroub-pro-padak-570mm-20mm\/","og_site_name":"Mikrobagry.cz","article_publisher":"https:\/\/www.facebook.com\/Mikrobagry.cz\/","article_modified_time":"2024-02-16T16:40:27+00:00","og_image":[{"width":300,"height":300,"url":"https:\/\/mikrobagry.cz\/wp-content\/uploads\/2018\/02\/P\u00edst-25-40-c-400-\u0160roub-pro-pad\u00e1k-570mm-20mm.jpg","type":"image\/jpeg"}],"twitter_card":"summary_large_image","schema":{"@context":"https:\/\/schema.org","@graph":[{"@type":"WebPage","@id":"https:\/\/mikrobagry.cz\/obchod\/pist-25-40-c-400-sroub-pro-padak-570mm-20mm\/","url":"https:\/\/mikrobagry.cz\/obchod\/pist-25-40-c-400-sroub-pro-padak-570mm-20mm\/","name":"P\u00edst 25\/40 c 400 570mm\/20mm - Mikrobagry.cz","isPartOf":{"@id":"https:\/\/mikrobagry.cz\/#website"},"primaryImageOfPage":{"@id":"https:\/\/mikrobagry.cz\/obchod\/pist-25-40-c-400-sroub-pro-padak-570mm-20mm\/#primaryimage"},"image":{"@id":"https:\/\/mikrobagry.cz\/obchod\/pist-25-40-c-400-sroub-pro-padak-570mm-20mm\/#primaryimage"},"thumbnailUrl":"https:\/\/mikrobagry.cz\/wp-content\/uploads\/2018\/02\/P\u00edst-25-40-c-400-\u0160roub-pro-pad\u00e1k-570mm-20mm.jpg","datePublished":"2018-12-01T19:22:45+00:00","dateModified":"2024-02-16T16:40:27+00:00","breadcrumb":{"@id":"https:\/\/mikrobagry.cz\/obchod\/pist-25-40-c-400-sroub-pro-padak-570mm-20mm\/#breadcrumb"},"inLanguage":"it-IT","potentialAction":[{"@type":"ReadAction","target":["https:\/\/mikrobagry.cz\/obchod\/pist-25-40-c-400-sroub-pro-padak-570mm-20mm\/"]}]},{"@type":"ImageObject","inLanguage":"it-IT","@id":"https:\/\/mikrobagry.cz\/obchod\/pist-25-40-c-400-sroub-pro-padak-570mm-20mm\/#primaryimage","url":"https:\/\/mikrobagry.cz\/wp-content\/uploads\/2018\/02\/P\u00edst-25-40-c-400-\u0160roub-pro-pad\u00e1k-570mm-20mm.jpg","contentUrl":"https:\/\/mikrobagry.cz\/wp-content\/uploads\/2018\/02\/P\u00edst-25-40-c-400-\u0160roub-pro-pad\u00e1k-570mm-20mm.jpg","width":300,"height":300},{"@type":"BreadcrumbList","@id":"https:\/\/mikrobagry.cz\/obchod\/pist-25-40-c-400-sroub-pro-padak-570mm-20mm\/#breadcrumb","itemListElement":[{"@type":"ListItem","position":1,"name":"Dom\u016f","item":"https:\/\/mikrobagry.cz\/"},{"@type":"ListItem","position":2,"name":"Produkty","item":"https:\/\/mikrobagry.cz\/shop\/"},{"@type":"ListItem","position":3,"name":"P\u00edst 25\/40 c 400 570mm\/20mm"}]},{"@type":"WebSite","@id":"https:\/\/mikrobagry.cz\/#website","url":"https:\/\/mikrobagry.cz\/","name":"Mikrobagry.cz","description":"Dal\u0161\u00ed web pou\u017e\u00edvaj\u00edc\u00ed WordPress","potentialAction":[{"@type":"SearchAction","target":{"@type":"EntryPoint","urlTemplate":"https:\/\/mikrobagry.cz\/?s={search_term_string}"},"query-input":{"@type":"PropertyValueSpecification","valueRequired":true,"valueName":"search_term_string"}}],"inLanguage":"it-IT"}]}},"_links":{"self":[{"href":"https:\/\/mikrobagry.cz\/it\/wp-json\/wp\/v2\/product\/2446","targetHints":{"allow":["GET"]}}],"collection":[{"href":"https:\/\/mikrobagry.cz\/it\/wp-json\/wp\/v2\/product"}],"about":[{"href":"https:\/\/mikrobagry.cz\/it\/wp-json\/wp\/v2\/types\/product"}],"replies":[{"embeddable":true,"href":"https:\/\/mikrobagry.cz\/it\/wp-json\/wp\/v2\/comments?post=2446"}],"wp:featuredmedia":[{"embeddable":true,"href":"https:\/\/mikrobagry.cz\/it\/wp-json\/wp\/v2\/media\/2066"}],"wp:attachment":[{"href":"https:\/\/mikrobagry.cz\/it\/wp-json\/wp\/v2\/media?parent=2446"}],"wp:term":[{"taxonomy":"product_cat","embeddable":true,"href":"https:\/\/mikrobagry.cz\/it\/wp-json\/wp\/v2\/product_cat?post=2446"},{"taxonomy":"product_tag","embeddable":true,"href":"https:\/\/mikrobagry.cz\/it\/wp-json\/wp\/v2\/product_tag?post=2446"}],"curies":[{"name":"wp","href":"https:\/\/api.w.org\/{rel}","templated":true}]}}