{"id":7767,"date":"2025-06-29T22:15:02","date_gmt":"2025-06-29T20:15:02","guid":{"rendered":"https:\/\/mikrobagry.cz\/?post_type=product&#038;p=7767"},"modified":"2025-06-30T07:29:44","modified_gmt":"2025-06-30T05:29:44","slug":"zakryvaci-plachta-velka","status":"publish","type":"product","link":"https:\/\/mikrobagry.cz\/fr\/obchod\/zakryvaci-plachta-velka\/","title":{"rendered":"Zakr\u00fdvac\u00ed plachta &#8222;Velk\u00e1&#8220;"},"content":{"rendered":"","protected":false},"excerpt":{"rendered":"<p>Kvalitn\u00ed plachta, kterou na stavb\u011b jen tak neprotrhnete. \u0160it\u00e9 na m\u00edru stroje. I bez plachty stroj m\u016f\u017ee st\u00e1t na de\u0161ti a bude fungovat, ale komu by to nebylo l\u00edto, \u017ee? \ud83d\ude42<\/p>","protected":false},"featured_media":7762,"comment_status":"closed","ping_status":"closed","template":"","meta":{"_acf_changed":false},"product_cat":[88,81],"product_tag":[],"class_list":["post-7767","product","type-product","status-publish","has-post-thumbnail","hentry","product_cat-vybava","product_cat-prislusenstvi"],"acf":[],"yoast_head":"<!-- This site is optimized with the Yoast SEO plugin v25.7 - https:\/\/yoast.com\/wordpress\/plugins\/seo\/ -->\n<title>Zakr\u00fdvac\u00ed plachta &quot;Velk\u00e1&quot; - Mikrobagry.cz<\/title>\n<meta name=\"robots\" content=\"index, follow, max-snippet:-1, max-image-preview:large, max-video-preview:-1\" \/>\n<link rel=\"canonical\" href=\"https:\/\/mikrobagry.cz\/fr\/obchod\/zakryvaci-plachta-velka\/\" \/>\n<meta property=\"og:locale\" content=\"fr_FR\" \/>\n<meta property=\"og:type\" content=\"article\" \/>\n<meta property=\"og:title\" content=\"Zakr\u00fdvac\u00ed plachta &quot;Velk\u00e1&quot; - Mikrobagry.cz\" \/>\n<meta property=\"og:description\" content=\"Kvalitn\u00ed plachta, kterou na stavb\u011b jen tak neprotrhnete. \u0160it\u00e9 na m\u00edru stroje. I bez plachty stroj m\u016f\u017ee st\u00e1t na de\u0161ti a bude fungovat, ale komu by to nebylo l\u00edto, \u017ee? :)\" \/>\n<meta property=\"og:url\" content=\"https:\/\/mikrobagry.cz\/fr\/obchod\/zakryvaci-plachta-velka\/\" \/>\n<meta property=\"og:site_name\" content=\"Mikrobagry.cz\" \/>\n<meta property=\"article:publisher\" content=\"https:\/\/www.facebook.com\/Mikrobagry.cz\/\" \/>\n<meta property=\"article:modified_time\" content=\"2025-06-30T05:29:44+00:00\" \/>\n<meta property=\"og:image\" content=\"https:\/\/mikrobagry.cz\/wp-content\/uploads\/2025\/06\/IMG_9789.jpg\" \/>\n\t<meta property=\"og:image:width\" content=\"800\" \/>\n\t<meta property=\"og:image:height\" content=\"600\" \/>\n\t<meta property=\"og:image:type\" content=\"image\/jpeg\" \/>\n<meta name=\"twitter:card\" content=\"summary_large_image\" \/>\n<meta name=\"twitter:label1\" content=\"Dur\u00e9e de lecture estim\u00e9e\" \/>\n\t<meta name=\"twitter:data1\" content=\"1 minute\" \/>\n<script type=\"application\/ld+json\" class=\"yoast-schema-graph\">{\"@context\":\"https:\/\/schema.org\",\"@graph\":[{\"@type\":\"WebPage\",\"@id\":\"https:\/\/mikrobagry.cz\/fr\/obchod\/zakryvaci-plachta-velka\/\",\"url\":\"https:\/\/mikrobagry.cz\/fr\/obchod\/zakryvaci-plachta-velka\/\",\"name\":\"Zakr\u00fdvac\u00ed plachta \\\"Velk\u00e1\\\" - Mikrobagry.cz\",\"isPartOf\":{\"@id\":\"https:\/\/mikrobagry.cz\/#website\"},\"primaryImageOfPage\":{\"@id\":\"https:\/\/mikrobagry.cz\/fr\/obchod\/zakryvaci-plachta-velka\/#primaryimage\"},\"image\":{\"@id\":\"https:\/\/mikrobagry.cz\/fr\/obchod\/zakryvaci-plachta-velka\/#primaryimage\"},\"thumbnailUrl\":\"https:\/\/mikrobagry.cz\/wp-content\/uploads\/2025\/06\/IMG_9789.jpg\",\"datePublished\":\"2025-06-29T20:15:02+00:00\",\"dateModified\":\"2025-06-30T05:29:44+00:00\",\"breadcrumb\":{\"@id\":\"https:\/\/mikrobagry.cz\/fr\/obchod\/zakryvaci-plachta-velka\/#breadcrumb\"},\"inLanguage\":\"fr-FR\",\"potentialAction\":[{\"@type\":\"ReadAction\",\"target\":[\"https:\/\/mikrobagry.cz\/fr\/obchod\/zakryvaci-plachta-velka\/\"]}]},{\"@type\":\"ImageObject\",\"inLanguage\":\"fr-FR\",\"@id\":\"https:\/\/mikrobagry.cz\/fr\/obchod\/zakryvaci-plachta-velka\/#primaryimage\",\"url\":\"https:\/\/mikrobagry.cz\/wp-content\/uploads\/2025\/06\/IMG_9789.jpg\",\"contentUrl\":\"https:\/\/mikrobagry.cz\/wp-content\/uploads\/2025\/06\/IMG_9789.jpg\",\"width\":800,\"height\":600},{\"@type\":\"BreadcrumbList\",\"@id\":\"https:\/\/mikrobagry.cz\/fr\/obchod\/zakryvaci-plachta-velka\/#breadcrumb\",\"itemListElement\":[{\"@type\":\"ListItem\",\"position\":1,\"name\":\"Dom\u016f\",\"item\":\"https:\/\/mikrobagry.cz\/\"},{\"@type\":\"ListItem\",\"position\":2,\"name\":\"Produkty\",\"item\":\"https:\/\/mikrobagry.cz\/shop\/\"},{\"@type\":\"ListItem\",\"position\":3,\"name\":\"Zakr\u00fdvac\u00ed plachta &#8222;Velk\u00e1&#8220;\"}]},{\"@type\":\"WebSite\",\"@id\":\"https:\/\/mikrobagry.cz\/#website\",\"url\":\"https:\/\/mikrobagry.cz\/\",\"name\":\"Mikrobagry.cz\",\"description\":\"Dal\u0161\u00ed web pou\u017e\u00edvaj\u00edc\u00ed WordPress\",\"potentialAction\":[{\"@type\":\"SearchAction\",\"target\":{\"@type\":\"EntryPoint\",\"urlTemplate\":\"https:\/\/mikrobagry.cz\/?s={search_term_string}\"},\"query-input\":{\"@type\":\"PropertyValueSpecification\",\"valueRequired\":true,\"valueName\":\"search_term_string\"}}],\"inLanguage\":\"fr-FR\"}]}<\/script>\n<!-- \/ Yoast SEO plugin. -->","yoast_head_json":{"title":"Zakr\u00fdvac\u00ed plachta \"Velk\u00e1\" - Mikrobagry.cz","robots":{"index":"index","follow":"follow","max-snippet":"max-snippet:-1","max-image-preview":"max-image-preview:large","max-video-preview":"max-video-preview:-1"},"canonical":"https:\/\/mikrobagry.cz\/fr\/obchod\/zakryvaci-plachta-velka\/","og_locale":"fr_FR","og_type":"article","og_title":"Zakr\u00fdvac\u00ed plachta \"Velk\u00e1\" - Mikrobagry.cz","og_description":"Kvalitn\u00ed plachta, kterou na stavb\u011b jen tak neprotrhnete. \u0160it\u00e9 na m\u00edru stroje. I bez plachty stroj m\u016f\u017ee st\u00e1t na de\u0161ti a bude fungovat, ale komu by to nebylo l\u00edto, \u017ee? :)","og_url":"https:\/\/mikrobagry.cz\/fr\/obchod\/zakryvaci-plachta-velka\/","og_site_name":"Mikrobagry.cz","article_publisher":"https:\/\/www.facebook.com\/Mikrobagry.cz\/","article_modified_time":"2025-06-30T05:29:44+00:00","og_image":[{"width":800,"height":600,"url":"https:\/\/mikrobagry.cz\/wp-content\/uploads\/2025\/06\/IMG_9789.jpg","type":"image\/jpeg"}],"twitter_card":"summary_large_image","twitter_misc":{"Dur\u00e9e de lecture estim\u00e9e":"1 minute"},"schema":{"@context":"https:\/\/schema.org","@graph":[{"@type":"WebPage","@id":"https:\/\/mikrobagry.cz\/fr\/obchod\/zakryvaci-plachta-velka\/","url":"https:\/\/mikrobagry.cz\/fr\/obchod\/zakryvaci-plachta-velka\/","name":"Zakr\u00fdvac\u00ed plachta \"Velk\u00e1\" - Mikrobagry.cz","isPartOf":{"@id":"https:\/\/mikrobagry.cz\/#website"},"primaryImageOfPage":{"@id":"https:\/\/mikrobagry.cz\/fr\/obchod\/zakryvaci-plachta-velka\/#primaryimage"},"image":{"@id":"https:\/\/mikrobagry.cz\/fr\/obchod\/zakryvaci-plachta-velka\/#primaryimage"},"thumbnailUrl":"https:\/\/mikrobagry.cz\/wp-content\/uploads\/2025\/06\/IMG_9789.jpg","datePublished":"2025-06-29T20:15:02+00:00","dateModified":"2025-06-30T05:29:44+00:00","breadcrumb":{"@id":"https:\/\/mikrobagry.cz\/fr\/obchod\/zakryvaci-plachta-velka\/#breadcrumb"},"inLanguage":"fr-FR","potentialAction":[{"@type":"ReadAction","target":["https:\/\/mikrobagry.cz\/fr\/obchod\/zakryvaci-plachta-velka\/"]}]},{"@type":"ImageObject","inLanguage":"fr-FR","@id":"https:\/\/mikrobagry.cz\/fr\/obchod\/zakryvaci-plachta-velka\/#primaryimage","url":"https:\/\/mikrobagry.cz\/wp-content\/uploads\/2025\/06\/IMG_9789.jpg","contentUrl":"https:\/\/mikrobagry.cz\/wp-content\/uploads\/2025\/06\/IMG_9789.jpg","width":800,"height":600},{"@type":"BreadcrumbList","@id":"https:\/\/mikrobagry.cz\/fr\/obchod\/zakryvaci-plachta-velka\/#breadcrumb","itemListElement":[{"@type":"ListItem","position":1,"name":"Dom\u016f","item":"https:\/\/mikrobagry.cz\/"},{"@type":"ListItem","position":2,"name":"Produkty","item":"https:\/\/mikrobagry.cz\/shop\/"},{"@type":"ListItem","position":3,"name":"Zakr\u00fdvac\u00ed plachta &#8222;Velk\u00e1&#8220;"}]},{"@type":"WebSite","@id":"https:\/\/mikrobagry.cz\/#website","url":"https:\/\/mikrobagry.cz\/","name":"Mikrobagry.cz","description":"Dal\u0161\u00ed web pou\u017e\u00edvaj\u00edc\u00ed WordPress","potentialAction":[{"@type":"SearchAction","target":{"@type":"EntryPoint","urlTemplate":"https:\/\/mikrobagry.cz\/?s={search_term_string}"},"query-input":{"@type":"PropertyValueSpecification","valueRequired":true,"valueName":"search_term_string"}}],"inLanguage":"fr-FR"}]}},"_links":{"self":[{"href":"https:\/\/mikrobagry.cz\/fr\/wp-json\/wp\/v2\/product\/7767","targetHints":{"allow":["GET"]}}],"collection":[{"href":"https:\/\/mikrobagry.cz\/fr\/wp-json\/wp\/v2\/product"}],"about":[{"href":"https:\/\/mikrobagry.cz\/fr\/wp-json\/wp\/v2\/types\/product"}],"replies":[{"embeddable":true,"href":"https:\/\/mikrobagry.cz\/fr\/wp-json\/wp\/v2\/comments?post=7767"}],"wp:featuredmedia":[{"embeddable":true,"href":"https:\/\/mikrobagry.cz\/fr\/wp-json\/wp\/v2\/media\/7762"}],"wp:attachment":[{"href":"https:\/\/mikrobagry.cz\/fr\/wp-json\/wp\/v2\/media?parent=7767"}],"wp:term":[{"taxonomy":"product_cat","embeddable":true,"href":"https:\/\/mikrobagry.cz\/fr\/wp-json\/wp\/v2\/product_cat?post=7767"},{"taxonomy":"product_tag","embeddable":true,"href":"https:\/\/mikrobagry.cz\/fr\/wp-json\/wp\/v2\/product_tag?post=7767"}],"curies":[{"name":"wp","href":"https:\/\/api.w.org\/{rel}","templated":true}]}}