{"id":2509,"date":"2018-12-05T21:57:39","date_gmt":"2018-12-05T20:57:39","guid":{"rendered":"http:\/\/mikrobagry.cz\/?post_type=product&#038;p=2509"},"modified":"2024-06-20T19:26:29","modified_gmt":"2024-06-20T17:26:29","slug":"podkop-pr-1500-p","status":"publish","type":"product","link":"https:\/\/mikrobagry.cz\/fr\/obchod\/podkop-pr-1500-p\/","title":{"rendered":"D\u00e9coupe PR-1500-P"},"content":{"rendered":"<p><strong>Tranch\u00e9e pour le petit tracteur PR-1500-P<\/strong><\/p>\n<p>Poids : 300 kg<br \/>\nHauteur totale (bras repli\u00e9) : 1700 mm<br \/>\nLargeur totale : 820 mm<br \/>\nLongueur totale : 1150 mm<\/p>\n<p><strong>Epaule<\/strong><br \/>\nAngle du bras : 42\u00b0 \u00e0 droite \/ 79\u00b0 \u00e0 gauche<br \/>\nHauteur maximale (par rapport au sol) : 2000 mm<br \/>\nProfondeur maximale d'excavation (par rapport au sol) : 1900 mm<br \/>\nLongueur maximale : 2400 mm<br \/>\nForce d'arrachement : 1,5 t<br \/>\nBras renforc\u00e9<\/p>\n<p><strong>Moteur<\/strong><br \/>\nMultiplicateur CTU.<br \/>\nLe cardan n'est pas inclus dans la livraison, il peut \u00eatre achet\u00e9 au prix de 1.500,-CZK sans TVA.<\/p>\n<p><strong>Syst\u00e8me hydraulique<\/strong><br \/>\nPompe hydraulique : double pompe 6 + 6 cc<br \/>\nPression de service : 165 bar<br \/>\nCapacit\u00e9 du r\u00e9servoir hydraulique : 11,9 l<br \/>\nAppareils de commutation hydrauliques professionnels<br \/>\nLes pieds sont r\u00e9glables hydrauliquement en hauteur sur 40 cm.<\/p>\n<p>La distance entre l'entraxe du bras de levage arri\u00e8re doit \u00eatre de 53 cm (distance entre les points d'attache de l'excavateur).<\/p>\n<h3>Accessoires<\/h3>\n<div id='gallery-1' class='gallery galleryid-2509 gallery-columns-3 gallery-size-thumbnail'><figure class='gallery-item'>\n\t\t\t<div class='gallery-icon landscape'>\n\t\t\t\t<a href='https:\/\/mikrobagry.cz\/wp-content\/uploads\/2018\/11\/Rychloup\u00edn\u00e1k.jpg'><img loading=\"lazy\" decoding=\"async\" width=\"150\" height=\"150\" src=\"https:\/\/mikrobagry.cz\/wp-content\/uploads\/2018\/11\/Rychloup\u00edn\u00e1k-150x150.jpg\" class=\"attachment-thumbnail size-thumbnail\" alt=\"\" srcset=\"https:\/\/mikrobagry.cz\/wp-content\/uploads\/2018\/11\/Rychloup\u00edn\u00e1k-150x150.jpg 150w, https:\/\/mikrobagry.cz\/wp-content\/uploads\/2018\/11\/Rychloup\u00edn\u00e1k-100x100.jpg 100w, https:\/\/mikrobagry.cz\/wp-content\/uploads\/2018\/11\/Rychloup\u00edn\u00e1k-503x503.jpg 503w, https:\/\/mikrobagry.cz\/wp-content\/uploads\/2018\/11\/Rychloup\u00edn\u00e1k-300x300.jpg 300w, https:\/\/mikrobagry.cz\/wp-content\/uploads\/2018\/11\/Rychloup\u00edn\u00e1k-270x270.jpg 270w, https:\/\/mikrobagry.cz\/wp-content\/uploads\/2018\/11\/Rychloup\u00edn\u00e1k-170x170.jpg 170w, https:\/\/mikrobagry.cz\/wp-content\/uploads\/2018\/11\/Rychloup\u00edn\u00e1k.jpg 563w\" sizes=\"auto, (max-width: 150px) 100vw, 150px\" \/><\/a>\n\t\t\t<\/div><\/figure><figure class='gallery-item'>\n\t\t\t<div class='gallery-icon landscape'>\n\t\t\t\t<a href='https:\/\/mikrobagry.cz\/wp-content\/uploads\/2018\/03\/57444707_821655474854599_3180517479910735872_o.jpg'><img loading=\"lazy\" decoding=\"async\" width=\"150\" height=\"150\" src=\"https:\/\/mikrobagry.cz\/wp-content\/uploads\/2018\/03\/57444707_821655474854599_3180517479910735872_o-150x150.jpg\" class=\"attachment-thumbnail size-thumbnail\" alt=\"\" srcset=\"https:\/\/mikrobagry.cz\/wp-content\/uploads\/2018\/03\/57444707_821655474854599_3180517479910735872_o-150x150.jpg 150w, https:\/\/mikrobagry.cz\/wp-content\/uploads\/2018\/03\/57444707_821655474854599_3180517479910735872_o-100x100.jpg 100w, https:\/\/mikrobagry.cz\/wp-content\/uploads\/2018\/03\/57444707_821655474854599_3180517479910735872_o-170x170.jpg 170w\" sizes=\"auto, (max-width: 150px) 100vw, 150px\" \/><\/a>\n\t\t\t<\/div><\/figure><figure class='gallery-item'>\n\t\t\t<div class='gallery-icon landscape'>\n\t\t\t\t<a href='https:\/\/mikrobagry.cz\/wp-content\/uploads\/2018\/03\/57444707_821655474854599_3180517479910735872_o-1.jpg'><img loading=\"lazy\" decoding=\"async\" width=\"150\" height=\"150\" src=\"https:\/\/mikrobagry.cz\/wp-content\/uploads\/2018\/03\/57444707_821655474854599_3180517479910735872_o-1-150x150.jpg\" class=\"attachment-thumbnail size-thumbnail\" alt=\"\" srcset=\"https:\/\/mikrobagry.cz\/wp-content\/uploads\/2018\/03\/57444707_821655474854599_3180517479910735872_o-1-150x150.jpg 150w, https:\/\/mikrobagry.cz\/wp-content\/uploads\/2018\/03\/57444707_821655474854599_3180517479910735872_o-1-100x100.jpg 100w, https:\/\/mikrobagry.cz\/wp-content\/uploads\/2018\/03\/57444707_821655474854599_3180517479910735872_o-1-170x170.jpg 170w\" sizes=\"auto, (max-width: 150px) 100vw, 150px\" \/><\/a>\n\t\t\t<\/div><\/figure><figure class='gallery-item'>\n\t\t\t<div class='gallery-icon landscape'>\n\t\t\t\t<a href='https:\/\/mikrobagry.cz\/wp-content\/uploads\/2023\/07\/retizkova-40cm.png'><img loading=\"lazy\" decoding=\"async\" width=\"150\" height=\"150\" src=\"https:\/\/mikrobagry.cz\/wp-content\/uploads\/2023\/07\/retizkova-40cm-150x150.png\" class=\"attachment-thumbnail size-thumbnail\" alt=\"\" srcset=\"https:\/\/mikrobagry.cz\/wp-content\/uploads\/2023\/07\/retizkova-40cm-150x150.png 150w, https:\/\/mikrobagry.cz\/wp-content\/uploads\/2023\/07\/retizkova-40cm-170x170.png 170w, https:\/\/mikrobagry.cz\/wp-content\/uploads\/2023\/07\/retizkova-40cm-100x100.png 100w\" sizes=\"auto, (max-width: 150px) 100vw, 150px\" \/><\/a>\n\t\t\t<\/div><\/figure><figure class='gallery-item'>\n\t\t\t<div class='gallery-icon landscape'>\n\t\t\t\t<a href='https:\/\/mikrobagry.cz\/wp-content\/uploads\/2023\/07\/tazne-zarizeni.jpg'><img loading=\"lazy\" decoding=\"async\" width=\"150\" height=\"150\" src=\"https:\/\/mikrobagry.cz\/wp-content\/uploads\/2023\/07\/tazne-zarizeni-150x150.jpg\" class=\"attachment-thumbnail size-thumbnail\" alt=\"\" srcset=\"https:\/\/mikrobagry.cz\/wp-content\/uploads\/2023\/07\/tazne-zarizeni-150x150.jpg 150w, https:\/\/mikrobagry.cz\/wp-content\/uploads\/2023\/07\/tazne-zarizeni-170x170.jpg 170w, https:\/\/mikrobagry.cz\/wp-content\/uploads\/2023\/07\/tazne-zarizeni-100x100.jpg 100w\" sizes=\"auto, (max-width: 150px) 100vw, 150px\" \/><\/a>\n\t\t\t<\/div><\/figure><figure class='gallery-item'>\n\t\t\t<div class='gallery-icon landscape'>\n\t\t\t\t<a href='https:\/\/mikrobagry.cz\/wp-content\/uploads\/2018\/03\/61077032_845967482423398_8009665140007895040_n-1.jpg'><img loading=\"lazy\" decoding=\"async\" width=\"150\" height=\"150\" src=\"https:\/\/mikrobagry.cz\/wp-content\/uploads\/2018\/03\/61077032_845967482423398_8009665140007895040_n-1-150x150.jpg\" class=\"attachment-thumbnail size-thumbnail\" alt=\"\" srcset=\"https:\/\/mikrobagry.cz\/wp-content\/uploads\/2018\/03\/61077032_845967482423398_8009665140007895040_n-1-150x150.jpg 150w, https:\/\/mikrobagry.cz\/wp-content\/uploads\/2018\/03\/61077032_845967482423398_8009665140007895040_n-1-100x100.jpg 100w, https:\/\/mikrobagry.cz\/wp-content\/uploads\/2018\/03\/61077032_845967482423398_8009665140007895040_n-1-170x170.jpg 170w\" sizes=\"auto, (max-width: 150px) 100vw, 150px\" \/><\/a>\n\t\t\t<\/div><\/figure><figure class='gallery-item'>\n\t\t\t<div class='gallery-icon landscape'>\n\t\t\t\t<a href='https:\/\/mikrobagry.cz\/wp-content\/uploads\/2018\/03\/53577951_801048876915259_390902076168732672_n.jpg'><img loading=\"lazy\" decoding=\"async\" width=\"150\" height=\"150\" src=\"https:\/\/mikrobagry.cz\/wp-content\/uploads\/2018\/03\/53577951_801048876915259_390902076168732672_n-150x150.jpg\" class=\"attachment-thumbnail size-thumbnail\" alt=\"\" srcset=\"https:\/\/mikrobagry.cz\/wp-content\/uploads\/2018\/03\/53577951_801048876915259_390902076168732672_n-150x150.jpg 150w, https:\/\/mikrobagry.cz\/wp-content\/uploads\/2018\/03\/53577951_801048876915259_390902076168732672_n-100x100.jpg 100w, https:\/\/mikrobagry.cz\/wp-content\/uploads\/2018\/03\/53577951_801048876915259_390902076168732672_n-503x503.jpg 503w, https:\/\/mikrobagry.cz\/wp-content\/uploads\/2018\/03\/53577951_801048876915259_390902076168732672_n-300x300.jpg 300w, https:\/\/mikrobagry.cz\/wp-content\/uploads\/2018\/03\/53577951_801048876915259_390902076168732672_n-768x768.jpg 768w, https:\/\/mikrobagry.cz\/wp-content\/uploads\/2018\/03\/53577951_801048876915259_390902076168732672_n-270x270.jpg 270w, https:\/\/mikrobagry.cz\/wp-content\/uploads\/2018\/03\/53577951_801048876915259_390902076168732672_n-170x170.jpg 170w, https:\/\/mikrobagry.cz\/wp-content\/uploads\/2018\/03\/53577951_801048876915259_390902076168732672_n.jpg 960w\" sizes=\"auto, (max-width: 150px) 100vw, 150px\" \/><\/a>\n\t\t\t<\/div><\/figure><figure class='gallery-item'>\n\t\t\t<div class='gallery-icon landscape'>\n\t\t\t\t<a href='https:\/\/mikrobagry.cz\/wp-content\/uploads\/2018\/03\/53577951_801048876915259_390902076168732672_n-1.jpg'><img loading=\"lazy\" decoding=\"async\" width=\"150\" height=\"150\" src=\"https:\/\/mikrobagry.cz\/wp-content\/uploads\/2018\/03\/53577951_801048876915259_390902076168732672_n-1-150x150.jpg\" class=\"attachment-thumbnail size-thumbnail\" alt=\"\" srcset=\"https:\/\/mikrobagry.cz\/wp-content\/uploads\/2018\/03\/53577951_801048876915259_390902076168732672_n-1-150x150.jpg 150w, https:\/\/mikrobagry.cz\/wp-content\/uploads\/2018\/03\/53577951_801048876915259_390902076168732672_n-1-100x100.jpg 100w, https:\/\/mikrobagry.cz\/wp-content\/uploads\/2018\/03\/53577951_801048876915259_390902076168732672_n-1-503x503.jpg 503w, https:\/\/mikrobagry.cz\/wp-content\/uploads\/2018\/03\/53577951_801048876915259_390902076168732672_n-1-300x300.jpg 300w, https:\/\/mikrobagry.cz\/wp-content\/uploads\/2018\/03\/53577951_801048876915259_390902076168732672_n-1-270x270.jpg 270w, https:\/\/mikrobagry.cz\/wp-content\/uploads\/2018\/03\/53577951_801048876915259_390902076168732672_n-1-170x170.jpg 170w, https:\/\/mikrobagry.cz\/wp-content\/uploads\/2018\/03\/53577951_801048876915259_390902076168732672_n-1.jpg 533w\" sizes=\"auto, (max-width: 150px) 100vw, 150px\" \/><\/a>\n\t\t\t<\/div><\/figure><figure class='gallery-item'>\n\t\t\t<div class='gallery-icon landscape'>\n\t\t\t\t<a href='https:\/\/mikrobagry.cz\/wp-content\/uploads\/2018\/12\/Bez-n\u00e1zvu.png'><img loading=\"lazy\" decoding=\"async\" width=\"150\" height=\"150\" src=\"https:\/\/mikrobagry.cz\/wp-content\/uploads\/2018\/12\/Bez-n\u00e1zvu-150x150.png\" class=\"attachment-thumbnail size-thumbnail\" alt=\"\" srcset=\"https:\/\/mikrobagry.cz\/wp-content\/uploads\/2018\/12\/Bez-n\u00e1zvu-150x150.png 150w, https:\/\/mikrobagry.cz\/wp-content\/uploads\/2018\/12\/Bez-n\u00e1zvu-100x100.png 100w, https:\/\/mikrobagry.cz\/wp-content\/uploads\/2018\/12\/Bez-n\u00e1zvu-170x170.png 170w\" sizes=\"auto, (max-width: 150px) 100vw, 150px\" \/><\/a>\n\t\t\t<\/div><\/figure><figure class='gallery-item'>\n\t\t\t<div class='gallery-icon landscape'>\n\t\t\t\t<a href='https:\/\/mikrobagry.cz\/wp-content\/uploads\/2018\/03\/naklada\u010d.jpg'><img loading=\"lazy\" decoding=\"async\" width=\"150\" height=\"150\" src=\"https:\/\/mikrobagry.cz\/wp-content\/uploads\/2018\/03\/naklada\u010d-150x150.jpg\" class=\"attachment-thumbnail size-thumbnail\" alt=\"\" srcset=\"https:\/\/mikrobagry.cz\/wp-content\/uploads\/2018\/03\/naklada\u010d-150x150.jpg 150w, https:\/\/mikrobagry.cz\/wp-content\/uploads\/2018\/03\/naklada\u010d-100x100.jpg 100w, https:\/\/mikrobagry.cz\/wp-content\/uploads\/2018\/03\/naklada\u010d-170x170.jpg 170w\" sizes=\"auto, (max-width: 150px) 100vw, 150px\" \/><\/a>\n\t\t\t<\/div><\/figure><figure class='gallery-item'>\n\t\t\t<div class='gallery-icon landscape'>\n\t\t\t\t<a href='https:\/\/mikrobagry.cz\/wp-content\/uploads\/2017\/10\/Rozm\u011bry-2.jpg'><img loading=\"lazy\" decoding=\"async\" width=\"150\" height=\"150\" src=\"https:\/\/mikrobagry.cz\/wp-content\/uploads\/2017\/10\/Rozm\u011bry-2-150x150.jpg\" class=\"attachment-thumbnail size-thumbnail\" alt=\"\" srcset=\"https:\/\/mikrobagry.cz\/wp-content\/uploads\/2017\/10\/Rozm\u011bry-2-150x150.jpg 150w, https:\/\/mikrobagry.cz\/wp-content\/uploads\/2017\/10\/Rozm\u011bry-2-170x170.jpg 170w, https:\/\/mikrobagry.cz\/wp-content\/uploads\/2017\/10\/Rozm\u011bry-2-100x100.jpg 100w\" sizes=\"auto, (max-width: 150px) 100vw, 150px\" \/><\/a>\n\t\t\t<\/div><\/figure><figure class='gallery-item'>\n\t\t\t<div class='gallery-icon landscape'>\n\t\t\t\t<a href='https:\/\/mikrobagry.cz\/wp-content\/uploads\/2023\/03\/vymena-oleje-navod.png'><img loading=\"lazy\" decoding=\"async\" width=\"150\" height=\"150\" src=\"https:\/\/mikrobagry.cz\/wp-content\/uploads\/2023\/03\/vymena-oleje-navod-150x150.png\" class=\"attachment-thumbnail size-thumbnail\" alt=\"\" srcset=\"https:\/\/mikrobagry.cz\/wp-content\/uploads\/2023\/03\/vymena-oleje-navod-150x150.png 150w, https:\/\/mikrobagry.cz\/wp-content\/uploads\/2023\/03\/vymena-oleje-navod-170x170.png 170w, https:\/\/mikrobagry.cz\/wp-content\/uploads\/2023\/03\/vymena-oleje-navod-100x100.png 100w\" sizes=\"auto, (max-width: 150px) 100vw, 150px\" \/><\/a>\n\t\t\t<\/div><\/figure><figure class='gallery-item'>\n\t\t\t<div class='gallery-icon landscape'>\n\t\t\t\t<a href='https:\/\/mikrobagry.cz\/wp-content\/uploads\/2018\/03\/IMG-3681.jpg'><img loading=\"lazy\" decoding=\"async\" width=\"150\" height=\"150\" src=\"https:\/\/mikrobagry.cz\/wp-content\/uploads\/2018\/03\/IMG-3681-150x150.jpg\" class=\"attachment-thumbnail size-thumbnail\" alt=\"\" srcset=\"https:\/\/mikrobagry.cz\/wp-content\/uploads\/2018\/03\/IMG-3681-150x150.jpg 150w, https:\/\/mikrobagry.cz\/wp-content\/uploads\/2018\/03\/IMG-3681-100x100.jpg 100w, https:\/\/mikrobagry.cz\/wp-content\/uploads\/2018\/03\/IMG-3681-170x170.jpg 170w\" sizes=\"auto, (max-width: 150px) 100vw, 150px\" \/><\/a>\n\t\t\t<\/div><\/figure><figure class='gallery-item'>\n\t\t\t<div class='gallery-icon landscape'>\n\t\t\t\t<a href='https:\/\/mikrobagry.cz\/wp-content\/uploads\/2018\/03\/32178392_435859343506598_7846508493598097408_n.jpg'><img loading=\"lazy\" decoding=\"async\" width=\"150\" height=\"150\" src=\"https:\/\/mikrobagry.cz\/wp-content\/uploads\/2018\/03\/32178392_435859343506598_7846508493598097408_n-150x150.jpg\" class=\"attachment-thumbnail size-thumbnail\" alt=\"\" srcset=\"https:\/\/mikrobagry.cz\/wp-content\/uploads\/2018\/03\/32178392_435859343506598_7846508493598097408_n-150x150.jpg 150w, https:\/\/mikrobagry.cz\/wp-content\/uploads\/2018\/03\/32178392_435859343506598_7846508493598097408_n-100x100.jpg 100w, https:\/\/mikrobagry.cz\/wp-content\/uploads\/2018\/03\/32178392_435859343506598_7846508493598097408_n-503x503.jpg 503w, https:\/\/mikrobagry.cz\/wp-content\/uploads\/2018\/03\/32178392_435859343506598_7846508493598097408_n-300x300.jpg 300w, https:\/\/mikrobagry.cz\/wp-content\/uploads\/2018\/03\/32178392_435859343506598_7846508493598097408_n-270x270.jpg 270w, https:\/\/mikrobagry.cz\/wp-content\/uploads\/2018\/03\/32178392_435859343506598_7846508493598097408_n-170x170.jpg 170w, https:\/\/mikrobagry.cz\/wp-content\/uploads\/2018\/03\/32178392_435859343506598_7846508493598097408_n.jpg 533w\" sizes=\"auto, (max-width: 150px) 100vw, 150px\" \/><\/a>\n\t\t\t<\/div><\/figure><figure class='gallery-item'>\n\t\t\t<div class='gallery-icon landscape'>\n\t\t\t\t<a href='https:\/\/mikrobagry.cz\/wp-content\/uploads\/2016\/07\/construction-services-02.jpg'><img loading=\"lazy\" decoding=\"async\" width=\"150\" height=\"150\" src=\"https:\/\/mikrobagry.cz\/wp-content\/uploads\/2016\/07\/construction-services-02-150x150.jpg\" class=\"attachment-thumbnail size-thumbnail\" alt=\"\" srcset=\"https:\/\/mikrobagry.cz\/wp-content\/uploads\/2016\/07\/construction-services-02-150x150.jpg 150w, https:\/\/mikrobagry.cz\/wp-content\/uploads\/2016\/07\/construction-services-02-100x100.jpg 100w, https:\/\/mikrobagry.cz\/wp-content\/uploads\/2016\/07\/construction-services-02-170x170.jpg 170w\" sizes=\"auto, (max-width: 150px) 100vw, 150px\" \/><\/a>\n\t\t\t<\/div><\/figure><figure class='gallery-item'>\n\t\t\t<div class='gallery-icon landscape'>\n\t\t\t\t<a href='https:\/\/mikrobagry.cz\/wp-content\/uploads\/2018\/03\/IMG-1158-1.jpg'><img loading=\"lazy\" decoding=\"async\" width=\"150\" height=\"150\" src=\"https:\/\/mikrobagry.cz\/wp-content\/uploads\/2018\/03\/IMG-1158-1-150x150.jpg\" class=\"attachment-thumbnail size-thumbnail\" alt=\"\" srcset=\"https:\/\/mikrobagry.cz\/wp-content\/uploads\/2018\/03\/IMG-1158-1-150x150.jpg 150w, https:\/\/mikrobagry.cz\/wp-content\/uploads\/2018\/03\/IMG-1158-1-100x100.jpg 100w, https:\/\/mikrobagry.cz\/wp-content\/uploads\/2018\/03\/IMG-1158-1-170x170.jpg 170w\" sizes=\"auto, (max-width: 150px) 100vw, 150px\" \/><\/a>\n\t\t\t<\/div><\/figure><figure class='gallery-item'>\n\t\t\t<div class='gallery-icon landscape'>\n\t\t\t\t<a href='https:\/\/mikrobagry.cz\/wp-content\/uploads\/2019\/07\/Chladic-02.jpg'><img loading=\"lazy\" decoding=\"async\" width=\"150\" height=\"150\" src=\"https:\/\/mikrobagry.cz\/wp-content\/uploads\/2019\/07\/Chladic-02-150x150.jpg\" class=\"attachment-thumbnail size-thumbnail\" alt=\"\" srcset=\"https:\/\/mikrobagry.cz\/wp-content\/uploads\/2019\/07\/Chladic-02-150x150.jpg 150w, https:\/\/mikrobagry.cz\/wp-content\/uploads\/2019\/07\/Chladic-02-170x170.jpg 170w, https:\/\/mikrobagry.cz\/wp-content\/uploads\/2019\/07\/Chladic-02-100x100.jpg 100w\" sizes=\"auto, (max-width: 150px) 100vw, 150px\" \/><\/a>\n\t\t\t<\/div><\/figure>\n\t\t<\/div>","protected":false},"excerpt":{"rendered":"<h3>Inclus dans le prix de la machine :<\/h3>\n<ul>\n<li><strong>Cuill\u00e8re 30cm<\/strong><\/li>\n<li><strong>Pieds extensibles hydrauliquement de 40 cm.<\/strong><\/li>\n<li><strong>Thermom\u00e8tre et jauge d'huile hydraulique<\/strong><\/li>\n<li><strong>Force d'arrachement 1,6 tonnes<\/strong><\/li>\n<li><strong>Machine avec cartouches, pr\u00eate \u00e0 l'emploi<\/strong><\/li>\n<li><strong>Tresses suppl\u00e9mentaires pour les tuyaux hydrauliques pour une protection accrue<\/strong><\/li>\n<li><strong>Garantie<\/strong><\/li>\n<\/ul>\n<p>+ la possibilit\u00e9 d'accessoires suppl\u00e9mentaires tels que godets de pente, mandrins de creusement, foreuses, etc... Contactez-nous pour la configuration, nous vous conseillerons sur le choix.<\/p>","protected":false},"featured_media":2507,"comment_status":"open","ping_status":"closed","template":"","meta":{"_acf_changed":false},"product_cat":[82],"product_tag":[],"class_list":["post-2509","product","type-product","status-publish","has-post-thumbnail","hentry","product_cat-minibagry-a-dumpery"],"acf":[],"yoast_head":"<!-- This site is optimized with the Yoast SEO plugin v25.7 - https:\/\/yoast.com\/wordpress\/plugins\/seo\/ -->\n<title>Podkop PR-1500-P - Mikrobagry.cz<\/title>\n<meta name=\"robots\" content=\"index, follow, max-snippet:-1, max-image-preview:large, max-video-preview:-1\" \/>\n<link rel=\"canonical\" href=\"https:\/\/mikrobagry.cz\/fr\/obchod\/podkop-pr-1500-p\/\" \/>\n<meta property=\"og:locale\" content=\"fr_FR\" \/>\n<meta property=\"og:type\" content=\"article\" \/>\n<meta property=\"og:title\" content=\"Podkop PR-1500-P - Mikrobagry.cz\" \/>\n<meta property=\"og:description\" content=\"V cen\u011b stroje:   L\u017e\u00edce 30cm  Hydraulicky v\u00fdsuvn\u00e9 patky o 40cm.  Teplom\u011br a m\u011brka hydr. oleje  Trhac\u00ed s\u00edla 1,6Tuny  Stroj v\u010d. n\u00e1pln\u00ed, ihned k pou\u017eit\u00ed  Dodate\u010dn\u00e9 oplety hydr. hadic pro jejich vy\u0161\u0161\u00ed ochranu  Z\u00e1ruka  + mo\u017enost dal\u0161\u00edho p\u0159\u00edslu\u0161enstv\u00ed, jako jsou svahov\u00e9 l\u017e\u00edce, r\u00fdpac\u00ed trny, vrt\u00e1ky apod.. Napi\u0161te si o konfiguraci, porad\u00edme V\u00e1m s v\u00fdb\u011brem\" \/>\n<meta property=\"og:url\" content=\"https:\/\/mikrobagry.cz\/fr\/obchod\/podkop-pr-1500-p\/\" \/>\n<meta property=\"og:site_name\" content=\"Mikrobagry.cz\" \/>\n<meta property=\"article:publisher\" content=\"https:\/\/www.facebook.com\/Mikrobagry.cz\/\" \/>\n<meta property=\"article:modified_time\" content=\"2024-06-20T17:26:29+00:00\" \/>\n<meta property=\"og:image\" content=\"https:\/\/mikrobagry.cz\/wp-content\/uploads\/2018\/12\/Bez-n\u00e1zvu.png\" \/>\n\t<meta property=\"og:image:width\" content=\"738\" \/>\n\t<meta property=\"og:image:height\" content=\"512\" \/>\n\t<meta property=\"og:image:type\" content=\"image\/png\" \/>\n<meta name=\"twitter:card\" content=\"summary_large_image\" \/>\n<meta name=\"twitter:label1\" content=\"Dur\u00e9e de lecture estim\u00e9e\" \/>\n\t<meta name=\"twitter:data1\" content=\"1 minute\" \/>\n<script type=\"application\/ld+json\" class=\"yoast-schema-graph\">{\"@context\":\"https:\/\/schema.org\",\"@graph\":[{\"@type\":\"WebPage\",\"@id\":\"https:\/\/mikrobagry.cz\/obchod\/podkop-pr-1500-p\/\",\"url\":\"https:\/\/mikrobagry.cz\/obchod\/podkop-pr-1500-p\/\",\"name\":\"Podkop PR-1500-P - Mikrobagry.cz\",\"isPartOf\":{\"@id\":\"https:\/\/mikrobagry.cz\/#website\"},\"primaryImageOfPage\":{\"@id\":\"https:\/\/mikrobagry.cz\/obchod\/podkop-pr-1500-p\/#primaryimage\"},\"image\":{\"@id\":\"https:\/\/mikrobagry.cz\/obchod\/podkop-pr-1500-p\/#primaryimage\"},\"thumbnailUrl\":\"https:\/\/mikrobagry.cz\/wp-content\/uploads\/2018\/12\/Bez-n\u00e1zvu.png\",\"datePublished\":\"2018-12-05T20:57:39+00:00\",\"dateModified\":\"2024-06-20T17:26:29+00:00\",\"breadcrumb\":{\"@id\":\"https:\/\/mikrobagry.cz\/obchod\/podkop-pr-1500-p\/#breadcrumb\"},\"inLanguage\":\"fr-FR\",\"potentialAction\":[{\"@type\":\"ReadAction\",\"target\":[\"https:\/\/mikrobagry.cz\/obchod\/podkop-pr-1500-p\/\"]}]},{\"@type\":\"ImageObject\",\"inLanguage\":\"fr-FR\",\"@id\":\"https:\/\/mikrobagry.cz\/obchod\/podkop-pr-1500-p\/#primaryimage\",\"url\":\"https:\/\/mikrobagry.cz\/wp-content\/uploads\/2018\/12\/Bez-n\u00e1zvu.png\",\"contentUrl\":\"https:\/\/mikrobagry.cz\/wp-content\/uploads\/2018\/12\/Bez-n\u00e1zvu.png\",\"width\":738,\"height\":512},{\"@type\":\"BreadcrumbList\",\"@id\":\"https:\/\/mikrobagry.cz\/obchod\/podkop-pr-1500-p\/#breadcrumb\",\"itemListElement\":[{\"@type\":\"ListItem\",\"position\":1,\"name\":\"Dom\u016f\",\"item\":\"https:\/\/mikrobagry.cz\/\"},{\"@type\":\"ListItem\",\"position\":2,\"name\":\"Produkty\",\"item\":\"https:\/\/mikrobagry.cz\/shop\/\"},{\"@type\":\"ListItem\",\"position\":3,\"name\":\"Podkop PR-1500-P\"}]},{\"@type\":\"WebSite\",\"@id\":\"https:\/\/mikrobagry.cz\/#website\",\"url\":\"https:\/\/mikrobagry.cz\/\",\"name\":\"Mikrobagry.cz\",\"description\":\"Dal\u0161\u00ed web pou\u017e\u00edvaj\u00edc\u00ed WordPress\",\"potentialAction\":[{\"@type\":\"SearchAction\",\"target\":{\"@type\":\"EntryPoint\",\"urlTemplate\":\"https:\/\/mikrobagry.cz\/?s={search_term_string}\"},\"query-input\":{\"@type\":\"PropertyValueSpecification\",\"valueRequired\":true,\"valueName\":\"search_term_string\"}}],\"inLanguage\":\"fr-FR\"}]}<\/script>\n<!-- \/ Yoast SEO plugin. -->","yoast_head_json":{"title":"Podkop PR-1500-P - Mikrobagry.cz","robots":{"index":"index","follow":"follow","max-snippet":"max-snippet:-1","max-image-preview":"max-image-preview:large","max-video-preview":"max-video-preview:-1"},"canonical":"https:\/\/mikrobagry.cz\/fr\/obchod\/podkop-pr-1500-p\/","og_locale":"fr_FR","og_type":"article","og_title":"Podkop PR-1500-P - Mikrobagry.cz","og_description":"V cen\u011b stroje:   L\u017e\u00edce 30cm  Hydraulicky v\u00fdsuvn\u00e9 patky o 40cm.  Teplom\u011br a m\u011brka hydr. oleje  Trhac\u00ed s\u00edla 1,6Tuny  Stroj v\u010d. n\u00e1pln\u00ed, ihned k pou\u017eit\u00ed  Dodate\u010dn\u00e9 oplety hydr. hadic pro jejich vy\u0161\u0161\u00ed ochranu  Z\u00e1ruka  + mo\u017enost dal\u0161\u00edho p\u0159\u00edslu\u0161enstv\u00ed, jako jsou svahov\u00e9 l\u017e\u00edce, r\u00fdpac\u00ed trny, vrt\u00e1ky apod.. Napi\u0161te si o konfiguraci, porad\u00edme V\u00e1m s v\u00fdb\u011brem","og_url":"https:\/\/mikrobagry.cz\/fr\/obchod\/podkop-pr-1500-p\/","og_site_name":"Mikrobagry.cz","article_publisher":"https:\/\/www.facebook.com\/Mikrobagry.cz\/","article_modified_time":"2024-06-20T17:26:29+00:00","og_image":[{"width":738,"height":512,"url":"https:\/\/mikrobagry.cz\/wp-content\/uploads\/2018\/12\/Bez-n\u00e1zvu.png","type":"image\/png"}],"twitter_card":"summary_large_image","twitter_misc":{"Dur\u00e9e de lecture estim\u00e9e":"1 minute"},"schema":{"@context":"https:\/\/schema.org","@graph":[{"@type":"WebPage","@id":"https:\/\/mikrobagry.cz\/obchod\/podkop-pr-1500-p\/","url":"https:\/\/mikrobagry.cz\/obchod\/podkop-pr-1500-p\/","name":"Podkop PR-1500-P - Mikrobagry.cz","isPartOf":{"@id":"https:\/\/mikrobagry.cz\/#website"},"primaryImageOfPage":{"@id":"https:\/\/mikrobagry.cz\/obchod\/podkop-pr-1500-p\/#primaryimage"},"image":{"@id":"https:\/\/mikrobagry.cz\/obchod\/podkop-pr-1500-p\/#primaryimage"},"thumbnailUrl":"https:\/\/mikrobagry.cz\/wp-content\/uploads\/2018\/12\/Bez-n\u00e1zvu.png","datePublished":"2018-12-05T20:57:39+00:00","dateModified":"2024-06-20T17:26:29+00:00","breadcrumb":{"@id":"https:\/\/mikrobagry.cz\/obchod\/podkop-pr-1500-p\/#breadcrumb"},"inLanguage":"fr-FR","potentialAction":[{"@type":"ReadAction","target":["https:\/\/mikrobagry.cz\/obchod\/podkop-pr-1500-p\/"]}]},{"@type":"ImageObject","inLanguage":"fr-FR","@id":"https:\/\/mikrobagry.cz\/obchod\/podkop-pr-1500-p\/#primaryimage","url":"https:\/\/mikrobagry.cz\/wp-content\/uploads\/2018\/12\/Bez-n\u00e1zvu.png","contentUrl":"https:\/\/mikrobagry.cz\/wp-content\/uploads\/2018\/12\/Bez-n\u00e1zvu.png","width":738,"height":512},{"@type":"BreadcrumbList","@id":"https:\/\/mikrobagry.cz\/obchod\/podkop-pr-1500-p\/#breadcrumb","itemListElement":[{"@type":"ListItem","position":1,"name":"Dom\u016f","item":"https:\/\/mikrobagry.cz\/"},{"@type":"ListItem","position":2,"name":"Produkty","item":"https:\/\/mikrobagry.cz\/shop\/"},{"@type":"ListItem","position":3,"name":"Podkop PR-1500-P"}]},{"@type":"WebSite","@id":"https:\/\/mikrobagry.cz\/#website","url":"https:\/\/mikrobagry.cz\/","name":"Mikrobagry.cz","description":"Dal\u0161\u00ed web pou\u017e\u00edvaj\u00edc\u00ed WordPress","potentialAction":[{"@type":"SearchAction","target":{"@type":"EntryPoint","urlTemplate":"https:\/\/mikrobagry.cz\/?s={search_term_string}"},"query-input":{"@type":"PropertyValueSpecification","valueRequired":true,"valueName":"search_term_string"}}],"inLanguage":"fr-FR"}]}},"_links":{"self":[{"href":"https:\/\/mikrobagry.cz\/fr\/wp-json\/wp\/v2\/product\/2509","targetHints":{"allow":["GET"]}}],"collection":[{"href":"https:\/\/mikrobagry.cz\/fr\/wp-json\/wp\/v2\/product"}],"about":[{"href":"https:\/\/mikrobagry.cz\/fr\/wp-json\/wp\/v2\/types\/product"}],"replies":[{"embeddable":true,"href":"https:\/\/mikrobagry.cz\/fr\/wp-json\/wp\/v2\/comments?post=2509"}],"wp:featuredmedia":[{"embeddable":true,"href":"https:\/\/mikrobagry.cz\/fr\/wp-json\/wp\/v2\/media\/2507"}],"wp:attachment":[{"href":"https:\/\/mikrobagry.cz\/fr\/wp-json\/wp\/v2\/media?parent=2509"}],"wp:term":[{"taxonomy":"product_cat","embeddable":true,"href":"https:\/\/mikrobagry.cz\/fr\/wp-json\/wp\/v2\/product_cat?post=2509"},{"taxonomy":"product_tag","embeddable":true,"href":"https:\/\/mikrobagry.cz\/fr\/wp-json\/wp\/v2\/product_tag?post=2509"}],"curies":[{"name":"wp","href":"https:\/\/api.w.org\/{rel}","templated":true}]}}