{"id":2492,"date":"2018-12-04T21:11:46","date_gmt":"2018-12-04T20:11:46","guid":{"rendered":"http:\/\/mikrobagry.cz\/?post_type=product&#038;p=2492"},"modified":"2026-02-20T12:11:33","modified_gmt":"2026-02-20T11:11:33","slug":"dumper-dp-82-profi-plus","status":"publish","type":"product","link":"https:\/\/mikrobagry.cz\/fr\/obchod\/dumper-dp-82-profi-plus\/","title":{"rendered":"Dumper DP-82 P-profi+ (en anglais)"},"content":{"rendered":"<p>Notre tombereau se caract\u00e9rise par son grand volume de carrosserie et son angle de basculement. La robustesse de la construction de la machine est d\u00e9montr\u00e9e par son poids \u00e0 vide de 720 kg.<\/p>\n<h3><strong>Param\u00e8tres de base du DP-82 P-rofi+ Dumper<\/strong><\/h3>\n<p>- Poids \u00e0 vide : 720 kg<br \/>\n- Hauteur totale : 1300 mm<br \/>\n- Largeur totale : 820 mm<br \/>\n- Longueur totale : 1975 mm<br \/>\n- Longueur totale (avec godet de chargement) : 2880 mm<br \/>\n- Volume de la benne : 320 L<br \/>\n- Angle de course de la cuill\u00e8re : 70\u00b0.<\/p>\n<h3><strong>Moteur<\/strong><\/h3>\n<p>- Refroidissement par air<br \/>\n- Carburant Essence<br \/>\n- Type : monocylindre \u00e0 quatre temps 14 HP<br \/>\n- Puissance : 10,3 kW<br \/>\n- Volume : 440 cm3<br \/>\n- Consommation moyenne : 0,9 l\/h<br \/>\n- Capacit\u00e9 du r\u00e9servoir de carburant : 7,4 L<\/p>\n<h3><strong>Syst\u00e8me hydraulique<\/strong><\/h3>\n<p>- Pompe hydraulique : 2x 4,9cc<br \/>\n- Pression de service : 165 bar<br \/>\n- D\u00e9bit : 34 l\/min et 3 600 tr\/min<br \/>\n- Moteur de traction : nos bennes sont exclusivement \u00e9quip\u00e9es de moteurs hydrauliques professionnels de s\u00e9rie.<br \/>\n- Capacit\u00e9 du r\u00e9servoir hydraulique : 17 L<\/p>\n<p>&nbsp;<\/p>\n<p>&nbsp;<\/p>","protected":false},"excerpt":{"rendered":"<p>Configuration DP-82 P-profi+ incluse<\/p>\n<ul>\n<li><strong>Moteur 14HP<\/strong><\/li>\n<li><strong>Double pompe 2\u00d74.9cc<\/strong><\/li>\n<li><strong>Augmentation de la vitesse de d\u00e9placement par 50%<\/strong><\/li>\n<li><strong>Pelle frontale \u00e0 chargement automatique<\/strong><\/li>\n<li><strong>Radial avant<\/strong><\/li>\n<li><strong>Capacit\u00e9 de la coque 320L \/ pliable hydrauliquement<\/strong><\/li>\n<li><strong>Visi\u00e8re pour un volume de chargement encore plus important<\/strong><\/li>\n<li><strong>Lumi\u00e8re LED<\/strong><\/li>\n<li><strong>Compteur d'heures de fonctionnement du moteur<\/strong><\/li>\n<li><strong>\u00c9tape<\/strong><\/li>\n<li><strong>Machine avec recharges, pr\u00eate \u00e0 l'emploi<\/strong><\/li>\n<li><strong>Tressage suppl\u00e9mentaire des tuyaux hydrauliques pour une meilleure protection (nous utilisons des spirales solides de la plus haute qualit\u00e9)<\/strong><\/li>\n<li><strong>Garantie du meilleur prix et de la meilleure qualit\u00e9 de fabrication<\/strong><\/li>\n<li><strong>Garantie<\/strong><\/li>\n<\/ul>\n<p>+ Possibilit\u00e9 d'autres accessoires, tels que module GPS etc... Nous offrons \u00e9galement la possibilit\u00e9 de couleurs RAL, de lubrifiants, de graisseurs, de moyeux et plus encore.<\/p>","protected":false},"featured_media":6315,"comment_status":"open","ping_status":"closed","template":"","meta":{"_acf_changed":false},"product_cat":[82],"product_tag":[],"class_list":["post-2492","product","type-product","status-publish","has-post-thumbnail","hentry","product_cat-minibagry-a-dumpery"],"acf":[],"yoast_head":"<!-- This site is optimized with the Yoast SEO plugin v25.7 - https:\/\/yoast.com\/wordpress\/plugins\/seo\/ -->\n<title>Dumper DP-82 P-rofi+ - Mikrobagry.cz<\/title>\n<meta name=\"description\" content=\"Dumper DP-82-P+ je v\u00fdkonn\u00fd dumper s motorem 14HP typu K\u00f6hler (USA). Dumper je osazen\u00fd samonakl\u00e1da\u010di lopatou, radlickou, stup\u00ednkem, k\u0161iltem.\" \/>\n<meta name=\"robots\" content=\"index, follow, max-snippet:-1, max-image-preview:large, max-video-preview:-1\" \/>\n<link rel=\"canonical\" href=\"https:\/\/mikrobagry.cz\/fr\/obchod\/dumper-dp-82-profi-plus\/\" \/>\n<meta property=\"og:locale\" content=\"fr_FR\" \/>\n<meta property=\"og:type\" content=\"article\" \/>\n<meta property=\"og:title\" content=\"Dumper DP-82 P-rofi+ - Mikrobagry.cz\" \/>\n<meta property=\"og:description\" content=\"Dumper DP-82-P+ je v\u00fdkonn\u00fd dumper s motorem 14HP typu K\u00f6hler (USA). Dumper je osazen\u00fd samonakl\u00e1da\u010di lopatou, radlickou, stup\u00ednkem, k\u0161iltem.\" \/>\n<meta property=\"og:url\" content=\"https:\/\/mikrobagry.cz\/fr\/obchod\/dumper-dp-82-profi-plus\/\" \/>\n<meta property=\"og:site_name\" content=\"Mikrobagry.cz\" \/>\n<meta property=\"article:publisher\" content=\"https:\/\/www.facebook.com\/Mikrobagry.cz\/\" \/>\n<meta property=\"article:modified_time\" content=\"2026-02-20T11:11:33+00:00\" \/>\n<meta property=\"og:image\" content=\"https:\/\/mikrobagry.cz\/wp-content\/uploads\/2023\/03\/DP-82-P-rofi.jpg\" \/>\n\t<meta property=\"og:image:width\" content=\"1000\" \/>\n\t<meta property=\"og:image:height\" content=\"750\" \/>\n\t<meta property=\"og:image:type\" content=\"image\/jpeg\" \/>\n<meta name=\"twitter:card\" content=\"summary_large_image\" \/>\n<meta name=\"twitter:label1\" content=\"Dur\u00e9e de lecture estim\u00e9e\" \/>\n\t<meta name=\"twitter:data1\" content=\"1 minute\" \/>\n<script type=\"application\/ld+json\" class=\"yoast-schema-graph\">{\"@context\":\"https:\/\/schema.org\",\"@graph\":[{\"@type\":\"WebPage\",\"@id\":\"https:\/\/mikrobagry.cz\/obchod\/dumper-dp-82-profi-plus\/\",\"url\":\"https:\/\/mikrobagry.cz\/obchod\/dumper-dp-82-profi-plus\/\",\"name\":\"Dumper DP-82 P-rofi+ - Mikrobagry.cz\",\"isPartOf\":{\"@id\":\"https:\/\/mikrobagry.cz\/#website\"},\"primaryImageOfPage\":{\"@id\":\"https:\/\/mikrobagry.cz\/obchod\/dumper-dp-82-profi-plus\/#primaryimage\"},\"image\":{\"@id\":\"https:\/\/mikrobagry.cz\/obchod\/dumper-dp-82-profi-plus\/#primaryimage\"},\"thumbnailUrl\":\"https:\/\/mikrobagry.cz\/wp-content\/uploads\/2023\/03\/DP-82-P-rofi.jpg\",\"datePublished\":\"2018-12-04T20:11:46+00:00\",\"dateModified\":\"2026-02-20T11:11:33+00:00\",\"description\":\"Dumper DP-82-P+ je v\u00fdkonn\u00fd dumper s motorem 14HP typu K\u00f6hler (USA). Dumper je osazen\u00fd samonakl\u00e1da\u010di lopatou, radlickou, stup\u00ednkem, k\u0161iltem.\",\"breadcrumb\":{\"@id\":\"https:\/\/mikrobagry.cz\/obchod\/dumper-dp-82-profi-plus\/#breadcrumb\"},\"inLanguage\":\"fr-FR\",\"potentialAction\":[{\"@type\":\"ReadAction\",\"target\":[\"https:\/\/mikrobagry.cz\/obchod\/dumper-dp-82-profi-plus\/\"]}]},{\"@type\":\"ImageObject\",\"inLanguage\":\"fr-FR\",\"@id\":\"https:\/\/mikrobagry.cz\/obchod\/dumper-dp-82-profi-plus\/#primaryimage\",\"url\":\"https:\/\/mikrobagry.cz\/wp-content\/uploads\/2023\/03\/DP-82-P-rofi.jpg\",\"contentUrl\":\"https:\/\/mikrobagry.cz\/wp-content\/uploads\/2023\/03\/DP-82-P-rofi.jpg\",\"width\":1000,\"height\":750,\"caption\":\"Dumper DP-82 je v\u00fdkonn\u00fd. S\u00e1m o sob\u011b v\u00e1\u017e\u00ed 720 kg. Robustn\u00ed konstrukce\"},{\"@type\":\"BreadcrumbList\",\"@id\":\"https:\/\/mikrobagry.cz\/obchod\/dumper-dp-82-profi-plus\/#breadcrumb\",\"itemListElement\":[{\"@type\":\"ListItem\",\"position\":1,\"name\":\"Dom\u016f\",\"item\":\"https:\/\/mikrobagry.cz\/\"},{\"@type\":\"ListItem\",\"position\":2,\"name\":\"Produkty\",\"item\":\"https:\/\/mikrobagry.cz\/shop\/\"},{\"@type\":\"ListItem\",\"position\":3,\"name\":\"Dumper DP-82 P-rofi+\"}]},{\"@type\":\"WebSite\",\"@id\":\"https:\/\/mikrobagry.cz\/#website\",\"url\":\"https:\/\/mikrobagry.cz\/\",\"name\":\"Mikrobagry.cz\",\"description\":\"Dal\u0161\u00ed web pou\u017e\u00edvaj\u00edc\u00ed WordPress\",\"potentialAction\":[{\"@type\":\"SearchAction\",\"target\":{\"@type\":\"EntryPoint\",\"urlTemplate\":\"https:\/\/mikrobagry.cz\/?s={search_term_string}\"},\"query-input\":{\"@type\":\"PropertyValueSpecification\",\"valueRequired\":true,\"valueName\":\"search_term_string\"}}],\"inLanguage\":\"fr-FR\"}]}<\/script>\n<!-- \/ Yoast SEO plugin. -->","yoast_head_json":{"title":"Dumper DP-82 P-rofi+ - Mikrobagry.cz","description":"Dumper DP-82-P+ je v\u00fdkonn\u00fd dumper s motorem 14HP typu K\u00f6hler (USA). Dumper je osazen\u00fd samonakl\u00e1da\u010di lopatou, radlickou, stup\u00ednkem, k\u0161iltem.","robots":{"index":"index","follow":"follow","max-snippet":"max-snippet:-1","max-image-preview":"max-image-preview:large","max-video-preview":"max-video-preview:-1"},"canonical":"https:\/\/mikrobagry.cz\/fr\/obchod\/dumper-dp-82-profi-plus\/","og_locale":"fr_FR","og_type":"article","og_title":"Dumper DP-82 P-rofi+ - Mikrobagry.cz","og_description":"Dumper DP-82-P+ je v\u00fdkonn\u00fd dumper s motorem 14HP typu K\u00f6hler (USA). Dumper je osazen\u00fd samonakl\u00e1da\u010di lopatou, radlickou, stup\u00ednkem, k\u0161iltem.","og_url":"https:\/\/mikrobagry.cz\/fr\/obchod\/dumper-dp-82-profi-plus\/","og_site_name":"Mikrobagry.cz","article_publisher":"https:\/\/www.facebook.com\/Mikrobagry.cz\/","article_modified_time":"2026-02-20T11:11:33+00:00","og_image":[{"width":1000,"height":750,"url":"https:\/\/mikrobagry.cz\/wp-content\/uploads\/2023\/03\/DP-82-P-rofi.jpg","type":"image\/jpeg"}],"twitter_card":"summary_large_image","twitter_misc":{"Dur\u00e9e de lecture estim\u00e9e":"1 minute"},"schema":{"@context":"https:\/\/schema.org","@graph":[{"@type":"WebPage","@id":"https:\/\/mikrobagry.cz\/obchod\/dumper-dp-82-profi-plus\/","url":"https:\/\/mikrobagry.cz\/obchod\/dumper-dp-82-profi-plus\/","name":"Dumper DP-82 P-rofi+ - Mikrobagry.cz","isPartOf":{"@id":"https:\/\/mikrobagry.cz\/#website"},"primaryImageOfPage":{"@id":"https:\/\/mikrobagry.cz\/obchod\/dumper-dp-82-profi-plus\/#primaryimage"},"image":{"@id":"https:\/\/mikrobagry.cz\/obchod\/dumper-dp-82-profi-plus\/#primaryimage"},"thumbnailUrl":"https:\/\/mikrobagry.cz\/wp-content\/uploads\/2023\/03\/DP-82-P-rofi.jpg","datePublished":"2018-12-04T20:11:46+00:00","dateModified":"2026-02-20T11:11:33+00:00","description":"Dumper DP-82-P+ je v\u00fdkonn\u00fd dumper s motorem 14HP typu K\u00f6hler (USA). Dumper je osazen\u00fd samonakl\u00e1da\u010di lopatou, radlickou, stup\u00ednkem, k\u0161iltem.","breadcrumb":{"@id":"https:\/\/mikrobagry.cz\/obchod\/dumper-dp-82-profi-plus\/#breadcrumb"},"inLanguage":"fr-FR","potentialAction":[{"@type":"ReadAction","target":["https:\/\/mikrobagry.cz\/obchod\/dumper-dp-82-profi-plus\/"]}]},{"@type":"ImageObject","inLanguage":"fr-FR","@id":"https:\/\/mikrobagry.cz\/obchod\/dumper-dp-82-profi-plus\/#primaryimage","url":"https:\/\/mikrobagry.cz\/wp-content\/uploads\/2023\/03\/DP-82-P-rofi.jpg","contentUrl":"https:\/\/mikrobagry.cz\/wp-content\/uploads\/2023\/03\/DP-82-P-rofi.jpg","width":1000,"height":750,"caption":"Dumper DP-82 je v\u00fdkonn\u00fd. S\u00e1m o sob\u011b v\u00e1\u017e\u00ed 720 kg. Robustn\u00ed konstrukce"},{"@type":"BreadcrumbList","@id":"https:\/\/mikrobagry.cz\/obchod\/dumper-dp-82-profi-plus\/#breadcrumb","itemListElement":[{"@type":"ListItem","position":1,"name":"Dom\u016f","item":"https:\/\/mikrobagry.cz\/"},{"@type":"ListItem","position":2,"name":"Produkty","item":"https:\/\/mikrobagry.cz\/shop\/"},{"@type":"ListItem","position":3,"name":"Dumper DP-82 P-rofi+"}]},{"@type":"WebSite","@id":"https:\/\/mikrobagry.cz\/#website","url":"https:\/\/mikrobagry.cz\/","name":"Mikrobagry.cz","description":"Dal\u0161\u00ed web pou\u017e\u00edvaj\u00edc\u00ed WordPress","potentialAction":[{"@type":"SearchAction","target":{"@type":"EntryPoint","urlTemplate":"https:\/\/mikrobagry.cz\/?s={search_term_string}"},"query-input":{"@type":"PropertyValueSpecification","valueRequired":true,"valueName":"search_term_string"}}],"inLanguage":"fr-FR"}]}},"_links":{"self":[{"href":"https:\/\/mikrobagry.cz\/fr\/wp-json\/wp\/v2\/product\/2492","targetHints":{"allow":["GET"]}}],"collection":[{"href":"https:\/\/mikrobagry.cz\/fr\/wp-json\/wp\/v2\/product"}],"about":[{"href":"https:\/\/mikrobagry.cz\/fr\/wp-json\/wp\/v2\/types\/product"}],"replies":[{"embeddable":true,"href":"https:\/\/mikrobagry.cz\/fr\/wp-json\/wp\/v2\/comments?post=2492"}],"wp:featuredmedia":[{"embeddable":true,"href":"https:\/\/mikrobagry.cz\/fr\/wp-json\/wp\/v2\/media\/6315"}],"wp:attachment":[{"href":"https:\/\/mikrobagry.cz\/fr\/wp-json\/wp\/v2\/media?parent=2492"}],"wp:term":[{"taxonomy":"product_cat","embeddable":true,"href":"https:\/\/mikrobagry.cz\/fr\/wp-json\/wp\/v2\/product_cat?post=2492"},{"taxonomy":"product_tag","embeddable":true,"href":"https:\/\/mikrobagry.cz\/fr\/wp-json\/wp\/v2\/product_tag?post=2492"}],"curies":[{"name":"wp","href":"https:\/\/api.w.org\/{rel}","templated":true}]}}