{"id":855,"date":"2016-04-25T17:04:56","date_gmt":"2016-04-25T17:04:56","guid":{"rendered":"http:\/\/industry.saturnthemes.com\/?page_id=855"},"modified":"2026-01-03T11:34:57","modified_gmt":"2026-01-03T10:34:57","slug":"kontaktujte-nas","status":"publish","type":"page","link":"https:\/\/mikrobagry.cz\/fr\/kontaktujte-nas\/","title":{"rendered":"Contactez nous"},"content":{"rendered":"<section class=\"wpb-content-wrapper\"><div data-vc-full-width=\"true\" data-vc-full-width-init=\"false\" data-vc-stretch-content=\"true\" class=\"vc_row wpb_row vc_row-fluid vc_custom_1651875836164 vc_row-no-padding\" data-wow-delay=\"0s\"><div class=\"wpb_column vc_column_container vc_col-sm-12\" data-wow-delay=\"0s\"><div class=\"vc_column-inner\"><div class=\"wpb_wrapper\">\n\t<div  class=\"wpb_single_image wpb_content_element vc_align_left  vc_custom_1663598413301\">\n\t\t\n\t\t<figure class=\"wpb_wrapper vc_figure\">\n\t\t\t<div class=\"vc_single_image-wrapper   vc_box_border_grey\"><img loading=\"lazy\" decoding=\"async\" width=\"2543\" height=\"340\" src=\"https:\/\/mikrobagry.cz\/wp-content\/uploads\/2022\/09\/bg-row.jpg\" class=\"vc_single_image-img attachment-full\" alt=\"\" title=\"fr-row\" srcset=\"https:\/\/mikrobagry.cz\/wp-content\/uploads\/2022\/09\/bg-row.jpg 2543w, https:\/\/mikrobagry.cz\/wp-content\/uploads\/2022\/09\/bg-row-300x40.jpg 300w, https:\/\/mikrobagry.cz\/wp-content\/uploads\/2022\/09\/bg-row-1024x137.jpg 1024w, https:\/\/mikrobagry.cz\/wp-content\/uploads\/2022\/09\/bg-row-768x103.jpg 768w, https:\/\/mikrobagry.cz\/wp-content\/uploads\/2022\/09\/bg-row-1536x205.jpg 1536w, https:\/\/mikrobagry.cz\/wp-content\/uploads\/2022\/09\/bg-row-2048x274.jpg 2048w, https:\/\/mikrobagry.cz\/wp-content\/uploads\/2022\/09\/bg-row-1170x156.jpg 1170w, https:\/\/mikrobagry.cz\/wp-content\/uploads\/2022\/09\/bg-row-270x36.jpg 270w, https:\/\/mikrobagry.cz\/wp-content\/uploads\/2022\/09\/bg-row-503x67.jpg 503w\" sizes=\"auto, (max-width: 2543px) 100vw, 2543px\" \/><\/div>\n\t\t<\/figure>\n\t<\/div>\n<\/div><\/div><\/div><\/div><div class=\"vc_row-full-width\"><\/div><div class=\"vc_row wpb_row vc_row-fluid vc_custom_1511399458195\" data-wow-delay=\"0s\"><div class=\"wpb_column vc_column_container vc_col-sm-6\" data-wow-delay=\"0s\"><div class=\"vc_column-inner\"><div class=\"wpb_wrapper\"><div  class=\"vc_custom_heading\"><p style=\"color:rgba(0,0,0,0.4);\"><\/p><h2 style=\"text-align: left;font-weight: 700;font-style: normal;text-transform: none\">Informations sur les contacts<\/h2><\/div><div class=\"vc_row wpb_row vc_inner vc_row-fluid\" data-wow-delay=\"0s\"><div class=\"wpb_column vc_column_container vc_col-sm-6\" data-wow-delay=\"0s\"><div class=\"vc_column-inner\"><div class=\"wpb_wrapper\">\n\t<div class=\"wpb_text_column wpb_content_element\" >\n\t\t<div class=\"wpb_wrapper\">\n\t\t\t<p><strong>Salle de production :<\/strong><br \/>\nBl\u00ed\u017ekovice 351,<br \/>\n671 55 Bl\u00ed\u017ekovice<\/p>\n<p><strong>Entreprise :<\/strong><br \/>\nLUTY, s. r. o.<br \/>\nBl\u00ed\u017ekovice 351,<br \/>\n671 55 Bl\u00ed\u017ekovice<br \/>\nID : 052 51 435<br \/>\nDIC : CZ05251435<\/p>\n\n\t\t<\/div>\n\t<\/div>\n<\/div><\/div><\/div><div class=\"wpb_column vc_column_container vc_col-sm-6\" data-wow-delay=\"0s\"><div class=\"vc_column-inner\"><div class=\"wpb_wrapper\">\n\t<div class=\"wpb_text_column wpb_content_element\" >\n\t\t<div class=\"wpb_wrapper\">\n\t\t\t<p><strong>Heures d'ouverture : \u00a0<\/strong><br \/>\nDu lundi au vendredi (sauf jours f\u00e9ri\u00e9s)<br \/>\n8:00 &#8211; 16:00<\/p>\n<p>5.1.2026 &#8211; 31.1.2026 : OMEZEN\u00dd PROVOZ &#8211; INVENTURY<\/p>\n<p><strong>Courriel :<\/strong><br \/>\n<a href=\"mailto:info@mikrobagry.cz\">info@mikrobagry.cz<\/a><br \/>\nTel : + 420 733 607 138<br \/>\nTel : + 420 605 514 068<br \/>\nTel : + 420 605 534 016<\/p>\n\n\t\t<\/div>\n\t<\/div>\n<\/div><\/div><\/div><\/div><div class=\"vc_btn3-container vc_btn3-left vc_custom_1648673961883\" ><a class=\"vc_general vc_btn3 vc_btn3-size-md vc_btn3-shape-square vc_btn3-style-modern vc_btn3-icon-left vc_btn3-color-primary\" href=\"https:\/\/www.google.com\/maps\/dir\/\/Bl%C3%AD%C5%BEkovice+351+671+55+Bl%C3%AD%C5%BEkovice\/@49.001951,15.8390806,11z\/data=!4m5!4m4!1m0!1m2!1m1!1s0x470d4de345d5633f:0xe4722efa59be6ee5\" title=\"\" target=\"_blank\"><i class=\"vc_btn3-icon fas fa-location-arrow\"><\/i> Naviguer directement vers nous<\/a><\/div><\/div><\/div><\/div><div class=\"wpb_column vc_column_container vc_col-sm-6\" data-wow-delay=\"0s\"><div class=\"vc_column-inner\"><div class=\"wpb_wrapper\"><div  class=\"vc_custom_heading\"><p style=\"color:rgba(0,0,0,0.4);\"><\/p><h2 style=\"text-align: left;font-weight: 700;font-style: normal;text-transform: none\">Zone de production<\/h2><\/div>\n\t<div class=\"wpb_text_column wpb_content_element\" >\n\t\t<div class=\"wpb_wrapper\">\n\t\t\t<div style=\"width: 100%;\"><iframe loading=\"lazy\" src=\"https:\/\/maps.google.com\/maps?width=100%&amp;height=350&amp;hl=en&amp;q=Bl%C3%AD%C5%BEkovice%20351+(Mikrobagry.cz)&amp;ie=UTF8&amp;t=&amp;z=11&amp;iwloc=B&amp;output=embed\" width=\"100%\" height=\"350\" frameborder=\"0\" marginwidth=\"0\" marginheight=\"0\" scrolling=\"no\"><\/iframe><\/div>\n\n\t\t<\/div>\n\t<\/div>\n<\/div><\/div><\/div><\/div><div class=\"vc_row wpb_row vc_row-fluid vc_custom_1520112530562\" data-wow-delay=\"0s\"><div class=\"wpb_column vc_column_container vc_col-sm-12\" data-wow-delay=\"0s\"><div class=\"vc_column-inner\"><div class=\"wpb_wrapper\"><div class=\"vc_row wpb_row vc_inner vc_row-fluid\" data-wow-delay=\"0s\"><div class=\"wpb_column vc_column_container vc_col-sm-6\" data-wow-delay=\"0s\"><div class=\"vc_column-inner\"><div class=\"wpb_wrapper\"><div  class=\"vc_custom_heading vc_custom_1648674037981\"><p style=\"color:rgba(0,0,0,0.4);\"><\/p><h2 style=\"text-align: left;font-weight: 700;font-style: normal;text-transform: none\">Nous sommes l\u00e0 pour vous<\/h2><\/div>\n\t<div class=\"wpb_text_column wpb_content_element\" >\n\t\t<div class=\"wpb_wrapper\">\n\t\t\t<p><strong>Bc. Martin Lutovsk\u00fd, <\/strong>Service \u00e0 la client\u00e8le, vente et service<br \/>\nTel : +420 733 607 138 | lutovsky@mikrobagry.cz<\/p>\n\n\t\t<\/div>\n\t<\/div>\n\n\t<div class=\"wpb_text_column wpb_content_element  vc_custom_1732638628661\" >\n\t\t<div class=\"wpb_wrapper\">\n\t\t\t<p><strong>Libor Sobotka<\/strong>Conseiller technique<br \/>\nTel : +420 544 527 571 | libor.sobotka@mikrobagry.cz<\/p>\n<p>&#8222;<em>C'est un homme formidable, sympathique et serviable pour les clients. L'entreprise appr\u00e9cie Libor pour ses comp\u00e9tences et son professionnalisme. Libor a notre confiance<\/em>&#8222;.<\/p>\n\n\t\t<\/div>\n\t<\/div>\n\n\t<div class=\"wpb_text_column wpb_content_element  vc_custom_1732638647763\" >\n\t\t<div class=\"wpb_wrapper\">\n\t\t\t<p><strong>Stanislav Hladik<\/strong>Assembleur de machines neuves<br \/>\nTel : +420 544 527 571 | stanislav.hladik@mikrobagry.cz<\/p>\n<p><em>\"Il est important pour Stand que les machines destin\u00e9es \u00e0 nos clients soient irr\u00e9prochables et parfaitement fabriqu\u00e9es. Standa est m\u00e9ticuleux et exige la m\u00eame chose de ses subordonn\u00e9s\".<\/em><\/p>\n\n\t\t<\/div>\n\t<\/div>\n\n\t<div class=\"wpb_text_column wpb_content_element  vc_custom_1648674131978\" >\n\t\t<div class=\"wpb_wrapper\">\n\t\t\t<p><strong>Martina Lutovsk\u00e1<\/strong>, le service comptabilit\u00e9 et la meilleure \u00e9pouse \ud83d\ude42 .<br \/>\nlutovska@mikrobagry.cz<\/p>\n<p><em>\"Qu'est-ce que je peux dire, Marta est vraiment g\u00e9niale. Elle aime s'occuper des employ\u00e9s et pas seulement d'eux. Elle tient \u00e0 ce que tous les membres de l'entreprise se sentent bien. Merci !\"<\/em><\/p>\n\n\t\t<\/div>\n\t<\/div>\n<\/div><\/div><\/div><div class=\"wpb_column vc_column_container vc_col-sm-6\" data-wow-delay=\"0s\"><div class=\"vc_column-inner\"><div class=\"wpb_wrapper\">\n\t<div  class=\"wpb_single_image wpb_content_element vc_align_center\">\n\t\t\n\t\t<figure class=\"wpb_wrapper vc_figure\">\n\t\t\t<div class=\"vc_single_image-wrapper   vc_box_border_grey\"><img loading=\"lazy\" decoding=\"async\" width=\"1024\" height=\"768\" src=\"https:\/\/mikrobagry.cz\/wp-content\/uploads\/2022\/09\/EB8F3D51-1E68-42F0-91D4-79861632593A_1_105_c.jpg\" class=\"vc_single_image-img attachment-large\" alt=\"\" title=\"EB8F3D51-1E68-42F0-91D4-79861632593A_1_105_c\" srcset=\"https:\/\/mikrobagry.cz\/wp-content\/uploads\/2022\/09\/EB8F3D51-1E68-42F0-91D4-79861632593A_1_105_c.jpg 1024w, https:\/\/mikrobagry.cz\/wp-content\/uploads\/2022\/09\/EB8F3D51-1E68-42F0-91D4-79861632593A_1_105_c-300x225.jpg 300w, https:\/\/mikrobagry.cz\/wp-content\/uploads\/2022\/09\/EB8F3D51-1E68-42F0-91D4-79861632593A_1_105_c-768x576.jpg 768w, https:\/\/mikrobagry.cz\/wp-content\/uploads\/2022\/09\/EB8F3D51-1E68-42F0-91D4-79861632593A_1_105_c-270x203.jpg 270w, https:\/\/mikrobagry.cz\/wp-content\/uploads\/2022\/09\/EB8F3D51-1E68-42F0-91D4-79861632593A_1_105_c-503x377.jpg 503w\" sizes=\"auto, (max-width: 1024px) 100vw, 1024px\" \/><\/div>\n\t\t<\/figure>\n\t<\/div>\n<\/div><\/div><\/div><\/div><\/div><\/div><\/div><\/div><div data-vc-full-width=\"true\" data-vc-full-width-init=\"false\" class=\"vc_row wpb_row vc_row-fluid vc_custom_1489973432068 vc_row-has-fill\" data-wow-delay=\"0s\"><div class=\"wpb_column vc_column_container vc_col-sm-12\" data-wow-delay=\"0s\"><div class=\"vc_column-inner\"><div class=\"wpb_wrapper\"><div  class=\"vc_custom_heading heading\"><p style=\"color:rgba(0,0,0,0.4);\">Vous voulez poser une question rapide ? Vous avez une question \u00e0 poser ?<\/p><h2 style=\"font-size: 30px;line-height: 1.2;text-align: left;font-weight: 700;font-style: normal;text-transform: uppercase\">Utiliser le formulaire de contact<\/h2><\/div>\n<div class=\"wpcf7 no-js\" id=\"wpcf7-f83-o1\" lang=\"en-US\" dir=\"ltr\" data-wpcf7-id=\"83\">\n<div class=\"screen-reader-response\"><p role=\"status\" aria-live=\"polite\" aria-atomic=\"true\"><\/p> <ul><\/ul><\/div>\n<form action=\"\/fr\/wp-json\/wp\/v2\/pages\/855#wpcf7-f83-o1\" method=\"post\" class=\"wpcf7-form init\" aria-label=\"Contact form\" novalidate=\"novalidate\" data-status=\"init\" data-trp-original-action=\"\/fr\/wp-json\/wp\/v2\/pages\/855#wpcf7-f83-o1\">\n<div style=\"display: none;\">\n<input type=\"hidden\" name=\"_wpcf7\" value=\"83\" \/>\n<input type=\"hidden\" name=\"_wpcf7_version\" value=\"6.0.6\" \/>\n<input type=\"hidden\" name=\"_wpcf7_locale\" value=\"en_US\" \/>\n<input type=\"hidden\" name=\"_wpcf7_unit_tag\" value=\"wpcf7-f83-o1\" \/>\n<input type=\"hidden\" name=\"_wpcf7_container_post\" value=\"0\" \/>\n<input type=\"hidden\" name=\"_wpcf7_posted_data_hash\" value=\"\" \/>\n<\/div>\n<div class=\"row\">\n\t<div class=\"col-sm-6\">\n\t\t<p><br \/>\n<span class=\"wpcf7-form-control-wrap\" data-name=\"your-name\"><input size=\"40\" maxlength=\"400\" class=\"wpcf7-form-control wpcf7-text wpcf7-validates-as-required\" aria-required=\"true\" aria-invalid=\"false\" placeholder=\"Votre nom (obligatoire)\" value=\"\" type=\"text\" name=\"your-name\" \/><\/span>\n\t\t<\/p>\n\t\t<p><br \/>\n<span class=\"wpcf7-form-control-wrap\" data-name=\"your-email\"><input size=\"40\" maxlength=\"400\" class=\"wpcf7-form-control wpcf7-email wpcf7-validates-as-required wpcf7-text wpcf7-validates-as-email\" aria-required=\"true\" aria-invalid=\"false\" placeholder=\"Votre email (obligatoire)\" value=\"\" type=\"email\" name=\"your-email\" \/><\/span>\n\t\t<\/p>\n\t\t<p><br \/>\n<span class=\"wpcf7-form-control-wrap\" data-name=\"tel-377\"><input size=\"40\" maxlength=\"400\" class=\"wpcf7-form-control wpcf7-tel wpcf7-text wpcf7-validates-as-tel\" aria-invalid=\"false\" placeholder=\"T\u00e9l\u00e9phone\" value=\"\" type=\"tel\" name=\"tel-377\" \/><\/span>\n\t\t<\/p>\n\t\t<p><br \/>\n<span class=\"wpcf7-form-control-wrap\" data-name=\"your-subject\"><input size=\"40\" maxlength=\"400\" class=\"wpcf7-form-control wpcf7-text\" aria-invalid=\"false\" placeholder=\"Sujet\" value=\"\" type=\"text\" name=\"your-subject\" \/><\/span>\n\t\t<\/p>\n\t\t<p><input class=\"wpcf7-form-control wpcf7-submit has-spinner button primary-button\" type=\"submit\" value=\"Envoyer \u00e0\" \/>\n\t\t<\/p>\n\t<\/div>\n\t<div class=\"col-sm-6\">\n\t\t<p><br \/>\n<span class=\"wpcf7-form-control-wrap\" data-name=\"your-message\"><textarea cols=\"40\" rows=\"10\" maxlength=\"2000\" class=\"wpcf7-form-control wpcf7-textarea\" aria-invalid=\"false\" placeholder=\"Rapport\" name=\"your-message\"><\/textarea><\/span>\n\t\t<\/p>\n\t<\/div>\n<\/div><p style=\"display: none !important;\" class=\"akismet-fields-container\" data-prefix=\"_wpcf7_ak_\"><label>&#916;<textarea name=\"_wpcf7_ak_hp_textarea\" cols=\"45\" rows=\"8\" maxlength=\"100\"><\/textarea><\/label><input type=\"hidden\" id=\"ak_js_1\" name=\"_wpcf7_ak_js\" value=\"24\"\/><script>document.getElementById( \"ak_js_1\" ).setAttribute( \"value\", ( new Date() ).getTime() );<\/script><\/p><input type='hidden' class='wpcf7-pum' value='{\"closepopup\":false,\"closedelay\":0,\"openpopup\":false,\"openpopup_id\":0}' \/><div class=\"wpcf7-response-output\" aria-hidden=\"true\"><\/div>\n<input type=\"hidden\" name=\"trp-form-language\" value=\"fr\"\/><\/form>\n<\/div>\n<\/div><\/div><\/div><\/div><div class=\"vc_row-full-width\"><\/div><div class=\"vc_row wpb_row vc_row-fluid vc_custom_1692980974703\" data-wow-delay=\"0s\"><div class=\"wpb_column vc_column_container vc_col-sm-12\" data-wow-delay=\"0s\"><div class=\"vc_column-inner\"><div class=\"wpb_wrapper\">\n\t<div  class=\"wpb_single_image wpb_content_element vc_align_center\">\n\t\t\n\t\t<figure class=\"wpb_wrapper vc_figure\">\n\t\t\t<div class=\"vc_single_image-wrapper   vc_box_border_grey\"><img loading=\"lazy\" decoding=\"async\" class=\"vc_single_image-img\" src=\"https:\/\/mikrobagry.cz\/wp-content\/uploads\/2023\/08\/eu-380x500.jpg\" width=\"380\" height=\"500\" alt=\"eu\" title=\"eu\" \/><\/div>\n\t\t<\/figure>\n\t<\/div>\n<\/div><\/div><\/div><\/div>\n<\/section>","protected":false},"excerpt":{"rendered":"Kontaktn\u00ed informace V\u00fdrobn\u00ed hala: Bl\u00ed\u017ekovice 351, 671 55 Bl\u00ed\u017ekovice Spole\u010dnost: LUTY, s. r. o. Bl\u00ed\u017ekovice 351, 671 55 Bl\u00ed\u017ekovice I\u010c : 052 51 435 DI\u010c : CZ05251435 Otev\u00edrac\u00ed doba: \u00a0 Po - P\u00e1 (mimo sv\u00e1tky) 8:00 - 16:00 5.1.2026 - 31.1.2026 : OMEZEN\u00dd PROVOZ - INVENTURY Email: info@mikrobagry.cz Tel.: + 420 733 607 138 Tel.: + 420 605 514 068 Tel.: + 420 605 534 016 Navigovat rovnou k n\u00e1mV\u00fdrobn\u00ed are\u00e1l Jsme tu pro v\u00e1s Bc. Martin Lutovsk\u00fd, P\u00e9\u010de o z\u00e1kazn\u00edky, prodej a servis tel.: +420 733 607 138\u00a0| lutovsky@mikrobagry.cz Libor Sobotka, Technick\u00fd poradce tel.: +420 544 527 571 | libor.sobotka@mikrobagry.cz \"Skv\u011bl\u00fd \u010dlov\u011bk, vst\u0159\u00edcn\u00fd, ochotn\u00fd k z\u00e1kazn\u00edk\u016fm. Firma si Libora pova\u017euje za jeho \u0161ikovnost a profesionalitu. Libor m\u00e1 na\u0161i d\u016fv\u011bru\". Stanislav Hlad\u00edk, Mont\u00e1\u017en\u00ed technik nov\u00fdch stroj\u016f tel.: +420 544 527 571 | stanislav.hladik@mikrobagry.cz \"Standovi z\u00e1le\u017e\u00ed na tom, aby stroje pro na\u0161e z\u00e1kazn\u00edky byly bez chyb a dokonale zpracovan\u00e9. Standa je pe\u010dliv\u00fd a to sam\u00e9 vy\u017eaduje od sv\u00fdch pod\u0159\u00edzen\u00fdch.\" Martina Lutovsk\u00e1, \u00fa\u010detn\u00ed odd\u011blen\u00ed a nejlep\u0161\u00ed man\u017eelka :) lutovska@mikrobagry.cz \"Co \u0159\u00edci, Mar\u0165a je v\u00e1\u017en\u011b skv\u011bl\u00e1. R\u00e1da pe\u010duje o zam\u011bstnance a nejen o n\u011b. M\u00e1 z\u00e1jem na tom, aby se v\u0161ichni ve firm\u011b c\u00edtili fajn. D\u011bkujeme!\" Chcete se rychle na n\u011bco zeptat? M\u00e1te [...]","protected":false},"author":1,"featured_media":0,"parent":0,"menu_order":0,"comment_status":"closed","ping_status":"closed","template":"","meta":{"_acf_changed":false,"footnotes":""},"class_list":["post-855","page","type-page","status-publish","hentry"],"acf":[],"yoast_head":"<!-- This site is optimized with the Yoast SEO plugin v25.7 - https:\/\/yoast.com\/wordpress\/plugins\/seo\/ -->\n<title>Kontaktujte n\u00e1s - poptejte nov\u00fd minibagr \u010di minirypadlo<\/title>\n<meta name=\"description\" content=\"Napi\u0161te n\u00e1m na uveden\u00e9 kontaktn\u00ed \u00fadaje nebo skrze kontaktn\u00ed formul\u00e1\u0159. Objednejte si sv\u016fj minibagr je\u0161t\u011b dnes, r\u00e1di v\u00e1m vyhov\u00edme.\" \/>\n<meta name=\"robots\" content=\"index, follow, max-snippet:-1, max-image-preview:large, max-video-preview:-1\" \/>\n<link rel=\"canonical\" href=\"https:\/\/mikrobagry.cz\/fr\/kontaktujte-nas\/\" \/>\n<meta property=\"og:locale\" content=\"fr_FR\" \/>\n<meta property=\"og:type\" content=\"article\" \/>\n<meta property=\"og:title\" content=\"https:\/\/www.facebook.com\/Mikrobagry.cz\/\" \/>\n<meta property=\"og:description\" content=\"Napi\u0161te n\u00e1m na uveden\u00e9 kontaktn\u00ed \u00fadaje nebo skrze kontaktn\u00ed formul\u00e1\u0159. Objednejte si sv\u016fj minibagr je\u0161t\u011b dnes, r\u00e1di v\u00e1m vyhov\u00edme.\" \/>\n<meta property=\"og:url\" content=\"https:\/\/mikrobagry.cz\/fr\/kontaktujte-nas\/\" \/>\n<meta property=\"og:site_name\" content=\"Mikrobagry.cz\" \/>\n<meta property=\"article:publisher\" content=\"https:\/\/www.facebook.com\/Mikrobagry.cz\/\" \/>\n<meta property=\"article:modified_time\" content=\"2026-01-03T10:34:57+00:00\" \/>\n<meta name=\"twitter:card\" content=\"summary_large_image\" \/>\n<meta name=\"twitter:label1\" content=\"Dur\u00e9e de lecture estim\u00e9e\" \/>\n\t<meta name=\"twitter:data1\" content=\"2 minutes\" \/>\n<script type=\"application\/ld+json\" class=\"yoast-schema-graph\">{\"@context\":\"https:\/\/schema.org\",\"@graph\":[{\"@type\":\"WebPage\",\"@id\":\"https:\/\/mikrobagry.cz\/kontaktujte-nas\/\",\"url\":\"https:\/\/mikrobagry.cz\/kontaktujte-nas\/\",\"name\":\"Kontaktujte n\u00e1s - poptejte nov\u00fd minibagr \u010di minirypadlo\",\"isPartOf\":{\"@id\":\"https:\/\/mikrobagry.cz\/#website\"},\"datePublished\":\"2016-04-25T17:04:56+00:00\",\"dateModified\":\"2026-01-03T10:34:57+00:00\",\"description\":\"Napi\u0161te n\u00e1m na uveden\u00e9 kontaktn\u00ed \u00fadaje nebo skrze kontaktn\u00ed formul\u00e1\u0159. Objednejte si sv\u016fj minibagr je\u0161t\u011b dnes, r\u00e1di v\u00e1m vyhov\u00edme.\",\"breadcrumb\":{\"@id\":\"https:\/\/mikrobagry.cz\/kontaktujte-nas\/#breadcrumb\"},\"inLanguage\":\"fr-FR\",\"potentialAction\":[{\"@type\":\"ReadAction\",\"target\":[\"https:\/\/mikrobagry.cz\/kontaktujte-nas\/\"]}]},{\"@type\":\"BreadcrumbList\",\"@id\":\"https:\/\/mikrobagry.cz\/kontaktujte-nas\/#breadcrumb\",\"itemListElement\":[{\"@type\":\"ListItem\",\"position\":1,\"name\":\"Dom\u016f\",\"item\":\"https:\/\/mikrobagry.cz\/\"},{\"@type\":\"ListItem\",\"position\":2,\"name\":\"Kontaktujte n\u00e1s\"}]},{\"@type\":\"WebSite\",\"@id\":\"https:\/\/mikrobagry.cz\/#website\",\"url\":\"https:\/\/mikrobagry.cz\/\",\"name\":\"Mikrobagry.cz\",\"description\":\"Dal\u0161\u00ed web pou\u017e\u00edvaj\u00edc\u00ed WordPress\",\"potentialAction\":[{\"@type\":\"SearchAction\",\"target\":{\"@type\":\"EntryPoint\",\"urlTemplate\":\"https:\/\/mikrobagry.cz\/?s={search_term_string}\"},\"query-input\":{\"@type\":\"PropertyValueSpecification\",\"valueRequired\":true,\"valueName\":\"search_term_string\"}}],\"inLanguage\":\"fr-FR\"}]}<\/script>\n<!-- \/ Yoast SEO plugin. -->","yoast_head_json":{"title":"Kontaktujte n\u00e1s - poptejte nov\u00fd minibagr \u010di minirypadlo","description":"Napi\u0161te n\u00e1m na uveden\u00e9 kontaktn\u00ed \u00fadaje nebo skrze kontaktn\u00ed formul\u00e1\u0159. Objednejte si sv\u016fj minibagr je\u0161t\u011b dnes, r\u00e1di v\u00e1m vyhov\u00edme.","robots":{"index":"index","follow":"follow","max-snippet":"max-snippet:-1","max-image-preview":"max-image-preview:large","max-video-preview":"max-video-preview:-1"},"canonical":"https:\/\/mikrobagry.cz\/fr\/kontaktujte-nas\/","og_locale":"fr_FR","og_type":"article","og_title":"https:\/\/www.facebook.com\/Mikrobagry.cz\/","og_description":"Napi\u0161te n\u00e1m na uveden\u00e9 kontaktn\u00ed \u00fadaje nebo skrze kontaktn\u00ed formul\u00e1\u0159. Objednejte si sv\u016fj minibagr je\u0161t\u011b dnes, r\u00e1di v\u00e1m vyhov\u00edme.","og_url":"https:\/\/mikrobagry.cz\/fr\/kontaktujte-nas\/","og_site_name":"Mikrobagry.cz","article_publisher":"https:\/\/www.facebook.com\/Mikrobagry.cz\/","article_modified_time":"2026-01-03T10:34:57+00:00","twitter_card":"summary_large_image","twitter_misc":{"Dur\u00e9e de lecture estim\u00e9e":"2 minutes"},"schema":{"@context":"https:\/\/schema.org","@graph":[{"@type":"WebPage","@id":"https:\/\/mikrobagry.cz\/kontaktujte-nas\/","url":"https:\/\/mikrobagry.cz\/kontaktujte-nas\/","name":"Kontaktujte n\u00e1s - poptejte nov\u00fd minibagr \u010di minirypadlo","isPartOf":{"@id":"https:\/\/mikrobagry.cz\/#website"},"datePublished":"2016-04-25T17:04:56+00:00","dateModified":"2026-01-03T10:34:57+00:00","description":"Napi\u0161te n\u00e1m na uveden\u00e9 kontaktn\u00ed \u00fadaje nebo skrze kontaktn\u00ed formul\u00e1\u0159. Objednejte si sv\u016fj minibagr je\u0161t\u011b dnes, r\u00e1di v\u00e1m vyhov\u00edme.","breadcrumb":{"@id":"https:\/\/mikrobagry.cz\/kontaktujte-nas\/#breadcrumb"},"inLanguage":"fr-FR","potentialAction":[{"@type":"ReadAction","target":["https:\/\/mikrobagry.cz\/kontaktujte-nas\/"]}]},{"@type":"BreadcrumbList","@id":"https:\/\/mikrobagry.cz\/kontaktujte-nas\/#breadcrumb","itemListElement":[{"@type":"ListItem","position":1,"name":"Dom\u016f","item":"https:\/\/mikrobagry.cz\/"},{"@type":"ListItem","position":2,"name":"Kontaktujte n\u00e1s"}]},{"@type":"WebSite","@id":"https:\/\/mikrobagry.cz\/#website","url":"https:\/\/mikrobagry.cz\/","name":"Mikrobagry.cz","description":"Dal\u0161\u00ed web pou\u017e\u00edvaj\u00edc\u00ed WordPress","potentialAction":[{"@type":"SearchAction","target":{"@type":"EntryPoint","urlTemplate":"https:\/\/mikrobagry.cz\/?s={search_term_string}"},"query-input":{"@type":"PropertyValueSpecification","valueRequired":true,"valueName":"search_term_string"}}],"inLanguage":"fr-FR"}]}},"_links":{"self":[{"href":"https:\/\/mikrobagry.cz\/fr\/wp-json\/wp\/v2\/pages\/855","targetHints":{"allow":["GET"]}}],"collection":[{"href":"https:\/\/mikrobagry.cz\/fr\/wp-json\/wp\/v2\/pages"}],"about":[{"href":"https:\/\/mikrobagry.cz\/fr\/wp-json\/wp\/v2\/types\/page"}],"author":[{"embeddable":true,"href":"https:\/\/mikrobagry.cz\/fr\/wp-json\/wp\/v2\/users\/1"}],"replies":[{"embeddable":true,"href":"https:\/\/mikrobagry.cz\/fr\/wp-json\/wp\/v2\/comments?post=855"}],"version-history":[{"count":0,"href":"https:\/\/mikrobagry.cz\/fr\/wp-json\/wp\/v2\/pages\/855\/revisions"}],"wp:attachment":[{"href":"https:\/\/mikrobagry.cz\/fr\/wp-json\/wp\/v2\/media?parent=855"}],"curies":[{"name":"wp","href":"https:\/\/api.w.org\/{rel}","templated":true}]}}