{"id":1696,"date":"2017-03-28T22:54:38","date_gmt":"2017-03-28T20:54:38","guid":{"rendered":"http:\/\/mikrobagry.cz\/?page_id=1696"},"modified":"2023-05-26T00:00:21","modified_gmt":"2023-05-25T22:00:21","slug":"jak-vydelat-s-novym-minirypadlem","status":"publish","type":"page","link":"https:\/\/mikrobagry.cz\/fr\/jak-vydelat-s-novym-minirypadlem\/","title":{"rendered":"B\u00e9n\u00e9fices avec microbagger"},"content":{"rendered":"<section class=\"wpb-content-wrapper\"><div class=\"vc_row wpb_row vc_row-fluid\" data-wow-delay=\"0s\"><div class=\"wpb_column vc_column_container vc_col-sm-12\" data-wow-delay=\"0s\"><div class=\"vc_column-inner\"><div class=\"wpb_wrapper\"><section class=\"vc_cta3-container\"><div class=\"vc_general vc_cta3 vc_cta3-style-classic vc_cta3-shape-rounded vc_cta3-align-left vc_cta3-color-classic vc_cta3-icon-size-md\"><div class=\"vc_cta3_content-container\"><div class=\"vc_cta3-content\"><header class=\"vc_cta3-content-header\"><h2>Si vous achetez notre mini-pelle, vous avez toutes les chances d'en tirer un b\u00e9n\u00e9fice.<\/h2><h4>Vous aimerez cette machine pour sa simplicit\u00e9 et sa facilit\u00e9 d'utilisation.<\/h4><\/header><p>Non seulement vous effectuerez de nombreux travaux autour de votre maison avec une pelleteuse, mais vous serez bient\u00f4t sollicit\u00e9 par des amis, des voisins ou des personnes qui ont besoin de creuser, de percer, de charger, etc. Nous le savons par exp\u00e9rience et c'est pourquoi nous avons pr\u00e9par\u00e9 une liste de prix pour les travaux de mini-pelle qui vous permettra de rentabiliser votre investissement. Si vous pensez pouvoir travailler avec notre mini-pelle, achetez-en une et sachez que vous serez satisfait.<\/p>\n<p>Et n'oubliez pas : \"Mieux vaut une petite pelle qu'une grande\" \ud83d\ude42 .<\/p>\n<\/div><\/div><\/div><\/section><div  class=\"vc_custom_heading vc_custom_1490735106289 heading\"><p style=\"color:rgba(0,0,0,0.4);\">Tarification pour les travaux dans les zones o\u00f9 les gros \u00e9quipements ne sont pas accessibles ou ne peuvent pas \u00eatre utilis\u00e9s pour une raison ou une autre.<\/p><h2 style=\"text-align: left;font-weight: 400;font-style: normal;text-transform: none\">LISTE DE PRIX<\/h2><\/div>\n\t<div class=\"wpb_text_column wpb_content_element\" >\n\t\t<div class=\"wpb_wrapper\">\n\t\t\t<ul>\n<li>Excavation jusqu'\u00e0 une profondeur de 50 cm avec une largeur de tranch\u00e9e au choix (20 cm ou 30 cm) : <strong>100 CZK\/m<\/strong><\/li>\n<li>Excavation jusqu'\u00e0 une profondeur de 60 cm avec une largeur de tranch\u00e9e au choix (20 cm ou 30 cm) : <strong>120 CZK\/m<\/strong><\/li>\n<li>Excavation jusqu'\u00e0 une profondeur de 70 cm avec une largeur de tranch\u00e9e au choix (20 cm ou 30 cm) : <strong>140 CZK\/m<\/strong><\/li>\n<li>Excavation jusqu'\u00e0 une profondeur de 80 cm avec une largeur de tranch\u00e9e au choix (20 cm ou 30 cm) : <strong>160 CZK\/m<\/strong><\/li>\n<li>Excavation jusqu'\u00e0 une profondeur de 90 cm avec une largeur de tranch\u00e9e au choix (20 cm ou 30 cm) : <strong>180 CZK\/m<\/strong><\/li>\n<li>Excavation jusqu'\u00e0 une profondeur de 1 m avec une largeur de tranch\u00e9e au choix (20 cm ou 30 cm) : <strong>200 CZK\/m<\/strong><\/li>\n<li>Excavation jusqu'\u00e0 une profondeur de 1,1 m avec une largeur de tranch\u00e9e au choix (,20 cm ou 30 cm) : <strong>220 CZK\/m<\/strong><\/li>\n<li>Excavation jusqu'\u00e0 une profondeur de 1,2 m avec une largeur de tranch\u00e9e au choix (20 cm ou 30 cm) : <strong>240 CZK\/m<\/strong><\/li>\n<li>Excavation jusqu'\u00e0 une profondeur de 1,3 m avec une largeur de tranch\u00e9e au choix (20 cm ou 30 cm) : <strong>260 CZK\/m<\/strong><\/li>\n<li>Excavation jusqu'\u00e0 une profondeur de 1,4 m avec une largeur de tranch\u00e9e au choix (20 cm ou 30 cm) : <strong>280 CZK\/m<\/strong><\/li>\n<li>Excavation jusqu'\u00e0 une profondeur de 1,5 m avec une largeur de tranch\u00e9e au choix (20 cm ou 30 cm) : <strong>300 CZK\/m<\/strong><\/li>\n<li>Excavation sans transport de terre : <strong>700 CZK\/m3<\/strong><\/li>\n<li>Excavation avec transport de terre jusqu'\u00e0 50 m (vers un conteneur, etc.) : <strong>1.100 CZK\/m3<\/strong><\/li>\n<li>Excavation du sol pour le lit (environ 30 cm) sous le pavage ou l'entr\u00e9e du garage : <strong>150 CZK\/m2<\/strong><\/li>\n<\/ul>\n\n\t\t<\/div>\n\t<\/div>\n<\/div><\/div><\/div><\/div><div class=\"vc_row wpb_row vc_row-fluid vc_custom_1490734911261\" data-wow-delay=\"0s\"><div class=\"wpb_column vc_column_container vc_col-sm-12\" data-wow-delay=\"0s\"><div class=\"vc_column-inner\"><div class=\"wpb_wrapper\"><div  class=\"vc_custom_heading vc_custom_1490735119531 heading\"><p style=\"color:rgba(0,0,0,0.4);\">Avez-vous fait votre choix ?<\/p><h2 style=\"text-align: left;font-weight: 400;font-style: normal;text-transform: none\">D\u00e9couvrez notre gamme de mini-pelles<\/h2><\/div><div class=\"woocommerce columns-3\"><div class=\"row products\">\r\n<div class=\"col-sm-6 col-md-4 product-item\">\r\n\r\n\t<p class=\"after-product\">Configuration P-profi incluse :\r\n<ul>\r\n \t<li><strong>Cuill\u00e8re 30 cm<\/strong><\/li>\r\n \t<li><strong>Contr\u00f4le ergonomique<\/strong><\/li>\r\n \t<li><strong>Creusement hors axe - Hydraulique<\/strong><\/li>\r\n \t<li><strong>Pieds extensibles \u00e0 partir de la lame avant pour une meilleure stabilit\u00e9<\/strong><\/li>\r\n \t<li><strong>Pr\u00e9paration pour les raccords rapides Push Pull<\/strong><\/li>\r\n \t<li><strong>Moteur 9HP<\/strong><\/li>\r\n \t<li><strong>Double pompe 2\u00d73,2cc<\/strong><\/li>\r\n \t<li><strong>Thermom\u00e8tre et jauge d'huile hydraulique<\/strong><\/li>\r\n \t<li><strong>Trhac\u00ed s\u00edla 1,5<\/strong><strong>Tuny<\/strong><\/li>\r\n \t<li><strong>Machine avec cartouches, pr\u00eate \u00e0 l'emploi<\/strong><\/li>\r\n \t<li><strong>Garantie du meilleur prix et de la meilleure qualit\u00e9 de fabrication<\/strong><\/li>\r\n \t<li><strong>Garantie<\/strong><\/li>\r\n \t<li><strong>Bras \u00e0 commande hydraulique pour creuser hors axe<\/strong><\/li>\r\n \t<li><strong>Attache<\/strong><\/li>\r\n \t<li><strong>Eclairage LED, Compteur d'heures<\/strong><\/li>\r\n<\/ul><\/p>\t\t\t<input type=\"hidden\" class=\"wpmProductId\" data-id=\"1738\">\n\t\t\t\t\t<script>\n\t\t\t(window.wpmDataLayer = window.wpmDataLayer || {}).products             = window.wpmDataLayer.products || {};\n\t\t\twindow.wpmDataLayer.products[1738] = {\"id\":\"1738\",\"sku\":\"\",\"price\":198000,\"brand\":\"\",\"quantity\":1,\"dyn_r_ids\":{\"post_id\":\"1738\",\"sku\":1738,\"gpf\":\"woocommerce_gpf_1738\",\"gla\":\"gla_1738\"},\"is_variable\":false,\"type\":\"simple\",\"name\":\"MPT 82-1500 P-rofi\",\"category\":[\"Minibagry a dumpery\"],\"is_variation\":false};\n\t\t\t\t\twindow.pmw_product_position = window.pmw_product_position || 1;\n\t\twindow.wpmDataLayer.products[1738]['position'] = window.pmw_product_position++;\n\t\t\t\t<\/script>\n\t\t\r\n<\/div>\r\n<div class=\"col-sm-6 col-md-4 product-item\">\r\n\r\n\t<p class=\"after-product\"><\/p>\t\t\t<input type=\"hidden\" class=\"wpmProductId\" data-id=\"2427\">\n\t\t\t\t\t<script>\n\t\t\t(window.wpmDataLayer = window.wpmDataLayer || {}).products             = window.wpmDataLayer.products || {};\n\t\t\twindow.wpmDataLayer.products[2427] = {\"id\":\"2427\",\"sku\":\"\",\"price\":4300,\"brand\":\"\",\"quantity\":1,\"dyn_r_ids\":{\"post_id\":\"2427\",\"sku\":2427,\"gpf\":\"woocommerce_gpf_2427\",\"gla\":\"gla_2427\"},\"is_variable\":false,\"type\":\"simple\",\"name\":\"P\u00e1s 180x72x43\",\"category\":[\"N\u00e1hradn\u00ed d\u00edly\",\"P\u00e1sy a kole\u010dka\",\"Zaj\u00edmav\u00e9\"],\"is_variation\":false};\n\t\t\t\t\twindow.pmw_product_position = window.pmw_product_position || 1;\n\t\twindow.wpmDataLayer.products[2427]['position'] = window.pmw_product_position++;\n\t\t\t\t<\/script>\n\t\t\r\n<\/div>\r\n<div class=\"col-sm-6 col-md-4 product-item\">\r\n\r\n\t<p class=\"after-product\"><\/p>\t\t\t<input type=\"hidden\" class=\"wpmProductId\" data-id=\"6381\">\n\t\t\t\t\t<script>\n\t\t\t(window.wpmDataLayer = window.wpmDataLayer || {}).products             = window.wpmDataLayer.products || {};\n\t\t\twindow.wpmDataLayer.products[6381] = {\"id\":\"6381\",\"sku\":\"\",\"price\":75,\"brand\":\"\",\"quantity\":1,\"dyn_r_ids\":{\"post_id\":\"6381\",\"sku\":6381,\"gpf\":\"woocommerce_gpf_6381\",\"gla\":\"gla_6381\"},\"is_variable\":false,\"type\":\"simple\",\"name\":\"Sv\u00ed\u010dka NGK BPR7ES 2023 pro motory 9 HP,  6,5 HP\",\"category\":[\"Motory\",\"N\u00e1hradn\u00ed d\u00edly\",\"Zaj\u00edmav\u00e9\"],\"is_variation\":false};\n\t\t\t\t\twindow.pmw_product_position = window.pmw_product_position || 1;\n\t\twindow.wpmDataLayer.products[6381]['position'] = window.pmw_product_position++;\n\t\t\t\t<\/script>\n\t\t\r\n<\/div>\r\n<\/div>\r\n<\/div><\/div><\/div><\/div><\/div>\n<\/section>","protected":false},"excerpt":{"rendered":"Zakoup\u00edte-li si na\u0161e minirypadlo, velmi pravd\u011bpodobn\u011b s n\u00edm tak\u00e9 vyd\u011bl\u00e1te.Stroj si obl\u00edb\u00edte pro jeho jednoduchost a nen\u00e1ro\u010dnost.Nejen, \u017ee s bag\u0159\u00edkem ud\u011bl\u00e1te mnoho pr\u00e1ce kolem sv\u00e9ho domu, ale za nedlouho za V\u00e1mi budou chodit p\u0159\u00e1tel\u00e9, sousedi \u010di lid\u00e9, \u017ee by sem-tam pot\u0159ebovali n\u011bco vyhr\u00e1bnout, vyvrtat, nalo\u017eit apod. V\u00edme to z vlastn\u00ed zku\u0161enosti a proto jsme pro v\u00e1s p\u0159ipravili cen\u00edk prac\u00ed s minibagrem, kter\u00fd v\u00e1m va\u0161\u00ed investici bude vracet. Pokud m\u00e1te pocit, \u017ee v\u00e1s pr\u00e1ce s na\u0161\u00edm minirypadlem m\u016f\u017ee bavit, kupte si ho a v\u011bzte, \u017ee budete spokojeni. A pamatujte, \"Lep\u0161\u00ed mal\u00fd bagr ne\u017e velk\u00e1 lopata\" :-) Cen\u00edk pr\u00e1ce v m\u00edstech, kde nem\u00e1 velk\u00e1 technika p\u0159\u00edstup \u010di ji z n\u011bjak\u00fdch d\u016fvod\u016f nelze pou\u017e\u00edt.CEN\u00cdK V\u00fdkop do hloubky 50 cm\u00a0o voliteln\u00e9 \u0161\u00ed\u0159ce r\u00fdhy (20 cm \u010di 30 cm) : 100 K\u010d\/m V\u00fdkop do hloubky 60 cm o\u00a0voliteln\u00e9 \u0161\u00ed\u0159ce r\u00fdhy (20 cm \u010di 30 cm): 120 K\u010d\/m V\u00fdkop do hloubky 70 cm o voliteln\u00e9 \u0161\u00ed\u0159ce r\u00fdhy (20 cm \u010di 30 cm): 140 K\u010d\/m V\u00fdkop do hloubky 80 cm o voliteln\u00e9 \u0161\u00ed\u0159ce r\u00fdhy (20 cm \u010di 30 cm): 160 K\u010d\/m V\u00fdkop do hloubky 90 cm o voliteln\u00e9 \u0161\u00ed\u0159ce r\u00fdhy (20 cm \u010di 30 cm): 180 K\u010d\/m V\u00fdkop do hloubky 1 m o voliteln\u00e9 \u0161\u00ed\u0159ce r\u00fdhy (20 [...]","protected":false},"author":1,"featured_media":0,"parent":0,"menu_order":0,"comment_status":"closed","ping_status":"closed","template":"","meta":{"_acf_changed":false,"footnotes":""},"class_list":["post-1696","page","type-page","status-publish","hentry"],"acf":[],"yoast_head":"<!-- This site is optimized with the Yoast SEO plugin v25.7 - https:\/\/yoast.com\/wordpress\/plugins\/seo\/ -->\n<title>V\u00fdd\u011blek s mikrobagrem - Mikrobagry.cz<\/title>\n<meta name=\"robots\" content=\"index, follow, max-snippet:-1, max-image-preview:large, max-video-preview:-1\" \/>\n<link rel=\"canonical\" href=\"https:\/\/mikrobagry.cz\/fr\/jak-vydelat-s-novym-minirypadlem\/\" \/>\n<meta property=\"og:locale\" content=\"fr_FR\" \/>\n<meta property=\"og:type\" content=\"article\" \/>\n<meta property=\"og:title\" content=\"V\u00fdd\u011blek s mikrobagrem - Mikrobagry.cz\" \/>\n<meta property=\"og:url\" content=\"https:\/\/mikrobagry.cz\/fr\/jak-vydelat-s-novym-minirypadlem\/\" \/>\n<meta property=\"og:site_name\" content=\"Mikrobagry.cz\" \/>\n<meta property=\"article:publisher\" content=\"https:\/\/www.facebook.com\/Mikrobagry.cz\/\" \/>\n<meta property=\"article:modified_time\" content=\"2023-05-25T22:00:21+00:00\" \/>\n<meta name=\"twitter:card\" content=\"summary_large_image\" \/>\n<meta name=\"twitter:label1\" content=\"Dur\u00e9e de lecture estim\u00e9e\" \/>\n\t<meta name=\"twitter:data1\" content=\"2 minutes\" \/>\n<script type=\"application\/ld+json\" class=\"yoast-schema-graph\">{\"@context\":\"https:\/\/schema.org\",\"@graph\":[{\"@type\":\"WebPage\",\"@id\":\"https:\/\/mikrobagry.cz\/jak-vydelat-s-novym-minirypadlem\/\",\"url\":\"https:\/\/mikrobagry.cz\/jak-vydelat-s-novym-minirypadlem\/\",\"name\":\"V\u00fdd\u011blek s mikrobagrem - Mikrobagry.cz\",\"isPartOf\":{\"@id\":\"https:\/\/mikrobagry.cz\/#website\"},\"datePublished\":\"2017-03-28T20:54:38+00:00\",\"dateModified\":\"2023-05-25T22:00:21+00:00\",\"breadcrumb\":{\"@id\":\"https:\/\/mikrobagry.cz\/jak-vydelat-s-novym-minirypadlem\/#breadcrumb\"},\"inLanguage\":\"fr-FR\",\"potentialAction\":[{\"@type\":\"ReadAction\",\"target\":[\"https:\/\/mikrobagry.cz\/jak-vydelat-s-novym-minirypadlem\/\"]}]},{\"@type\":\"BreadcrumbList\",\"@id\":\"https:\/\/mikrobagry.cz\/jak-vydelat-s-novym-minirypadlem\/#breadcrumb\",\"itemListElement\":[{\"@type\":\"ListItem\",\"position\":1,\"name\":\"Dom\u016f\",\"item\":\"https:\/\/mikrobagry.cz\/\"},{\"@type\":\"ListItem\",\"position\":2,\"name\":\"V\u00fdd\u011blek s mikrobagrem\"}]},{\"@type\":\"WebSite\",\"@id\":\"https:\/\/mikrobagry.cz\/#website\",\"url\":\"https:\/\/mikrobagry.cz\/\",\"name\":\"Mikrobagry.cz\",\"description\":\"Dal\u0161\u00ed web pou\u017e\u00edvaj\u00edc\u00ed WordPress\",\"potentialAction\":[{\"@type\":\"SearchAction\",\"target\":{\"@type\":\"EntryPoint\",\"urlTemplate\":\"https:\/\/mikrobagry.cz\/?s={search_term_string}\"},\"query-input\":{\"@type\":\"PropertyValueSpecification\",\"valueRequired\":true,\"valueName\":\"search_term_string\"}}],\"inLanguage\":\"fr-FR\"}]}<\/script>\n<!-- \/ Yoast SEO plugin. -->","yoast_head_json":{"title":"V\u00fdd\u011blek s mikrobagrem - Mikrobagry.cz","robots":{"index":"index","follow":"follow","max-snippet":"max-snippet:-1","max-image-preview":"max-image-preview:large","max-video-preview":"max-video-preview:-1"},"canonical":"https:\/\/mikrobagry.cz\/fr\/jak-vydelat-s-novym-minirypadlem\/","og_locale":"fr_FR","og_type":"article","og_title":"V\u00fdd\u011blek s mikrobagrem - Mikrobagry.cz","og_url":"https:\/\/mikrobagry.cz\/fr\/jak-vydelat-s-novym-minirypadlem\/","og_site_name":"Mikrobagry.cz","article_publisher":"https:\/\/www.facebook.com\/Mikrobagry.cz\/","article_modified_time":"2023-05-25T22:00:21+00:00","twitter_card":"summary_large_image","twitter_misc":{"Dur\u00e9e de lecture estim\u00e9e":"2 minutes"},"schema":{"@context":"https:\/\/schema.org","@graph":[{"@type":"WebPage","@id":"https:\/\/mikrobagry.cz\/jak-vydelat-s-novym-minirypadlem\/","url":"https:\/\/mikrobagry.cz\/jak-vydelat-s-novym-minirypadlem\/","name":"V\u00fdd\u011blek s mikrobagrem - Mikrobagry.cz","isPartOf":{"@id":"https:\/\/mikrobagry.cz\/#website"},"datePublished":"2017-03-28T20:54:38+00:00","dateModified":"2023-05-25T22:00:21+00:00","breadcrumb":{"@id":"https:\/\/mikrobagry.cz\/jak-vydelat-s-novym-minirypadlem\/#breadcrumb"},"inLanguage":"fr-FR","potentialAction":[{"@type":"ReadAction","target":["https:\/\/mikrobagry.cz\/jak-vydelat-s-novym-minirypadlem\/"]}]},{"@type":"BreadcrumbList","@id":"https:\/\/mikrobagry.cz\/jak-vydelat-s-novym-minirypadlem\/#breadcrumb","itemListElement":[{"@type":"ListItem","position":1,"name":"Dom\u016f","item":"https:\/\/mikrobagry.cz\/"},{"@type":"ListItem","position":2,"name":"V\u00fdd\u011blek s mikrobagrem"}]},{"@type":"WebSite","@id":"https:\/\/mikrobagry.cz\/#website","url":"https:\/\/mikrobagry.cz\/","name":"Mikrobagry.cz","description":"Dal\u0161\u00ed web pou\u017e\u00edvaj\u00edc\u00ed WordPress","potentialAction":[{"@type":"SearchAction","target":{"@type":"EntryPoint","urlTemplate":"https:\/\/mikrobagry.cz\/?s={search_term_string}"},"query-input":{"@type":"PropertyValueSpecification","valueRequired":true,"valueName":"search_term_string"}}],"inLanguage":"fr-FR"}]}},"_links":{"self":[{"href":"https:\/\/mikrobagry.cz\/fr\/wp-json\/wp\/v2\/pages\/1696","targetHints":{"allow":["GET"]}}],"collection":[{"href":"https:\/\/mikrobagry.cz\/fr\/wp-json\/wp\/v2\/pages"}],"about":[{"href":"https:\/\/mikrobagry.cz\/fr\/wp-json\/wp\/v2\/types\/page"}],"author":[{"embeddable":true,"href":"https:\/\/mikrobagry.cz\/fr\/wp-json\/wp\/v2\/users\/1"}],"replies":[{"embeddable":true,"href":"https:\/\/mikrobagry.cz\/fr\/wp-json\/wp\/v2\/comments?post=1696"}],"version-history":[{"count":0,"href":"https:\/\/mikrobagry.cz\/fr\/wp-json\/wp\/v2\/pages\/1696\/revisions"}],"wp:attachment":[{"href":"https:\/\/mikrobagry.cz\/fr\/wp-json\/wp\/v2\/media?parent=1696"}],"curies":[{"name":"wp","href":"https:\/\/api.w.org\/{rel}","templated":true}]}}