{"id":7450,"date":"2024-11-02T11:10:01","date_gmt":"2024-11-02T10:10:01","guid":{"rendered":"https:\/\/mikrobagry.cz\/?post_type=product&#038;p=7450"},"modified":"2026-02-25T21:01:58","modified_gmt":"2026-02-25T20:01:58","slug":"novy-adapter-rychloupinak-nakladace","status":"publish","type":"product","link":"https:\/\/mikrobagry.cz\/en\/obchod\/novy-adapter-rychloupinak-nakladace\/","title":{"rendered":"NOV\u00dd Adapt\u00e9r \u010deln\u00ed lopaty \/ Kyvadla"},"content":{"rendered":"<div class=\"page\" title=\"Page 5\">\n<div class=\"layoutArea\">\n<div class=\"column\">\n<p>Pro snazs\u030ci\u0301 vy\u0301me\u030cnu pr\u030cedni\u0301ho ramene za c\u030celni\u0301 nakla\u0301daci\u0301 lz\u030ci\u0301ci. Tento Adapt\u00e9r se na st\u00e1lo vlo\u017e\u00ed mezi hlavn\u00ed prvn\u00ed rameno a druh\u00e9 posledn\u00ed rameno (kyvadlo). Tento Adapt\u00e9r je vlo\u017een\u00fd mezi rameny na st\u00e1lo! V\u00fdrazn\u011b uleh\u010d\u00ed pr\u00e1ci p\u0159i sundav\u00e1n\u00ed kyvadla a zp\u011bt. Po sund\u00e1n\u00ed Kyvadla m\u016f\u017eete nap\u0159. jednodu\u0161e uchytit \u010deln\u00ed naklada\u010d a zp\u011bt nasadit Kyvadlo.<\/p>\n<p>Tento Adapt\u00e9r je upevne\u030cny\u0301 na hlavni\u0301m rameni na st\u00e1lo a dals\u030ci\u0301 zar\u030ci\u0301zeni\u0301 (Kyvadlo, \u010celn\u00ed naklada\u010d) se k ne\u030cmu pr\u030cipoji\u0301 na\u0301sleduji\u0301ci\u0301m zpu\u030asobem:<\/p>\n<ul>\n<li>&#8211; \u00a0Zave\u030cste \u010celn\u00ed naklada\u010d nebo Kyvadlo na ha\u0301c\u030cek, umi\u0301ste\u030cny\u0301 v horni\u0301 c\u030ca\u0301sti rychloupi\u0301na\u0301ku.<\/li>\n<li>&#8211; \u00a0Zajiste\u030cte c\u030cepem a ten zajiste\u030cte za\u0301vlac\u030ckou.<\/li>\n<\/ul>\n<\/div>\n<\/div>\n<\/div>","protected":false},"excerpt":{"rendered":"<p>Hmotnost : 10 Kg<\/p>","protected":false},"featured_media":7451,"comment_status":"open","ping_status":"closed","template":"","meta":{"_acf_changed":false},"product_cat":[92,88,81],"product_tag":[],"class_list":["post-7450","product","type-product","status-publish","has-post-thumbnail","hentry","product_cat-celni-lopaty","product_cat-vybava","product_cat-prislusenstvi"],"acf":[],"yoast_head":"<!-- This site is optimized with the Yoast SEO plugin v25.7 - https:\/\/yoast.com\/wordpress\/plugins\/seo\/ -->\n<title>NOV\u00dd Adapt\u00e9r \u010deln\u00ed lopaty \/ Kyvadla - Mikrobagry.cz<\/title>\n<meta name=\"robots\" content=\"index, follow, max-snippet:-1, max-image-preview:large, max-video-preview:-1\" \/>\n<link rel=\"canonical\" href=\"https:\/\/mikrobagry.cz\/en\/obchod\/novy-adapter-rychloupinak-nakladace\/\" \/>\n<meta property=\"og:locale\" content=\"en_US\" \/>\n<meta property=\"og:type\" content=\"article\" \/>\n<meta property=\"og:title\" content=\"NOV\u00dd Adapt\u00e9r \u010deln\u00ed lopaty \/ Kyvadla - Mikrobagry.cz\" \/>\n<meta property=\"og:description\" content=\"Hmotnost : 10 Kg\" \/>\n<meta property=\"og:url\" content=\"https:\/\/mikrobagry.cz\/en\/obchod\/novy-adapter-rychloupinak-nakladace\/\" \/>\n<meta property=\"og:site_name\" content=\"Mikrobagry.cz\" \/>\n<meta property=\"article:publisher\" content=\"https:\/\/www.facebook.com\/Mikrobagry.cz\/\" \/>\n<meta property=\"article:modified_time\" content=\"2026-02-25T20:01:58+00:00\" \/>\n<meta property=\"og:image\" content=\"https:\/\/mikrobagry.cz\/wp-content\/uploads\/2024\/11\/Rychloupinak-na-kyvadlo-02.png\" \/>\n\t<meta property=\"og:image:width\" content=\"506\" \/>\n\t<meta property=\"og:image:height\" content=\"423\" \/>\n\t<meta property=\"og:image:type\" content=\"image\/png\" \/>\n<meta name=\"twitter:card\" content=\"summary_large_image\" \/>\n<meta name=\"twitter:label1\" content=\"Est. reading time\" \/>\n\t<meta name=\"twitter:data1\" content=\"1 minute\" \/>\n<script type=\"application\/ld+json\" class=\"yoast-schema-graph\">{\"@context\":\"https:\/\/schema.org\",\"@graph\":[{\"@type\":\"WebPage\",\"@id\":\"https:\/\/mikrobagry.cz\/obchod\/novy-adapter-rychloupinak-nakladace\/\",\"url\":\"https:\/\/mikrobagry.cz\/obchod\/novy-adapter-rychloupinak-nakladace\/\",\"name\":\"NOV\u00dd Adapt\u00e9r \u010deln\u00ed lopaty \/ Kyvadla - Mikrobagry.cz\",\"isPartOf\":{\"@id\":\"https:\/\/mikrobagry.cz\/#website\"},\"primaryImageOfPage\":{\"@id\":\"https:\/\/mikrobagry.cz\/obchod\/novy-adapter-rychloupinak-nakladace\/#primaryimage\"},\"image\":{\"@id\":\"https:\/\/mikrobagry.cz\/obchod\/novy-adapter-rychloupinak-nakladace\/#primaryimage\"},\"thumbnailUrl\":\"https:\/\/mikrobagry.cz\/wp-content\/uploads\/2024\/11\/Rychloupinak-na-kyvadlo-02.png\",\"datePublished\":\"2024-11-02T10:10:01+00:00\",\"dateModified\":\"2026-02-25T20:01:58+00:00\",\"breadcrumb\":{\"@id\":\"https:\/\/mikrobagry.cz\/obchod\/novy-adapter-rychloupinak-nakladace\/#breadcrumb\"},\"inLanguage\":\"en-US\",\"potentialAction\":[{\"@type\":\"ReadAction\",\"target\":[\"https:\/\/mikrobagry.cz\/obchod\/novy-adapter-rychloupinak-nakladace\/\"]}]},{\"@type\":\"ImageObject\",\"inLanguage\":\"en-US\",\"@id\":\"https:\/\/mikrobagry.cz\/obchod\/novy-adapter-rychloupinak-nakladace\/#primaryimage\",\"url\":\"https:\/\/mikrobagry.cz\/wp-content\/uploads\/2024\/11\/Rychloupinak-na-kyvadlo-02.png\",\"contentUrl\":\"https:\/\/mikrobagry.cz\/wp-content\/uploads\/2024\/11\/Rychloupinak-na-kyvadlo-02.png\",\"width\":506,\"height\":423},{\"@type\":\"BreadcrumbList\",\"@id\":\"https:\/\/mikrobagry.cz\/obchod\/novy-adapter-rychloupinak-nakladace\/#breadcrumb\",\"itemListElement\":[{\"@type\":\"ListItem\",\"position\":1,\"name\":\"Dom\u016f\",\"item\":\"https:\/\/mikrobagry.cz\/\"},{\"@type\":\"ListItem\",\"position\":2,\"name\":\"Produkty\",\"item\":\"https:\/\/mikrobagry.cz\/shop\/\"},{\"@type\":\"ListItem\",\"position\":3,\"name\":\"NOV\u00dd Adapt\u00e9r \/ Rychloup\u00edn\u00e1k Naklada\u010de\"}]},{\"@type\":\"WebSite\",\"@id\":\"https:\/\/mikrobagry.cz\/#website\",\"url\":\"https:\/\/mikrobagry.cz\/\",\"name\":\"Mikrobagry.cz\",\"description\":\"Dal\u0161\u00ed web pou\u017e\u00edvaj\u00edc\u00ed WordPress\",\"potentialAction\":[{\"@type\":\"SearchAction\",\"target\":{\"@type\":\"EntryPoint\",\"urlTemplate\":\"https:\/\/mikrobagry.cz\/?s={search_term_string}\"},\"query-input\":{\"@type\":\"PropertyValueSpecification\",\"valueRequired\":true,\"valueName\":\"search_term_string\"}}],\"inLanguage\":\"en-US\"}]}<\/script>\n<!-- \/ Yoast SEO plugin. -->","yoast_head_json":{"title":"NOV\u00dd Adapt\u00e9r \u010deln\u00ed lopaty \/ Kyvadla - Mikrobagry.cz","robots":{"index":"index","follow":"follow","max-snippet":"max-snippet:-1","max-image-preview":"max-image-preview:large","max-video-preview":"max-video-preview:-1"},"canonical":"https:\/\/mikrobagry.cz\/en\/obchod\/novy-adapter-rychloupinak-nakladace\/","og_locale":"en_US","og_type":"article","og_title":"NOV\u00dd Adapt\u00e9r \u010deln\u00ed lopaty \/ Kyvadla - Mikrobagry.cz","og_description":"Hmotnost : 10 Kg","og_url":"https:\/\/mikrobagry.cz\/en\/obchod\/novy-adapter-rychloupinak-nakladace\/","og_site_name":"Mikrobagry.cz","article_publisher":"https:\/\/www.facebook.com\/Mikrobagry.cz\/","article_modified_time":"2026-02-25T20:01:58+00:00","og_image":[{"width":506,"height":423,"url":"https:\/\/mikrobagry.cz\/wp-content\/uploads\/2024\/11\/Rychloupinak-na-kyvadlo-02.png","type":"image\/png"}],"twitter_card":"summary_large_image","twitter_misc":{"Est. reading time":"1 minute"},"schema":{"@context":"https:\/\/schema.org","@graph":[{"@type":"WebPage","@id":"https:\/\/mikrobagry.cz\/obchod\/novy-adapter-rychloupinak-nakladace\/","url":"https:\/\/mikrobagry.cz\/obchod\/novy-adapter-rychloupinak-nakladace\/","name":"NOV\u00dd Adapt\u00e9r \u010deln\u00ed lopaty \/ Kyvadla - Mikrobagry.cz","isPartOf":{"@id":"https:\/\/mikrobagry.cz\/#website"},"primaryImageOfPage":{"@id":"https:\/\/mikrobagry.cz\/obchod\/novy-adapter-rychloupinak-nakladace\/#primaryimage"},"image":{"@id":"https:\/\/mikrobagry.cz\/obchod\/novy-adapter-rychloupinak-nakladace\/#primaryimage"},"thumbnailUrl":"https:\/\/mikrobagry.cz\/wp-content\/uploads\/2024\/11\/Rychloupinak-na-kyvadlo-02.png","datePublished":"2024-11-02T10:10:01+00:00","dateModified":"2026-02-25T20:01:58+00:00","breadcrumb":{"@id":"https:\/\/mikrobagry.cz\/obchod\/novy-adapter-rychloupinak-nakladace\/#breadcrumb"},"inLanguage":"en-US","potentialAction":[{"@type":"ReadAction","target":["https:\/\/mikrobagry.cz\/obchod\/novy-adapter-rychloupinak-nakladace\/"]}]},{"@type":"ImageObject","inLanguage":"en-US","@id":"https:\/\/mikrobagry.cz\/obchod\/novy-adapter-rychloupinak-nakladace\/#primaryimage","url":"https:\/\/mikrobagry.cz\/wp-content\/uploads\/2024\/11\/Rychloupinak-na-kyvadlo-02.png","contentUrl":"https:\/\/mikrobagry.cz\/wp-content\/uploads\/2024\/11\/Rychloupinak-na-kyvadlo-02.png","width":506,"height":423},{"@type":"BreadcrumbList","@id":"https:\/\/mikrobagry.cz\/obchod\/novy-adapter-rychloupinak-nakladace\/#breadcrumb","itemListElement":[{"@type":"ListItem","position":1,"name":"Dom\u016f","item":"https:\/\/mikrobagry.cz\/"},{"@type":"ListItem","position":2,"name":"Produkty","item":"https:\/\/mikrobagry.cz\/shop\/"},{"@type":"ListItem","position":3,"name":"NOV\u00dd Adapt\u00e9r \/ Rychloup\u00edn\u00e1k Naklada\u010de"}]},{"@type":"WebSite","@id":"https:\/\/mikrobagry.cz\/#website","url":"https:\/\/mikrobagry.cz\/","name":"Mikrobagry.cz","description":"Dal\u0161\u00ed web pou\u017e\u00edvaj\u00edc\u00ed WordPress","potentialAction":[{"@type":"SearchAction","target":{"@type":"EntryPoint","urlTemplate":"https:\/\/mikrobagry.cz\/?s={search_term_string}"},"query-input":{"@type":"PropertyValueSpecification","valueRequired":true,"valueName":"search_term_string"}}],"inLanguage":"en-US"}]}},"_links":{"self":[{"href":"https:\/\/mikrobagry.cz\/en\/wp-json\/wp\/v2\/product\/7450","targetHints":{"allow":["GET"]}}],"collection":[{"href":"https:\/\/mikrobagry.cz\/en\/wp-json\/wp\/v2\/product"}],"about":[{"href":"https:\/\/mikrobagry.cz\/en\/wp-json\/wp\/v2\/types\/product"}],"replies":[{"embeddable":true,"href":"https:\/\/mikrobagry.cz\/en\/wp-json\/wp\/v2\/comments?post=7450"}],"wp:featuredmedia":[{"embeddable":true,"href":"https:\/\/mikrobagry.cz\/en\/wp-json\/wp\/v2\/media\/7451"}],"wp:attachment":[{"href":"https:\/\/mikrobagry.cz\/en\/wp-json\/wp\/v2\/media?parent=7450"}],"wp:term":[{"taxonomy":"product_cat","embeddable":true,"href":"https:\/\/mikrobagry.cz\/en\/wp-json\/wp\/v2\/product_cat?post=7450"},{"taxonomy":"product_tag","embeddable":true,"href":"https:\/\/mikrobagry.cz\/en\/wp-json\/wp\/v2\/product_tag?post=7450"}],"curies":[{"name":"wp","href":"https:\/\/api.w.org\/{rel}","templated":true}]}}