{"id":6509,"date":"2023-05-05T00:12:08","date_gmt":"2023-05-04T22:12:08","guid":{"rendered":"https:\/\/mikrobagry.cz\/?post_type=product&#038;p=6509"},"modified":"2024-04-10T10:17:27","modified_gmt":"2024-04-10T08:17:27","slug":"privesny-vozik","status":"publish","type":"product","link":"https:\/\/mikrobagry.cz\/en\/obchod\/privesny-vozik\/","title":{"rendered":"P\u0159\u00edv\u011bsn\u00fd voz\u00edk, Br\u017ed\u011bn\u00fd, Sklopn\u00fd s rampou"},"content":{"rendered":"<p>SKLOPN\u00dd!, RAMPA, BO\u010cNICE \u2013 ZELEN\u00c1\u00a0RAL 6002 <strong>V BARV\u011a MINIBAGRU !!!<\/strong><\/p>\n<p><strong>TECHNICK\u00dd POPIS:<\/strong><\/p>\n<p>&#8211; celkov\u00e1 hmotnost : 1300 kg, Samotn\u00e1 v\u00e1ha voz\u00edku : 318kg, Mo\u017enost nalo\u017een\u00ed n\u00e1kladu : 982 Kg.<\/p>\n<p>&#8211; celkov\u00e1 hmotnost v TP \u00a01300kg, p\u0159\u00edv\u011bs brzd\u011bn\u00fd<\/p>\n<p>&#8211; vnit\u0159n\u00ed rozm\u011bry \u00a02570mm \u00a0x \u00a01300mm<\/p>\n<p><strong>PODVOZEK:<\/strong><\/p>\n<p>&#8211; r\u00e1m samonosn\u00fd montovan\u00fd z d\u00edl\u016f z pozinkovan\u00fdch plech\u016f<\/p>\n<p>&#8211; SKL\u00c1P\u011aN\u00cd NA OJI + VZADU N\u00c1JEZDOV\u00c1 RAMPA<\/p>\n<p>&#8211; V-oje montovan\u00e9<\/p>\n<p>&#8211; 1x n\u00e1jezdov\u00e1 brzda KNOTT KF13, horn\u00ed mont\u00e1\u017e<\/p>\n<p>&#8211; 1x n\u00e1prava KNOTT VGB13M, a=1237, c=1567, bez tlumi\u010d\u016f na n\u00e1prav\u011b<br \/>\n(konstruk\u010dn\u00ed rychlost 100 km\/h)<\/p>\n<p>&#8211; op\u011brn\u00e9 kole\u010dko Winterhoff mal\u00e9 s dr\u017e\u00e1kem montovan\u00e9 na oje<\/p>\n<p>&#8211; KOLA 185 R14C vedle lo\u017en\u00e9 plochy<\/p>\n<p>&#8211; bez rezervn\u00edho kola<\/p>\n<p>&#8211; blatn\u00edky plastov\u00e9, z\u00e1st\u011brky \u010dern\u00e9<\/p>\n<p>&#8211; 2x plastov\u00fd zakl\u00e1dac\u00ed kl\u00edn<\/p>\n<p>&#8211; podlaha vod\u011bodoln\u00e1 protiskluzov\u00e1 p\u0159ekli\u017eka tl. 15 mm, z jednoho<br \/>\nkusu, netmelit<\/p>\n<p>&#8211; 2x vlevo + 2x vpravo pogumovan\u00e9 up\u00ednac\u00ed oko V-syst\u00e9m Vezeko<\/p>\n<p><strong>ELEKTROINSTALACE:<\/strong><\/p>\n<p>&#8211; elektroinstalace 12V, \u017e\u00e1rovkov\u00e9 skupinov\u00e9 sv\u011btla, LED p\u0159edn\u00ed<br \/>\npozi\u010dn\u00ed sv\u011btla, z\u00e1str\u010dka 13 p\u00f3lov\u00e1, proveden\u00ed dle homologace<\/p>\n<p><strong>N\u00c1STAVBA:<\/strong><\/p>\n<p>&#8211; bo\u010dnice z pozinkovan\u00e9ho plechu, v\u00fd\u0161ka 350mm lakovan\u00e9, naho\u0159e<br \/>\nprolisovan\u00e9 ov\u00e1ln\u00e9 otvory<\/p>\n<p>&#8211; p\u0159edn\u00ed \u010delo otev\u00edrac\u00ed &#8211; uz\u00e1v\u011bry karh\u00e1ky<\/p>\n<p>&#8211; VZADU RAMPA, RAMPA NEP\u0158ID\u011aLAN\u00c1 NAPEVNO, ABY SE DALA SUND\u00c1VAT \u2013<br \/>\nMO\u017dNOST POUZE ZAJI\u0160T\u011aN\u00cd<\/p>\n<p>&#8211; zaji\u0161t\u011bn\u00edm zadn\u00edho \u010dela lankem p\u0159i otev\u0159en\u00ed v rovin\u011b s<br \/>\npodlahou, mo\u017enost vyh\u00e1knut\u00ed lanka a \u00fapln\u00e9ho otev\u0159en\u00ed \u010dela<\/p>\n<p>&#8211; na p\u0159edn\u00ed \u010delo gumov\u00e9 dorazy, aby otev\u0159en\u00e9 nele\u017eelo rovnou na<br \/>\noji (bez zaji\u0161t\u011bn\u00ed lankem)<\/p>\n<p><strong>OSTATN\u00cd:<\/strong><\/p>\n<p>&#8211; tabulka pod SPZ<\/p>\n<p>&#8211; kontrola dle glob\u00e1ln\u00ed homologace<\/p>\n<p>&#8211; KONSTRUK\u010cN\u00cd RYCHLOST A SAMOLEPKA 100KM\/H<\/p>","protected":false},"excerpt":{"rendered":"<p>SKLOPN\u00dd!, RAMPA, BO\u010cNICE \u2013 ZELEN\u00c1\u00a0RAL 6002 V BARV\u011a MINIBAGRU !!! TECHNICK\u00dd POPIS: &#8211; celkov\u00e1 hmotnost : 1300 kg, Samotn\u00e1 v\u00e1ha voz\u00edku : 318kg, Mo\u017enost nalo\u017een\u00ed n\u00e1kladu : 982 Kg. &#8211; celkov\u00e1 hmotnost v TP \u00a01300kg, p\u0159\u00edv\u011bs brzd\u011bn\u00fd &#8211; vnit\u0159n\u00ed rozm\u011bry \u00a02570mm \u00a0x \u00a01300mm PODVOZEK: &#8211; r\u00e1m samonosn\u00fd montovan\u00fd z d\u00edl\u016f z pozinkovan\u00fdch plech\u016f &#8211; SKL\u00c1P\u011aN\u00cd NA OJI + VZADU N\u00c1JEZDOV\u00c1 RAMPA &#8211; V-oje montovan\u00e9 &#8211; 1x n\u00e1jezdov\u00e1 brzda KNOTT KF13, horn\u00ed mont\u00e1\u017e &#8211; 1x n\u00e1prava KNOTT VGB13M, a=1237, c=1567, bez tlumi\u010d\u016f na n\u00e1prav\u011b (konstruk\u010dn\u00ed rychlost 100 km\/h) &#8211; op\u011brn\u00e9 kole\u010dko Winterhoff mal\u00e9 s dr\u017e\u00e1kem montovan\u00e9 na oje &#8211; KOLA 185 R14C vedle lo\u017en\u00e9 plochy &#8211; bez rezervn\u00edho kola &#8211; blatn\u00edky plastov\u00e9, z\u00e1st\u011brky \u010dern\u00e9 &#8211; 2x plastov\u00fd zakl\u00e1dac\u00ed kl\u00edn &#8211; podlaha vod\u011bodoln\u00e1 protiskluzov\u00e1 p\u0159ekli\u017eka tl. 15 mm, z jednoho kusu, netmelit &#8211; 2x vlevo + 2x vpravo pogumovan\u00e9 up\u00ednac\u00ed oko V-syst\u00e9m Vezeko ELEKTROINSTALACE: &#8211; elektroinstalace 12V, \u017e\u00e1rovkov\u00e9 skupinov\u00e9 sv\u011btla, LED p\u0159edn\u00ed pozi\u010dn\u00ed sv\u011btla, z\u00e1str\u010dka 13 p\u00f3lov\u00e1, proveden\u00ed dle homologace N\u00c1STAVBA: &#8211; bo\u010dnice z pozinkovan\u00e9ho plechu, v\u00fd\u0161ka 350mm lakovan\u00e9, naho\u0159e prolisovan\u00e9 ov\u00e1ln\u00e9 otvory &#8211; p\u0159edn\u00ed \u010delo otev\u00edrac\u00ed &#8211; uz\u00e1v\u011bry karh\u00e1ky &#8211; VZADU RAMPA, RAMPA NEP\u0158ID\u011aLAN\u00c1 NAPEVNO, ABY SE DALA SUND\u00c1VAT \u2013 MO\u017dNOST POUZE ZAJI\u0160T\u011aN\u00cd &#8211; zaji\u0161t\u011bn\u00edm zadn\u00edho \u010dela lankem p\u0159i otev\u0159en\u00ed v [&hellip;]<\/p>","protected":false},"featured_media":6708,"comment_status":"closed","ping_status":"closed","template":"","meta":{"_acf_changed":false},"product_cat":[109,81],"product_tag":[],"class_list":["post-6509","product","type-product","status-publish","has-post-thumbnail","hentry","product_cat-privesne-voziky-najezdy","product_cat-prislusenstvi"],"acf":[],"yoast_head":"<!-- This site is optimized with the Yoast SEO plugin v25.7 - https:\/\/yoast.com\/wordpress\/plugins\/seo\/ -->\n<title>P\u0159\u00edv\u011bsn\u00fd voz\u00edk, Br\u017ed\u011bn\u00fd, Sklopn\u00fd s rampou - Mikrobagry.cz<\/title>\n<meta name=\"robots\" content=\"index, follow, max-snippet:-1, max-image-preview:large, max-video-preview:-1\" \/>\n<link rel=\"canonical\" href=\"https:\/\/mikrobagry.cz\/en\/obchod\/privesny-vozik\/\" \/>\n<meta property=\"og:locale\" content=\"en_US\" \/>\n<meta property=\"og:type\" content=\"article\" \/>\n<meta property=\"og:title\" content=\"P\u0159\u00edv\u011bsn\u00fd voz\u00edk, Br\u017ed\u011bn\u00fd, Sklopn\u00fd s rampou - Mikrobagry.cz\" \/>\n<meta property=\"og:description\" content=\"SKLOPN\u00dd!, RAMPA, BO\u010cNICE \u2013 ZELEN\u00c1\u00a0RAL 6002 V BARV\u011a MINIBAGRU !!! TECHNICK\u00dd POPIS: &#8211; celkov\u00e1 hmotnost : 1300 kg, Samotn\u00e1 v\u00e1ha voz\u00edku : 318kg, Mo\u017enost nalo\u017een\u00ed n\u00e1kladu : 982 Kg. &#8211; celkov\u00e1 hmotnost v TP \u00a01300kg, p\u0159\u00edv\u011bs brzd\u011bn\u00fd &#8211; vnit\u0159n\u00ed rozm\u011bry \u00a02570mm \u00a0x \u00a01300mm PODVOZEK: &#8211; r\u00e1m samonosn\u00fd montovan\u00fd z d\u00edl\u016f z pozinkovan\u00fdch plech\u016f &#8211; SKL\u00c1P\u011aN\u00cd NA OJI + VZADU N\u00c1JEZDOV\u00c1 RAMPA &#8211; V-oje montovan\u00e9 &#8211; 1x n\u00e1jezdov\u00e1 brzda KNOTT KF13, horn\u00ed mont\u00e1\u017e &#8211; 1x n\u00e1prava KNOTT VGB13M, a=1237, c=1567, bez tlumi\u010d\u016f na n\u00e1prav\u011b (konstruk\u010dn\u00ed rychlost 100 km\/h) &#8211; op\u011brn\u00e9 kole\u010dko Winterhoff mal\u00e9 s dr\u017e\u00e1kem montovan\u00e9 na oje &#8211; KOLA 185 R14C vedle lo\u017en\u00e9 plochy &#8211; bez rezervn\u00edho kola &#8211; blatn\u00edky plastov\u00e9, z\u00e1st\u011brky \u010dern\u00e9 &#8211; 2x plastov\u00fd zakl\u00e1dac\u00ed kl\u00edn &#8211; podlaha vod\u011bodoln\u00e1 protiskluzov\u00e1 p\u0159ekli\u017eka tl. 15 mm, z jednoho kusu, netmelit &#8211; 2x vlevo + 2x vpravo pogumovan\u00e9 up\u00ednac\u00ed oko V-syst\u00e9m Vezeko ELEKTROINSTALACE: &#8211; elektroinstalace 12V, \u017e\u00e1rovkov\u00e9 skupinov\u00e9 sv\u011btla, LED p\u0159edn\u00ed pozi\u010dn\u00ed sv\u011btla, z\u00e1str\u010dka 13 p\u00f3lov\u00e1, proveden\u00ed dle homologace N\u00c1STAVBA: &#8211; bo\u010dnice z pozinkovan\u00e9ho plechu, v\u00fd\u0161ka 350mm lakovan\u00e9, naho\u0159e prolisovan\u00e9 ov\u00e1ln\u00e9 otvory &#8211; p\u0159edn\u00ed \u010delo otev\u00edrac\u00ed &#8211; uz\u00e1v\u011bry karh\u00e1ky &#8211; VZADU RAMPA, RAMPA NEP\u0158ID\u011aLAN\u00c1 NAPEVNO, ABY SE DALA SUND\u00c1VAT \u2013 MO\u017dNOST POUZE ZAJI\u0160T\u011aN\u00cd &#8211; zaji\u0161t\u011bn\u00edm zadn\u00edho \u010dela lankem p\u0159i otev\u0159en\u00ed v [&hellip;]\" \/>\n<meta property=\"og:url\" content=\"https:\/\/mikrobagry.cz\/en\/obchod\/privesny-vozik\/\" \/>\n<meta property=\"og:site_name\" content=\"Mikrobagry.cz\" \/>\n<meta property=\"article:publisher\" content=\"https:\/\/www.facebook.com\/Mikrobagry.cz\/\" \/>\n<meta property=\"article:modified_time\" content=\"2024-04-10T08:17:27+00:00\" \/>\n<meta property=\"og:image\" content=\"https:\/\/mikrobagry.cz\/wp-content\/uploads\/2023\/07\/Snimek-obrazovky-2023-07-27-v-12.59.47.png\" \/>\n\t<meta property=\"og:image:width\" content=\"1000\" \/>\n\t<meta property=\"og:image:height\" content=\"475\" \/>\n\t<meta property=\"og:image:type\" content=\"image\/png\" \/>\n<meta name=\"twitter:card\" content=\"summary_large_image\" \/>\n<meta name=\"twitter:label1\" content=\"Est. reading time\" \/>\n\t<meta name=\"twitter:data1\" content=\"2 minutes\" \/>\n<script type=\"application\/ld+json\" class=\"yoast-schema-graph\">{\"@context\":\"https:\/\/schema.org\",\"@graph\":[{\"@type\":\"WebPage\",\"@id\":\"https:\/\/mikrobagry.cz\/obchod\/privesny-vozik\/\",\"url\":\"https:\/\/mikrobagry.cz\/obchod\/privesny-vozik\/\",\"name\":\"P\u0159\u00edv\u011bsn\u00fd voz\u00edk, Br\u017ed\u011bn\u00fd, Sklopn\u00fd s rampou - Mikrobagry.cz\",\"isPartOf\":{\"@id\":\"https:\/\/mikrobagry.cz\/#website\"},\"primaryImageOfPage\":{\"@id\":\"https:\/\/mikrobagry.cz\/obchod\/privesny-vozik\/#primaryimage\"},\"image\":{\"@id\":\"https:\/\/mikrobagry.cz\/obchod\/privesny-vozik\/#primaryimage\"},\"thumbnailUrl\":\"https:\/\/mikrobagry.cz\/wp-content\/uploads\/2023\/07\/Snimek-obrazovky-2023-07-27-v-12.59.47.png\",\"datePublished\":\"2023-05-04T22:12:08+00:00\",\"dateModified\":\"2024-04-10T08:17:27+00:00\",\"breadcrumb\":{\"@id\":\"https:\/\/mikrobagry.cz\/obchod\/privesny-vozik\/#breadcrumb\"},\"inLanguage\":\"en-US\",\"potentialAction\":[{\"@type\":\"ReadAction\",\"target\":[\"https:\/\/mikrobagry.cz\/obchod\/privesny-vozik\/\"]}]},{\"@type\":\"ImageObject\",\"inLanguage\":\"en-US\",\"@id\":\"https:\/\/mikrobagry.cz\/obchod\/privesny-vozik\/#primaryimage\",\"url\":\"https:\/\/mikrobagry.cz\/wp-content\/uploads\/2023\/07\/Snimek-obrazovky-2023-07-27-v-12.59.47.png\",\"contentUrl\":\"https:\/\/mikrobagry.cz\/wp-content\/uploads\/2023\/07\/Snimek-obrazovky-2023-07-27-v-12.59.47.png\",\"width\":1000,\"height\":475},{\"@type\":\"BreadcrumbList\",\"@id\":\"https:\/\/mikrobagry.cz\/obchod\/privesny-vozik\/#breadcrumb\",\"itemListElement\":[{\"@type\":\"ListItem\",\"position\":1,\"name\":\"Dom\u016f\",\"item\":\"https:\/\/mikrobagry.cz\/\"},{\"@type\":\"ListItem\",\"position\":2,\"name\":\"Produkty\",\"item\":\"https:\/\/mikrobagry.cz\/shop\/\"},{\"@type\":\"ListItem\",\"position\":3,\"name\":\"P\u0159\u00edv\u011bsn\u00fd voz\u00edk, Br\u017ed\u011bn\u00fd, Sklopn\u00fd s rampou\"}]},{\"@type\":\"WebSite\",\"@id\":\"https:\/\/mikrobagry.cz\/#website\",\"url\":\"https:\/\/mikrobagry.cz\/\",\"name\":\"Mikrobagry.cz\",\"description\":\"Dal\u0161\u00ed web pou\u017e\u00edvaj\u00edc\u00ed WordPress\",\"potentialAction\":[{\"@type\":\"SearchAction\",\"target\":{\"@type\":\"EntryPoint\",\"urlTemplate\":\"https:\/\/mikrobagry.cz\/?s={search_term_string}\"},\"query-input\":{\"@type\":\"PropertyValueSpecification\",\"valueRequired\":true,\"valueName\":\"search_term_string\"}}],\"inLanguage\":\"en-US\"}]}<\/script>\n<!-- \/ Yoast SEO plugin. -->","yoast_head_json":{"title":"P\u0159\u00edv\u011bsn\u00fd voz\u00edk, Br\u017ed\u011bn\u00fd, Sklopn\u00fd s rampou - Mikrobagry.cz","robots":{"index":"index","follow":"follow","max-snippet":"max-snippet:-1","max-image-preview":"max-image-preview:large","max-video-preview":"max-video-preview:-1"},"canonical":"https:\/\/mikrobagry.cz\/en\/obchod\/privesny-vozik\/","og_locale":"en_US","og_type":"article","og_title":"P\u0159\u00edv\u011bsn\u00fd voz\u00edk, Br\u017ed\u011bn\u00fd, Sklopn\u00fd s rampou - Mikrobagry.cz","og_description":"SKLOPN\u00dd!, RAMPA, BO\u010cNICE \u2013 ZELEN\u00c1\u00a0RAL 6002 V BARV\u011a MINIBAGRU !!! TECHNICK\u00dd POPIS: &#8211; celkov\u00e1 hmotnost : 1300 kg, Samotn\u00e1 v\u00e1ha voz\u00edku : 318kg, Mo\u017enost nalo\u017een\u00ed n\u00e1kladu : 982 Kg. &#8211; celkov\u00e1 hmotnost v TP \u00a01300kg, p\u0159\u00edv\u011bs brzd\u011bn\u00fd &#8211; vnit\u0159n\u00ed rozm\u011bry \u00a02570mm \u00a0x \u00a01300mm PODVOZEK: &#8211; r\u00e1m samonosn\u00fd montovan\u00fd z d\u00edl\u016f z pozinkovan\u00fdch plech\u016f &#8211; SKL\u00c1P\u011aN\u00cd NA OJI + VZADU N\u00c1JEZDOV\u00c1 RAMPA &#8211; V-oje montovan\u00e9 &#8211; 1x n\u00e1jezdov\u00e1 brzda KNOTT KF13, horn\u00ed mont\u00e1\u017e &#8211; 1x n\u00e1prava KNOTT VGB13M, a=1237, c=1567, bez tlumi\u010d\u016f na n\u00e1prav\u011b (konstruk\u010dn\u00ed rychlost 100 km\/h) &#8211; op\u011brn\u00e9 kole\u010dko Winterhoff mal\u00e9 s dr\u017e\u00e1kem montovan\u00e9 na oje &#8211; KOLA 185 R14C vedle lo\u017en\u00e9 plochy &#8211; bez rezervn\u00edho kola &#8211; blatn\u00edky plastov\u00e9, z\u00e1st\u011brky \u010dern\u00e9 &#8211; 2x plastov\u00fd zakl\u00e1dac\u00ed kl\u00edn &#8211; podlaha vod\u011bodoln\u00e1 protiskluzov\u00e1 p\u0159ekli\u017eka tl. 15 mm, z jednoho kusu, netmelit &#8211; 2x vlevo + 2x vpravo pogumovan\u00e9 up\u00ednac\u00ed oko V-syst\u00e9m Vezeko ELEKTROINSTALACE: &#8211; elektroinstalace 12V, \u017e\u00e1rovkov\u00e9 skupinov\u00e9 sv\u011btla, LED p\u0159edn\u00ed pozi\u010dn\u00ed sv\u011btla, z\u00e1str\u010dka 13 p\u00f3lov\u00e1, proveden\u00ed dle homologace N\u00c1STAVBA: &#8211; bo\u010dnice z pozinkovan\u00e9ho plechu, v\u00fd\u0161ka 350mm lakovan\u00e9, naho\u0159e prolisovan\u00e9 ov\u00e1ln\u00e9 otvory &#8211; p\u0159edn\u00ed \u010delo otev\u00edrac\u00ed &#8211; uz\u00e1v\u011bry karh\u00e1ky &#8211; VZADU RAMPA, RAMPA NEP\u0158ID\u011aLAN\u00c1 NAPEVNO, ABY SE DALA SUND\u00c1VAT \u2013 MO\u017dNOST POUZE ZAJI\u0160T\u011aN\u00cd &#8211; zaji\u0161t\u011bn\u00edm zadn\u00edho \u010dela lankem p\u0159i otev\u0159en\u00ed v [&hellip;]","og_url":"https:\/\/mikrobagry.cz\/en\/obchod\/privesny-vozik\/","og_site_name":"Mikrobagry.cz","article_publisher":"https:\/\/www.facebook.com\/Mikrobagry.cz\/","article_modified_time":"2024-04-10T08:17:27+00:00","og_image":[{"width":1000,"height":475,"url":"https:\/\/mikrobagry.cz\/wp-content\/uploads\/2023\/07\/Snimek-obrazovky-2023-07-27-v-12.59.47.png","type":"image\/png"}],"twitter_card":"summary_large_image","twitter_misc":{"Est. reading time":"2 minutes"},"schema":{"@context":"https:\/\/schema.org","@graph":[{"@type":"WebPage","@id":"https:\/\/mikrobagry.cz\/obchod\/privesny-vozik\/","url":"https:\/\/mikrobagry.cz\/obchod\/privesny-vozik\/","name":"P\u0159\u00edv\u011bsn\u00fd voz\u00edk, Br\u017ed\u011bn\u00fd, Sklopn\u00fd s rampou - Mikrobagry.cz","isPartOf":{"@id":"https:\/\/mikrobagry.cz\/#website"},"primaryImageOfPage":{"@id":"https:\/\/mikrobagry.cz\/obchod\/privesny-vozik\/#primaryimage"},"image":{"@id":"https:\/\/mikrobagry.cz\/obchod\/privesny-vozik\/#primaryimage"},"thumbnailUrl":"https:\/\/mikrobagry.cz\/wp-content\/uploads\/2023\/07\/Snimek-obrazovky-2023-07-27-v-12.59.47.png","datePublished":"2023-05-04T22:12:08+00:00","dateModified":"2024-04-10T08:17:27+00:00","breadcrumb":{"@id":"https:\/\/mikrobagry.cz\/obchod\/privesny-vozik\/#breadcrumb"},"inLanguage":"en-US","potentialAction":[{"@type":"ReadAction","target":["https:\/\/mikrobagry.cz\/obchod\/privesny-vozik\/"]}]},{"@type":"ImageObject","inLanguage":"en-US","@id":"https:\/\/mikrobagry.cz\/obchod\/privesny-vozik\/#primaryimage","url":"https:\/\/mikrobagry.cz\/wp-content\/uploads\/2023\/07\/Snimek-obrazovky-2023-07-27-v-12.59.47.png","contentUrl":"https:\/\/mikrobagry.cz\/wp-content\/uploads\/2023\/07\/Snimek-obrazovky-2023-07-27-v-12.59.47.png","width":1000,"height":475},{"@type":"BreadcrumbList","@id":"https:\/\/mikrobagry.cz\/obchod\/privesny-vozik\/#breadcrumb","itemListElement":[{"@type":"ListItem","position":1,"name":"Dom\u016f","item":"https:\/\/mikrobagry.cz\/"},{"@type":"ListItem","position":2,"name":"Produkty","item":"https:\/\/mikrobagry.cz\/shop\/"},{"@type":"ListItem","position":3,"name":"P\u0159\u00edv\u011bsn\u00fd voz\u00edk, Br\u017ed\u011bn\u00fd, Sklopn\u00fd s rampou"}]},{"@type":"WebSite","@id":"https:\/\/mikrobagry.cz\/#website","url":"https:\/\/mikrobagry.cz\/","name":"Mikrobagry.cz","description":"Dal\u0161\u00ed web pou\u017e\u00edvaj\u00edc\u00ed WordPress","potentialAction":[{"@type":"SearchAction","target":{"@type":"EntryPoint","urlTemplate":"https:\/\/mikrobagry.cz\/?s={search_term_string}"},"query-input":{"@type":"PropertyValueSpecification","valueRequired":true,"valueName":"search_term_string"}}],"inLanguage":"en-US"}]}},"_links":{"self":[{"href":"https:\/\/mikrobagry.cz\/en\/wp-json\/wp\/v2\/product\/6509","targetHints":{"allow":["GET"]}}],"collection":[{"href":"https:\/\/mikrobagry.cz\/en\/wp-json\/wp\/v2\/product"}],"about":[{"href":"https:\/\/mikrobagry.cz\/en\/wp-json\/wp\/v2\/types\/product"}],"replies":[{"embeddable":true,"href":"https:\/\/mikrobagry.cz\/en\/wp-json\/wp\/v2\/comments?post=6509"}],"wp:featuredmedia":[{"embeddable":true,"href":"https:\/\/mikrobagry.cz\/en\/wp-json\/wp\/v2\/media\/6708"}],"wp:attachment":[{"href":"https:\/\/mikrobagry.cz\/en\/wp-json\/wp\/v2\/media?parent=6509"}],"wp:term":[{"taxonomy":"product_cat","embeddable":true,"href":"https:\/\/mikrobagry.cz\/en\/wp-json\/wp\/v2\/product_cat?post=6509"},{"taxonomy":"product_tag","embeddable":true,"href":"https:\/\/mikrobagry.cz\/en\/wp-json\/wp\/v2\/product_tag?post=6509"}],"curies":[{"name":"wp","href":"https:\/\/api.w.org\/{rel}","templated":true}]}}