{"id":5660,"date":"2022-08-21T13:20:04","date_gmt":"2022-08-21T11:20:04","guid":{"rendered":"https:\/\/mikrobagry.cz\/?post_type=product&#038;p=5660"},"modified":"2026-02-24T12:53:24","modified_gmt":"2026-02-24T11:53:24","slug":"stipaci-kuzel-na-drevo","status":"publish","type":"product","link":"https:\/\/mikrobagry.cz\/en\/obchod\/stipaci-kuzel-na-drevo\/","title":{"rendered":"\u0160t\u00edpac\u00ed ku\u017eel na d\u0159evo"},"content":{"rendered":"<p>Mo\u017eno dodat pouze samotn\u00fd ku\u017eel (cena 4.900,-K\u010d bez DPH). Samotn\u00fd ku\u017eel se dod\u00e1v\u00e1 nap\u0159. v p\u0159\u00edpad\u011b, \u017ee m\u00e1te ji\u017e zakoupen\u00fd kompletn\u00ed vrt\u00e1k v\u010d. hydromotoru(pohonu). Na stejn\u00fd pohon se po sejmut\u00ed vrt\u00e1ku um\u00edst\u00ed \u0161t\u00edpac\u00ed ku\u017eel.<\/p>","protected":false},"excerpt":{"rendered":"<p>Vhodn\u00e9 na \u0161t\u00edp\u00e1n\u00ed d\u0159eva. Cena uvedena bez DPH.<\/p>\n<div>Ku\u017eelov\u00fd \u0161t\u00edpa\u010d pr\u016fm\u011br 74mm , s v\u00fdm\u011bnnou \u0161pic\u00ed , d\u00e9lka 300mm , d\u00e9lka \u0161roubovice 140mm , stoup\u00e1n\u00ed \u0161roubovice 10mm<\/div>\n<div>Otvor pr\u016fm\u011br 25H7 , d\u00e9ka 90mm , dr\u00e1\u017eka na pero 8mm , p\u0159\u00ed\u010dn\u00fd otvor pr\u016fm\u011br 8mm.<\/div>","protected":false},"featured_media":5659,"comment_status":"closed","ping_status":"closed","template":"","meta":{"_acf_changed":false},"product_cat":[89,81],"product_tag":[],"class_list":["post-5660","product","type-product","status-publish","has-post-thumbnail","hentry","product_cat-vrtaky","product_cat-prislusenstvi"],"acf":[],"yoast_head":"<!-- This site is optimized with the Yoast SEO plugin v25.7 - https:\/\/yoast.com\/wordpress\/plugins\/seo\/ -->\n<title>\u0160t\u00edpac\u00ed ku\u017eel na d\u0159evo - Mikrobagry.cz<\/title>\n<meta name=\"robots\" content=\"index, follow, max-snippet:-1, max-image-preview:large, max-video-preview:-1\" \/>\n<link rel=\"canonical\" href=\"https:\/\/mikrobagry.cz\/en\/obchod\/stipaci-kuzel-na-drevo\/\" \/>\n<meta property=\"og:locale\" content=\"en_US\" \/>\n<meta property=\"og:type\" content=\"article\" \/>\n<meta property=\"og:title\" content=\"\u0160t\u00edpac\u00ed ku\u017eel na d\u0159evo - Mikrobagry.cz\" \/>\n<meta property=\"og:description\" content=\"Vhodn\u00e9 na \u0161t\u00edp\u00e1n\u00ed d\u0159eva. Cena uvedena bez DPH. Ku\u017eelov\u00fd \u0161t\u00edpa\u010d pr\u016fm\u011br 74mm , s v\u00fdm\u011bnnou \u0161pic\u00ed , d\u00e9lka 300mm , d\u00e9lka \u0161roubovice 140mm , stoup\u00e1n\u00ed \u0161roubovice 10mm Otvor pr\u016fm\u011br 25H7 , d\u00e9ka 90mm , dr\u00e1\u017eka na pero 8mm , p\u0159\u00ed\u010dn\u00fd otvor pr\u016fm\u011br 8mm.\" \/>\n<meta property=\"og:url\" content=\"https:\/\/mikrobagry.cz\/en\/obchod\/stipaci-kuzel-na-drevo\/\" \/>\n<meta property=\"og:site_name\" content=\"Mikrobagry.cz\" \/>\n<meta property=\"article:publisher\" content=\"https:\/\/www.facebook.com\/Mikrobagry.cz\/\" \/>\n<meta property=\"article:modified_time\" content=\"2026-02-24T11:53:24+00:00\" \/>\n<meta property=\"og:image\" content=\"https:\/\/mikrobagry.cz\/wp-content\/uploads\/2022\/08\/Sn\u00edmek-obrazovky-2022-08-21-v-13.03.35.png\" \/>\n\t<meta property=\"og:image:width\" content=\"600\" \/>\n\t<meta property=\"og:image:height\" content=\"470\" \/>\n\t<meta property=\"og:image:type\" content=\"image\/png\" \/>\n<meta name=\"twitter:card\" content=\"summary_large_image\" \/>\n<meta name=\"twitter:label1\" content=\"Est. reading time\" \/>\n\t<meta name=\"twitter:data1\" content=\"1 minute\" \/>\n<script type=\"application\/ld+json\" class=\"yoast-schema-graph\">{\"@context\":\"https:\/\/schema.org\",\"@graph\":[{\"@type\":\"WebPage\",\"@id\":\"https:\/\/mikrobagry.cz\/obchod\/stipaci-kuzel-na-drevo\/\",\"url\":\"https:\/\/mikrobagry.cz\/obchod\/stipaci-kuzel-na-drevo\/\",\"name\":\"\u0160t\u00edpac\u00ed ku\u017eel na d\u0159evo - Mikrobagry.cz\",\"isPartOf\":{\"@id\":\"https:\/\/mikrobagry.cz\/#website\"},\"primaryImageOfPage\":{\"@id\":\"https:\/\/mikrobagry.cz\/obchod\/stipaci-kuzel-na-drevo\/#primaryimage\"},\"image\":{\"@id\":\"https:\/\/mikrobagry.cz\/obchod\/stipaci-kuzel-na-drevo\/#primaryimage\"},\"thumbnailUrl\":\"https:\/\/mikrobagry.cz\/wp-content\/uploads\/2022\/08\/Sn\u00edmek-obrazovky-2022-08-21-v-13.03.35.png\",\"datePublished\":\"2022-08-21T11:20:04+00:00\",\"dateModified\":\"2026-02-24T11:53:24+00:00\",\"breadcrumb\":{\"@id\":\"https:\/\/mikrobagry.cz\/obchod\/stipaci-kuzel-na-drevo\/#breadcrumb\"},\"inLanguage\":\"en-US\",\"potentialAction\":[{\"@type\":\"ReadAction\",\"target\":[\"https:\/\/mikrobagry.cz\/obchod\/stipaci-kuzel-na-drevo\/\"]}]},{\"@type\":\"ImageObject\",\"inLanguage\":\"en-US\",\"@id\":\"https:\/\/mikrobagry.cz\/obchod\/stipaci-kuzel-na-drevo\/#primaryimage\",\"url\":\"https:\/\/mikrobagry.cz\/wp-content\/uploads\/2022\/08\/Sn\u00edmek-obrazovky-2022-08-21-v-13.03.35.png\",\"contentUrl\":\"https:\/\/mikrobagry.cz\/wp-content\/uploads\/2022\/08\/Sn\u00edmek-obrazovky-2022-08-21-v-13.03.35.png\",\"width\":600,\"height\":470},{\"@type\":\"BreadcrumbList\",\"@id\":\"https:\/\/mikrobagry.cz\/obchod\/stipaci-kuzel-na-drevo\/#breadcrumb\",\"itemListElement\":[{\"@type\":\"ListItem\",\"position\":1,\"name\":\"Dom\u016f\",\"item\":\"https:\/\/mikrobagry.cz\/\"},{\"@type\":\"ListItem\",\"position\":2,\"name\":\"Produkty\",\"item\":\"https:\/\/mikrobagry.cz\/shop\/\"},{\"@type\":\"ListItem\",\"position\":3,\"name\":\"\u0160t\u00edpac\u00ed ku\u017eel na d\u0159evo\"}]},{\"@type\":\"WebSite\",\"@id\":\"https:\/\/mikrobagry.cz\/#website\",\"url\":\"https:\/\/mikrobagry.cz\/\",\"name\":\"Mikrobagry.cz\",\"description\":\"Dal\u0161\u00ed web pou\u017e\u00edvaj\u00edc\u00ed WordPress\",\"potentialAction\":[{\"@type\":\"SearchAction\",\"target\":{\"@type\":\"EntryPoint\",\"urlTemplate\":\"https:\/\/mikrobagry.cz\/?s={search_term_string}\"},\"query-input\":{\"@type\":\"PropertyValueSpecification\",\"valueRequired\":true,\"valueName\":\"search_term_string\"}}],\"inLanguage\":\"en-US\"}]}<\/script>\n<!-- \/ Yoast SEO plugin. -->","yoast_head_json":{"title":"\u0160t\u00edpac\u00ed ku\u017eel na d\u0159evo - Mikrobagry.cz","robots":{"index":"index","follow":"follow","max-snippet":"max-snippet:-1","max-image-preview":"max-image-preview:large","max-video-preview":"max-video-preview:-1"},"canonical":"https:\/\/mikrobagry.cz\/en\/obchod\/stipaci-kuzel-na-drevo\/","og_locale":"en_US","og_type":"article","og_title":"\u0160t\u00edpac\u00ed ku\u017eel na d\u0159evo - Mikrobagry.cz","og_description":"Vhodn\u00e9 na \u0161t\u00edp\u00e1n\u00ed d\u0159eva. Cena uvedena bez DPH. Ku\u017eelov\u00fd \u0161t\u00edpa\u010d pr\u016fm\u011br 74mm , s v\u00fdm\u011bnnou \u0161pic\u00ed , d\u00e9lka 300mm , d\u00e9lka \u0161roubovice 140mm , stoup\u00e1n\u00ed \u0161roubovice 10mm Otvor pr\u016fm\u011br 25H7 , d\u00e9ka 90mm , dr\u00e1\u017eka na pero 8mm , p\u0159\u00ed\u010dn\u00fd otvor pr\u016fm\u011br 8mm.","og_url":"https:\/\/mikrobagry.cz\/en\/obchod\/stipaci-kuzel-na-drevo\/","og_site_name":"Mikrobagry.cz","article_publisher":"https:\/\/www.facebook.com\/Mikrobagry.cz\/","article_modified_time":"2026-02-24T11:53:24+00:00","og_image":[{"width":600,"height":470,"url":"https:\/\/mikrobagry.cz\/wp-content\/uploads\/2022\/08\/Sn\u00edmek-obrazovky-2022-08-21-v-13.03.35.png","type":"image\/png"}],"twitter_card":"summary_large_image","twitter_misc":{"Est. reading time":"1 minute"},"schema":{"@context":"https:\/\/schema.org","@graph":[{"@type":"WebPage","@id":"https:\/\/mikrobagry.cz\/obchod\/stipaci-kuzel-na-drevo\/","url":"https:\/\/mikrobagry.cz\/obchod\/stipaci-kuzel-na-drevo\/","name":"\u0160t\u00edpac\u00ed ku\u017eel na d\u0159evo - Mikrobagry.cz","isPartOf":{"@id":"https:\/\/mikrobagry.cz\/#website"},"primaryImageOfPage":{"@id":"https:\/\/mikrobagry.cz\/obchod\/stipaci-kuzel-na-drevo\/#primaryimage"},"image":{"@id":"https:\/\/mikrobagry.cz\/obchod\/stipaci-kuzel-na-drevo\/#primaryimage"},"thumbnailUrl":"https:\/\/mikrobagry.cz\/wp-content\/uploads\/2022\/08\/Sn\u00edmek-obrazovky-2022-08-21-v-13.03.35.png","datePublished":"2022-08-21T11:20:04+00:00","dateModified":"2026-02-24T11:53:24+00:00","breadcrumb":{"@id":"https:\/\/mikrobagry.cz\/obchod\/stipaci-kuzel-na-drevo\/#breadcrumb"},"inLanguage":"en-US","potentialAction":[{"@type":"ReadAction","target":["https:\/\/mikrobagry.cz\/obchod\/stipaci-kuzel-na-drevo\/"]}]},{"@type":"ImageObject","inLanguage":"en-US","@id":"https:\/\/mikrobagry.cz\/obchod\/stipaci-kuzel-na-drevo\/#primaryimage","url":"https:\/\/mikrobagry.cz\/wp-content\/uploads\/2022\/08\/Sn\u00edmek-obrazovky-2022-08-21-v-13.03.35.png","contentUrl":"https:\/\/mikrobagry.cz\/wp-content\/uploads\/2022\/08\/Sn\u00edmek-obrazovky-2022-08-21-v-13.03.35.png","width":600,"height":470},{"@type":"BreadcrumbList","@id":"https:\/\/mikrobagry.cz\/obchod\/stipaci-kuzel-na-drevo\/#breadcrumb","itemListElement":[{"@type":"ListItem","position":1,"name":"Dom\u016f","item":"https:\/\/mikrobagry.cz\/"},{"@type":"ListItem","position":2,"name":"Produkty","item":"https:\/\/mikrobagry.cz\/shop\/"},{"@type":"ListItem","position":3,"name":"\u0160t\u00edpac\u00ed ku\u017eel na d\u0159evo"}]},{"@type":"WebSite","@id":"https:\/\/mikrobagry.cz\/#website","url":"https:\/\/mikrobagry.cz\/","name":"Mikrobagry.cz","description":"Dal\u0161\u00ed web pou\u017e\u00edvaj\u00edc\u00ed WordPress","potentialAction":[{"@type":"SearchAction","target":{"@type":"EntryPoint","urlTemplate":"https:\/\/mikrobagry.cz\/?s={search_term_string}"},"query-input":{"@type":"PropertyValueSpecification","valueRequired":true,"valueName":"search_term_string"}}],"inLanguage":"en-US"}]}},"_links":{"self":[{"href":"https:\/\/mikrobagry.cz\/en\/wp-json\/wp\/v2\/product\/5660","targetHints":{"allow":["GET"]}}],"collection":[{"href":"https:\/\/mikrobagry.cz\/en\/wp-json\/wp\/v2\/product"}],"about":[{"href":"https:\/\/mikrobagry.cz\/en\/wp-json\/wp\/v2\/types\/product"}],"replies":[{"embeddable":true,"href":"https:\/\/mikrobagry.cz\/en\/wp-json\/wp\/v2\/comments?post=5660"}],"wp:featuredmedia":[{"embeddable":true,"href":"https:\/\/mikrobagry.cz\/en\/wp-json\/wp\/v2\/media\/5659"}],"wp:attachment":[{"href":"https:\/\/mikrobagry.cz\/en\/wp-json\/wp\/v2\/media?parent=5660"}],"wp:term":[{"taxonomy":"product_cat","embeddable":true,"href":"https:\/\/mikrobagry.cz\/en\/wp-json\/wp\/v2\/product_cat?post=5660"},{"taxonomy":"product_tag","embeddable":true,"href":"https:\/\/mikrobagry.cz\/en\/wp-json\/wp\/v2\/product_tag?post=5660"}],"curies":[{"name":"wp","href":"https:\/\/api.w.org\/{rel}","templated":true}]}}