{"id":3413,"date":"2019-12-15T19:55:38","date_gmt":"2019-12-15T18:55:38","guid":{"rendered":"http:\/\/mikrobagry.cz\/?post_type=product&#038;p=3413"},"modified":"2026-01-04T21:42:58","modified_gmt":"2026-01-04T20:42:58","slug":"hydraulicky-naklapena-svahova-lzice-80cm","status":"publish","type":"product","link":"https:\/\/mikrobagry.cz\/en\/obchod\/hydraulicky-naklapena-svahova-lzice-80cm\/","title":{"rendered":"Hydraulicky nakl\u00e1p\u011bn\u00e1 (i do stran) svahov\u00e1 l\u017e\u00edce 80cm"},"content":{"rendered":"<p>Velmi obl\u00edben\u00e1 svahov\u00e1 l\u017e\u00edce u na\u0161ich z\u00e1kazn\u00edk\u016f. Povrch m\u016f\u017eete r\u016fzn\u011b vyrovn\u00e1vat, tvarovat, svahovat i do stran, a to d\u00edky hydraulick\u00e9mu nakl\u00e1n\u011bj\u00edc\u00edmu syst\u00e9mu. Lze svahovat vodorovn\u011b, ale i \u0161ikmo a\u017e pod \u00fahlem 45\u00b0.<\/p>","protected":false},"excerpt":{"rendered":"<p>Vyztu\u017een\u00e1, v\u010d. hardox b\u0159itu. Cena bez DPH.<\/p>\n<p>&nbsp;<\/p>","protected":false},"featured_media":5191,"comment_status":"closed","ping_status":"closed","template":"","meta":{"_acf_changed":false},"product_cat":[90,81],"product_tag":[],"class_list":["post-3413","product","type-product","status-publish","has-post-thumbnail","hentry","product_cat-lzice","product_cat-prislusenstvi"],"acf":[],"yoast_head":"<!-- This site is optimized with the Yoast SEO plugin v25.7 - https:\/\/yoast.com\/wordpress\/plugins\/seo\/ -->\n<title>Hydraulicky nakl\u00e1p\u011bc\u00ed svahov\u00e1 l\u017e\u00edce 80cm - Mikrobagry.cz<\/title>\n<meta name=\"description\" content=\"Hydraulicky nakl\u00e1p\u011bc\u00ed svahov\u00e1 l\u017e\u00edce 80cm - Mikrobagry.cz Mikrobagry.cz - Hydraulicky nakl\u00e1p\u011bn\u00e1 (i do stran) svahov\u00e1 l\u017e\u00edce 80cm\" \/>\n<meta name=\"robots\" content=\"index, follow, max-snippet:-1, max-image-preview:large, max-video-preview:-1\" \/>\n<link rel=\"canonical\" href=\"https:\/\/mikrobagry.cz\/en\/obchod\/hydraulicky-naklapena-svahova-lzice-80cm\/\" \/>\n<meta property=\"og:locale\" content=\"en_US\" \/>\n<meta property=\"og:type\" content=\"article\" \/>\n<meta property=\"og:title\" content=\"Hydraulicky nakl\u00e1p\u011bc\u00ed svahov\u00e1 l\u017e\u00edce 80cm - Mikrobagry.cz\" \/>\n<meta property=\"og:description\" content=\"Hydraulicky nakl\u00e1p\u011bc\u00ed svahov\u00e1 l\u017e\u00edce 80cm - Mikrobagry.cz Mikrobagry.cz - Hydraulicky nakl\u00e1p\u011bn\u00e1 (i do stran) svahov\u00e1 l\u017e\u00edce 80cm\" \/>\n<meta property=\"og:url\" content=\"https:\/\/mikrobagry.cz\/en\/obchod\/hydraulicky-naklapena-svahova-lzice-80cm\/\" \/>\n<meta property=\"og:site_name\" content=\"Mikrobagry.cz\" \/>\n<meta property=\"article:publisher\" content=\"https:\/\/www.facebook.com\/Mikrobagry.cz\/\" \/>\n<meta property=\"article:modified_time\" content=\"2026-01-04T20:42:58+00:00\" \/>\n<meta property=\"og:image\" content=\"https:\/\/mikrobagry.cz\/wp-content\/uploads\/2022\/01\/IMG_20220113_115211.jpg\" \/>\n\t<meta property=\"og:image:width\" content=\"2000\" \/>\n\t<meta property=\"og:image:height\" content=\"1500\" \/>\n\t<meta property=\"og:image:type\" content=\"image\/jpeg\" \/>\n<meta name=\"twitter:card\" content=\"summary_large_image\" \/>\n<meta name=\"twitter:label1\" content=\"Est. reading time\" \/>\n\t<meta name=\"twitter:data1\" content=\"1 minute\" \/>\n<script type=\"application\/ld+json\" class=\"yoast-schema-graph\">{\"@context\":\"https:\/\/schema.org\",\"@graph\":[{\"@type\":\"WebPage\",\"@id\":\"https:\/\/mikrobagry.cz\/obchod\/hydraulicky-naklapena-svahova-lzice-80cm\/\",\"url\":\"https:\/\/mikrobagry.cz\/obchod\/hydraulicky-naklapena-svahova-lzice-80cm\/\",\"name\":\"Hydraulicky nakl\u00e1p\u011bc\u00ed svahov\u00e1 l\u017e\u00edce 80cm - Mikrobagry.cz\",\"isPartOf\":{\"@id\":\"https:\/\/mikrobagry.cz\/#website\"},\"primaryImageOfPage\":{\"@id\":\"https:\/\/mikrobagry.cz\/obchod\/hydraulicky-naklapena-svahova-lzice-80cm\/#primaryimage\"},\"image\":{\"@id\":\"https:\/\/mikrobagry.cz\/obchod\/hydraulicky-naklapena-svahova-lzice-80cm\/#primaryimage\"},\"thumbnailUrl\":\"https:\/\/mikrobagry.cz\/wp-content\/uploads\/2022\/01\/IMG_20220113_115211.jpg\",\"datePublished\":\"2019-12-15T18:55:38+00:00\",\"dateModified\":\"2026-01-04T20:42:58+00:00\",\"description\":\"Hydraulicky nakl\u00e1p\u011bc\u00ed svahov\u00e1 l\u017e\u00edce 80cm - Mikrobagry.cz Mikrobagry.cz - Hydraulicky nakl\u00e1p\u011bn\u00e1 (i do stran) svahov\u00e1 l\u017e\u00edce 80cm\",\"breadcrumb\":{\"@id\":\"https:\/\/mikrobagry.cz\/obchod\/hydraulicky-naklapena-svahova-lzice-80cm\/#breadcrumb\"},\"inLanguage\":\"en-US\",\"potentialAction\":[{\"@type\":\"ReadAction\",\"target\":[\"https:\/\/mikrobagry.cz\/obchod\/hydraulicky-naklapena-svahova-lzice-80cm\/\"]}]},{\"@type\":\"ImageObject\",\"inLanguage\":\"en-US\",\"@id\":\"https:\/\/mikrobagry.cz\/obchod\/hydraulicky-naklapena-svahova-lzice-80cm\/#primaryimage\",\"url\":\"https:\/\/mikrobagry.cz\/wp-content\/uploads\/2022\/01\/IMG_20220113_115211.jpg\",\"contentUrl\":\"https:\/\/mikrobagry.cz\/wp-content\/uploads\/2022\/01\/IMG_20220113_115211.jpg\",\"width\":2000,\"height\":1500},{\"@type\":\"BreadcrumbList\",\"@id\":\"https:\/\/mikrobagry.cz\/obchod\/hydraulicky-naklapena-svahova-lzice-80cm\/#breadcrumb\",\"itemListElement\":[{\"@type\":\"ListItem\",\"position\":1,\"name\":\"Dom\u016f\",\"item\":\"https:\/\/mikrobagry.cz\/\"},{\"@type\":\"ListItem\",\"position\":2,\"name\":\"Produkty\",\"item\":\"https:\/\/mikrobagry.cz\/shop\/\"},{\"@type\":\"ListItem\",\"position\":3,\"name\":\"Hydraulicky nakl\u00e1p\u011bn\u00e1 (i do stran) svahov\u00e1 l\u017e\u00edce 80cm\"}]},{\"@type\":\"WebSite\",\"@id\":\"https:\/\/mikrobagry.cz\/#website\",\"url\":\"https:\/\/mikrobagry.cz\/\",\"name\":\"Mikrobagry.cz\",\"description\":\"Dal\u0161\u00ed web pou\u017e\u00edvaj\u00edc\u00ed WordPress\",\"potentialAction\":[{\"@type\":\"SearchAction\",\"target\":{\"@type\":\"EntryPoint\",\"urlTemplate\":\"https:\/\/mikrobagry.cz\/?s={search_term_string}\"},\"query-input\":{\"@type\":\"PropertyValueSpecification\",\"valueRequired\":true,\"valueName\":\"search_term_string\"}}],\"inLanguage\":\"en-US\"}]}<\/script>\n<!-- \/ Yoast SEO plugin. -->","yoast_head_json":{"title":"Hydraulicky nakl\u00e1p\u011bc\u00ed svahov\u00e1 l\u017e\u00edce 80cm - Mikrobagry.cz","description":"Hydraulicky nakl\u00e1p\u011bc\u00ed svahov\u00e1 l\u017e\u00edce 80cm - Mikrobagry.cz Mikrobagry.cz - Hydraulicky nakl\u00e1p\u011bn\u00e1 (i do stran) svahov\u00e1 l\u017e\u00edce 80cm","robots":{"index":"index","follow":"follow","max-snippet":"max-snippet:-1","max-image-preview":"max-image-preview:large","max-video-preview":"max-video-preview:-1"},"canonical":"https:\/\/mikrobagry.cz\/en\/obchod\/hydraulicky-naklapena-svahova-lzice-80cm\/","og_locale":"en_US","og_type":"article","og_title":"Hydraulicky nakl\u00e1p\u011bc\u00ed svahov\u00e1 l\u017e\u00edce 80cm - Mikrobagry.cz","og_description":"Hydraulicky nakl\u00e1p\u011bc\u00ed svahov\u00e1 l\u017e\u00edce 80cm - Mikrobagry.cz Mikrobagry.cz - Hydraulicky nakl\u00e1p\u011bn\u00e1 (i do stran) svahov\u00e1 l\u017e\u00edce 80cm","og_url":"https:\/\/mikrobagry.cz\/en\/obchod\/hydraulicky-naklapena-svahova-lzice-80cm\/","og_site_name":"Mikrobagry.cz","article_publisher":"https:\/\/www.facebook.com\/Mikrobagry.cz\/","article_modified_time":"2026-01-04T20:42:58+00:00","og_image":[{"width":2000,"height":1500,"url":"https:\/\/mikrobagry.cz\/wp-content\/uploads\/2022\/01\/IMG_20220113_115211.jpg","type":"image\/jpeg"}],"twitter_card":"summary_large_image","twitter_misc":{"Est. reading time":"1 minute"},"schema":{"@context":"https:\/\/schema.org","@graph":[{"@type":"WebPage","@id":"https:\/\/mikrobagry.cz\/obchod\/hydraulicky-naklapena-svahova-lzice-80cm\/","url":"https:\/\/mikrobagry.cz\/obchod\/hydraulicky-naklapena-svahova-lzice-80cm\/","name":"Hydraulicky nakl\u00e1p\u011bc\u00ed svahov\u00e1 l\u017e\u00edce 80cm - Mikrobagry.cz","isPartOf":{"@id":"https:\/\/mikrobagry.cz\/#website"},"primaryImageOfPage":{"@id":"https:\/\/mikrobagry.cz\/obchod\/hydraulicky-naklapena-svahova-lzice-80cm\/#primaryimage"},"image":{"@id":"https:\/\/mikrobagry.cz\/obchod\/hydraulicky-naklapena-svahova-lzice-80cm\/#primaryimage"},"thumbnailUrl":"https:\/\/mikrobagry.cz\/wp-content\/uploads\/2022\/01\/IMG_20220113_115211.jpg","datePublished":"2019-12-15T18:55:38+00:00","dateModified":"2026-01-04T20:42:58+00:00","description":"Hydraulicky nakl\u00e1p\u011bc\u00ed svahov\u00e1 l\u017e\u00edce 80cm - Mikrobagry.cz Mikrobagry.cz - Hydraulicky nakl\u00e1p\u011bn\u00e1 (i do stran) svahov\u00e1 l\u017e\u00edce 80cm","breadcrumb":{"@id":"https:\/\/mikrobagry.cz\/obchod\/hydraulicky-naklapena-svahova-lzice-80cm\/#breadcrumb"},"inLanguage":"en-US","potentialAction":[{"@type":"ReadAction","target":["https:\/\/mikrobagry.cz\/obchod\/hydraulicky-naklapena-svahova-lzice-80cm\/"]}]},{"@type":"ImageObject","inLanguage":"en-US","@id":"https:\/\/mikrobagry.cz\/obchod\/hydraulicky-naklapena-svahova-lzice-80cm\/#primaryimage","url":"https:\/\/mikrobagry.cz\/wp-content\/uploads\/2022\/01\/IMG_20220113_115211.jpg","contentUrl":"https:\/\/mikrobagry.cz\/wp-content\/uploads\/2022\/01\/IMG_20220113_115211.jpg","width":2000,"height":1500},{"@type":"BreadcrumbList","@id":"https:\/\/mikrobagry.cz\/obchod\/hydraulicky-naklapena-svahova-lzice-80cm\/#breadcrumb","itemListElement":[{"@type":"ListItem","position":1,"name":"Dom\u016f","item":"https:\/\/mikrobagry.cz\/"},{"@type":"ListItem","position":2,"name":"Produkty","item":"https:\/\/mikrobagry.cz\/shop\/"},{"@type":"ListItem","position":3,"name":"Hydraulicky nakl\u00e1p\u011bn\u00e1 (i do stran) svahov\u00e1 l\u017e\u00edce 80cm"}]},{"@type":"WebSite","@id":"https:\/\/mikrobagry.cz\/#website","url":"https:\/\/mikrobagry.cz\/","name":"Mikrobagry.cz","description":"Dal\u0161\u00ed web pou\u017e\u00edvaj\u00edc\u00ed WordPress","potentialAction":[{"@type":"SearchAction","target":{"@type":"EntryPoint","urlTemplate":"https:\/\/mikrobagry.cz\/?s={search_term_string}"},"query-input":{"@type":"PropertyValueSpecification","valueRequired":true,"valueName":"search_term_string"}}],"inLanguage":"en-US"}]}},"_links":{"self":[{"href":"https:\/\/mikrobagry.cz\/en\/wp-json\/wp\/v2\/product\/3413","targetHints":{"allow":["GET"]}}],"collection":[{"href":"https:\/\/mikrobagry.cz\/en\/wp-json\/wp\/v2\/product"}],"about":[{"href":"https:\/\/mikrobagry.cz\/en\/wp-json\/wp\/v2\/types\/product"}],"replies":[{"embeddable":true,"href":"https:\/\/mikrobagry.cz\/en\/wp-json\/wp\/v2\/comments?post=3413"}],"wp:featuredmedia":[{"embeddable":true,"href":"https:\/\/mikrobagry.cz\/en\/wp-json\/wp\/v2\/media\/5191"}],"wp:attachment":[{"href":"https:\/\/mikrobagry.cz\/en\/wp-json\/wp\/v2\/media?parent=3413"}],"wp:term":[{"taxonomy":"product_cat","embeddable":true,"href":"https:\/\/mikrobagry.cz\/en\/wp-json\/wp\/v2\/product_cat?post=3413"},{"taxonomy":"product_tag","embeddable":true,"href":"https:\/\/mikrobagry.cz\/en\/wp-json\/wp\/v2\/product_tag?post=3413"}],"curies":[{"name":"wp","href":"https:\/\/api.w.org\/{rel}","templated":true}]}}