{"id":3155,"date":"2019-09-24T00:47:01","date_gmt":"2019-09-23T22:47:01","guid":{"rendered":"http:\/\/mikrobagry.cz\/?post_type=product&#038;p=3155"},"modified":"2026-03-15T16:55:46","modified_gmt":"2026-03-15T15:55:46","slug":"bouraci-kladivo-pro-minibagry-cz","status":"publish","type":"product","link":"https:\/\/mikrobagry.cz\/en\/obchod\/bouraci-kladivo-pro-minibagry-cz\/","title":{"rendered":"Bourac\u00ed kladivo MIKROBAGRY B350"},"content":{"rendered":"<p>Uleh\u010d\u00ed pr\u00e1ci p\u0159i bour\u00e1n\u00ed betonu apod.<\/p>\n<div class=\"page\" title=\"Page 11\">\n<div class=\"layoutArea\">\n<div class=\"column\">\n<p>Pote\u0301, co za\u010depujete bouraci\u0301 kladivo na rameno bagru a je tedy nasazene\u0301 na stroji, pr\u030cipoj\u00edte hydraulicke\u0301 hadice do pr\u030ci\u0301davne\u0301 hydraulicke\u0301 linky a m\u016f\u017eete za\u010d\u00edt pracovat.<\/p>\n<\/div>\n<\/div>\n<\/div>","protected":false},"excerpt":{"rendered":"<p>Kompatibiln\u00ed s modely MP\/T-82-1500.<\/p>\n<p>V\u00e1ha 85 Kg.<\/p>\n<p>Price is without VAT.<\/p>","protected":false},"featured_media":7410,"comment_status":"closed","ping_status":"closed","template":"","meta":{"_acf_changed":false},"product_cat":[99,81],"product_tag":[],"class_list":["post-3155","product","type-product","status-publish","has-post-thumbnail","hentry","product_cat-bouraci-kladivo","product_cat-prislusenstvi"],"acf":[],"yoast_head":"<!-- This site is optimized with the Yoast SEO plugin v25.7 - https:\/\/yoast.com\/wordpress\/plugins\/seo\/ -->\n<title>Bourac\u00ed kladivo MIKROBAGRY B350 - Mikrobagry.cz<\/title>\n<meta name=\"description\" content=\"Bourac\u00ed kladivo MIKROBAGRY B350 pro minibagry.cz\" \/>\n<meta name=\"robots\" content=\"index, follow, max-snippet:-1, max-image-preview:large, max-video-preview:-1\" \/>\n<link rel=\"canonical\" href=\"https:\/\/mikrobagry.cz\/en\/obchod\/bouraci-kladivo-pro-minibagry-cz\/\" \/>\n<meta property=\"og:locale\" content=\"en_US\" \/>\n<meta property=\"og:type\" content=\"article\" \/>\n<meta property=\"og:title\" content=\"Bourac\u00ed kladivo MIKROBAGRY B350 - Mikrobagry.cz\" \/>\n<meta property=\"og:description\" content=\"Bourac\u00ed kladivo MIKROBAGRY B350 pro minibagry.cz\" \/>\n<meta property=\"og:url\" content=\"https:\/\/mikrobagry.cz\/en\/obchod\/bouraci-kladivo-pro-minibagry-cz\/\" \/>\n<meta property=\"og:site_name\" content=\"Mikrobagry.cz\" \/>\n<meta property=\"article:publisher\" content=\"https:\/\/www.facebook.com\/Mikrobagry.cz\/\" \/>\n<meta property=\"article:modified_time\" content=\"2026-03-15T15:55:46+00:00\" \/>\n<meta property=\"og:image\" content=\"https:\/\/mikrobagry.cz\/wp-content\/uploads\/2019\/09\/Snimek-obrazovky-2024-10-05-v-17.06.42.png\" \/>\n\t<meta property=\"og:image:width\" content=\"879\" \/>\n\t<meta property=\"og:image:height\" content=\"649\" \/>\n\t<meta property=\"og:image:type\" content=\"image\/png\" \/>\n<meta name=\"twitter:card\" content=\"summary_large_image\" \/>\n<meta name=\"twitter:label1\" content=\"Est. reading time\" \/>\n\t<meta name=\"twitter:data1\" content=\"1 minute\" \/>\n<script type=\"application\/ld+json\" class=\"yoast-schema-graph\">{\"@context\":\"https:\/\/schema.org\",\"@graph\":[{\"@type\":\"WebPage\",\"@id\":\"https:\/\/mikrobagry.cz\/obchod\/bouraci-kladivo-pro-minibagry-cz\/\",\"url\":\"https:\/\/mikrobagry.cz\/obchod\/bouraci-kladivo-pro-minibagry-cz\/\",\"name\":\"Bourac\u00ed kladivo MIKROBAGRY B350 - Mikrobagry.cz\",\"isPartOf\":{\"@id\":\"https:\/\/mikrobagry.cz\/#website\"},\"primaryImageOfPage\":{\"@id\":\"https:\/\/mikrobagry.cz\/obchod\/bouraci-kladivo-pro-minibagry-cz\/#primaryimage\"},\"image\":{\"@id\":\"https:\/\/mikrobagry.cz\/obchod\/bouraci-kladivo-pro-minibagry-cz\/#primaryimage\"},\"thumbnailUrl\":\"https:\/\/mikrobagry.cz\/wp-content\/uploads\/2019\/09\/Snimek-obrazovky-2024-10-05-v-17.06.42.png\",\"datePublished\":\"2019-09-23T22:47:01+00:00\",\"dateModified\":\"2026-03-15T15:55:46+00:00\",\"description\":\"Bourac\u00ed kladivo MIKROBAGRY B350 pro minibagry.cz\",\"breadcrumb\":{\"@id\":\"https:\/\/mikrobagry.cz\/obchod\/bouraci-kladivo-pro-minibagry-cz\/#breadcrumb\"},\"inLanguage\":\"en-US\",\"potentialAction\":[{\"@type\":\"ReadAction\",\"target\":[\"https:\/\/mikrobagry.cz\/obchod\/bouraci-kladivo-pro-minibagry-cz\/\"]}]},{\"@type\":\"ImageObject\",\"inLanguage\":\"en-US\",\"@id\":\"https:\/\/mikrobagry.cz\/obchod\/bouraci-kladivo-pro-minibagry-cz\/#primaryimage\",\"url\":\"https:\/\/mikrobagry.cz\/wp-content\/uploads\/2019\/09\/Snimek-obrazovky-2024-10-05-v-17.06.42.png\",\"contentUrl\":\"https:\/\/mikrobagry.cz\/wp-content\/uploads\/2019\/09\/Snimek-obrazovky-2024-10-05-v-17.06.42.png\",\"width\":879,\"height\":649},{\"@type\":\"BreadcrumbList\",\"@id\":\"https:\/\/mikrobagry.cz\/obchod\/bouraci-kladivo-pro-minibagry-cz\/#breadcrumb\",\"itemListElement\":[{\"@type\":\"ListItem\",\"position\":1,\"name\":\"Dom\u016f\",\"item\":\"https:\/\/mikrobagry.cz\/\"},{\"@type\":\"ListItem\",\"position\":2,\"name\":\"Produkty\",\"item\":\"https:\/\/mikrobagry.cz\/shop\/\"},{\"@type\":\"ListItem\",\"position\":3,\"name\":\"Bourac\u00ed kladivo MIKROBAGRY B350\"}]},{\"@type\":\"WebSite\",\"@id\":\"https:\/\/mikrobagry.cz\/#website\",\"url\":\"https:\/\/mikrobagry.cz\/\",\"name\":\"Mikrobagry.cz\",\"description\":\"Dal\u0161\u00ed web pou\u017e\u00edvaj\u00edc\u00ed WordPress\",\"potentialAction\":[{\"@type\":\"SearchAction\",\"target\":{\"@type\":\"EntryPoint\",\"urlTemplate\":\"https:\/\/mikrobagry.cz\/?s={search_term_string}\"},\"query-input\":{\"@type\":\"PropertyValueSpecification\",\"valueRequired\":true,\"valueName\":\"search_term_string\"}}],\"inLanguage\":\"en-US\"}]}<\/script>\n<!-- \/ Yoast SEO plugin. -->","yoast_head_json":{"title":"Bourac\u00ed kladivo MIKROBAGRY B350 - Mikrobagry.cz","description":"Bourac\u00ed kladivo MIKROBAGRY B350 pro minibagry.cz","robots":{"index":"index","follow":"follow","max-snippet":"max-snippet:-1","max-image-preview":"max-image-preview:large","max-video-preview":"max-video-preview:-1"},"canonical":"https:\/\/mikrobagry.cz\/en\/obchod\/bouraci-kladivo-pro-minibagry-cz\/","og_locale":"en_US","og_type":"article","og_title":"Bourac\u00ed kladivo MIKROBAGRY B350 - Mikrobagry.cz","og_description":"Bourac\u00ed kladivo MIKROBAGRY B350 pro minibagry.cz","og_url":"https:\/\/mikrobagry.cz\/en\/obchod\/bouraci-kladivo-pro-minibagry-cz\/","og_site_name":"Mikrobagry.cz","article_publisher":"https:\/\/www.facebook.com\/Mikrobagry.cz\/","article_modified_time":"2026-03-15T15:55:46+00:00","og_image":[{"width":879,"height":649,"url":"https:\/\/mikrobagry.cz\/wp-content\/uploads\/2019\/09\/Snimek-obrazovky-2024-10-05-v-17.06.42.png","type":"image\/png"}],"twitter_card":"summary_large_image","twitter_misc":{"Est. reading time":"1 minute"},"schema":{"@context":"https:\/\/schema.org","@graph":[{"@type":"WebPage","@id":"https:\/\/mikrobagry.cz\/obchod\/bouraci-kladivo-pro-minibagry-cz\/","url":"https:\/\/mikrobagry.cz\/obchod\/bouraci-kladivo-pro-minibagry-cz\/","name":"Bourac\u00ed kladivo MIKROBAGRY B350 - Mikrobagry.cz","isPartOf":{"@id":"https:\/\/mikrobagry.cz\/#website"},"primaryImageOfPage":{"@id":"https:\/\/mikrobagry.cz\/obchod\/bouraci-kladivo-pro-minibagry-cz\/#primaryimage"},"image":{"@id":"https:\/\/mikrobagry.cz\/obchod\/bouraci-kladivo-pro-minibagry-cz\/#primaryimage"},"thumbnailUrl":"https:\/\/mikrobagry.cz\/wp-content\/uploads\/2019\/09\/Snimek-obrazovky-2024-10-05-v-17.06.42.png","datePublished":"2019-09-23T22:47:01+00:00","dateModified":"2026-03-15T15:55:46+00:00","description":"Bourac\u00ed kladivo MIKROBAGRY B350 pro minibagry.cz","breadcrumb":{"@id":"https:\/\/mikrobagry.cz\/obchod\/bouraci-kladivo-pro-minibagry-cz\/#breadcrumb"},"inLanguage":"en-US","potentialAction":[{"@type":"ReadAction","target":["https:\/\/mikrobagry.cz\/obchod\/bouraci-kladivo-pro-minibagry-cz\/"]}]},{"@type":"ImageObject","inLanguage":"en-US","@id":"https:\/\/mikrobagry.cz\/obchod\/bouraci-kladivo-pro-minibagry-cz\/#primaryimage","url":"https:\/\/mikrobagry.cz\/wp-content\/uploads\/2019\/09\/Snimek-obrazovky-2024-10-05-v-17.06.42.png","contentUrl":"https:\/\/mikrobagry.cz\/wp-content\/uploads\/2019\/09\/Snimek-obrazovky-2024-10-05-v-17.06.42.png","width":879,"height":649},{"@type":"BreadcrumbList","@id":"https:\/\/mikrobagry.cz\/obchod\/bouraci-kladivo-pro-minibagry-cz\/#breadcrumb","itemListElement":[{"@type":"ListItem","position":1,"name":"Dom\u016f","item":"https:\/\/mikrobagry.cz\/"},{"@type":"ListItem","position":2,"name":"Produkty","item":"https:\/\/mikrobagry.cz\/shop\/"},{"@type":"ListItem","position":3,"name":"Bourac\u00ed kladivo MIKROBAGRY B350"}]},{"@type":"WebSite","@id":"https:\/\/mikrobagry.cz\/#website","url":"https:\/\/mikrobagry.cz\/","name":"Mikrobagry.cz","description":"Dal\u0161\u00ed web pou\u017e\u00edvaj\u00edc\u00ed WordPress","potentialAction":[{"@type":"SearchAction","target":{"@type":"EntryPoint","urlTemplate":"https:\/\/mikrobagry.cz\/?s={search_term_string}"},"query-input":{"@type":"PropertyValueSpecification","valueRequired":true,"valueName":"search_term_string"}}],"inLanguage":"en-US"}]}},"_links":{"self":[{"href":"https:\/\/mikrobagry.cz\/en\/wp-json\/wp\/v2\/product\/3155","targetHints":{"allow":["GET"]}}],"collection":[{"href":"https:\/\/mikrobagry.cz\/en\/wp-json\/wp\/v2\/product"}],"about":[{"href":"https:\/\/mikrobagry.cz\/en\/wp-json\/wp\/v2\/types\/product"}],"replies":[{"embeddable":true,"href":"https:\/\/mikrobagry.cz\/en\/wp-json\/wp\/v2\/comments?post=3155"}],"wp:featuredmedia":[{"embeddable":true,"href":"https:\/\/mikrobagry.cz\/en\/wp-json\/wp\/v2\/media\/7410"}],"wp:attachment":[{"href":"https:\/\/mikrobagry.cz\/en\/wp-json\/wp\/v2\/media?parent=3155"}],"wp:term":[{"taxonomy":"product_cat","embeddable":true,"href":"https:\/\/mikrobagry.cz\/en\/wp-json\/wp\/v2\/product_cat?post=3155"},{"taxonomy":"product_tag","embeddable":true,"href":"https:\/\/mikrobagry.cz\/en\/wp-json\/wp\/v2\/product_tag?post=3155"}],"curies":[{"name":"wp","href":"https:\/\/api.w.org\/{rel}","templated":true}]}}