{"id":3122,"date":"2019-09-19T14:19:07","date_gmt":"2019-09-19T12:19:07","guid":{"rendered":"http:\/\/mikrobagry.cz\/?post_type=product&#038;p=3122"},"modified":"2024-03-27T14:27:37","modified_gmt":"2024-03-27T13:27:37","slug":"nakladac-mc-82","status":"publish","type":"product","link":"https:\/\/mikrobagry.cz\/en\/obchod\/nakladac-mc-82\/","title":{"rendered":"MC-82 loader"},"content":{"rendered":"<h3><strong>Technick\u00e1 specifikace<\/strong><\/h3>\n<ul>\n<li>Hmotnost : 780 kg<\/li>\n<li>Max. v\u00fd\u0161ka : 2 000 mm<\/li>\n<li>\u0160\u00ed\u0159ka (pr\u016fjezdn\u00ed) : 820 mm<\/li>\n<li>\u0160\u00ed\u0159ka naklada\u010de : 770 mm<\/li>\n<li>Max d\u00e9lka : 2 500 mm<\/li>\n<li>Objem naklada\u010de : 100 L<\/li>\n<li>Max. bezpe\u010dn\u00e9 zat\u00ed\u017een\u00ed naklada\u010de : 200 kg . \u00a0Zvl\u00e1dne 400kg<\/li>\n<\/ul>\n<h3>Motor<\/h3>\n<ul>\n<li>Motor Excalibur 9HP, el. start \/ Voliteln\u011b 14HP<\/li>\n<li>V\u00fdkon : 6,6 kW\/10,3<\/li>\n<li>Objem : 277 cc\/430<\/li>\n<li>Pr\u016fm\u011brn\u00e1 \u00a0spot\u0159eba \u202f: 0,7 l\/h<\/li>\n<li>Kapacita n\u00e1dr\u017ee : 6 L<\/li>\n<\/ul>\n<h3>Hydraulika<\/h3>\n<ul>\n<li>\u010cerpadlo : 2x 3,2 cc<\/li>\n<li>Tlak v syst\u00e9mu : 165\u202f bar<\/li>\n<li>Pr\u016ftok :\u00a023 l\/min p\u0159i 3 600 tr\/min<\/li>\n<li>Kapacita hydr. n\u00e1dr\u017ee\u202f: 18 L<\/li>\n<li>P\u00e1sy: 180x72x43<\/li>\n<\/ul>\n<p>&nbsp;<\/p>","protected":false},"excerpt":{"rendered":"<p>Included in the price of the machine:<\/p>\n<ul>\n<li><strong>Shovel with a volume of 100L<\/strong><\/li>\n<li><strong>Motor 9HP<\/strong><\/li>\n<li><strong>Dvojit\u00e9 \u010derpadlo 2&#215;3,2cc<\/strong><\/li>\n<li><strong>Step<\/strong><\/li>\n<\/ul>\n<p>+ mo\u017en\u00e9 voliteln\u00e9 p\u0159\u00edslu\u0161enstv\u00ed :\u00a0P\u0159idr\u017eovac\u00ed trny na naklada\u010d (hydraulick\u00e9),\u00a0Vidle na bal\u00edky,\u00a0Paletov\u00e9 vidle, Vrt\u00e1ky,<\/p>","protected":false},"featured_media":5918,"comment_status":"open","ping_status":"closed","template":"","meta":{"_acf_changed":false},"product_cat":[82],"product_tag":[],"class_list":["post-3122","product","type-product","status-publish","has-post-thumbnail","hentry","product_cat-minibagry-a-dumpery"],"acf":[],"yoast_head":"<!-- This site is optimized with the Yoast SEO plugin v25.7 - https:\/\/yoast.com\/wordpress\/plugins\/seo\/ -->\n<title>Naklada\u010d MC-82 - Mikrobagry.cz<\/title>\n<meta name=\"robots\" content=\"index, follow, max-snippet:-1, max-image-preview:large, max-video-preview:-1\" \/>\n<link rel=\"canonical\" href=\"https:\/\/mikrobagry.cz\/en\/obchod\/nakladac-mc-82\/\" \/>\n<meta property=\"og:locale\" content=\"en_US\" \/>\n<meta property=\"og:type\" content=\"article\" \/>\n<meta property=\"og:title\" content=\"Naklada\u010d MC-82 - Mikrobagry.cz\" \/>\n<meta property=\"og:description\" content=\"V cen\u011b stroje:   Lopata o objemu 100L  Motor 9HP  Dvojit\u00e9 \u010derpadlo 2x3,2cc  Stup\u00ednek  + mo\u017en\u00e9 voliteln\u00e9 p\u0159\u00edslu\u0161enstv\u00ed :\u00a0P\u0159idr\u017eovac\u00ed trny na naklada\u010d (hydraulick\u00e9),\u00a0Vidle na bal\u00edky,\u00a0Paletov\u00e9 vidle, Vrt\u00e1ky,\" \/>\n<meta property=\"og:url\" content=\"https:\/\/mikrobagry.cz\/en\/obchod\/nakladac-mc-82\/\" \/>\n<meta property=\"og:site_name\" content=\"Mikrobagry.cz\" \/>\n<meta property=\"article:publisher\" content=\"https:\/\/www.facebook.com\/Mikrobagry.cz\/\" \/>\n<meta property=\"article:modified_time\" content=\"2024-03-27T13:27:37+00:00\" \/>\n<meta property=\"og:image\" content=\"https:\/\/mikrobagry.cz\/wp-content\/uploads\/2022\/09\/IMG_6501.png\" \/>\n\t<meta property=\"og:image:width\" content=\"900\" \/>\n\t<meta property=\"og:image:height\" content=\"675\" \/>\n\t<meta property=\"og:image:type\" content=\"image\/png\" \/>\n<meta name=\"twitter:card\" content=\"summary_large_image\" \/>\n<meta name=\"twitter:label1\" content=\"Est. reading time\" \/>\n\t<meta name=\"twitter:data1\" content=\"1 minute\" \/>\n<script type=\"application\/ld+json\" class=\"yoast-schema-graph\">{\"@context\":\"https:\/\/schema.org\",\"@graph\":[{\"@type\":\"WebPage\",\"@id\":\"https:\/\/mikrobagry.cz\/obchod\/nakladac-mc-82\/\",\"url\":\"https:\/\/mikrobagry.cz\/obchod\/nakladac-mc-82\/\",\"name\":\"Naklada\u010d MC-82 - Mikrobagry.cz\",\"isPartOf\":{\"@id\":\"https:\/\/mikrobagry.cz\/#website\"},\"primaryImageOfPage\":{\"@id\":\"https:\/\/mikrobagry.cz\/obchod\/nakladac-mc-82\/#primaryimage\"},\"image\":{\"@id\":\"https:\/\/mikrobagry.cz\/obchod\/nakladac-mc-82\/#primaryimage\"},\"thumbnailUrl\":\"https:\/\/mikrobagry.cz\/wp-content\/uploads\/2022\/09\/IMG_6501.png\",\"datePublished\":\"2019-09-19T12:19:07+00:00\",\"dateModified\":\"2024-03-27T13:27:37+00:00\",\"breadcrumb\":{\"@id\":\"https:\/\/mikrobagry.cz\/obchod\/nakladac-mc-82\/#breadcrumb\"},\"inLanguage\":\"en-US\",\"potentialAction\":[{\"@type\":\"ReadAction\",\"target\":[\"https:\/\/mikrobagry.cz\/obchod\/nakladac-mc-82\/\"]}]},{\"@type\":\"ImageObject\",\"inLanguage\":\"en-US\",\"@id\":\"https:\/\/mikrobagry.cz\/obchod\/nakladac-mc-82\/#primaryimage\",\"url\":\"https:\/\/mikrobagry.cz\/wp-content\/uploads\/2022\/09\/IMG_6501.png\",\"contentUrl\":\"https:\/\/mikrobagry.cz\/wp-content\/uploads\/2022\/09\/IMG_6501.png\",\"width\":900,\"height\":675},{\"@type\":\"BreadcrumbList\",\"@id\":\"https:\/\/mikrobagry.cz\/obchod\/nakladac-mc-82\/#breadcrumb\",\"itemListElement\":[{\"@type\":\"ListItem\",\"position\":1,\"name\":\"Dom\u016f\",\"item\":\"https:\/\/mikrobagry.cz\/\"},{\"@type\":\"ListItem\",\"position\":2,\"name\":\"Produkty\",\"item\":\"https:\/\/mikrobagry.cz\/shop\/\"},{\"@type\":\"ListItem\",\"position\":3,\"name\":\"Naklada\u010d MC-82\"}]},{\"@type\":\"WebSite\",\"@id\":\"https:\/\/mikrobagry.cz\/#website\",\"url\":\"https:\/\/mikrobagry.cz\/\",\"name\":\"Mikrobagry.cz\",\"description\":\"Dal\u0161\u00ed web pou\u017e\u00edvaj\u00edc\u00ed WordPress\",\"potentialAction\":[{\"@type\":\"SearchAction\",\"target\":{\"@type\":\"EntryPoint\",\"urlTemplate\":\"https:\/\/mikrobagry.cz\/?s={search_term_string}\"},\"query-input\":{\"@type\":\"PropertyValueSpecification\",\"valueRequired\":true,\"valueName\":\"search_term_string\"}}],\"inLanguage\":\"en-US\"}]}<\/script>\n<!-- \/ Yoast SEO plugin. -->","yoast_head_json":{"title":"Naklada\u010d MC-82 - Mikrobagry.cz","robots":{"index":"index","follow":"follow","max-snippet":"max-snippet:-1","max-image-preview":"max-image-preview:large","max-video-preview":"max-video-preview:-1"},"canonical":"https:\/\/mikrobagry.cz\/en\/obchod\/nakladac-mc-82\/","og_locale":"en_US","og_type":"article","og_title":"Naklada\u010d MC-82 - Mikrobagry.cz","og_description":"V cen\u011b stroje:   Lopata o objemu 100L  Motor 9HP  Dvojit\u00e9 \u010derpadlo 2x3,2cc  Stup\u00ednek  + mo\u017en\u00e9 voliteln\u00e9 p\u0159\u00edslu\u0161enstv\u00ed :\u00a0P\u0159idr\u017eovac\u00ed trny na naklada\u010d (hydraulick\u00e9),\u00a0Vidle na bal\u00edky,\u00a0Paletov\u00e9 vidle, Vrt\u00e1ky,","og_url":"https:\/\/mikrobagry.cz\/en\/obchod\/nakladac-mc-82\/","og_site_name":"Mikrobagry.cz","article_publisher":"https:\/\/www.facebook.com\/Mikrobagry.cz\/","article_modified_time":"2024-03-27T13:27:37+00:00","og_image":[{"width":900,"height":675,"url":"https:\/\/mikrobagry.cz\/wp-content\/uploads\/2022\/09\/IMG_6501.png","type":"image\/png"}],"twitter_card":"summary_large_image","twitter_misc":{"Est. reading time":"1 minute"},"schema":{"@context":"https:\/\/schema.org","@graph":[{"@type":"WebPage","@id":"https:\/\/mikrobagry.cz\/obchod\/nakladac-mc-82\/","url":"https:\/\/mikrobagry.cz\/obchod\/nakladac-mc-82\/","name":"Naklada\u010d MC-82 - Mikrobagry.cz","isPartOf":{"@id":"https:\/\/mikrobagry.cz\/#website"},"primaryImageOfPage":{"@id":"https:\/\/mikrobagry.cz\/obchod\/nakladac-mc-82\/#primaryimage"},"image":{"@id":"https:\/\/mikrobagry.cz\/obchod\/nakladac-mc-82\/#primaryimage"},"thumbnailUrl":"https:\/\/mikrobagry.cz\/wp-content\/uploads\/2022\/09\/IMG_6501.png","datePublished":"2019-09-19T12:19:07+00:00","dateModified":"2024-03-27T13:27:37+00:00","breadcrumb":{"@id":"https:\/\/mikrobagry.cz\/obchod\/nakladac-mc-82\/#breadcrumb"},"inLanguage":"en-US","potentialAction":[{"@type":"ReadAction","target":["https:\/\/mikrobagry.cz\/obchod\/nakladac-mc-82\/"]}]},{"@type":"ImageObject","inLanguage":"en-US","@id":"https:\/\/mikrobagry.cz\/obchod\/nakladac-mc-82\/#primaryimage","url":"https:\/\/mikrobagry.cz\/wp-content\/uploads\/2022\/09\/IMG_6501.png","contentUrl":"https:\/\/mikrobagry.cz\/wp-content\/uploads\/2022\/09\/IMG_6501.png","width":900,"height":675},{"@type":"BreadcrumbList","@id":"https:\/\/mikrobagry.cz\/obchod\/nakladac-mc-82\/#breadcrumb","itemListElement":[{"@type":"ListItem","position":1,"name":"Dom\u016f","item":"https:\/\/mikrobagry.cz\/"},{"@type":"ListItem","position":2,"name":"Produkty","item":"https:\/\/mikrobagry.cz\/shop\/"},{"@type":"ListItem","position":3,"name":"Naklada\u010d MC-82"}]},{"@type":"WebSite","@id":"https:\/\/mikrobagry.cz\/#website","url":"https:\/\/mikrobagry.cz\/","name":"Mikrobagry.cz","description":"Dal\u0161\u00ed web pou\u017e\u00edvaj\u00edc\u00ed WordPress","potentialAction":[{"@type":"SearchAction","target":{"@type":"EntryPoint","urlTemplate":"https:\/\/mikrobagry.cz\/?s={search_term_string}"},"query-input":{"@type":"PropertyValueSpecification","valueRequired":true,"valueName":"search_term_string"}}],"inLanguage":"en-US"}]}},"_links":{"self":[{"href":"https:\/\/mikrobagry.cz\/en\/wp-json\/wp\/v2\/product\/3122","targetHints":{"allow":["GET"]}}],"collection":[{"href":"https:\/\/mikrobagry.cz\/en\/wp-json\/wp\/v2\/product"}],"about":[{"href":"https:\/\/mikrobagry.cz\/en\/wp-json\/wp\/v2\/types\/product"}],"replies":[{"embeddable":true,"href":"https:\/\/mikrobagry.cz\/en\/wp-json\/wp\/v2\/comments?post=3122"}],"wp:featuredmedia":[{"embeddable":true,"href":"https:\/\/mikrobagry.cz\/en\/wp-json\/wp\/v2\/media\/5918"}],"wp:attachment":[{"href":"https:\/\/mikrobagry.cz\/en\/wp-json\/wp\/v2\/media?parent=3122"}],"wp:term":[{"taxonomy":"product_cat","embeddable":true,"href":"https:\/\/mikrobagry.cz\/en\/wp-json\/wp\/v2\/product_cat?post=3122"},{"taxonomy":"product_tag","embeddable":true,"href":"https:\/\/mikrobagry.cz\/en\/wp-json\/wp\/v2\/product_tag?post=3122"}],"curies":[{"name":"wp","href":"https:\/\/api.w.org\/{rel}","templated":true}]}}