{"id":2506,"date":"2018-12-05T21:34:35","date_gmt":"2018-12-05T20:34:35","guid":{"rendered":"http:\/\/mikrobagry.cz\/?post_type=product&#038;p=2506"},"modified":"2024-03-27T14:37:54","modified_gmt":"2024-03-27T13:37:54","slug":"benonovac","status":"publish","type":"product","link":"https:\/\/mikrobagry.cz\/en\/obchod\/benonovac\/","title":{"rendered":"Concreter"},"content":{"rendered":"<p>Betonova\u010d\/Dumper, kter\u00fd p\u0159ijede k p\u00edsku\/cementu, nam\u00edch\u00e1 beton, odveze a vyklop\u00ed do z\u00e1kladu.<\/p>\n<h3>Technick\u00e9 \u00fadaje<\/h3>\n<p>Hmotnost: 450 kg<br \/>\nCelkov\u00e1 v\u00fd\u0161ka: 1300 mm<br \/>\nCelkov\u00e1 \u0161\u00ed\u0159ka: 720 mm<br \/>\nCelkov\u00e1 d\u00e9lka: 750 mm<\/p>\n<p>Objem m\u00edcha\u010dky : 130L, \u00fahel zdvihu m\u00edcha\u010dky 60\u00b0<\/p>\n<h3>Motor<\/h3>\n<p>motor 6,5 hp<br \/>\nV\u00fdkon: 4,4kW<br \/>\nObjem: 196 ccm<br \/>\nPr\u016fm\u011brn\u00e1 spot\u0159eba : 0,4 l\/h<br \/>\nObjem palivov\u00e9 n\u00e1dr\u017ee: 3,7 l<\/p>\n<h3>Hydraulick\u00fd syst\u00e9m<\/h3>\n<p>Hydraulick\u00e9 \u010derpadlo: 2&#215;2,5ccm<br \/>\nProvozn\u00ed tlak: 140 bar<br \/>\nPr\u016ftok: 18 l\/min p\u0159i 3 600 ot.\/min<br \/>\nObjem hydraulick\u00e9 n\u00e1dr\u017ee: 18 l<\/p>","protected":false},"excerpt":{"rendered":"<p>Included in the price of the machine:<\/p>\n<ul>\n<li><strong>Mixer volume 130L<\/strong><\/li>\n<li><strong>Motor 6,5HP<\/strong><\/li>\n<li><strong>Dvojit\u00e9 \u010derpadlo 2&#215;2,5cc<\/strong><\/li>\n<li><strong>Step<\/strong><\/li>\n<li><strong>Best price and workmanship guarantee<\/strong><\/li>\n<li><strong>Warranty<\/strong><\/li>\n<\/ul>\n<p>&nbsp;<\/p>\n<ul>\n<li><strong>Video &#8211; uk\u00e1zka<\/strong> : <a href=\"https:\/\/www.youtube.com\/watch?v=M7mrL_jmiIM\">https:\/\/www.youtube.com\/watch?v=M7mrL_jmiIM<\/a><\/li>\n<\/ul>","protected":false},"featured_media":5917,"comment_status":"open","ping_status":"closed","template":"","meta":{"_acf_changed":false},"product_cat":[82],"product_tag":[],"class_list":["post-2506","product","type-product","status-publish","has-post-thumbnail","hentry","product_cat-minibagry-a-dumpery"],"acf":[],"yoast_head":"<!-- This site is optimized with the Yoast SEO plugin v25.7 - https:\/\/yoast.com\/wordpress\/plugins\/seo\/ -->\n<title>Betonova\u010d - Mikrobagry.cz<\/title>\n<meta name=\"description\" content=\"Betonova\u010d - Dumper, kter\u00fd p\u0159ijede k p\u00edsku\/cementu, nam\u00edch\u00e1 beton, odveze a vyklop\u00ed do z\u00e1kladu. Hydraulicky sklopn\u00fd, 130L objem bubnu\" \/>\n<meta name=\"robots\" content=\"index, follow, max-snippet:-1, max-image-preview:large, max-video-preview:-1\" \/>\n<link rel=\"canonical\" href=\"https:\/\/mikrobagry.cz\/en\/obchod\/benonovac\/\" \/>\n<meta property=\"og:locale\" content=\"en_US\" \/>\n<meta property=\"og:type\" content=\"article\" \/>\n<meta property=\"og:title\" content=\"Betonova\u010d - Mikrobagry.cz\" \/>\n<meta property=\"og:description\" content=\"Betonova\u010d - Dumper, kter\u00fd p\u0159ijede k p\u00edsku\/cementu, nam\u00edch\u00e1 beton, odveze a vyklop\u00ed do z\u00e1kladu. Hydraulicky sklopn\u00fd, 130L objem bubnu\" \/>\n<meta property=\"og:url\" content=\"https:\/\/mikrobagry.cz\/en\/obchod\/benonovac\/\" \/>\n<meta property=\"og:site_name\" content=\"Mikrobagry.cz\" \/>\n<meta property=\"article:publisher\" content=\"https:\/\/www.facebook.com\/Mikrobagry.cz\/\" \/>\n<meta property=\"article:modified_time\" content=\"2024-03-27T13:37:54+00:00\" \/>\n<meta property=\"og:image\" content=\"https:\/\/mikrobagry.cz\/wp-content\/uploads\/2022\/09\/IMG_6495.png\" \/>\n\t<meta property=\"og:image:width\" content=\"900\" \/>\n\t<meta property=\"og:image:height\" content=\"675\" \/>\n\t<meta property=\"og:image:type\" content=\"image\/png\" \/>\n<meta name=\"twitter:card\" content=\"summary_large_image\" \/>\n<meta name=\"twitter:label1\" content=\"Est. reading time\" \/>\n\t<meta name=\"twitter:data1\" content=\"1 minute\" \/>\n<script type=\"application\/ld+json\" class=\"yoast-schema-graph\">{\"@context\":\"https:\/\/schema.org\",\"@graph\":[{\"@type\":\"WebPage\",\"@id\":\"https:\/\/mikrobagry.cz\/obchod\/benonovac\/\",\"url\":\"https:\/\/mikrobagry.cz\/obchod\/benonovac\/\",\"name\":\"Betonova\u010d - Mikrobagry.cz\",\"isPartOf\":{\"@id\":\"https:\/\/mikrobagry.cz\/#website\"},\"primaryImageOfPage\":{\"@id\":\"https:\/\/mikrobagry.cz\/obchod\/benonovac\/#primaryimage\"},\"image\":{\"@id\":\"https:\/\/mikrobagry.cz\/obchod\/benonovac\/#primaryimage\"},\"thumbnailUrl\":\"https:\/\/mikrobagry.cz\/wp-content\/uploads\/2022\/09\/IMG_6495.png\",\"datePublished\":\"2018-12-05T20:34:35+00:00\",\"dateModified\":\"2024-03-27T13:37:54+00:00\",\"description\":\"Betonova\u010d - Dumper, kter\u00fd p\u0159ijede k p\u00edsku\/cementu, nam\u00edch\u00e1 beton, odveze a vyklop\u00ed do z\u00e1kladu. Hydraulicky sklopn\u00fd, 130L objem bubnu\",\"breadcrumb\":{\"@id\":\"https:\/\/mikrobagry.cz\/obchod\/benonovac\/#breadcrumb\"},\"inLanguage\":\"en-US\",\"potentialAction\":[{\"@type\":\"ReadAction\",\"target\":[\"https:\/\/mikrobagry.cz\/obchod\/benonovac\/\"]}]},{\"@type\":\"ImageObject\",\"inLanguage\":\"en-US\",\"@id\":\"https:\/\/mikrobagry.cz\/obchod\/benonovac\/#primaryimage\",\"url\":\"https:\/\/mikrobagry.cz\/wp-content\/uploads\/2022\/09\/IMG_6495.png\",\"contentUrl\":\"https:\/\/mikrobagry.cz\/wp-content\/uploads\/2022\/09\/IMG_6495.png\",\"width\":900,\"height\":675},{\"@type\":\"BreadcrumbList\",\"@id\":\"https:\/\/mikrobagry.cz\/obchod\/benonovac\/#breadcrumb\",\"itemListElement\":[{\"@type\":\"ListItem\",\"position\":1,\"name\":\"Dom\u016f\",\"item\":\"https:\/\/mikrobagry.cz\/\"},{\"@type\":\"ListItem\",\"position\":2,\"name\":\"Produkty\",\"item\":\"https:\/\/mikrobagry.cz\/shop\/\"},{\"@type\":\"ListItem\",\"position\":3,\"name\":\"Betonova\u010d\"}]},{\"@type\":\"WebSite\",\"@id\":\"https:\/\/mikrobagry.cz\/#website\",\"url\":\"https:\/\/mikrobagry.cz\/\",\"name\":\"Mikrobagry.cz\",\"description\":\"Dal\u0161\u00ed web pou\u017e\u00edvaj\u00edc\u00ed WordPress\",\"potentialAction\":[{\"@type\":\"SearchAction\",\"target\":{\"@type\":\"EntryPoint\",\"urlTemplate\":\"https:\/\/mikrobagry.cz\/?s={search_term_string}\"},\"query-input\":{\"@type\":\"PropertyValueSpecification\",\"valueRequired\":true,\"valueName\":\"search_term_string\"}}],\"inLanguage\":\"en-US\"}]}<\/script>\n<!-- \/ Yoast SEO plugin. -->","yoast_head_json":{"title":"Betonova\u010d - Mikrobagry.cz","description":"Betonova\u010d - Dumper, kter\u00fd p\u0159ijede k p\u00edsku\/cementu, nam\u00edch\u00e1 beton, odveze a vyklop\u00ed do z\u00e1kladu. Hydraulicky sklopn\u00fd, 130L objem bubnu","robots":{"index":"index","follow":"follow","max-snippet":"max-snippet:-1","max-image-preview":"max-image-preview:large","max-video-preview":"max-video-preview:-1"},"canonical":"https:\/\/mikrobagry.cz\/en\/obchod\/benonovac\/","og_locale":"en_US","og_type":"article","og_title":"Betonova\u010d - Mikrobagry.cz","og_description":"Betonova\u010d - Dumper, kter\u00fd p\u0159ijede k p\u00edsku\/cementu, nam\u00edch\u00e1 beton, odveze a vyklop\u00ed do z\u00e1kladu. Hydraulicky sklopn\u00fd, 130L objem bubnu","og_url":"https:\/\/mikrobagry.cz\/en\/obchod\/benonovac\/","og_site_name":"Mikrobagry.cz","article_publisher":"https:\/\/www.facebook.com\/Mikrobagry.cz\/","article_modified_time":"2024-03-27T13:37:54+00:00","og_image":[{"width":900,"height":675,"url":"https:\/\/mikrobagry.cz\/wp-content\/uploads\/2022\/09\/IMG_6495.png","type":"image\/png"}],"twitter_card":"summary_large_image","twitter_misc":{"Est. reading time":"1 minute"},"schema":{"@context":"https:\/\/schema.org","@graph":[{"@type":"WebPage","@id":"https:\/\/mikrobagry.cz\/obchod\/benonovac\/","url":"https:\/\/mikrobagry.cz\/obchod\/benonovac\/","name":"Betonova\u010d - Mikrobagry.cz","isPartOf":{"@id":"https:\/\/mikrobagry.cz\/#website"},"primaryImageOfPage":{"@id":"https:\/\/mikrobagry.cz\/obchod\/benonovac\/#primaryimage"},"image":{"@id":"https:\/\/mikrobagry.cz\/obchod\/benonovac\/#primaryimage"},"thumbnailUrl":"https:\/\/mikrobagry.cz\/wp-content\/uploads\/2022\/09\/IMG_6495.png","datePublished":"2018-12-05T20:34:35+00:00","dateModified":"2024-03-27T13:37:54+00:00","description":"Betonova\u010d - Dumper, kter\u00fd p\u0159ijede k p\u00edsku\/cementu, nam\u00edch\u00e1 beton, odveze a vyklop\u00ed do z\u00e1kladu. Hydraulicky sklopn\u00fd, 130L objem bubnu","breadcrumb":{"@id":"https:\/\/mikrobagry.cz\/obchod\/benonovac\/#breadcrumb"},"inLanguage":"en-US","potentialAction":[{"@type":"ReadAction","target":["https:\/\/mikrobagry.cz\/obchod\/benonovac\/"]}]},{"@type":"ImageObject","inLanguage":"en-US","@id":"https:\/\/mikrobagry.cz\/obchod\/benonovac\/#primaryimage","url":"https:\/\/mikrobagry.cz\/wp-content\/uploads\/2022\/09\/IMG_6495.png","contentUrl":"https:\/\/mikrobagry.cz\/wp-content\/uploads\/2022\/09\/IMG_6495.png","width":900,"height":675},{"@type":"BreadcrumbList","@id":"https:\/\/mikrobagry.cz\/obchod\/benonovac\/#breadcrumb","itemListElement":[{"@type":"ListItem","position":1,"name":"Dom\u016f","item":"https:\/\/mikrobagry.cz\/"},{"@type":"ListItem","position":2,"name":"Produkty","item":"https:\/\/mikrobagry.cz\/shop\/"},{"@type":"ListItem","position":3,"name":"Betonova\u010d"}]},{"@type":"WebSite","@id":"https:\/\/mikrobagry.cz\/#website","url":"https:\/\/mikrobagry.cz\/","name":"Mikrobagry.cz","description":"Dal\u0161\u00ed web pou\u017e\u00edvaj\u00edc\u00ed WordPress","potentialAction":[{"@type":"SearchAction","target":{"@type":"EntryPoint","urlTemplate":"https:\/\/mikrobagry.cz\/?s={search_term_string}"},"query-input":{"@type":"PropertyValueSpecification","valueRequired":true,"valueName":"search_term_string"}}],"inLanguage":"en-US"}]}},"_links":{"self":[{"href":"https:\/\/mikrobagry.cz\/en\/wp-json\/wp\/v2\/product\/2506","targetHints":{"allow":["GET"]}}],"collection":[{"href":"https:\/\/mikrobagry.cz\/en\/wp-json\/wp\/v2\/product"}],"about":[{"href":"https:\/\/mikrobagry.cz\/en\/wp-json\/wp\/v2\/types\/product"}],"replies":[{"embeddable":true,"href":"https:\/\/mikrobagry.cz\/en\/wp-json\/wp\/v2\/comments?post=2506"}],"wp:featuredmedia":[{"embeddable":true,"href":"https:\/\/mikrobagry.cz\/en\/wp-json\/wp\/v2\/media\/5917"}],"wp:attachment":[{"href":"https:\/\/mikrobagry.cz\/en\/wp-json\/wp\/v2\/media?parent=2506"}],"wp:term":[{"taxonomy":"product_cat","embeddable":true,"href":"https:\/\/mikrobagry.cz\/en\/wp-json\/wp\/v2\/product_cat?post=2506"},{"taxonomy":"product_tag","embeddable":true,"href":"https:\/\/mikrobagry.cz\/en\/wp-json\/wp\/v2\/product_tag?post=2506"}],"curies":[{"name":"wp","href":"https:\/\/api.w.org\/{rel}","templated":true}]}}