{"id":2492,"date":"2018-12-04T21:11:46","date_gmt":"2018-12-04T20:11:46","guid":{"rendered":"http:\/\/mikrobagry.cz\/?post_type=product&#038;p=2492"},"modified":"2026-02-20T12:11:33","modified_gmt":"2026-02-20T11:11:33","slug":"dumper-dp-82-profi-plus","status":"publish","type":"product","link":"https:\/\/mikrobagry.cz\/en\/obchod\/dumper-dp-82-profi-plus\/","title":{"rendered":"Dumper DP-82 P-profi+"},"content":{"rendered":"<p>N\u00e1\u0161 dumper se vyzna\u010duje velik\u00fdm objemem korby a \u00fahlem vykl\u00e1p\u011bn\u00ed. Robustnost konstrukce stroje dokazuje jeho pr\u00e1zdn\u00e1 v\u00e1ha 720 kg.<\/p>\n<h3><strong>Z\u00e1kladn\u00ed parametry Dumperu DP-82 P-rofi+<\/strong><\/h3>\n<p>\u2022 Pr\u00e1zdn\u00e1 hmotnost: 720 kg<br \/>\n\u2022 Celkov\u00e1 v\u00fd\u0161ka: 1300 mm<br \/>\n\u2022 Celkov\u00e1 \u0161\u00ed\u0159ka : 820 mm<br \/>\n\u2022 Celkov\u00e1 d\u00e9lka: 1975 mm<br \/>\n\u2022 Celkov\u00e1 d\u00e9lka (s nakl\u00e1dac\u00ed lopatou): 2880 mm<br \/>\n\u2022 Objem dumperu: 320 L<br \/>\n\u2022 \u00dahel zdvihu l\u017e\u00edce: 70 \u00b0<\/p>\n<h3><strong>Motor<\/strong><\/h3>\n<p>\u2022 Vzduchem chlazen\u00fd<br \/>\n\u2022 Palivo Benzin<br \/>\n\u2022 Typ: jednov\u00e1lec \u010dty\u0159taktn\u00ed 14 HP<br \/>\n\u2022 V\u00fdkon: 10,3 kW<br \/>\n\u2022 Objem : 440 cm3<br \/>\n\u2022 Pr\u016fm\u011brn\u00e1 spot\u0159eba : 0,9 l \/ h<br \/>\n\u2022 Objem palivov\u00e9 n\u00e1dr\u017ee: 7,4 L<\/p>\n<h3><strong>Hydraulick\u00fd syst\u00e9m<\/strong><\/h3>\n<p>\u2022 Hydraulick\u00e9 \u010derpadlo : 2x 4,9cc<br \/>\n\u2022 Provozn\u00ed tlak: 165 bar\u016f<br \/>\n\u2022 Pr\u016ftok: 34 l \/ min a 3,600 tr \/ min<br \/>\n\u2022 Trak\u010dn\u00ed motor: Dumpery\u00a0 osazujeme jako standard v\u00fdhradn\u011b profesion\u00e1ln\u00edmi hydromotory.<br \/>\n\u2022 Kapacita hydraulick\u00e9 n\u00e1dr\u017ee: 17 L<\/p>\n<p>&nbsp;<\/p>\n<p>&nbsp;<\/p>","protected":false},"excerpt":{"rendered":"<p>DP-82 P-profi+ configuration included<\/p>\n<ul>\n<li><strong>Motor 14HP<\/strong><\/li>\n<li><strong>Dvojit\u00e9 \u010derpadlo 2&#215;4,9cc<\/strong><\/li>\n<li><strong>Increased travel speed by 50%<\/strong><\/li>\n<li><strong>Front self-loading shovel<\/strong><\/li>\n<li><strong>Front Radial<\/strong><\/li>\n<li><strong>Hull capacity 320L \/ hydraulically foldable<\/strong><\/li>\n<li><strong>Visor for even more cargo volume<\/strong><\/li>\n<li><strong>LED light<\/strong><\/li>\n<li><strong>Motor hours counter<\/strong><\/li>\n<li><strong>Step<\/strong><\/li>\n<li><strong>Machine including refills, ready to use<\/strong><\/li>\n<li><strong>Additional braiding of hydraulic hoses for higher protection (We use the highest quality solid spirals)<\/strong><\/li>\n<li><strong>Best price and workmanship guarantee<\/strong><\/li>\n<li><strong>Warranty<\/strong><\/li>\n<\/ul>\n<p>+ Mo\u017enost dal\u0161\u00edch dopl\u0148k\u016f, jako nap\u0159 GPS modul apod.. V nab\u00eddce tak\u00e9 mo\u017enost barvy na p\u0159\u00e1n\u00ed dle vzorn\u00edku RAL, maznice, maziva, n\u00e1jezdy a dal\u0161\u00ed..<\/p>","protected":false},"featured_media":6315,"comment_status":"open","ping_status":"closed","template":"","meta":{"_acf_changed":false},"product_cat":[82],"product_tag":[],"class_list":["post-2492","product","type-product","status-publish","has-post-thumbnail","hentry","product_cat-minibagry-a-dumpery"],"acf":[],"yoast_head":"<!-- This site is optimized with the Yoast SEO plugin v25.7 - https:\/\/yoast.com\/wordpress\/plugins\/seo\/ -->\n<title>Dumper DP-82 P-rofi+ - Mikrobagry.cz<\/title>\n<meta name=\"description\" content=\"Dumper DP-82-P+ je v\u00fdkonn\u00fd dumper s motorem 14HP typu K\u00f6hler (USA). Dumper je osazen\u00fd samonakl\u00e1da\u010di lopatou, radlickou, stup\u00ednkem, k\u0161iltem.\" \/>\n<meta name=\"robots\" content=\"index, follow, max-snippet:-1, max-image-preview:large, max-video-preview:-1\" \/>\n<link rel=\"canonical\" href=\"https:\/\/mikrobagry.cz\/en\/obchod\/dumper-dp-82-profi-plus\/\" \/>\n<meta property=\"og:locale\" content=\"en_US\" \/>\n<meta property=\"og:type\" content=\"article\" \/>\n<meta property=\"og:title\" content=\"Dumper DP-82 P-rofi+ - Mikrobagry.cz\" \/>\n<meta property=\"og:description\" content=\"Dumper DP-82-P+ je v\u00fdkonn\u00fd dumper s motorem 14HP typu K\u00f6hler (USA). Dumper je osazen\u00fd samonakl\u00e1da\u010di lopatou, radlickou, stup\u00ednkem, k\u0161iltem.\" \/>\n<meta property=\"og:url\" content=\"https:\/\/mikrobagry.cz\/en\/obchod\/dumper-dp-82-profi-plus\/\" \/>\n<meta property=\"og:site_name\" content=\"Mikrobagry.cz\" \/>\n<meta property=\"article:publisher\" content=\"https:\/\/www.facebook.com\/Mikrobagry.cz\/\" \/>\n<meta property=\"article:modified_time\" content=\"2026-02-20T11:11:33+00:00\" \/>\n<meta property=\"og:image\" content=\"https:\/\/mikrobagry.cz\/wp-content\/uploads\/2023\/03\/DP-82-P-rofi.jpg\" \/>\n\t<meta property=\"og:image:width\" content=\"1000\" \/>\n\t<meta property=\"og:image:height\" content=\"750\" \/>\n\t<meta property=\"og:image:type\" content=\"image\/jpeg\" \/>\n<meta name=\"twitter:card\" content=\"summary_large_image\" \/>\n<meta name=\"twitter:label1\" content=\"Est. reading time\" \/>\n\t<meta name=\"twitter:data1\" content=\"1 minute\" \/>\n<script type=\"application\/ld+json\" class=\"yoast-schema-graph\">{\"@context\":\"https:\/\/schema.org\",\"@graph\":[{\"@type\":\"WebPage\",\"@id\":\"https:\/\/mikrobagry.cz\/obchod\/dumper-dp-82-profi-plus\/\",\"url\":\"https:\/\/mikrobagry.cz\/obchod\/dumper-dp-82-profi-plus\/\",\"name\":\"Dumper DP-82 P-rofi+ - Mikrobagry.cz\",\"isPartOf\":{\"@id\":\"https:\/\/mikrobagry.cz\/#website\"},\"primaryImageOfPage\":{\"@id\":\"https:\/\/mikrobagry.cz\/obchod\/dumper-dp-82-profi-plus\/#primaryimage\"},\"image\":{\"@id\":\"https:\/\/mikrobagry.cz\/obchod\/dumper-dp-82-profi-plus\/#primaryimage\"},\"thumbnailUrl\":\"https:\/\/mikrobagry.cz\/wp-content\/uploads\/2023\/03\/DP-82-P-rofi.jpg\",\"datePublished\":\"2018-12-04T20:11:46+00:00\",\"dateModified\":\"2026-02-20T11:11:33+00:00\",\"description\":\"Dumper DP-82-P+ je v\u00fdkonn\u00fd dumper s motorem 14HP typu K\u00f6hler (USA). Dumper je osazen\u00fd samonakl\u00e1da\u010di lopatou, radlickou, stup\u00ednkem, k\u0161iltem.\",\"breadcrumb\":{\"@id\":\"https:\/\/mikrobagry.cz\/obchod\/dumper-dp-82-profi-plus\/#breadcrumb\"},\"inLanguage\":\"en-US\",\"potentialAction\":[{\"@type\":\"ReadAction\",\"target\":[\"https:\/\/mikrobagry.cz\/obchod\/dumper-dp-82-profi-plus\/\"]}]},{\"@type\":\"ImageObject\",\"inLanguage\":\"en-US\",\"@id\":\"https:\/\/mikrobagry.cz\/obchod\/dumper-dp-82-profi-plus\/#primaryimage\",\"url\":\"https:\/\/mikrobagry.cz\/wp-content\/uploads\/2023\/03\/DP-82-P-rofi.jpg\",\"contentUrl\":\"https:\/\/mikrobagry.cz\/wp-content\/uploads\/2023\/03\/DP-82-P-rofi.jpg\",\"width\":1000,\"height\":750,\"caption\":\"Dumper DP-82 je v\u00fdkonn\u00fd. S\u00e1m o sob\u011b v\u00e1\u017e\u00ed 720 kg. Robustn\u00ed konstrukce\"},{\"@type\":\"BreadcrumbList\",\"@id\":\"https:\/\/mikrobagry.cz\/obchod\/dumper-dp-82-profi-plus\/#breadcrumb\",\"itemListElement\":[{\"@type\":\"ListItem\",\"position\":1,\"name\":\"Dom\u016f\",\"item\":\"https:\/\/mikrobagry.cz\/\"},{\"@type\":\"ListItem\",\"position\":2,\"name\":\"Produkty\",\"item\":\"https:\/\/mikrobagry.cz\/shop\/\"},{\"@type\":\"ListItem\",\"position\":3,\"name\":\"Dumper DP-82 P-rofi+\"}]},{\"@type\":\"WebSite\",\"@id\":\"https:\/\/mikrobagry.cz\/#website\",\"url\":\"https:\/\/mikrobagry.cz\/\",\"name\":\"Mikrobagry.cz\",\"description\":\"Dal\u0161\u00ed web pou\u017e\u00edvaj\u00edc\u00ed WordPress\",\"potentialAction\":[{\"@type\":\"SearchAction\",\"target\":{\"@type\":\"EntryPoint\",\"urlTemplate\":\"https:\/\/mikrobagry.cz\/?s={search_term_string}\"},\"query-input\":{\"@type\":\"PropertyValueSpecification\",\"valueRequired\":true,\"valueName\":\"search_term_string\"}}],\"inLanguage\":\"en-US\"}]}<\/script>\n<!-- \/ Yoast SEO plugin. -->","yoast_head_json":{"title":"Dumper DP-82 P-rofi+ - Mikrobagry.cz","description":"Dumper DP-82-P+ je v\u00fdkonn\u00fd dumper s motorem 14HP typu K\u00f6hler (USA). Dumper je osazen\u00fd samonakl\u00e1da\u010di lopatou, radlickou, stup\u00ednkem, k\u0161iltem.","robots":{"index":"index","follow":"follow","max-snippet":"max-snippet:-1","max-image-preview":"max-image-preview:large","max-video-preview":"max-video-preview:-1"},"canonical":"https:\/\/mikrobagry.cz\/en\/obchod\/dumper-dp-82-profi-plus\/","og_locale":"en_US","og_type":"article","og_title":"Dumper DP-82 P-rofi+ - Mikrobagry.cz","og_description":"Dumper DP-82-P+ je v\u00fdkonn\u00fd dumper s motorem 14HP typu K\u00f6hler (USA). Dumper je osazen\u00fd samonakl\u00e1da\u010di lopatou, radlickou, stup\u00ednkem, k\u0161iltem.","og_url":"https:\/\/mikrobagry.cz\/en\/obchod\/dumper-dp-82-profi-plus\/","og_site_name":"Mikrobagry.cz","article_publisher":"https:\/\/www.facebook.com\/Mikrobagry.cz\/","article_modified_time":"2026-02-20T11:11:33+00:00","og_image":[{"width":1000,"height":750,"url":"https:\/\/mikrobagry.cz\/wp-content\/uploads\/2023\/03\/DP-82-P-rofi.jpg","type":"image\/jpeg"}],"twitter_card":"summary_large_image","twitter_misc":{"Est. reading time":"1 minute"},"schema":{"@context":"https:\/\/schema.org","@graph":[{"@type":"WebPage","@id":"https:\/\/mikrobagry.cz\/obchod\/dumper-dp-82-profi-plus\/","url":"https:\/\/mikrobagry.cz\/obchod\/dumper-dp-82-profi-plus\/","name":"Dumper DP-82 P-rofi+ - Mikrobagry.cz","isPartOf":{"@id":"https:\/\/mikrobagry.cz\/#website"},"primaryImageOfPage":{"@id":"https:\/\/mikrobagry.cz\/obchod\/dumper-dp-82-profi-plus\/#primaryimage"},"image":{"@id":"https:\/\/mikrobagry.cz\/obchod\/dumper-dp-82-profi-plus\/#primaryimage"},"thumbnailUrl":"https:\/\/mikrobagry.cz\/wp-content\/uploads\/2023\/03\/DP-82-P-rofi.jpg","datePublished":"2018-12-04T20:11:46+00:00","dateModified":"2026-02-20T11:11:33+00:00","description":"Dumper DP-82-P+ je v\u00fdkonn\u00fd dumper s motorem 14HP typu K\u00f6hler (USA). Dumper je osazen\u00fd samonakl\u00e1da\u010di lopatou, radlickou, stup\u00ednkem, k\u0161iltem.","breadcrumb":{"@id":"https:\/\/mikrobagry.cz\/obchod\/dumper-dp-82-profi-plus\/#breadcrumb"},"inLanguage":"en-US","potentialAction":[{"@type":"ReadAction","target":["https:\/\/mikrobagry.cz\/obchod\/dumper-dp-82-profi-plus\/"]}]},{"@type":"ImageObject","inLanguage":"en-US","@id":"https:\/\/mikrobagry.cz\/obchod\/dumper-dp-82-profi-plus\/#primaryimage","url":"https:\/\/mikrobagry.cz\/wp-content\/uploads\/2023\/03\/DP-82-P-rofi.jpg","contentUrl":"https:\/\/mikrobagry.cz\/wp-content\/uploads\/2023\/03\/DP-82-P-rofi.jpg","width":1000,"height":750,"caption":"Dumper DP-82 je v\u00fdkonn\u00fd. S\u00e1m o sob\u011b v\u00e1\u017e\u00ed 720 kg. Robustn\u00ed konstrukce"},{"@type":"BreadcrumbList","@id":"https:\/\/mikrobagry.cz\/obchod\/dumper-dp-82-profi-plus\/#breadcrumb","itemListElement":[{"@type":"ListItem","position":1,"name":"Dom\u016f","item":"https:\/\/mikrobagry.cz\/"},{"@type":"ListItem","position":2,"name":"Produkty","item":"https:\/\/mikrobagry.cz\/shop\/"},{"@type":"ListItem","position":3,"name":"Dumper DP-82 P-rofi+"}]},{"@type":"WebSite","@id":"https:\/\/mikrobagry.cz\/#website","url":"https:\/\/mikrobagry.cz\/","name":"Mikrobagry.cz","description":"Dal\u0161\u00ed web pou\u017e\u00edvaj\u00edc\u00ed WordPress","potentialAction":[{"@type":"SearchAction","target":{"@type":"EntryPoint","urlTemplate":"https:\/\/mikrobagry.cz\/?s={search_term_string}"},"query-input":{"@type":"PropertyValueSpecification","valueRequired":true,"valueName":"search_term_string"}}],"inLanguage":"en-US"}]}},"_links":{"self":[{"href":"https:\/\/mikrobagry.cz\/en\/wp-json\/wp\/v2\/product\/2492","targetHints":{"allow":["GET"]}}],"collection":[{"href":"https:\/\/mikrobagry.cz\/en\/wp-json\/wp\/v2\/product"}],"about":[{"href":"https:\/\/mikrobagry.cz\/en\/wp-json\/wp\/v2\/types\/product"}],"replies":[{"embeddable":true,"href":"https:\/\/mikrobagry.cz\/en\/wp-json\/wp\/v2\/comments?post=2492"}],"wp:featuredmedia":[{"embeddable":true,"href":"https:\/\/mikrobagry.cz\/en\/wp-json\/wp\/v2\/media\/6315"}],"wp:attachment":[{"href":"https:\/\/mikrobagry.cz\/en\/wp-json\/wp\/v2\/media?parent=2492"}],"wp:term":[{"taxonomy":"product_cat","embeddable":true,"href":"https:\/\/mikrobagry.cz\/en\/wp-json\/wp\/v2\/product_cat?post=2492"},{"taxonomy":"product_tag","embeddable":true,"href":"https:\/\/mikrobagry.cz\/en\/wp-json\/wp\/v2\/product_tag?post=2492"}],"curies":[{"name":"wp","href":"https:\/\/api.w.org\/{rel}","templated":true}]}}