{"id":2386,"date":"2018-11-22T21:55:40","date_gmt":"2018-11-22T20:55:40","guid":{"rendered":"http:\/\/mikrobagry.cz\/?post_type=product&#038;p=2386"},"modified":"2026-01-04T21:59:13","modified_gmt":"2026-01-04T20:59:13","slug":"rychloupinak","status":"publish","type":"product","link":"https:\/\/mikrobagry.cz\/en\/obchod\/rychloupinak\/","title":{"rendered":"Fastener"},"content":{"rendered":"<p>Umoz\u030cn\u030cuje snazs\u030ci\u0301 a rychlejs\u030ci\u0301 vy\u0301me\u030cnu pr\u030ci\u0301slus\u030censtvi\u0301, ktere\u0301 spolu s bagrem pouz\u030ci\u0301va\u0301te.<\/p>\n<p>Kompatibilni\u0301 jsou vs\u030cechny podkopove\u0301 i svahove\u0301 lz\u030ci\u0301ce, ry\u0301paci\u0301 trny i hra\u0301be\u030c a s pouz\u030cit\u00edm adapte\u0301ru take\u0301 vs\u030cechny pu\u030adni\u0301 vrta\u0301ky, a kles\u030cte\u030c.<\/p>\n<p>Pokud je stroj vybaveny\u0301 rychloupi\u0301na\u0301kem, prodlouz\u030ci\u0301 se o 10 cm dosah ramene do hloubky a do da\u0301lky.<\/p>","protected":false},"excerpt":{"rendered":"<p>Rychloup\u00edn\u00e1k pro jednoduchou v\u00fdm\u011bnu p\u0159\u00edslu\u0161enstv\u00ed. Cena uvedena bez DPH.<\/p>","protected":false},"featured_media":3045,"comment_status":"closed","ping_status":"closed","template":"","meta":{"_acf_changed":false},"product_cat":[87,88,81],"product_tag":[],"class_list":["post-2386","product","type-product","status-publish","has-post-thumbnail","hentry","product_cat-nahradni-dily","product_cat-vybava","product_cat-prislusenstvi"],"acf":[],"yoast_head":"<!-- This site is optimized with the Yoast SEO plugin v25.7 - https:\/\/yoast.com\/wordpress\/plugins\/seo\/ -->\n<title>Rychloup\u00edn\u00e1k - Mikrobagry.cz<\/title>\n<meta name=\"robots\" content=\"index, follow, max-snippet:-1, max-image-preview:large, max-video-preview:-1\" \/>\n<link rel=\"canonical\" href=\"https:\/\/mikrobagry.cz\/en\/obchod\/rychloupinak\/\" \/>\n<meta property=\"og:locale\" content=\"en_US\" \/>\n<meta property=\"og:type\" content=\"article\" \/>\n<meta property=\"og:title\" content=\"Rychloup\u00edn\u00e1k - Mikrobagry.cz\" \/>\n<meta property=\"og:description\" content=\"Rychloup\u00edn\u00e1k pro jednoduchou v\u00fdm\u011bnu p\u0159\u00edslu\u0161enstv\u00ed. Cena uvedena bez DPH.\" \/>\n<meta property=\"og:url\" content=\"https:\/\/mikrobagry.cz\/en\/obchod\/rychloupinak\/\" \/>\n<meta property=\"og:site_name\" content=\"Mikrobagry.cz\" \/>\n<meta property=\"article:publisher\" content=\"https:\/\/www.facebook.com\/Mikrobagry.cz\/\" \/>\n<meta property=\"article:modified_time\" content=\"2026-01-04T20:59:13+00:00\" \/>\n<meta property=\"og:image\" content=\"https:\/\/mikrobagry.cz\/wp-content\/uploads\/2018\/11\/Rychloup\u00edn\u00e1k.jpg\" \/>\n\t<meta property=\"og:image:width\" content=\"563\" \/>\n\t<meta property=\"og:image:height\" content=\"563\" \/>\n\t<meta property=\"og:image:type\" content=\"image\/jpeg\" \/>\n<meta name=\"twitter:card\" content=\"summary_large_image\" \/>\n<meta name=\"twitter:label1\" content=\"Est. reading time\" \/>\n\t<meta name=\"twitter:data1\" content=\"1 minute\" \/>\n<script type=\"application\/ld+json\" class=\"yoast-schema-graph\">{\"@context\":\"https:\/\/schema.org\",\"@graph\":[{\"@type\":\"WebPage\",\"@id\":\"https:\/\/mikrobagry.cz\/obchod\/rychloupinak\/\",\"url\":\"https:\/\/mikrobagry.cz\/obchod\/rychloupinak\/\",\"name\":\"Rychloup\u00edn\u00e1k - Mikrobagry.cz\",\"isPartOf\":{\"@id\":\"https:\/\/mikrobagry.cz\/#website\"},\"primaryImageOfPage\":{\"@id\":\"https:\/\/mikrobagry.cz\/obchod\/rychloupinak\/#primaryimage\"},\"image\":{\"@id\":\"https:\/\/mikrobagry.cz\/obchod\/rychloupinak\/#primaryimage\"},\"thumbnailUrl\":\"https:\/\/mikrobagry.cz\/wp-content\/uploads\/2018\/11\/Rychloup\u00edn\u00e1k.jpg\",\"datePublished\":\"2018-11-22T20:55:40+00:00\",\"dateModified\":\"2026-01-04T20:59:13+00:00\",\"breadcrumb\":{\"@id\":\"https:\/\/mikrobagry.cz\/obchod\/rychloupinak\/#breadcrumb\"},\"inLanguage\":\"en-US\",\"potentialAction\":[{\"@type\":\"ReadAction\",\"target\":[\"https:\/\/mikrobagry.cz\/obchod\/rychloupinak\/\"]}]},{\"@type\":\"ImageObject\",\"inLanguage\":\"en-US\",\"@id\":\"https:\/\/mikrobagry.cz\/obchod\/rychloupinak\/#primaryimage\",\"url\":\"https:\/\/mikrobagry.cz\/wp-content\/uploads\/2018\/11\/Rychloup\u00edn\u00e1k.jpg\",\"contentUrl\":\"https:\/\/mikrobagry.cz\/wp-content\/uploads\/2018\/11\/Rychloup\u00edn\u00e1k.jpg\",\"width\":563,\"height\":563},{\"@type\":\"BreadcrumbList\",\"@id\":\"https:\/\/mikrobagry.cz\/obchod\/rychloupinak\/#breadcrumb\",\"itemListElement\":[{\"@type\":\"ListItem\",\"position\":1,\"name\":\"Dom\u016f\",\"item\":\"https:\/\/mikrobagry.cz\/\"},{\"@type\":\"ListItem\",\"position\":2,\"name\":\"Produkty\",\"item\":\"https:\/\/mikrobagry.cz\/shop\/\"},{\"@type\":\"ListItem\",\"position\":3,\"name\":\"Rychloup\u00edn\u00e1k\"}]},{\"@type\":\"WebSite\",\"@id\":\"https:\/\/mikrobagry.cz\/#website\",\"url\":\"https:\/\/mikrobagry.cz\/\",\"name\":\"Mikrobagry.cz\",\"description\":\"Dal\u0161\u00ed web pou\u017e\u00edvaj\u00edc\u00ed WordPress\",\"potentialAction\":[{\"@type\":\"SearchAction\",\"target\":{\"@type\":\"EntryPoint\",\"urlTemplate\":\"https:\/\/mikrobagry.cz\/?s={search_term_string}\"},\"query-input\":{\"@type\":\"PropertyValueSpecification\",\"valueRequired\":true,\"valueName\":\"search_term_string\"}}],\"inLanguage\":\"en-US\"}]}<\/script>\n<!-- \/ Yoast SEO plugin. -->","yoast_head_json":{"title":"Rychloup\u00edn\u00e1k - Mikrobagry.cz","robots":{"index":"index","follow":"follow","max-snippet":"max-snippet:-1","max-image-preview":"max-image-preview:large","max-video-preview":"max-video-preview:-1"},"canonical":"https:\/\/mikrobagry.cz\/en\/obchod\/rychloupinak\/","og_locale":"en_US","og_type":"article","og_title":"Rychloup\u00edn\u00e1k - Mikrobagry.cz","og_description":"Rychloup\u00edn\u00e1k pro jednoduchou v\u00fdm\u011bnu p\u0159\u00edslu\u0161enstv\u00ed. Cena uvedena bez DPH.","og_url":"https:\/\/mikrobagry.cz\/en\/obchod\/rychloupinak\/","og_site_name":"Mikrobagry.cz","article_publisher":"https:\/\/www.facebook.com\/Mikrobagry.cz\/","article_modified_time":"2026-01-04T20:59:13+00:00","og_image":[{"width":563,"height":563,"url":"https:\/\/mikrobagry.cz\/wp-content\/uploads\/2018\/11\/Rychloup\u00edn\u00e1k.jpg","type":"image\/jpeg"}],"twitter_card":"summary_large_image","twitter_misc":{"Est. reading time":"1 minute"},"schema":{"@context":"https:\/\/schema.org","@graph":[{"@type":"WebPage","@id":"https:\/\/mikrobagry.cz\/obchod\/rychloupinak\/","url":"https:\/\/mikrobagry.cz\/obchod\/rychloupinak\/","name":"Rychloup\u00edn\u00e1k - Mikrobagry.cz","isPartOf":{"@id":"https:\/\/mikrobagry.cz\/#website"},"primaryImageOfPage":{"@id":"https:\/\/mikrobagry.cz\/obchod\/rychloupinak\/#primaryimage"},"image":{"@id":"https:\/\/mikrobagry.cz\/obchod\/rychloupinak\/#primaryimage"},"thumbnailUrl":"https:\/\/mikrobagry.cz\/wp-content\/uploads\/2018\/11\/Rychloup\u00edn\u00e1k.jpg","datePublished":"2018-11-22T20:55:40+00:00","dateModified":"2026-01-04T20:59:13+00:00","breadcrumb":{"@id":"https:\/\/mikrobagry.cz\/obchod\/rychloupinak\/#breadcrumb"},"inLanguage":"en-US","potentialAction":[{"@type":"ReadAction","target":["https:\/\/mikrobagry.cz\/obchod\/rychloupinak\/"]}]},{"@type":"ImageObject","inLanguage":"en-US","@id":"https:\/\/mikrobagry.cz\/obchod\/rychloupinak\/#primaryimage","url":"https:\/\/mikrobagry.cz\/wp-content\/uploads\/2018\/11\/Rychloup\u00edn\u00e1k.jpg","contentUrl":"https:\/\/mikrobagry.cz\/wp-content\/uploads\/2018\/11\/Rychloup\u00edn\u00e1k.jpg","width":563,"height":563},{"@type":"BreadcrumbList","@id":"https:\/\/mikrobagry.cz\/obchod\/rychloupinak\/#breadcrumb","itemListElement":[{"@type":"ListItem","position":1,"name":"Dom\u016f","item":"https:\/\/mikrobagry.cz\/"},{"@type":"ListItem","position":2,"name":"Produkty","item":"https:\/\/mikrobagry.cz\/shop\/"},{"@type":"ListItem","position":3,"name":"Rychloup\u00edn\u00e1k"}]},{"@type":"WebSite","@id":"https:\/\/mikrobagry.cz\/#website","url":"https:\/\/mikrobagry.cz\/","name":"Mikrobagry.cz","description":"Dal\u0161\u00ed web pou\u017e\u00edvaj\u00edc\u00ed WordPress","potentialAction":[{"@type":"SearchAction","target":{"@type":"EntryPoint","urlTemplate":"https:\/\/mikrobagry.cz\/?s={search_term_string}"},"query-input":{"@type":"PropertyValueSpecification","valueRequired":true,"valueName":"search_term_string"}}],"inLanguage":"en-US"}]}},"_links":{"self":[{"href":"https:\/\/mikrobagry.cz\/en\/wp-json\/wp\/v2\/product\/2386","targetHints":{"allow":["GET"]}}],"collection":[{"href":"https:\/\/mikrobagry.cz\/en\/wp-json\/wp\/v2\/product"}],"about":[{"href":"https:\/\/mikrobagry.cz\/en\/wp-json\/wp\/v2\/types\/product"}],"replies":[{"embeddable":true,"href":"https:\/\/mikrobagry.cz\/en\/wp-json\/wp\/v2\/comments?post=2386"}],"wp:featuredmedia":[{"embeddable":true,"href":"https:\/\/mikrobagry.cz\/en\/wp-json\/wp\/v2\/media\/3045"}],"wp:attachment":[{"href":"https:\/\/mikrobagry.cz\/en\/wp-json\/wp\/v2\/media?parent=2386"}],"wp:term":[{"taxonomy":"product_cat","embeddable":true,"href":"https:\/\/mikrobagry.cz\/en\/wp-json\/wp\/v2\/product_cat?post=2386"},{"taxonomy":"product_tag","embeddable":true,"href":"https:\/\/mikrobagry.cz\/en\/wp-json\/wp\/v2\/product_tag?post=2386"}],"curies":[{"name":"wp","href":"https:\/\/api.w.org\/{rel}","templated":true}]}}