{"id":2190,"date":"2018-04-21T14:19:53","date_gmt":"2018-04-21T12:19:53","guid":{"rendered":"http:\/\/mikrobagry.cz\/?post_type=product&#038;p=2190"},"modified":"2026-01-04T21:47:02","modified_gmt":"2026-01-04T20:47:02","slug":"lzice-30-cm-sphynx-ci-mp357-kompletni-lakovana","status":"publish","type":"product","link":"https:\/\/mikrobagry.cz\/en\/obchod\/lzice-30-cm-sphynx-ci-mp357-kompletni-lakovana\/","title":{"rendered":"Spoon 30cm for MPT-82-1500 models"},"content":{"rendered":"","protected":false},"excerpt":{"rendered":"<p>Ihned k pou\u017eit\u00ed, cena uvedena bez DPH.<\/p>","protected":false},"featured_media":2029,"comment_status":"closed","ping_status":"closed","template":"","meta":{"_acf_changed":false},"product_cat":[90,81],"product_tag":[],"class_list":["post-2190","product","type-product","status-publish","has-post-thumbnail","hentry","product_cat-lzice","product_cat-prislusenstvi"],"acf":[],"yoast_head":"<!-- This site is optimized with the Yoast SEO plugin v25.7 - https:\/\/yoast.com\/wordpress\/plugins\/seo\/ -->\n<title>L\u017e\u00edce 30cm pro modely MPT-82-1500 - Mikrobagry.cz<\/title>\n<meta name=\"robots\" content=\"index, follow, max-snippet:-1, max-image-preview:large, max-video-preview:-1\" \/>\n<link rel=\"canonical\" href=\"https:\/\/mikrobagry.cz\/en\/obchod\/lzice-30-cm-sphynx-ci-mp357-kompletni-lakovana\/\" \/>\n<meta property=\"og:locale\" content=\"en_US\" \/>\n<meta property=\"og:type\" content=\"article\" \/>\n<meta property=\"og:title\" content=\"L\u017e\u00edce 30cm pro modely MPT-82-1500 - Mikrobagry.cz\" \/>\n<meta property=\"og:description\" content=\"Ihned k pou\u017eit\u00ed, cena uvedena bez DPH.\" \/>\n<meta property=\"og:url\" content=\"https:\/\/mikrobagry.cz\/en\/obchod\/lzice-30-cm-sphynx-ci-mp357-kompletni-lakovana\/\" \/>\n<meta property=\"og:site_name\" content=\"Mikrobagry.cz\" \/>\n<meta property=\"article:publisher\" content=\"https:\/\/www.facebook.com\/Mikrobagry.cz\/\" \/>\n<meta property=\"article:modified_time\" content=\"2026-01-04T20:47:02+00:00\" \/>\n<meta property=\"og:image\" content=\"https:\/\/mikrobagry.cz\/wp-content\/uploads\/2018\/02\/L\u017e\u00edce-30-cm-SphinxCiMP357MP180-verze-komplet.jpg\" \/>\n\t<meta property=\"og:image:width\" content=\"300\" \/>\n\t<meta property=\"og:image:height\" content=\"300\" \/>\n\t<meta property=\"og:image:type\" content=\"image\/jpeg\" \/>\n<meta name=\"twitter:card\" content=\"summary_large_image\" \/>\n<script type=\"application\/ld+json\" class=\"yoast-schema-graph\">{\"@context\":\"https:\/\/schema.org\",\"@graph\":[{\"@type\":\"WebPage\",\"@id\":\"https:\/\/mikrobagry.cz\/obchod\/lzice-30-cm-sphynx-ci-mp357-kompletni-lakovana\/\",\"url\":\"https:\/\/mikrobagry.cz\/obchod\/lzice-30-cm-sphynx-ci-mp357-kompletni-lakovana\/\",\"name\":\"L\u017e\u00edce 30cm pro modely MPT-82-1500 - Mikrobagry.cz\",\"isPartOf\":{\"@id\":\"https:\/\/mikrobagry.cz\/#website\"},\"primaryImageOfPage\":{\"@id\":\"https:\/\/mikrobagry.cz\/obchod\/lzice-30-cm-sphynx-ci-mp357-kompletni-lakovana\/#primaryimage\"},\"image\":{\"@id\":\"https:\/\/mikrobagry.cz\/obchod\/lzice-30-cm-sphynx-ci-mp357-kompletni-lakovana\/#primaryimage\"},\"thumbnailUrl\":\"https:\/\/mikrobagry.cz\/wp-content\/uploads\/2018\/02\/L\u017e\u00edce-30-cm-SphinxCiMP357MP180-verze-komplet.jpg\",\"datePublished\":\"2018-04-21T12:19:53+00:00\",\"dateModified\":\"2026-01-04T20:47:02+00:00\",\"breadcrumb\":{\"@id\":\"https:\/\/mikrobagry.cz\/obchod\/lzice-30-cm-sphynx-ci-mp357-kompletni-lakovana\/#breadcrumb\"},\"inLanguage\":\"en-US\",\"potentialAction\":[{\"@type\":\"ReadAction\",\"target\":[\"https:\/\/mikrobagry.cz\/obchod\/lzice-30-cm-sphynx-ci-mp357-kompletni-lakovana\/\"]}]},{\"@type\":\"ImageObject\",\"inLanguage\":\"en-US\",\"@id\":\"https:\/\/mikrobagry.cz\/obchod\/lzice-30-cm-sphynx-ci-mp357-kompletni-lakovana\/#primaryimage\",\"url\":\"https:\/\/mikrobagry.cz\/wp-content\/uploads\/2018\/02\/L\u017e\u00edce-30-cm-SphinxCiMP357MP180-verze-komplet.jpg\",\"contentUrl\":\"https:\/\/mikrobagry.cz\/wp-content\/uploads\/2018\/02\/L\u017e\u00edce-30-cm-SphinxCiMP357MP180-verze-komplet.jpg\",\"width\":300,\"height\":300,\"caption\":\"L\u017e\u00edce 30 cm Sphinx\/Cigale\/MP357\"},{\"@type\":\"BreadcrumbList\",\"@id\":\"https:\/\/mikrobagry.cz\/obchod\/lzice-30-cm-sphynx-ci-mp357-kompletni-lakovana\/#breadcrumb\",\"itemListElement\":[{\"@type\":\"ListItem\",\"position\":1,\"name\":\"Dom\u016f\",\"item\":\"https:\/\/mikrobagry.cz\/\"},{\"@type\":\"ListItem\",\"position\":2,\"name\":\"Produkty\",\"item\":\"https:\/\/mikrobagry.cz\/shop\/\"},{\"@type\":\"ListItem\",\"position\":3,\"name\":\"L\u017e\u00edce 30cm pro modely MPT-82-1500\"}]},{\"@type\":\"WebSite\",\"@id\":\"https:\/\/mikrobagry.cz\/#website\",\"url\":\"https:\/\/mikrobagry.cz\/\",\"name\":\"Mikrobagry.cz\",\"description\":\"Dal\u0161\u00ed web pou\u017e\u00edvaj\u00edc\u00ed WordPress\",\"potentialAction\":[{\"@type\":\"SearchAction\",\"target\":{\"@type\":\"EntryPoint\",\"urlTemplate\":\"https:\/\/mikrobagry.cz\/?s={search_term_string}\"},\"query-input\":{\"@type\":\"PropertyValueSpecification\",\"valueRequired\":true,\"valueName\":\"search_term_string\"}}],\"inLanguage\":\"en-US\"}]}<\/script>\n<!-- \/ Yoast SEO plugin. -->","yoast_head_json":{"title":"L\u017e\u00edce 30cm pro modely MPT-82-1500 - Mikrobagry.cz","robots":{"index":"index","follow":"follow","max-snippet":"max-snippet:-1","max-image-preview":"max-image-preview:large","max-video-preview":"max-video-preview:-1"},"canonical":"https:\/\/mikrobagry.cz\/en\/obchod\/lzice-30-cm-sphynx-ci-mp357-kompletni-lakovana\/","og_locale":"en_US","og_type":"article","og_title":"L\u017e\u00edce 30cm pro modely MPT-82-1500 - Mikrobagry.cz","og_description":"Ihned k pou\u017eit\u00ed, cena uvedena bez DPH.","og_url":"https:\/\/mikrobagry.cz\/en\/obchod\/lzice-30-cm-sphynx-ci-mp357-kompletni-lakovana\/","og_site_name":"Mikrobagry.cz","article_publisher":"https:\/\/www.facebook.com\/Mikrobagry.cz\/","article_modified_time":"2026-01-04T20:47:02+00:00","og_image":[{"width":300,"height":300,"url":"https:\/\/mikrobagry.cz\/wp-content\/uploads\/2018\/02\/L\u017e\u00edce-30-cm-SphinxCiMP357MP180-verze-komplet.jpg","type":"image\/jpeg"}],"twitter_card":"summary_large_image","schema":{"@context":"https:\/\/schema.org","@graph":[{"@type":"WebPage","@id":"https:\/\/mikrobagry.cz\/obchod\/lzice-30-cm-sphynx-ci-mp357-kompletni-lakovana\/","url":"https:\/\/mikrobagry.cz\/obchod\/lzice-30-cm-sphynx-ci-mp357-kompletni-lakovana\/","name":"L\u017e\u00edce 30cm pro modely MPT-82-1500 - Mikrobagry.cz","isPartOf":{"@id":"https:\/\/mikrobagry.cz\/#website"},"primaryImageOfPage":{"@id":"https:\/\/mikrobagry.cz\/obchod\/lzice-30-cm-sphynx-ci-mp357-kompletni-lakovana\/#primaryimage"},"image":{"@id":"https:\/\/mikrobagry.cz\/obchod\/lzice-30-cm-sphynx-ci-mp357-kompletni-lakovana\/#primaryimage"},"thumbnailUrl":"https:\/\/mikrobagry.cz\/wp-content\/uploads\/2018\/02\/L\u017e\u00edce-30-cm-SphinxCiMP357MP180-verze-komplet.jpg","datePublished":"2018-04-21T12:19:53+00:00","dateModified":"2026-01-04T20:47:02+00:00","breadcrumb":{"@id":"https:\/\/mikrobagry.cz\/obchod\/lzice-30-cm-sphynx-ci-mp357-kompletni-lakovana\/#breadcrumb"},"inLanguage":"en-US","potentialAction":[{"@type":"ReadAction","target":["https:\/\/mikrobagry.cz\/obchod\/lzice-30-cm-sphynx-ci-mp357-kompletni-lakovana\/"]}]},{"@type":"ImageObject","inLanguage":"en-US","@id":"https:\/\/mikrobagry.cz\/obchod\/lzice-30-cm-sphynx-ci-mp357-kompletni-lakovana\/#primaryimage","url":"https:\/\/mikrobagry.cz\/wp-content\/uploads\/2018\/02\/L\u017e\u00edce-30-cm-SphinxCiMP357MP180-verze-komplet.jpg","contentUrl":"https:\/\/mikrobagry.cz\/wp-content\/uploads\/2018\/02\/L\u017e\u00edce-30-cm-SphinxCiMP357MP180-verze-komplet.jpg","width":300,"height":300,"caption":"L\u017e\u00edce 30 cm Sphinx\/Cigale\/MP357"},{"@type":"BreadcrumbList","@id":"https:\/\/mikrobagry.cz\/obchod\/lzice-30-cm-sphynx-ci-mp357-kompletni-lakovana\/#breadcrumb","itemListElement":[{"@type":"ListItem","position":1,"name":"Dom\u016f","item":"https:\/\/mikrobagry.cz\/"},{"@type":"ListItem","position":2,"name":"Produkty","item":"https:\/\/mikrobagry.cz\/shop\/"},{"@type":"ListItem","position":3,"name":"L\u017e\u00edce 30cm pro modely MPT-82-1500"}]},{"@type":"WebSite","@id":"https:\/\/mikrobagry.cz\/#website","url":"https:\/\/mikrobagry.cz\/","name":"Mikrobagry.cz","description":"Dal\u0161\u00ed web pou\u017e\u00edvaj\u00edc\u00ed WordPress","potentialAction":[{"@type":"SearchAction","target":{"@type":"EntryPoint","urlTemplate":"https:\/\/mikrobagry.cz\/?s={search_term_string}"},"query-input":{"@type":"PropertyValueSpecification","valueRequired":true,"valueName":"search_term_string"}}],"inLanguage":"en-US"}]}},"_links":{"self":[{"href":"https:\/\/mikrobagry.cz\/en\/wp-json\/wp\/v2\/product\/2190","targetHints":{"allow":["GET"]}}],"collection":[{"href":"https:\/\/mikrobagry.cz\/en\/wp-json\/wp\/v2\/product"}],"about":[{"href":"https:\/\/mikrobagry.cz\/en\/wp-json\/wp\/v2\/types\/product"}],"replies":[{"embeddable":true,"href":"https:\/\/mikrobagry.cz\/en\/wp-json\/wp\/v2\/comments?post=2190"}],"wp:featuredmedia":[{"embeddable":true,"href":"https:\/\/mikrobagry.cz\/en\/wp-json\/wp\/v2\/media\/2029"}],"wp:attachment":[{"href":"https:\/\/mikrobagry.cz\/en\/wp-json\/wp\/v2\/media?parent=2190"}],"wp:term":[{"taxonomy":"product_cat","embeddable":true,"href":"https:\/\/mikrobagry.cz\/en\/wp-json\/wp\/v2\/product_cat?post=2190"},{"taxonomy":"product_tag","embeddable":true,"href":"https:\/\/mikrobagry.cz\/en\/wp-json\/wp\/v2\/product_tag?post=2190"}],"curies":[{"name":"wp","href":"https:\/\/api.w.org\/{rel}","templated":true}]}}