{"id":1732,"date":"2017-10-23T15:56:40","date_gmt":"2017-10-23T13:56:40","guid":{"rendered":"http:\/\/mikrobagry.cz\/?post_type=product&#038;p=1732"},"modified":"2025-11-05T06:57:31","modified_gmt":"2025-11-05T05:57:31","slug":"mpt-72-800","status":"publish","type":"product","link":"https:\/\/mikrobagry.cz\/en\/obchod\/mpt-72-800\/","title":{"rendered":"MPT 72-800"},"content":{"rendered":"<p>&nbsp;<\/p>\n<h2>Technick\u00e1\u00a0specifikace<\/h2>\n<ul>\n<li>Hmotnost: 410 kg (Dle volby mo\u017enost a\u017e 550 kg se z\u00e1va\u017e\u00edm)<\/li>\n<li>Celkov\u00e1 \u0161\u00ed\u0159ka: 720 mm<\/li>\n<li>Celkov\u00e1 d\u00e9lka: 2400 mm<\/li>\n<\/ul>\n<h3>Rameno<\/h3>\n<ul>\n<li>Pln\u011b oto\u010dn\u00e1 v\u011b\u017e 360 stup\u0148\u016f : <strong>profesion\u00e1ln\u00ed strojn\u011b opracovan\u00e1 oto\u010d\/koruna<\/strong><\/li>\n<li>\u00dahel nato\u010den\u00ed ramene pro mimoos\u00e9 kop\u00e1n\u00ed : 55 \u00b0 \/ 55 \u00b0 vpravo \/ vlevo<\/li>\n<li>Maxim\u00e1ln\u00ed v\u00fd\u0161ka (otev\u0159en\u00e1 l\u017e\u00edce) \u00a0: 2100 mm<\/li>\n<li>Maxim\u00e1ln\u00ed hloubka v\u00fdkopu (bez rychloup\u00edn\u00e1ku) : 950 mm<\/li>\n<li>Maxim\u00e1ln\u00ed hloubka v\u00fdkopu (s rychloup\u00edn\u00e1kem) : 1100 mm<\/li>\n<li>Trhac\u00ed s\u00edla : 800 kg<\/li>\n<\/ul>\n<h3>Motor<\/h3>\n<ul>\n<li>Vzduchem chlazen\u00fd motor<\/li>\n<li>Druh paliva: Benz\u00edn, natural 95.<\/li>\n<li>Elektrick\u00fd start<\/li>\n<li>Typ: Jednov\u00e1lec, 4-taktn\u00ed<\/li>\n<li>V\u00fdkon: 4,1 Kw<\/li>\n<li>Objem: 196 ccm<\/li>\n<li>Spot\u0159eba (100% zat\u00ed\u017een\u00ed): 1,9 l \/ h<\/li>\n<li>Objem palivov\u00e9 n\u00e1dr\u017ee: 3,7 l<\/li>\n<\/ul>\n<h3>Hydraulick\u00fd syst\u00e9m<\/h3>\n<ul>\n<li>Hydraulick\u00e9 \u010derpadlo: 1x 3,2cc<\/li>\n<li>Provozn\u00ed tlak: 140 bar<\/li>\n<li>Pr\u016ftok: 6,4 l \/ min<\/li>\n<li>objem hydraulick\u00e9 n\u00e1dr\u017ee : 17 l<\/li>\n<li>p\u00e1sy:\u00a0150 x 72 x 31<\/li>\n<\/ul>\n<p>Kontaktujte n\u00e1s,<strong>\u00a0za\u0161leme V\u00e1m p\u0159ehlednou a nez\u00e1vaznou nab\u00eddku mo\u017en\u00e9 konfigurace stroje v\u010detn\u011b cen a mo\u017en\u00e9ho p\u0159\u00edslu\u0161enstv\u00ed.<\/strong>\u00a0 Nev\u00edte si s n\u011b\u010d\u00edm rady, zavolejte \u010di napi\u0161te, r\u00e1di Va\u0161e dotazy zodpov\u00edme \ud83d\ude42<\/p>\n<p>Pozn: U n\u00e1s u ka\u017ed\u00e9ho modelu \u201eMPT-&#8220;\u00a0<strong>profesion\u00e1ln\u00ed strojn\u011b opracovan\u00e1 oto\u010d\/koruna,\u00a0<\/strong>jin\u00e9 m\u00e9n\u011b jakostn\u00ed materi\u00e1ly nepou\u017e\u00edv\u00e1me.<br \/>\nMo\u017enost z\u00e1va\u017e\u00ed a\u017e : 140 Kg<\/p>\n<h3>P\u0159\u00edslu\u0161enstv\u00ed<\/h3>\n<div id='gallery-1' class='gallery galleryid-1732 gallery-columns-3 gallery-size-thumbnail'><figure class='gallery-item'>\n\t\t\t<div class='gallery-icon landscape'>\n\t\t\t\t<a href='https:\/\/mikrobagry.cz\/wp-content\/uploads\/2018\/11\/Rychloup\u00edn\u00e1k.jpg'><img loading=\"lazy\" decoding=\"async\" width=\"150\" height=\"150\" src=\"https:\/\/mikrobagry.cz\/wp-content\/uploads\/2018\/11\/Rychloup\u00edn\u00e1k-150x150.jpg\" class=\"attachment-thumbnail size-thumbnail\" alt=\"\" srcset=\"https:\/\/mikrobagry.cz\/wp-content\/uploads\/2018\/11\/Rychloup\u00edn\u00e1k-150x150.jpg 150w, https:\/\/mikrobagry.cz\/wp-content\/uploads\/2018\/11\/Rychloup\u00edn\u00e1k-100x100.jpg 100w, https:\/\/mikrobagry.cz\/wp-content\/uploads\/2018\/11\/Rychloup\u00edn\u00e1k-503x503.jpg 503w, https:\/\/mikrobagry.cz\/wp-content\/uploads\/2018\/11\/Rychloup\u00edn\u00e1k-300x300.jpg 300w, https:\/\/mikrobagry.cz\/wp-content\/uploads\/2018\/11\/Rychloup\u00edn\u00e1k-270x270.jpg 270w, https:\/\/mikrobagry.cz\/wp-content\/uploads\/2018\/11\/Rychloup\u00edn\u00e1k-170x170.jpg 170w, https:\/\/mikrobagry.cz\/wp-content\/uploads\/2018\/11\/Rychloup\u00edn\u00e1k.jpg 563w\" sizes=\"auto, (max-width: 150px) 100vw, 150px\" \/><\/a>\n\t\t\t<\/div><\/figure><figure class='gallery-item'>\n\t\t\t<div class='gallery-icon landscape'>\n\t\t\t\t<a href='https:\/\/mikrobagry.cz\/wp-content\/uploads\/2018\/03\/57444707_821655474854599_3180517479910735872_o.jpg'><img loading=\"lazy\" decoding=\"async\" width=\"150\" height=\"150\" src=\"https:\/\/mikrobagry.cz\/wp-content\/uploads\/2018\/03\/57444707_821655474854599_3180517479910735872_o-150x150.jpg\" class=\"attachment-thumbnail size-thumbnail\" alt=\"\" srcset=\"https:\/\/mikrobagry.cz\/wp-content\/uploads\/2018\/03\/57444707_821655474854599_3180517479910735872_o-150x150.jpg 150w, https:\/\/mikrobagry.cz\/wp-content\/uploads\/2018\/03\/57444707_821655474854599_3180517479910735872_o-100x100.jpg 100w, https:\/\/mikrobagry.cz\/wp-content\/uploads\/2018\/03\/57444707_821655474854599_3180517479910735872_o-170x170.jpg 170w\" sizes=\"auto, (max-width: 150px) 100vw, 150px\" \/><\/a>\n\t\t\t<\/div><\/figure><figure class='gallery-item'>\n\t\t\t<div class='gallery-icon landscape'>\n\t\t\t\t<a href='https:\/\/mikrobagry.cz\/wp-content\/uploads\/2018\/03\/57444707_821655474854599_3180517479910735872_o-1.jpg'><img loading=\"lazy\" decoding=\"async\" width=\"150\" height=\"150\" src=\"https:\/\/mikrobagry.cz\/wp-content\/uploads\/2018\/03\/57444707_821655474854599_3180517479910735872_o-1-150x150.jpg\" class=\"attachment-thumbnail size-thumbnail\" alt=\"\" srcset=\"https:\/\/mikrobagry.cz\/wp-content\/uploads\/2018\/03\/57444707_821655474854599_3180517479910735872_o-1-150x150.jpg 150w, https:\/\/mikrobagry.cz\/wp-content\/uploads\/2018\/03\/57444707_821655474854599_3180517479910735872_o-1-100x100.jpg 100w, https:\/\/mikrobagry.cz\/wp-content\/uploads\/2018\/03\/57444707_821655474854599_3180517479910735872_o-1-170x170.jpg 170w\" sizes=\"auto, (max-width: 150px) 100vw, 150px\" \/><\/a>\n\t\t\t<\/div><\/figure><figure class='gallery-item'>\n\t\t\t<div class='gallery-icon landscape'>\n\t\t\t\t<a href='https:\/\/mikrobagry.cz\/wp-content\/uploads\/2023\/07\/retizkova-40cm.png'><img loading=\"lazy\" decoding=\"async\" width=\"150\" height=\"150\" src=\"https:\/\/mikrobagry.cz\/wp-content\/uploads\/2023\/07\/retizkova-40cm-150x150.png\" class=\"attachment-thumbnail size-thumbnail\" alt=\"\" srcset=\"https:\/\/mikrobagry.cz\/wp-content\/uploads\/2023\/07\/retizkova-40cm-150x150.png 150w, https:\/\/mikrobagry.cz\/wp-content\/uploads\/2023\/07\/retizkova-40cm-170x170.png 170w, https:\/\/mikrobagry.cz\/wp-content\/uploads\/2023\/07\/retizkova-40cm-100x100.png 100w\" sizes=\"auto, (max-width: 150px) 100vw, 150px\" \/><\/a>\n\t\t\t<\/div><\/figure><figure class='gallery-item'>\n\t\t\t<div class='gallery-icon landscape'>\n\t\t\t\t<a href='https:\/\/mikrobagry.cz\/wp-content\/uploads\/2023\/07\/tazne-zarizeni.jpg'><img loading=\"lazy\" decoding=\"async\" width=\"150\" height=\"150\" src=\"https:\/\/mikrobagry.cz\/wp-content\/uploads\/2023\/07\/tazne-zarizeni-150x150.jpg\" class=\"attachment-thumbnail size-thumbnail\" alt=\"\" srcset=\"https:\/\/mikrobagry.cz\/wp-content\/uploads\/2023\/07\/tazne-zarizeni-150x150.jpg 150w, https:\/\/mikrobagry.cz\/wp-content\/uploads\/2023\/07\/tazne-zarizeni-170x170.jpg 170w, https:\/\/mikrobagry.cz\/wp-content\/uploads\/2023\/07\/tazne-zarizeni-100x100.jpg 100w\" sizes=\"auto, (max-width: 150px) 100vw, 150px\" \/><\/a>\n\t\t\t<\/div><\/figure><figure class='gallery-item'>\n\t\t\t<div class='gallery-icon landscape'>\n\t\t\t\t<a href='https:\/\/mikrobagry.cz\/wp-content\/uploads\/2018\/03\/61077032_845967482423398_8009665140007895040_n-1.jpg'><img loading=\"lazy\" decoding=\"async\" width=\"150\" height=\"150\" src=\"https:\/\/mikrobagry.cz\/wp-content\/uploads\/2018\/03\/61077032_845967482423398_8009665140007895040_n-1-150x150.jpg\" class=\"attachment-thumbnail size-thumbnail\" alt=\"\" srcset=\"https:\/\/mikrobagry.cz\/wp-content\/uploads\/2018\/03\/61077032_845967482423398_8009665140007895040_n-1-150x150.jpg 150w, https:\/\/mikrobagry.cz\/wp-content\/uploads\/2018\/03\/61077032_845967482423398_8009665140007895040_n-1-100x100.jpg 100w, https:\/\/mikrobagry.cz\/wp-content\/uploads\/2018\/03\/61077032_845967482423398_8009665140007895040_n-1-170x170.jpg 170w\" sizes=\"auto, (max-width: 150px) 100vw, 150px\" \/><\/a>\n\t\t\t<\/div><\/figure><figure class='gallery-item'>\n\t\t\t<div class='gallery-icon landscape'>\n\t\t\t\t<a href='https:\/\/mikrobagry.cz\/wp-content\/uploads\/2018\/03\/53577951_801048876915259_390902076168732672_n.jpg'><img loading=\"lazy\" decoding=\"async\" width=\"150\" height=\"150\" src=\"https:\/\/mikrobagry.cz\/wp-content\/uploads\/2018\/03\/53577951_801048876915259_390902076168732672_n-150x150.jpg\" class=\"attachment-thumbnail size-thumbnail\" alt=\"\" srcset=\"https:\/\/mikrobagry.cz\/wp-content\/uploads\/2018\/03\/53577951_801048876915259_390902076168732672_n-150x150.jpg 150w, https:\/\/mikrobagry.cz\/wp-content\/uploads\/2018\/03\/53577951_801048876915259_390902076168732672_n-100x100.jpg 100w, https:\/\/mikrobagry.cz\/wp-content\/uploads\/2018\/03\/53577951_801048876915259_390902076168732672_n-503x503.jpg 503w, https:\/\/mikrobagry.cz\/wp-content\/uploads\/2018\/03\/53577951_801048876915259_390902076168732672_n-300x300.jpg 300w, https:\/\/mikrobagry.cz\/wp-content\/uploads\/2018\/03\/53577951_801048876915259_390902076168732672_n-768x768.jpg 768w, https:\/\/mikrobagry.cz\/wp-content\/uploads\/2018\/03\/53577951_801048876915259_390902076168732672_n-270x270.jpg 270w, https:\/\/mikrobagry.cz\/wp-content\/uploads\/2018\/03\/53577951_801048876915259_390902076168732672_n-170x170.jpg 170w, https:\/\/mikrobagry.cz\/wp-content\/uploads\/2018\/03\/53577951_801048876915259_390902076168732672_n.jpg 960w\" sizes=\"auto, (max-width: 150px) 100vw, 150px\" \/><\/a>\n\t\t\t<\/div><\/figure><figure class='gallery-item'>\n\t\t\t<div class='gallery-icon landscape'>\n\t\t\t\t<a href='https:\/\/mikrobagry.cz\/wp-content\/uploads\/2018\/03\/53577951_801048876915259_390902076168732672_n-1.jpg'><img loading=\"lazy\" decoding=\"async\" width=\"150\" height=\"150\" src=\"https:\/\/mikrobagry.cz\/wp-content\/uploads\/2018\/03\/53577951_801048876915259_390902076168732672_n-1-150x150.jpg\" class=\"attachment-thumbnail size-thumbnail\" alt=\"\" srcset=\"https:\/\/mikrobagry.cz\/wp-content\/uploads\/2018\/03\/53577951_801048876915259_390902076168732672_n-1-150x150.jpg 150w, https:\/\/mikrobagry.cz\/wp-content\/uploads\/2018\/03\/53577951_801048876915259_390902076168732672_n-1-100x100.jpg 100w, https:\/\/mikrobagry.cz\/wp-content\/uploads\/2018\/03\/53577951_801048876915259_390902076168732672_n-1-503x503.jpg 503w, https:\/\/mikrobagry.cz\/wp-content\/uploads\/2018\/03\/53577951_801048876915259_390902076168732672_n-1-300x300.jpg 300w, https:\/\/mikrobagry.cz\/wp-content\/uploads\/2018\/03\/53577951_801048876915259_390902076168732672_n-1-270x270.jpg 270w, https:\/\/mikrobagry.cz\/wp-content\/uploads\/2018\/03\/53577951_801048876915259_390902076168732672_n-1-170x170.jpg 170w, https:\/\/mikrobagry.cz\/wp-content\/uploads\/2018\/03\/53577951_801048876915259_390902076168732672_n-1.jpg 533w\" sizes=\"auto, (max-width: 150px) 100vw, 150px\" \/><\/a>\n\t\t\t<\/div><\/figure><figure class='gallery-item'>\n\t\t\t<div class='gallery-icon landscape'>\n\t\t\t\t<a href='https:\/\/mikrobagry.cz\/wp-content\/uploads\/2018\/12\/Bez-n\u00e1zvu.png'><img loading=\"lazy\" decoding=\"async\" width=\"150\" height=\"150\" src=\"https:\/\/mikrobagry.cz\/wp-content\/uploads\/2018\/12\/Bez-n\u00e1zvu-150x150.png\" class=\"attachment-thumbnail size-thumbnail\" alt=\"\" srcset=\"https:\/\/mikrobagry.cz\/wp-content\/uploads\/2018\/12\/Bez-n\u00e1zvu-150x150.png 150w, https:\/\/mikrobagry.cz\/wp-content\/uploads\/2018\/12\/Bez-n\u00e1zvu-100x100.png 100w, https:\/\/mikrobagry.cz\/wp-content\/uploads\/2018\/12\/Bez-n\u00e1zvu-170x170.png 170w\" sizes=\"auto, (max-width: 150px) 100vw, 150px\" \/><\/a>\n\t\t\t<\/div><\/figure><figure class='gallery-item'>\n\t\t\t<div class='gallery-icon landscape'>\n\t\t\t\t<a href='https:\/\/mikrobagry.cz\/wp-content\/uploads\/2018\/12\/Dumper-Nov\u00fd-model.jpg'><img loading=\"lazy\" decoding=\"async\" width=\"150\" height=\"150\" src=\"https:\/\/mikrobagry.cz\/wp-content\/uploads\/2018\/12\/Dumper-Nov\u00fd-model-150x150.jpg\" class=\"attachment-thumbnail size-thumbnail\" alt=\"\" srcset=\"https:\/\/mikrobagry.cz\/wp-content\/uploads\/2018\/12\/Dumper-Nov\u00fd-model-150x150.jpg 150w, https:\/\/mikrobagry.cz\/wp-content\/uploads\/2018\/12\/Dumper-Nov\u00fd-model-100x100.jpg 100w, https:\/\/mikrobagry.cz\/wp-content\/uploads\/2018\/12\/Dumper-Nov\u00fd-model-170x170.jpg 170w\" sizes=\"auto, (max-width: 150px) 100vw, 150px\" \/><\/a>\n\t\t\t<\/div><\/figure><figure class='gallery-item'>\n\t\t\t<div class='gallery-icon landscape'>\n\t\t\t\t<a href='https:\/\/mikrobagry.cz\/wp-content\/uploads\/2018\/03\/IMG_20190615_141341.jpg'><img loading=\"lazy\" decoding=\"async\" width=\"150\" height=\"150\" src=\"https:\/\/mikrobagry.cz\/wp-content\/uploads\/2018\/03\/IMG_20190615_141341-150x150.jpg\" class=\"attachment-thumbnail size-thumbnail\" alt=\"\" srcset=\"https:\/\/mikrobagry.cz\/wp-content\/uploads\/2018\/03\/IMG_20190615_141341-150x150.jpg 150w, https:\/\/mikrobagry.cz\/wp-content\/uploads\/2018\/03\/IMG_20190615_141341-100x100.jpg 100w, https:\/\/mikrobagry.cz\/wp-content\/uploads\/2018\/03\/IMG_20190615_141341-170x170.jpg 170w\" sizes=\"auto, (max-width: 150px) 100vw, 150px\" \/><\/a>\n\t\t\t<\/div><\/figure>\n\t\t<\/div>","protected":false},"excerpt":{"rendered":"<h3>V cen\u011b stroje<\/h3>\n<ul>\n<li><strong>Spoon 30cm<\/strong><\/li>\n<li><strong>Mimoos\u00e9ho kop\u00e1n\u00ed &#8211; pomoc\u00ed areta\u010dn\u00edho \u010depu -55\/0\/+55 stup\u0148\u016f<\/strong><\/li>\n<li><strong>Extendable feet from the front blade for increased stability<\/strong><\/li>\n<li><strong>Preparation for Push Pull quick couplings<\/strong><\/li>\n<li><strong>Thermometer and hydraulic oil gauge<\/strong><\/li>\n<li><strong>Tearing force 0,8Tons<\/strong><\/li>\n<li><strong>Machine incl. cartridges, ready to use<\/strong><\/li>\n<li><strong>Best price and workmanship guarantee<\/strong><\/li>\n<li><strong>Warranty<\/strong><\/li>\n<\/ul>\n<p>Tento stroj mo\u017en\u00e9 doplnit o \u0159adu dodate\u010dn\u00e9 v\u00fdbavy. Napi\u0161te n\u00e1m a my V\u00e1m po\u0161leme nab\u00eddku mo\u017en\u00e9 konfigurace \ud83d\ude42 Porad\u00edme V\u00e1m s vhodn\u00fdmi dopl\u0148ky a v\u00fdbavou pro V\u00e1s.<\/p>","protected":false},"featured_media":3226,"comment_status":"open","ping_status":"closed","template":"","meta":{"_acf_changed":false},"product_cat":[82],"product_tag":[],"class_list":["post-1732","product","type-product","status-publish","has-post-thumbnail","hentry","product_cat-minibagry-a-dumpery"],"acf":[],"yoast_head":"<!-- This site is optimized with the Yoast SEO plugin v25.7 - https:\/\/yoast.com\/wordpress\/plugins\/seo\/ -->\n<title>MPT 72-800 - Mikrobagry.cz<\/title>\n<meta name=\"robots\" content=\"index, follow, max-snippet:-1, max-image-preview:large, max-video-preview:-1\" \/>\n<link rel=\"canonical\" href=\"https:\/\/mikrobagry.cz\/en\/obchod\/mpt-72-800\/\" \/>\n<meta property=\"og:locale\" content=\"en_US\" \/>\n<meta property=\"og:type\" content=\"article\" \/>\n<meta property=\"og:title\" content=\"MPT 72-800 - Mikrobagry.cz\" \/>\n<meta property=\"og:description\" content=\"V cen\u011b stroje   L\u017e\u00edce 30cm  Mimoos\u00e9ho kop\u00e1n\u00ed - pomoc\u00ed areta\u010dn\u00edho \u010depu -55\/0\/+55 stup\u0148\u016f  V\u00fdsuvn\u00e9 patky z p\u0159edn\u00ed \u010depele pro vy\u0161\u0161\u00ed stabilitu  P\u0159\u00edprava pro rychlospojky Push Pull  Teplom\u011br a m\u011brka hydr. oleje  Trhac\u00ed s\u00edla 0,8Tuny  Stroj v\u010d. n\u00e1pln\u00ed, ihned k pou\u017eit\u00ed  Garance nejlep\u0161\u00ed ceny a zpracov\u00e1n\u00ed  Z\u00e1ruka  Tento stroj mo\u017en\u00e9 doplnit o \u0159adu dodate\u010dn\u00e9 v\u00fdbavy. Napi\u0161te n\u00e1m a my V\u00e1m po\u0161leme nab\u00eddku mo\u017en\u00e9 konfigurace :) Porad\u00edme V\u00e1m s vhodn\u00fdmi dopl\u0148ky a v\u00fdbavou pro V\u00e1s.\" \/>\n<meta property=\"og:url\" content=\"https:\/\/mikrobagry.cz\/en\/obchod\/mpt-72-800\/\" \/>\n<meta property=\"og:site_name\" content=\"Mikrobagry.cz\" \/>\n<meta property=\"article:publisher\" content=\"https:\/\/www.facebook.com\/Mikrobagry.cz\/\" \/>\n<meta property=\"article:modified_time\" content=\"2025-11-05T05:57:31+00:00\" \/>\n<meta property=\"og:image\" content=\"https:\/\/mikrobagry.cz\/wp-content\/uploads\/2017\/10\/LIB_07-1.jpg\" \/>\n\t<meta property=\"og:image:width\" content=\"1200\" \/>\n\t<meta property=\"og:image:height\" content=\"1200\" \/>\n\t<meta property=\"og:image:type\" content=\"image\/jpeg\" \/>\n<meta name=\"twitter:card\" content=\"summary_large_image\" \/>\n<meta name=\"twitter:label1\" content=\"Est. reading time\" \/>\n\t<meta name=\"twitter:data1\" content=\"1 minute\" \/>\n<script type=\"application\/ld+json\" class=\"yoast-schema-graph\">{\"@context\":\"https:\/\/schema.org\",\"@graph\":[{\"@type\":\"WebPage\",\"@id\":\"https:\/\/mikrobagry.cz\/obchod\/mpt-72-800\/\",\"url\":\"https:\/\/mikrobagry.cz\/obchod\/mpt-72-800\/\",\"name\":\"MPT 72-800 - Mikrobagry.cz\",\"isPartOf\":{\"@id\":\"https:\/\/mikrobagry.cz\/#website\"},\"primaryImageOfPage\":{\"@id\":\"https:\/\/mikrobagry.cz\/obchod\/mpt-72-800\/#primaryimage\"},\"image\":{\"@id\":\"https:\/\/mikrobagry.cz\/obchod\/mpt-72-800\/#primaryimage\"},\"thumbnailUrl\":\"https:\/\/mikrobagry.cz\/wp-content\/uploads\/2017\/10\/LIB_07-1.jpg\",\"datePublished\":\"2017-10-23T13:56:40+00:00\",\"dateModified\":\"2025-11-05T05:57:31+00:00\",\"breadcrumb\":{\"@id\":\"https:\/\/mikrobagry.cz\/obchod\/mpt-72-800\/#breadcrumb\"},\"inLanguage\":\"en-US\",\"potentialAction\":[{\"@type\":\"ReadAction\",\"target\":[\"https:\/\/mikrobagry.cz\/obchod\/mpt-72-800\/\"]}]},{\"@type\":\"ImageObject\",\"inLanguage\":\"en-US\",\"@id\":\"https:\/\/mikrobagry.cz\/obchod\/mpt-72-800\/#primaryimage\",\"url\":\"https:\/\/mikrobagry.cz\/wp-content\/uploads\/2017\/10\/LIB_07-1.jpg\",\"contentUrl\":\"https:\/\/mikrobagry.cz\/wp-content\/uploads\/2017\/10\/LIB_07-1.jpg\",\"width\":1200,\"height\":1200},{\"@type\":\"BreadcrumbList\",\"@id\":\"https:\/\/mikrobagry.cz\/obchod\/mpt-72-800\/#breadcrumb\",\"itemListElement\":[{\"@type\":\"ListItem\",\"position\":1,\"name\":\"Dom\u016f\",\"item\":\"https:\/\/mikrobagry.cz\/\"},{\"@type\":\"ListItem\",\"position\":2,\"name\":\"Produkty\",\"item\":\"https:\/\/mikrobagry.cz\/shop\/\"},{\"@type\":\"ListItem\",\"position\":3,\"name\":\"MPT 72-800\"}]},{\"@type\":\"WebSite\",\"@id\":\"https:\/\/mikrobagry.cz\/#website\",\"url\":\"https:\/\/mikrobagry.cz\/\",\"name\":\"Mikrobagry.cz\",\"description\":\"Dal\u0161\u00ed web pou\u017e\u00edvaj\u00edc\u00ed WordPress\",\"potentialAction\":[{\"@type\":\"SearchAction\",\"target\":{\"@type\":\"EntryPoint\",\"urlTemplate\":\"https:\/\/mikrobagry.cz\/?s={search_term_string}\"},\"query-input\":{\"@type\":\"PropertyValueSpecification\",\"valueRequired\":true,\"valueName\":\"search_term_string\"}}],\"inLanguage\":\"en-US\"}]}<\/script>\n<!-- \/ Yoast SEO plugin. -->","yoast_head_json":{"title":"MPT 72-800 - Mikrobagry.cz","robots":{"index":"index","follow":"follow","max-snippet":"max-snippet:-1","max-image-preview":"max-image-preview:large","max-video-preview":"max-video-preview:-1"},"canonical":"https:\/\/mikrobagry.cz\/en\/obchod\/mpt-72-800\/","og_locale":"en_US","og_type":"article","og_title":"MPT 72-800 - Mikrobagry.cz","og_description":"V cen\u011b stroje   L\u017e\u00edce 30cm  Mimoos\u00e9ho kop\u00e1n\u00ed - pomoc\u00ed areta\u010dn\u00edho \u010depu -55\/0\/+55 stup\u0148\u016f  V\u00fdsuvn\u00e9 patky z p\u0159edn\u00ed \u010depele pro vy\u0161\u0161\u00ed stabilitu  P\u0159\u00edprava pro rychlospojky Push Pull  Teplom\u011br a m\u011brka hydr. oleje  Trhac\u00ed s\u00edla 0,8Tuny  Stroj v\u010d. n\u00e1pln\u00ed, ihned k pou\u017eit\u00ed  Garance nejlep\u0161\u00ed ceny a zpracov\u00e1n\u00ed  Z\u00e1ruka  Tento stroj mo\u017en\u00e9 doplnit o \u0159adu dodate\u010dn\u00e9 v\u00fdbavy. Napi\u0161te n\u00e1m a my V\u00e1m po\u0161leme nab\u00eddku mo\u017en\u00e9 konfigurace :) Porad\u00edme V\u00e1m s vhodn\u00fdmi dopl\u0148ky a v\u00fdbavou pro V\u00e1s.","og_url":"https:\/\/mikrobagry.cz\/en\/obchod\/mpt-72-800\/","og_site_name":"Mikrobagry.cz","article_publisher":"https:\/\/www.facebook.com\/Mikrobagry.cz\/","article_modified_time":"2025-11-05T05:57:31+00:00","og_image":[{"width":1200,"height":1200,"url":"https:\/\/mikrobagry.cz\/wp-content\/uploads\/2017\/10\/LIB_07-1.jpg","type":"image\/jpeg"}],"twitter_card":"summary_large_image","twitter_misc":{"Est. reading time":"1 minute"},"schema":{"@context":"https:\/\/schema.org","@graph":[{"@type":"WebPage","@id":"https:\/\/mikrobagry.cz\/obchod\/mpt-72-800\/","url":"https:\/\/mikrobagry.cz\/obchod\/mpt-72-800\/","name":"MPT 72-800 - Mikrobagry.cz","isPartOf":{"@id":"https:\/\/mikrobagry.cz\/#website"},"primaryImageOfPage":{"@id":"https:\/\/mikrobagry.cz\/obchod\/mpt-72-800\/#primaryimage"},"image":{"@id":"https:\/\/mikrobagry.cz\/obchod\/mpt-72-800\/#primaryimage"},"thumbnailUrl":"https:\/\/mikrobagry.cz\/wp-content\/uploads\/2017\/10\/LIB_07-1.jpg","datePublished":"2017-10-23T13:56:40+00:00","dateModified":"2025-11-05T05:57:31+00:00","breadcrumb":{"@id":"https:\/\/mikrobagry.cz\/obchod\/mpt-72-800\/#breadcrumb"},"inLanguage":"en-US","potentialAction":[{"@type":"ReadAction","target":["https:\/\/mikrobagry.cz\/obchod\/mpt-72-800\/"]}]},{"@type":"ImageObject","inLanguage":"en-US","@id":"https:\/\/mikrobagry.cz\/obchod\/mpt-72-800\/#primaryimage","url":"https:\/\/mikrobagry.cz\/wp-content\/uploads\/2017\/10\/LIB_07-1.jpg","contentUrl":"https:\/\/mikrobagry.cz\/wp-content\/uploads\/2017\/10\/LIB_07-1.jpg","width":1200,"height":1200},{"@type":"BreadcrumbList","@id":"https:\/\/mikrobagry.cz\/obchod\/mpt-72-800\/#breadcrumb","itemListElement":[{"@type":"ListItem","position":1,"name":"Dom\u016f","item":"https:\/\/mikrobagry.cz\/"},{"@type":"ListItem","position":2,"name":"Produkty","item":"https:\/\/mikrobagry.cz\/shop\/"},{"@type":"ListItem","position":3,"name":"MPT 72-800"}]},{"@type":"WebSite","@id":"https:\/\/mikrobagry.cz\/#website","url":"https:\/\/mikrobagry.cz\/","name":"Mikrobagry.cz","description":"Dal\u0161\u00ed web pou\u017e\u00edvaj\u00edc\u00ed WordPress","potentialAction":[{"@type":"SearchAction","target":{"@type":"EntryPoint","urlTemplate":"https:\/\/mikrobagry.cz\/?s={search_term_string}"},"query-input":{"@type":"PropertyValueSpecification","valueRequired":true,"valueName":"search_term_string"}}],"inLanguage":"en-US"}]}},"_links":{"self":[{"href":"https:\/\/mikrobagry.cz\/en\/wp-json\/wp\/v2\/product\/1732","targetHints":{"allow":["GET"]}}],"collection":[{"href":"https:\/\/mikrobagry.cz\/en\/wp-json\/wp\/v2\/product"}],"about":[{"href":"https:\/\/mikrobagry.cz\/en\/wp-json\/wp\/v2\/types\/product"}],"replies":[{"embeddable":true,"href":"https:\/\/mikrobagry.cz\/en\/wp-json\/wp\/v2\/comments?post=1732"}],"wp:featuredmedia":[{"embeddable":true,"href":"https:\/\/mikrobagry.cz\/en\/wp-json\/wp\/v2\/media\/3226"}],"wp:attachment":[{"href":"https:\/\/mikrobagry.cz\/en\/wp-json\/wp\/v2\/media?parent=1732"}],"wp:term":[{"taxonomy":"product_cat","embeddable":true,"href":"https:\/\/mikrobagry.cz\/en\/wp-json\/wp\/v2\/product_cat?post=1732"},{"taxonomy":"product_tag","embeddable":true,"href":"https:\/\/mikrobagry.cz\/en\/wp-json\/wp\/v2\/product_tag?post=1732"}],"curies":[{"name":"wp","href":"https:\/\/api.w.org\/{rel}","templated":true}]}}