{"id":6700,"date":"2023-07-27T11:35:57","date_gmt":"2023-07-27T09:35:57","guid":{"rendered":"https:\/\/mikrobagry.cz\/?post_type=product&#038;p=6700"},"modified":"2026-01-04T16:21:19","modified_gmt":"2026-01-04T15:21:19","slug":"lzice-40-cm-retizkova","status":"publish","type":"product","link":"https:\/\/mikrobagry.cz\/de\/obchod\/lzice-40-cm-retizkova\/","title":{"rendered":"L\u017e\u00edce 40 cm \u0158et\u00edzkov\u00e1"},"content":{"rendered":"","protected":false},"excerpt":{"rendered":"<p>\u0158et\u00edzkov\u00e9 l\u017e\u00edce jsou vhodn\u00e9 tam, kde je vlhk\u00e1, pop\u0159. j\u00edlovit\u00e1 p\u016fda, kter\u00e1 m\u00e1 tendenci se lepit na st\u011bny l\u017e\u00edce. D\u00edky \u0159et\u00edzkov\u00e9mu dnu se v\u0161ak takov\u00e1 p\u016fda na tuto l\u017e\u00edci nelep\u00ed.<\/p>","protected":false},"featured_media":6701,"comment_status":"closed","ping_status":"closed","template":"","meta":{"_acf_changed":false},"product_cat":[90,81],"product_tag":[],"class_list":["post-6700","product","type-product","status-publish","has-post-thumbnail","hentry","product_cat-lzice","product_cat-prislusenstvi"],"acf":[],"yoast_head":"<!-- This site is optimized with the Yoast SEO plugin v25.7 - https:\/\/yoast.com\/wordpress\/plugins\/seo\/ -->\n<title>L\u017e\u00edce 40 cm \u0158et\u00edzkov\u00e1 - Mikrobagry.cz<\/title>\n<meta name=\"robots\" content=\"index, follow, max-snippet:-1, max-image-preview:large, max-video-preview:-1\" \/>\n<link rel=\"canonical\" href=\"https:\/\/mikrobagry.cz\/de\/obchod\/lzice-40-cm-retizkova\/\" \/>\n<meta property=\"og:locale\" content=\"de_DE\" \/>\n<meta property=\"og:type\" content=\"article\" \/>\n<meta property=\"og:title\" content=\"L\u017e\u00edce 40 cm \u0158et\u00edzkov\u00e1 - Mikrobagry.cz\" \/>\n<meta property=\"og:description\" content=\"\u0158et\u00edzkov\u00e9 l\u017e\u00edce jsou vhodn\u00e9 tam, kde je vlhk\u00e1, pop\u0159. j\u00edlovit\u00e1 p\u016fda, kter\u00e1 m\u00e1 tendenci se lepit na st\u011bny l\u017e\u00edce. D\u00edky \u0159et\u00edzkov\u00e9mu dnu se v\u0161ak takov\u00e1 p\u016fda na tuto l\u017e\u00edci nelep\u00ed.\" \/>\n<meta property=\"og:url\" content=\"https:\/\/mikrobagry.cz\/de\/obchod\/lzice-40-cm-retizkova\/\" \/>\n<meta property=\"og:site_name\" content=\"Mikrobagry.cz\" \/>\n<meta property=\"article:publisher\" content=\"https:\/\/www.facebook.com\/Mikrobagry.cz\/\" \/>\n<meta property=\"article:modified_time\" content=\"2026-01-04T15:21:19+00:00\" \/>\n<meta property=\"og:image\" content=\"https:\/\/mikrobagry.cz\/wp-content\/uploads\/2023\/07\/retizkova-40cm.png\" \/>\n\t<meta property=\"og:image:width\" content=\"800\" \/>\n\t<meta property=\"og:image:height\" content=\"763\" \/>\n\t<meta property=\"og:image:type\" content=\"image\/png\" \/>\n<meta name=\"twitter:card\" content=\"summary_large_image\" \/>\n<script type=\"application\/ld+json\" class=\"yoast-schema-graph\">{\"@context\":\"https:\/\/schema.org\",\"@graph\":[{\"@type\":\"WebPage\",\"@id\":\"https:\/\/mikrobagry.cz\/obchod\/lzice-40-cm-retizkova\/\",\"url\":\"https:\/\/mikrobagry.cz\/obchod\/lzice-40-cm-retizkova\/\",\"name\":\"L\u017e\u00edce 40 cm \u0158et\u00edzkov\u00e1 - Mikrobagry.cz\",\"isPartOf\":{\"@id\":\"https:\/\/mikrobagry.cz\/#website\"},\"primaryImageOfPage\":{\"@id\":\"https:\/\/mikrobagry.cz\/obchod\/lzice-40-cm-retizkova\/#primaryimage\"},\"image\":{\"@id\":\"https:\/\/mikrobagry.cz\/obchod\/lzice-40-cm-retizkova\/#primaryimage\"},\"thumbnailUrl\":\"https:\/\/mikrobagry.cz\/wp-content\/uploads\/2023\/07\/retizkova-40cm.png\",\"datePublished\":\"2023-07-27T09:35:57+00:00\",\"dateModified\":\"2026-01-04T15:21:19+00:00\",\"breadcrumb\":{\"@id\":\"https:\/\/mikrobagry.cz\/obchod\/lzice-40-cm-retizkova\/#breadcrumb\"},\"inLanguage\":\"de\",\"potentialAction\":[{\"@type\":\"ReadAction\",\"target\":[\"https:\/\/mikrobagry.cz\/obchod\/lzice-40-cm-retizkova\/\"]}]},{\"@type\":\"ImageObject\",\"inLanguage\":\"de\",\"@id\":\"https:\/\/mikrobagry.cz\/obchod\/lzice-40-cm-retizkova\/#primaryimage\",\"url\":\"https:\/\/mikrobagry.cz\/wp-content\/uploads\/2023\/07\/retizkova-40cm.png\",\"contentUrl\":\"https:\/\/mikrobagry.cz\/wp-content\/uploads\/2023\/07\/retizkova-40cm.png\",\"width\":800,\"height\":763},{\"@type\":\"BreadcrumbList\",\"@id\":\"https:\/\/mikrobagry.cz\/obchod\/lzice-40-cm-retizkova\/#breadcrumb\",\"itemListElement\":[{\"@type\":\"ListItem\",\"position\":1,\"name\":\"Dom\u016f\",\"item\":\"https:\/\/mikrobagry.cz\/\"},{\"@type\":\"ListItem\",\"position\":2,\"name\":\"Produkty\",\"item\":\"https:\/\/mikrobagry.cz\/shop\/\"},{\"@type\":\"ListItem\",\"position\":3,\"name\":\"L\u017e\u00edce 40 cm \u0158et\u00edzkov\u00e1\"}]},{\"@type\":\"WebSite\",\"@id\":\"https:\/\/mikrobagry.cz\/#website\",\"url\":\"https:\/\/mikrobagry.cz\/\",\"name\":\"Mikrobagry.cz\",\"description\":\"Dal\u0161\u00ed web pou\u017e\u00edvaj\u00edc\u00ed WordPress\",\"potentialAction\":[{\"@type\":\"SearchAction\",\"target\":{\"@type\":\"EntryPoint\",\"urlTemplate\":\"https:\/\/mikrobagry.cz\/?s={search_term_string}\"},\"query-input\":{\"@type\":\"PropertyValueSpecification\",\"valueRequired\":true,\"valueName\":\"search_term_string\"}}],\"inLanguage\":\"de\"}]}<\/script>\n<!-- \/ Yoast SEO plugin. -->","yoast_head_json":{"title":"L\u017e\u00edce 40 cm \u0158et\u00edzkov\u00e1 - Mikrobagry.cz","robots":{"index":"index","follow":"follow","max-snippet":"max-snippet:-1","max-image-preview":"max-image-preview:large","max-video-preview":"max-video-preview:-1"},"canonical":"https:\/\/mikrobagry.cz\/de\/obchod\/lzice-40-cm-retizkova\/","og_locale":"de_DE","og_type":"article","og_title":"L\u017e\u00edce 40 cm \u0158et\u00edzkov\u00e1 - Mikrobagry.cz","og_description":"\u0158et\u00edzkov\u00e9 l\u017e\u00edce jsou vhodn\u00e9 tam, kde je vlhk\u00e1, pop\u0159. j\u00edlovit\u00e1 p\u016fda, kter\u00e1 m\u00e1 tendenci se lepit na st\u011bny l\u017e\u00edce. D\u00edky \u0159et\u00edzkov\u00e9mu dnu se v\u0161ak takov\u00e1 p\u016fda na tuto l\u017e\u00edci nelep\u00ed.","og_url":"https:\/\/mikrobagry.cz\/de\/obchod\/lzice-40-cm-retizkova\/","og_site_name":"Mikrobagry.cz","article_publisher":"https:\/\/www.facebook.com\/Mikrobagry.cz\/","article_modified_time":"2026-01-04T15:21:19+00:00","og_image":[{"width":800,"height":763,"url":"https:\/\/mikrobagry.cz\/wp-content\/uploads\/2023\/07\/retizkova-40cm.png","type":"image\/png"}],"twitter_card":"summary_large_image","schema":{"@context":"https:\/\/schema.org","@graph":[{"@type":"WebPage","@id":"https:\/\/mikrobagry.cz\/obchod\/lzice-40-cm-retizkova\/","url":"https:\/\/mikrobagry.cz\/obchod\/lzice-40-cm-retizkova\/","name":"L\u017e\u00edce 40 cm \u0158et\u00edzkov\u00e1 - Mikrobagry.cz","isPartOf":{"@id":"https:\/\/mikrobagry.cz\/#website"},"primaryImageOfPage":{"@id":"https:\/\/mikrobagry.cz\/obchod\/lzice-40-cm-retizkova\/#primaryimage"},"image":{"@id":"https:\/\/mikrobagry.cz\/obchod\/lzice-40-cm-retizkova\/#primaryimage"},"thumbnailUrl":"https:\/\/mikrobagry.cz\/wp-content\/uploads\/2023\/07\/retizkova-40cm.png","datePublished":"2023-07-27T09:35:57+00:00","dateModified":"2026-01-04T15:21:19+00:00","breadcrumb":{"@id":"https:\/\/mikrobagry.cz\/obchod\/lzice-40-cm-retizkova\/#breadcrumb"},"inLanguage":"de","potentialAction":[{"@type":"ReadAction","target":["https:\/\/mikrobagry.cz\/obchod\/lzice-40-cm-retizkova\/"]}]},{"@type":"ImageObject","inLanguage":"de","@id":"https:\/\/mikrobagry.cz\/obchod\/lzice-40-cm-retizkova\/#primaryimage","url":"https:\/\/mikrobagry.cz\/wp-content\/uploads\/2023\/07\/retizkova-40cm.png","contentUrl":"https:\/\/mikrobagry.cz\/wp-content\/uploads\/2023\/07\/retizkova-40cm.png","width":800,"height":763},{"@type":"BreadcrumbList","@id":"https:\/\/mikrobagry.cz\/obchod\/lzice-40-cm-retizkova\/#breadcrumb","itemListElement":[{"@type":"ListItem","position":1,"name":"Dom\u016f","item":"https:\/\/mikrobagry.cz\/"},{"@type":"ListItem","position":2,"name":"Produkty","item":"https:\/\/mikrobagry.cz\/shop\/"},{"@type":"ListItem","position":3,"name":"L\u017e\u00edce 40 cm \u0158et\u00edzkov\u00e1"}]},{"@type":"WebSite","@id":"https:\/\/mikrobagry.cz\/#website","url":"https:\/\/mikrobagry.cz\/","name":"Mikrobagry.cz","description":"Dal\u0161\u00ed web pou\u017e\u00edvaj\u00edc\u00ed WordPress","potentialAction":[{"@type":"SearchAction","target":{"@type":"EntryPoint","urlTemplate":"https:\/\/mikrobagry.cz\/?s={search_term_string}"},"query-input":{"@type":"PropertyValueSpecification","valueRequired":true,"valueName":"search_term_string"}}],"inLanguage":"de"}]}},"_links":{"self":[{"href":"https:\/\/mikrobagry.cz\/de\/wp-json\/wp\/v2\/product\/6700","targetHints":{"allow":["GET"]}}],"collection":[{"href":"https:\/\/mikrobagry.cz\/de\/wp-json\/wp\/v2\/product"}],"about":[{"href":"https:\/\/mikrobagry.cz\/de\/wp-json\/wp\/v2\/types\/product"}],"replies":[{"embeddable":true,"href":"https:\/\/mikrobagry.cz\/de\/wp-json\/wp\/v2\/comments?post=6700"}],"wp:featuredmedia":[{"embeddable":true,"href":"https:\/\/mikrobagry.cz\/de\/wp-json\/wp\/v2\/media\/6701"}],"wp:attachment":[{"href":"https:\/\/mikrobagry.cz\/de\/wp-json\/wp\/v2\/media?parent=6700"}],"wp:term":[{"taxonomy":"product_cat","embeddable":true,"href":"https:\/\/mikrobagry.cz\/de\/wp-json\/wp\/v2\/product_cat?post=6700"},{"taxonomy":"product_tag","embeddable":true,"href":"https:\/\/mikrobagry.cz\/de\/wp-json\/wp\/v2\/product_tag?post=6700"}],"curies":[{"name":"wp","href":"https:\/\/api.w.org\/{rel}","templated":true}]}}