{"id":6549,"date":"2023-05-14T23:52:39","date_gmt":"2023-05-14T21:52:39","guid":{"rendered":"https:\/\/mikrobagry.cz\/?post_type=product&#038;p=6549"},"modified":"2025-07-13T10:00:51","modified_gmt":"2025-07-13T08:00:51","slug":"vrtak-prumer-30-cm-vcetne-hydromotoru","status":"publish","type":"product","link":"https:\/\/mikrobagry.cz\/de\/obchod\/vrtak-prumer-30-cm-vcetne-hydromotoru\/","title":{"rendered":"Vrt\u00e1k pr\u016fm\u011br 30 cm v\u010detn\u011b hydromotoru"},"content":{"rendered":"","protected":false},"excerpt":{"rendered":"<p>Vrt\u00e1k kompatibiln\u00ed ke v\u0161em na\u0161im minirypadl\u016fm, Nej\u0161ir\u0161\u00ed ve sv\u00e9 kategorii !!! Ihned k pou\u017eit\u00ed. Cena uvedena bez DPH. Samostatn\u00fd vrt\u00e1k s cenou 12100 K\u010d bez DPH.<\/p>","protected":false},"featured_media":6550,"comment_status":"closed","ping_status":"closed","template":"","meta":{"_acf_changed":false},"product_cat":[89,81],"product_tag":[],"class_list":["post-6549","product","type-product","status-publish","has-post-thumbnail","hentry","product_cat-vrtaky","product_cat-prislusenstvi"],"acf":[],"yoast_head":"<!-- This site is optimized with the Yoast SEO plugin v25.7 - https:\/\/yoast.com\/wordpress\/plugins\/seo\/ -->\n<title>Vrt\u00e1k pr\u016fm\u011br 30 cm v\u010detn\u011b hydromotoru - Mikrobagry.cz<\/title>\n<meta name=\"robots\" content=\"index, follow, max-snippet:-1, max-image-preview:large, max-video-preview:-1\" \/>\n<link rel=\"canonical\" href=\"https:\/\/mikrobagry.cz\/de\/obchod\/vrtak-prumer-30-cm-vcetne-hydromotoru\/\" \/>\n<meta property=\"og:locale\" content=\"de_DE\" \/>\n<meta property=\"og:type\" content=\"article\" \/>\n<meta property=\"og:title\" content=\"Vrt\u00e1k pr\u016fm\u011br 30 cm v\u010detn\u011b hydromotoru - Mikrobagry.cz\" \/>\n<meta property=\"og:description\" content=\"Vrt\u00e1k kompatibiln\u00ed ke v\u0161em na\u0161im minirypadl\u016fm, Nej\u0161ir\u0161\u00ed ve sv\u00e9 kategorii !!! Ihned k pou\u017eit\u00ed. Cena uvedena bez DPH. Samostatn\u00fd vrt\u00e1k s cenou 12100 K\u010d bez DPH.\" \/>\n<meta property=\"og:url\" content=\"https:\/\/mikrobagry.cz\/de\/obchod\/vrtak-prumer-30-cm-vcetne-hydromotoru\/\" \/>\n<meta property=\"og:site_name\" content=\"Mikrobagry.cz\" \/>\n<meta property=\"article:publisher\" content=\"https:\/\/www.facebook.com\/Mikrobagry.cz\/\" \/>\n<meta property=\"article:modified_time\" content=\"2025-07-13T08:00:51+00:00\" \/>\n<meta property=\"og:image\" content=\"https:\/\/mikrobagry.cz\/wp-content\/uploads\/2023\/05\/Snimek-obrazovky-2023-05-14-v-23.54.14.png\" \/>\n\t<meta property=\"og:image:width\" content=\"941\" \/>\n\t<meta property=\"og:image:height\" content=\"1413\" \/>\n\t<meta property=\"og:image:type\" content=\"image\/png\" \/>\n<meta name=\"twitter:card\" content=\"summary_large_image\" \/>\n<script type=\"application\/ld+json\" class=\"yoast-schema-graph\">{\"@context\":\"https:\/\/schema.org\",\"@graph\":[{\"@type\":\"WebPage\",\"@id\":\"https:\/\/mikrobagry.cz\/obchod\/vrtak-prumer-30-cm-vcetne-hydromotoru\/\",\"url\":\"https:\/\/mikrobagry.cz\/obchod\/vrtak-prumer-30-cm-vcetne-hydromotoru\/\",\"name\":\"Vrt\u00e1k pr\u016fm\u011br 30 cm v\u010detn\u011b hydromotoru - Mikrobagry.cz\",\"isPartOf\":{\"@id\":\"https:\/\/mikrobagry.cz\/#website\"},\"primaryImageOfPage\":{\"@id\":\"https:\/\/mikrobagry.cz\/obchod\/vrtak-prumer-30-cm-vcetne-hydromotoru\/#primaryimage\"},\"image\":{\"@id\":\"https:\/\/mikrobagry.cz\/obchod\/vrtak-prumer-30-cm-vcetne-hydromotoru\/#primaryimage\"},\"thumbnailUrl\":\"https:\/\/mikrobagry.cz\/wp-content\/uploads\/2023\/05\/Snimek-obrazovky-2023-05-14-v-23.54.14.png\",\"datePublished\":\"2023-05-14T21:52:39+00:00\",\"dateModified\":\"2025-07-13T08:00:51+00:00\",\"breadcrumb\":{\"@id\":\"https:\/\/mikrobagry.cz\/obchod\/vrtak-prumer-30-cm-vcetne-hydromotoru\/#breadcrumb\"},\"inLanguage\":\"de\",\"potentialAction\":[{\"@type\":\"ReadAction\",\"target\":[\"https:\/\/mikrobagry.cz\/obchod\/vrtak-prumer-30-cm-vcetne-hydromotoru\/\"]}]},{\"@type\":\"ImageObject\",\"inLanguage\":\"de\",\"@id\":\"https:\/\/mikrobagry.cz\/obchod\/vrtak-prumer-30-cm-vcetne-hydromotoru\/#primaryimage\",\"url\":\"https:\/\/mikrobagry.cz\/wp-content\/uploads\/2023\/05\/Snimek-obrazovky-2023-05-14-v-23.54.14.png\",\"contentUrl\":\"https:\/\/mikrobagry.cz\/wp-content\/uploads\/2023\/05\/Snimek-obrazovky-2023-05-14-v-23.54.14.png\",\"width\":941,\"height\":1413},{\"@type\":\"BreadcrumbList\",\"@id\":\"https:\/\/mikrobagry.cz\/obchod\/vrtak-prumer-30-cm-vcetne-hydromotoru\/#breadcrumb\",\"itemListElement\":[{\"@type\":\"ListItem\",\"position\":1,\"name\":\"Dom\u016f\",\"item\":\"https:\/\/mikrobagry.cz\/\"},{\"@type\":\"ListItem\",\"position\":2,\"name\":\"Produkty\",\"item\":\"https:\/\/mikrobagry.cz\/shop\/\"},{\"@type\":\"ListItem\",\"position\":3,\"name\":\"Vrt\u00e1k pr\u016fm\u011br 30 cm v\u010detn\u011b hydromotoru\"}]},{\"@type\":\"WebSite\",\"@id\":\"https:\/\/mikrobagry.cz\/#website\",\"url\":\"https:\/\/mikrobagry.cz\/\",\"name\":\"Mikrobagry.cz\",\"description\":\"Dal\u0161\u00ed web pou\u017e\u00edvaj\u00edc\u00ed WordPress\",\"potentialAction\":[{\"@type\":\"SearchAction\",\"target\":{\"@type\":\"EntryPoint\",\"urlTemplate\":\"https:\/\/mikrobagry.cz\/?s={search_term_string}\"},\"query-input\":{\"@type\":\"PropertyValueSpecification\",\"valueRequired\":true,\"valueName\":\"search_term_string\"}}],\"inLanguage\":\"de\"}]}<\/script>\n<!-- \/ Yoast SEO plugin. -->","yoast_head_json":{"title":"Vrt\u00e1k pr\u016fm\u011br 30 cm v\u010detn\u011b hydromotoru - Mikrobagry.cz","robots":{"index":"index","follow":"follow","max-snippet":"max-snippet:-1","max-image-preview":"max-image-preview:large","max-video-preview":"max-video-preview:-1"},"canonical":"https:\/\/mikrobagry.cz\/de\/obchod\/vrtak-prumer-30-cm-vcetne-hydromotoru\/","og_locale":"de_DE","og_type":"article","og_title":"Vrt\u00e1k pr\u016fm\u011br 30 cm v\u010detn\u011b hydromotoru - Mikrobagry.cz","og_description":"Vrt\u00e1k kompatibiln\u00ed ke v\u0161em na\u0161im minirypadl\u016fm, Nej\u0161ir\u0161\u00ed ve sv\u00e9 kategorii !!! Ihned k pou\u017eit\u00ed. Cena uvedena bez DPH. Samostatn\u00fd vrt\u00e1k s cenou 12100 K\u010d bez DPH.","og_url":"https:\/\/mikrobagry.cz\/de\/obchod\/vrtak-prumer-30-cm-vcetne-hydromotoru\/","og_site_name":"Mikrobagry.cz","article_publisher":"https:\/\/www.facebook.com\/Mikrobagry.cz\/","article_modified_time":"2025-07-13T08:00:51+00:00","og_image":[{"width":941,"height":1413,"url":"https:\/\/mikrobagry.cz\/wp-content\/uploads\/2023\/05\/Snimek-obrazovky-2023-05-14-v-23.54.14.png","type":"image\/png"}],"twitter_card":"summary_large_image","schema":{"@context":"https:\/\/schema.org","@graph":[{"@type":"WebPage","@id":"https:\/\/mikrobagry.cz\/obchod\/vrtak-prumer-30-cm-vcetne-hydromotoru\/","url":"https:\/\/mikrobagry.cz\/obchod\/vrtak-prumer-30-cm-vcetne-hydromotoru\/","name":"Vrt\u00e1k pr\u016fm\u011br 30 cm v\u010detn\u011b hydromotoru - Mikrobagry.cz","isPartOf":{"@id":"https:\/\/mikrobagry.cz\/#website"},"primaryImageOfPage":{"@id":"https:\/\/mikrobagry.cz\/obchod\/vrtak-prumer-30-cm-vcetne-hydromotoru\/#primaryimage"},"image":{"@id":"https:\/\/mikrobagry.cz\/obchod\/vrtak-prumer-30-cm-vcetne-hydromotoru\/#primaryimage"},"thumbnailUrl":"https:\/\/mikrobagry.cz\/wp-content\/uploads\/2023\/05\/Snimek-obrazovky-2023-05-14-v-23.54.14.png","datePublished":"2023-05-14T21:52:39+00:00","dateModified":"2025-07-13T08:00:51+00:00","breadcrumb":{"@id":"https:\/\/mikrobagry.cz\/obchod\/vrtak-prumer-30-cm-vcetne-hydromotoru\/#breadcrumb"},"inLanguage":"de","potentialAction":[{"@type":"ReadAction","target":["https:\/\/mikrobagry.cz\/obchod\/vrtak-prumer-30-cm-vcetne-hydromotoru\/"]}]},{"@type":"ImageObject","inLanguage":"de","@id":"https:\/\/mikrobagry.cz\/obchod\/vrtak-prumer-30-cm-vcetne-hydromotoru\/#primaryimage","url":"https:\/\/mikrobagry.cz\/wp-content\/uploads\/2023\/05\/Snimek-obrazovky-2023-05-14-v-23.54.14.png","contentUrl":"https:\/\/mikrobagry.cz\/wp-content\/uploads\/2023\/05\/Snimek-obrazovky-2023-05-14-v-23.54.14.png","width":941,"height":1413},{"@type":"BreadcrumbList","@id":"https:\/\/mikrobagry.cz\/obchod\/vrtak-prumer-30-cm-vcetne-hydromotoru\/#breadcrumb","itemListElement":[{"@type":"ListItem","position":1,"name":"Dom\u016f","item":"https:\/\/mikrobagry.cz\/"},{"@type":"ListItem","position":2,"name":"Produkty","item":"https:\/\/mikrobagry.cz\/shop\/"},{"@type":"ListItem","position":3,"name":"Vrt\u00e1k pr\u016fm\u011br 30 cm v\u010detn\u011b hydromotoru"}]},{"@type":"WebSite","@id":"https:\/\/mikrobagry.cz\/#website","url":"https:\/\/mikrobagry.cz\/","name":"Mikrobagry.cz","description":"Dal\u0161\u00ed web pou\u017e\u00edvaj\u00edc\u00ed WordPress","potentialAction":[{"@type":"SearchAction","target":{"@type":"EntryPoint","urlTemplate":"https:\/\/mikrobagry.cz\/?s={search_term_string}"},"query-input":{"@type":"PropertyValueSpecification","valueRequired":true,"valueName":"search_term_string"}}],"inLanguage":"de"}]}},"_links":{"self":[{"href":"https:\/\/mikrobagry.cz\/de\/wp-json\/wp\/v2\/product\/6549","targetHints":{"allow":["GET"]}}],"collection":[{"href":"https:\/\/mikrobagry.cz\/de\/wp-json\/wp\/v2\/product"}],"about":[{"href":"https:\/\/mikrobagry.cz\/de\/wp-json\/wp\/v2\/types\/product"}],"replies":[{"embeddable":true,"href":"https:\/\/mikrobagry.cz\/de\/wp-json\/wp\/v2\/comments?post=6549"}],"wp:featuredmedia":[{"embeddable":true,"href":"https:\/\/mikrobagry.cz\/de\/wp-json\/wp\/v2\/media\/6550"}],"wp:attachment":[{"href":"https:\/\/mikrobagry.cz\/de\/wp-json\/wp\/v2\/media?parent=6549"}],"wp:term":[{"taxonomy":"product_cat","embeddable":true,"href":"https:\/\/mikrobagry.cz\/de\/wp-json\/wp\/v2\/product_cat?post=6549"},{"taxonomy":"product_tag","embeddable":true,"href":"https:\/\/mikrobagry.cz\/de\/wp-json\/wp\/v2\/product_tag?post=6549"}],"curies":[{"name":"wp","href":"https:\/\/api.w.org\/{rel}","templated":true}]}}