{"id":6010,"date":"2022-10-06T22:30:54","date_gmt":"2022-10-06T20:30:54","guid":{"rendered":"https:\/\/mikrobagry.cz\/?post_type=product&#038;p=6010"},"modified":"2026-01-04T16:26:09","modified_gmt":"2026-01-04T15:26:09","slug":"kleste-pro-sypky-material","status":"publish","type":"product","link":"https:\/\/mikrobagry.cz\/de\/obchod\/kleste-pro-sypky-material\/","title":{"rendered":"Kle\u0161t\u011b pro sypk\u00fd materi\u00e1l"},"content":{"rendered":"<div class=\"page\" title=\"Page 10\">\n<div class=\"layoutArea\">\n<div class=\"column\">\n<p>Kles\u030cte\u030c pro sypke\u0301 materia\u0301ly. Maxima\u0301lni\u0301 otevr\u030ceni\u0301: 115 cm.<\/p>\n<div class=\"page\" title=\"Page 10\">\n<div class=\"layoutArea\">\n<div class=\"column\">\n<p>Kles\u030ct\u011b maji\u0301 otoc\u030cnou hlavu. Tu lze v pr\u030ci\u0301pade\u030c potr\u030ceby snadno zajistit pomoci\u0301 s\u030croubu v pozici 0\u00b0, 45\u00b0, 90\u00b0.<\/p>\n<p>Objem: 42 L<br \/>\nHmotnost: 60 kg<\/p>\n<\/div>\n<\/div>\n<\/div>\n<\/div>\n<\/div>\n<\/div>","protected":false},"excerpt":{"rendered":"<p>Ide\u00e1ln\u00ed pro nab\u00edr\u00e1n\u00ed sypk\u00e9ho materi\u00e1lu. Cena uvedena bez DPH.<\/p>","protected":false},"featured_media":6004,"comment_status":"closed","ping_status":"closed","template":"","meta":{"_acf_changed":false},"product_cat":[97,90,81],"product_tag":[],"class_list":["post-6010","product","type-product","status-publish","has-post-thumbnail","hentry","product_cat-kleste","product_cat-lzice","product_cat-prislusenstvi"],"acf":[],"yoast_head":"<!-- This site is optimized with the Yoast SEO plugin v25.7 - https:\/\/yoast.com\/wordpress\/plugins\/seo\/ -->\n<title>Kle\u0161t\u011b pro sypk\u00fd materi\u00e1l - Mikrobagry.cz<\/title>\n<meta name=\"description\" content=\"Kle\u0161t\u011b pro sypk\u00fd materi\u00e1l od minibagry.cz\" \/>\n<meta name=\"robots\" content=\"index, follow, max-snippet:-1, max-image-preview:large, max-video-preview:-1\" \/>\n<link rel=\"canonical\" href=\"https:\/\/mikrobagry.cz\/de\/obchod\/kleste-pro-sypky-material\/\" \/>\n<meta property=\"og:locale\" content=\"de_DE\" \/>\n<meta property=\"og:type\" content=\"article\" \/>\n<meta property=\"og:title\" content=\"Kle\u0161t\u011b pro sypk\u00fd materi\u00e1l - Mikrobagry.cz\" \/>\n<meta property=\"og:description\" content=\"Kle\u0161t\u011b pro sypk\u00fd materi\u00e1l od minibagry.cz\" \/>\n<meta property=\"og:url\" content=\"https:\/\/mikrobagry.cz\/de\/obchod\/kleste-pro-sypky-material\/\" \/>\n<meta property=\"og:site_name\" content=\"Mikrobagry.cz\" \/>\n<meta property=\"article:publisher\" content=\"https:\/\/www.facebook.com\/Mikrobagry.cz\/\" \/>\n<meta property=\"article:modified_time\" content=\"2026-01-04T15:26:09+00:00\" \/>\n<meta property=\"og:image\" content=\"https:\/\/mikrobagry.cz\/wp-content\/uploads\/2022\/10\/Sn\u00edmek-obrazovky-2022-10-06-v-21.49.05.png\" \/>\n\t<meta property=\"og:image:width\" content=\"800\" \/>\n\t<meta property=\"og:image:height\" content=\"747\" \/>\n\t<meta property=\"og:image:type\" content=\"image\/png\" \/>\n<meta name=\"twitter:card\" content=\"summary_large_image\" \/>\n<meta name=\"twitter:label1\" content=\"Gesch\u00e4tzte Lesezeit\" \/>\n\t<meta name=\"twitter:data1\" content=\"1\u00a0Minute\" \/>\n<script type=\"application\/ld+json\" class=\"yoast-schema-graph\">{\"@context\":\"https:\/\/schema.org\",\"@graph\":[{\"@type\":\"WebPage\",\"@id\":\"https:\/\/mikrobagry.cz\/obchod\/kleste-pro-sypky-material\/\",\"url\":\"https:\/\/mikrobagry.cz\/obchod\/kleste-pro-sypky-material\/\",\"name\":\"Kle\u0161t\u011b pro sypk\u00fd materi\u00e1l - Mikrobagry.cz\",\"isPartOf\":{\"@id\":\"https:\/\/mikrobagry.cz\/#website\"},\"primaryImageOfPage\":{\"@id\":\"https:\/\/mikrobagry.cz\/obchod\/kleste-pro-sypky-material\/#primaryimage\"},\"image\":{\"@id\":\"https:\/\/mikrobagry.cz\/obchod\/kleste-pro-sypky-material\/#primaryimage\"},\"thumbnailUrl\":\"https:\/\/mikrobagry.cz\/wp-content\/uploads\/2022\/10\/Sn\u00edmek-obrazovky-2022-10-06-v-21.49.05.png\",\"datePublished\":\"2022-10-06T20:30:54+00:00\",\"dateModified\":\"2026-01-04T15:26:09+00:00\",\"description\":\"Kle\u0161t\u011b pro sypk\u00fd materi\u00e1l od minibagry.cz\",\"breadcrumb\":{\"@id\":\"https:\/\/mikrobagry.cz\/obchod\/kleste-pro-sypky-material\/#breadcrumb\"},\"inLanguage\":\"de\",\"potentialAction\":[{\"@type\":\"ReadAction\",\"target\":[\"https:\/\/mikrobagry.cz\/obchod\/kleste-pro-sypky-material\/\"]}]},{\"@type\":\"ImageObject\",\"inLanguage\":\"de\",\"@id\":\"https:\/\/mikrobagry.cz\/obchod\/kleste-pro-sypky-material\/#primaryimage\",\"url\":\"https:\/\/mikrobagry.cz\/wp-content\/uploads\/2022\/10\/Sn\u00edmek-obrazovky-2022-10-06-v-21.49.05.png\",\"contentUrl\":\"https:\/\/mikrobagry.cz\/wp-content\/uploads\/2022\/10\/Sn\u00edmek-obrazovky-2022-10-06-v-21.49.05.png\",\"width\":800,\"height\":747},{\"@type\":\"BreadcrumbList\",\"@id\":\"https:\/\/mikrobagry.cz\/obchod\/kleste-pro-sypky-material\/#breadcrumb\",\"itemListElement\":[{\"@type\":\"ListItem\",\"position\":1,\"name\":\"Dom\u016f\",\"item\":\"https:\/\/mikrobagry.cz\/\"},{\"@type\":\"ListItem\",\"position\":2,\"name\":\"Produkty\",\"item\":\"https:\/\/mikrobagry.cz\/shop\/\"},{\"@type\":\"ListItem\",\"position\":3,\"name\":\"Kle\u0161t\u011b pro sypk\u00fd materi\u00e1l\"}]},{\"@type\":\"WebSite\",\"@id\":\"https:\/\/mikrobagry.cz\/#website\",\"url\":\"https:\/\/mikrobagry.cz\/\",\"name\":\"Mikrobagry.cz\",\"description\":\"Dal\u0161\u00ed web pou\u017e\u00edvaj\u00edc\u00ed WordPress\",\"potentialAction\":[{\"@type\":\"SearchAction\",\"target\":{\"@type\":\"EntryPoint\",\"urlTemplate\":\"https:\/\/mikrobagry.cz\/?s={search_term_string}\"},\"query-input\":{\"@type\":\"PropertyValueSpecification\",\"valueRequired\":true,\"valueName\":\"search_term_string\"}}],\"inLanguage\":\"de\"}]}<\/script>\n<!-- \/ Yoast SEO plugin. -->","yoast_head_json":{"title":"Kle\u0161t\u011b pro sypk\u00fd materi\u00e1l - Mikrobagry.cz","description":"Kle\u0161t\u011b pro sypk\u00fd materi\u00e1l od minibagry.cz","robots":{"index":"index","follow":"follow","max-snippet":"max-snippet:-1","max-image-preview":"max-image-preview:large","max-video-preview":"max-video-preview:-1"},"canonical":"https:\/\/mikrobagry.cz\/de\/obchod\/kleste-pro-sypky-material\/","og_locale":"de_DE","og_type":"article","og_title":"Kle\u0161t\u011b pro sypk\u00fd materi\u00e1l - Mikrobagry.cz","og_description":"Kle\u0161t\u011b pro sypk\u00fd materi\u00e1l od minibagry.cz","og_url":"https:\/\/mikrobagry.cz\/de\/obchod\/kleste-pro-sypky-material\/","og_site_name":"Mikrobagry.cz","article_publisher":"https:\/\/www.facebook.com\/Mikrobagry.cz\/","article_modified_time":"2026-01-04T15:26:09+00:00","og_image":[{"width":800,"height":747,"url":"https:\/\/mikrobagry.cz\/wp-content\/uploads\/2022\/10\/Sn\u00edmek-obrazovky-2022-10-06-v-21.49.05.png","type":"image\/png"}],"twitter_card":"summary_large_image","twitter_misc":{"Gesch\u00e4tzte Lesezeit":"1\u00a0Minute"},"schema":{"@context":"https:\/\/schema.org","@graph":[{"@type":"WebPage","@id":"https:\/\/mikrobagry.cz\/obchod\/kleste-pro-sypky-material\/","url":"https:\/\/mikrobagry.cz\/obchod\/kleste-pro-sypky-material\/","name":"Kle\u0161t\u011b pro sypk\u00fd materi\u00e1l - Mikrobagry.cz","isPartOf":{"@id":"https:\/\/mikrobagry.cz\/#website"},"primaryImageOfPage":{"@id":"https:\/\/mikrobagry.cz\/obchod\/kleste-pro-sypky-material\/#primaryimage"},"image":{"@id":"https:\/\/mikrobagry.cz\/obchod\/kleste-pro-sypky-material\/#primaryimage"},"thumbnailUrl":"https:\/\/mikrobagry.cz\/wp-content\/uploads\/2022\/10\/Sn\u00edmek-obrazovky-2022-10-06-v-21.49.05.png","datePublished":"2022-10-06T20:30:54+00:00","dateModified":"2026-01-04T15:26:09+00:00","description":"Kle\u0161t\u011b pro sypk\u00fd materi\u00e1l od minibagry.cz","breadcrumb":{"@id":"https:\/\/mikrobagry.cz\/obchod\/kleste-pro-sypky-material\/#breadcrumb"},"inLanguage":"de","potentialAction":[{"@type":"ReadAction","target":["https:\/\/mikrobagry.cz\/obchod\/kleste-pro-sypky-material\/"]}]},{"@type":"ImageObject","inLanguage":"de","@id":"https:\/\/mikrobagry.cz\/obchod\/kleste-pro-sypky-material\/#primaryimage","url":"https:\/\/mikrobagry.cz\/wp-content\/uploads\/2022\/10\/Sn\u00edmek-obrazovky-2022-10-06-v-21.49.05.png","contentUrl":"https:\/\/mikrobagry.cz\/wp-content\/uploads\/2022\/10\/Sn\u00edmek-obrazovky-2022-10-06-v-21.49.05.png","width":800,"height":747},{"@type":"BreadcrumbList","@id":"https:\/\/mikrobagry.cz\/obchod\/kleste-pro-sypky-material\/#breadcrumb","itemListElement":[{"@type":"ListItem","position":1,"name":"Dom\u016f","item":"https:\/\/mikrobagry.cz\/"},{"@type":"ListItem","position":2,"name":"Produkty","item":"https:\/\/mikrobagry.cz\/shop\/"},{"@type":"ListItem","position":3,"name":"Kle\u0161t\u011b pro sypk\u00fd materi\u00e1l"}]},{"@type":"WebSite","@id":"https:\/\/mikrobagry.cz\/#website","url":"https:\/\/mikrobagry.cz\/","name":"Mikrobagry.cz","description":"Dal\u0161\u00ed web pou\u017e\u00edvaj\u00edc\u00ed WordPress","potentialAction":[{"@type":"SearchAction","target":{"@type":"EntryPoint","urlTemplate":"https:\/\/mikrobagry.cz\/?s={search_term_string}"},"query-input":{"@type":"PropertyValueSpecification","valueRequired":true,"valueName":"search_term_string"}}],"inLanguage":"de"}]}},"_links":{"self":[{"href":"https:\/\/mikrobagry.cz\/de\/wp-json\/wp\/v2\/product\/6010","targetHints":{"allow":["GET"]}}],"collection":[{"href":"https:\/\/mikrobagry.cz\/de\/wp-json\/wp\/v2\/product"}],"about":[{"href":"https:\/\/mikrobagry.cz\/de\/wp-json\/wp\/v2\/types\/product"}],"replies":[{"embeddable":true,"href":"https:\/\/mikrobagry.cz\/de\/wp-json\/wp\/v2\/comments?post=6010"}],"wp:featuredmedia":[{"embeddable":true,"href":"https:\/\/mikrobagry.cz\/de\/wp-json\/wp\/v2\/media\/6004"}],"wp:attachment":[{"href":"https:\/\/mikrobagry.cz\/de\/wp-json\/wp\/v2\/media?parent=6010"}],"wp:term":[{"taxonomy":"product_cat","embeddable":true,"href":"https:\/\/mikrobagry.cz\/de\/wp-json\/wp\/v2\/product_cat?post=6010"},{"taxonomy":"product_tag","embeddable":true,"href":"https:\/\/mikrobagry.cz\/de\/wp-json\/wp\/v2\/product_tag?post=6010"}],"curies":[{"name":"wp","href":"https:\/\/api.w.org\/{rel}","templated":true}]}}