{"id":4632,"date":"2021-04-28T07:34:25","date_gmt":"2021-04-28T05:34:25","guid":{"rendered":"https:\/\/mikrobagry.cz\/?post_type=product&#038;p=4632"},"modified":"2026-01-04T21:41:47","modified_gmt":"2026-01-04T20:41:47","slug":"rypaci-3trn-pro-modely-mpt-82-1500-2","status":"publish","type":"product","link":"https:\/\/mikrobagry.cz\/de\/obchod\/rypaci-3trn-pro-modely-mpt-82-1500-2\/","title":{"rendered":"R\u00fdpac\u00ed 3trn pro modely MPT-82-1500"},"content":{"rendered":"","protected":false},"excerpt":{"rendered":"<p>Tento trn pom\u016f\u017ee naru\u0161it velmi tvrd\u00e9 podlo\u017e\u00ed, bodov\u011b soust\u0159ed\u00edte s\u00edlu. Cena bez DPH.<\/p>","protected":false},"featured_media":4630,"comment_status":"closed","ping_status":"closed","template":"","meta":{"_acf_changed":false},"product_cat":[96,90],"product_tag":[],"class_list":["post-4632","product","type-product","status-publish","has-post-thumbnail","hentry","product_cat-rypaci-trny","product_cat-lzice"],"acf":[],"yoast_head":"<!-- This site is optimized with the Yoast SEO plugin v25.7 - https:\/\/yoast.com\/wordpress\/plugins\/seo\/ -->\n<title>R\u00fdpac\u00ed 3trn pro modely MPT-82-1500 - Mikrobagry.cz<\/title>\n<meta name=\"robots\" content=\"index, follow, max-snippet:-1, max-image-preview:large, max-video-preview:-1\" \/>\n<link rel=\"canonical\" href=\"https:\/\/mikrobagry.cz\/de\/obchod\/rypaci-3trn-pro-modely-mpt-82-1500-2\/\" \/>\n<meta property=\"og:locale\" content=\"de_DE\" \/>\n<meta property=\"og:type\" content=\"article\" \/>\n<meta property=\"og:title\" content=\"R\u00fdpac\u00ed 3trn pro modely MPT-82-1500 - Mikrobagry.cz\" \/>\n<meta property=\"og:description\" content=\"Tento trn pom\u016f\u017ee naru\u0161it velmi tvrd\u00e9 podlo\u017e\u00ed, bodov\u011b soust\u0159ed\u00edte s\u00edlu. Cena bez DPH.\" \/>\n<meta property=\"og:url\" content=\"https:\/\/mikrobagry.cz\/de\/obchod\/rypaci-3trn-pro-modely-mpt-82-1500-2\/\" \/>\n<meta property=\"og:site_name\" content=\"Mikrobagry.cz\" \/>\n<meta property=\"article:publisher\" content=\"https:\/\/www.facebook.com\/Mikrobagry.cz\/\" \/>\n<meta property=\"article:modified_time\" content=\"2026-01-04T20:41:47+00:00\" \/>\n<meta property=\"og:image\" content=\"https:\/\/mikrobagry.cz\/wp-content\/uploads\/2021\/04\/IMG_5682.png\" \/>\n\t<meta property=\"og:image:width\" content=\"700\" \/>\n\t<meta property=\"og:image:height\" content=\"525\" \/>\n\t<meta property=\"og:image:type\" content=\"image\/png\" \/>\n<meta name=\"twitter:card\" content=\"summary_large_image\" \/>\n<script type=\"application\/ld+json\" class=\"yoast-schema-graph\">{\"@context\":\"https:\/\/schema.org\",\"@graph\":[{\"@type\":\"WebPage\",\"@id\":\"https:\/\/mikrobagry.cz\/obchod\/rypaci-3trn-pro-modely-mpt-82-1500-2\/\",\"url\":\"https:\/\/mikrobagry.cz\/obchod\/rypaci-3trn-pro-modely-mpt-82-1500-2\/\",\"name\":\"R\u00fdpac\u00ed 3trn pro modely MPT-82-1500 - Mikrobagry.cz\",\"isPartOf\":{\"@id\":\"https:\/\/mikrobagry.cz\/#website\"},\"primaryImageOfPage\":{\"@id\":\"https:\/\/mikrobagry.cz\/obchod\/rypaci-3trn-pro-modely-mpt-82-1500-2\/#primaryimage\"},\"image\":{\"@id\":\"https:\/\/mikrobagry.cz\/obchod\/rypaci-3trn-pro-modely-mpt-82-1500-2\/#primaryimage\"},\"thumbnailUrl\":\"https:\/\/mikrobagry.cz\/wp-content\/uploads\/2021\/04\/IMG_5682.png\",\"datePublished\":\"2021-04-28T05:34:25+00:00\",\"dateModified\":\"2026-01-04T20:41:47+00:00\",\"breadcrumb\":{\"@id\":\"https:\/\/mikrobagry.cz\/obchod\/rypaci-3trn-pro-modely-mpt-82-1500-2\/#breadcrumb\"},\"inLanguage\":\"de\",\"potentialAction\":[{\"@type\":\"ReadAction\",\"target\":[\"https:\/\/mikrobagry.cz\/obchod\/rypaci-3trn-pro-modely-mpt-82-1500-2\/\"]}]},{\"@type\":\"ImageObject\",\"inLanguage\":\"de\",\"@id\":\"https:\/\/mikrobagry.cz\/obchod\/rypaci-3trn-pro-modely-mpt-82-1500-2\/#primaryimage\",\"url\":\"https:\/\/mikrobagry.cz\/wp-content\/uploads\/2021\/04\/IMG_5682.png\",\"contentUrl\":\"https:\/\/mikrobagry.cz\/wp-content\/uploads\/2021\/04\/IMG_5682.png\",\"width\":700,\"height\":525},{\"@type\":\"BreadcrumbList\",\"@id\":\"https:\/\/mikrobagry.cz\/obchod\/rypaci-3trn-pro-modely-mpt-82-1500-2\/#breadcrumb\",\"itemListElement\":[{\"@type\":\"ListItem\",\"position\":1,\"name\":\"Dom\u016f\",\"item\":\"https:\/\/mikrobagry.cz\/\"},{\"@type\":\"ListItem\",\"position\":2,\"name\":\"Produkty\",\"item\":\"https:\/\/mikrobagry.cz\/shop\/\"},{\"@type\":\"ListItem\",\"position\":3,\"name\":\"R\u00fdpac\u00ed 3trn pro modely MPT-82-1500\"}]},{\"@type\":\"WebSite\",\"@id\":\"https:\/\/mikrobagry.cz\/#website\",\"url\":\"https:\/\/mikrobagry.cz\/\",\"name\":\"Mikrobagry.cz\",\"description\":\"Dal\u0161\u00ed web pou\u017e\u00edvaj\u00edc\u00ed WordPress\",\"potentialAction\":[{\"@type\":\"SearchAction\",\"target\":{\"@type\":\"EntryPoint\",\"urlTemplate\":\"https:\/\/mikrobagry.cz\/?s={search_term_string}\"},\"query-input\":{\"@type\":\"PropertyValueSpecification\",\"valueRequired\":true,\"valueName\":\"search_term_string\"}}],\"inLanguage\":\"de\"}]}<\/script>\n<!-- \/ Yoast SEO plugin. -->","yoast_head_json":{"title":"R\u00fdpac\u00ed 3trn pro modely MPT-82-1500 - Mikrobagry.cz","robots":{"index":"index","follow":"follow","max-snippet":"max-snippet:-1","max-image-preview":"max-image-preview:large","max-video-preview":"max-video-preview:-1"},"canonical":"https:\/\/mikrobagry.cz\/de\/obchod\/rypaci-3trn-pro-modely-mpt-82-1500-2\/","og_locale":"de_DE","og_type":"article","og_title":"R\u00fdpac\u00ed 3trn pro modely MPT-82-1500 - Mikrobagry.cz","og_description":"Tento trn pom\u016f\u017ee naru\u0161it velmi tvrd\u00e9 podlo\u017e\u00ed, bodov\u011b soust\u0159ed\u00edte s\u00edlu. Cena bez DPH.","og_url":"https:\/\/mikrobagry.cz\/de\/obchod\/rypaci-3trn-pro-modely-mpt-82-1500-2\/","og_site_name":"Mikrobagry.cz","article_publisher":"https:\/\/www.facebook.com\/Mikrobagry.cz\/","article_modified_time":"2026-01-04T20:41:47+00:00","og_image":[{"width":700,"height":525,"url":"https:\/\/mikrobagry.cz\/wp-content\/uploads\/2021\/04\/IMG_5682.png","type":"image\/png"}],"twitter_card":"summary_large_image","schema":{"@context":"https:\/\/schema.org","@graph":[{"@type":"WebPage","@id":"https:\/\/mikrobagry.cz\/obchod\/rypaci-3trn-pro-modely-mpt-82-1500-2\/","url":"https:\/\/mikrobagry.cz\/obchod\/rypaci-3trn-pro-modely-mpt-82-1500-2\/","name":"R\u00fdpac\u00ed 3trn pro modely MPT-82-1500 - Mikrobagry.cz","isPartOf":{"@id":"https:\/\/mikrobagry.cz\/#website"},"primaryImageOfPage":{"@id":"https:\/\/mikrobagry.cz\/obchod\/rypaci-3trn-pro-modely-mpt-82-1500-2\/#primaryimage"},"image":{"@id":"https:\/\/mikrobagry.cz\/obchod\/rypaci-3trn-pro-modely-mpt-82-1500-2\/#primaryimage"},"thumbnailUrl":"https:\/\/mikrobagry.cz\/wp-content\/uploads\/2021\/04\/IMG_5682.png","datePublished":"2021-04-28T05:34:25+00:00","dateModified":"2026-01-04T20:41:47+00:00","breadcrumb":{"@id":"https:\/\/mikrobagry.cz\/obchod\/rypaci-3trn-pro-modely-mpt-82-1500-2\/#breadcrumb"},"inLanguage":"de","potentialAction":[{"@type":"ReadAction","target":["https:\/\/mikrobagry.cz\/obchod\/rypaci-3trn-pro-modely-mpt-82-1500-2\/"]}]},{"@type":"ImageObject","inLanguage":"de","@id":"https:\/\/mikrobagry.cz\/obchod\/rypaci-3trn-pro-modely-mpt-82-1500-2\/#primaryimage","url":"https:\/\/mikrobagry.cz\/wp-content\/uploads\/2021\/04\/IMG_5682.png","contentUrl":"https:\/\/mikrobagry.cz\/wp-content\/uploads\/2021\/04\/IMG_5682.png","width":700,"height":525},{"@type":"BreadcrumbList","@id":"https:\/\/mikrobagry.cz\/obchod\/rypaci-3trn-pro-modely-mpt-82-1500-2\/#breadcrumb","itemListElement":[{"@type":"ListItem","position":1,"name":"Dom\u016f","item":"https:\/\/mikrobagry.cz\/"},{"@type":"ListItem","position":2,"name":"Produkty","item":"https:\/\/mikrobagry.cz\/shop\/"},{"@type":"ListItem","position":3,"name":"R\u00fdpac\u00ed 3trn pro modely MPT-82-1500"}]},{"@type":"WebSite","@id":"https:\/\/mikrobagry.cz\/#website","url":"https:\/\/mikrobagry.cz\/","name":"Mikrobagry.cz","description":"Dal\u0161\u00ed web pou\u017e\u00edvaj\u00edc\u00ed WordPress","potentialAction":[{"@type":"SearchAction","target":{"@type":"EntryPoint","urlTemplate":"https:\/\/mikrobagry.cz\/?s={search_term_string}"},"query-input":{"@type":"PropertyValueSpecification","valueRequired":true,"valueName":"search_term_string"}}],"inLanguage":"de"}]}},"_links":{"self":[{"href":"https:\/\/mikrobagry.cz\/de\/wp-json\/wp\/v2\/product\/4632","targetHints":{"allow":["GET"]}}],"collection":[{"href":"https:\/\/mikrobagry.cz\/de\/wp-json\/wp\/v2\/product"}],"about":[{"href":"https:\/\/mikrobagry.cz\/de\/wp-json\/wp\/v2\/types\/product"}],"replies":[{"embeddable":true,"href":"https:\/\/mikrobagry.cz\/de\/wp-json\/wp\/v2\/comments?post=4632"}],"wp:featuredmedia":[{"embeddable":true,"href":"https:\/\/mikrobagry.cz\/de\/wp-json\/wp\/v2\/media\/4630"}],"wp:attachment":[{"href":"https:\/\/mikrobagry.cz\/de\/wp-json\/wp\/v2\/media?parent=4632"}],"wp:term":[{"taxonomy":"product_cat","embeddable":true,"href":"https:\/\/mikrobagry.cz\/de\/wp-json\/wp\/v2\/product_cat?post=4632"},{"taxonomy":"product_tag","embeddable":true,"href":"https:\/\/mikrobagry.cz\/de\/wp-json\/wp\/v2\/product_tag?post=4632"}],"curies":[{"name":"wp","href":"https:\/\/api.w.org\/{rel}","templated":true}]}}