{"id":3416,"date":"2019-12-15T20:55:18","date_gmt":"2019-12-15T19:55:18","guid":{"rendered":"http:\/\/mikrobagry.cz\/?post_type=product&#038;p=3416"},"modified":"2026-01-04T22:03:29","modified_gmt":"2026-01-04T21:03:29","slug":"pridrzovaci-palec","status":"publish","type":"product","link":"https:\/\/mikrobagry.cz\/de\/obchod\/pridrzovaci-palec\/","title":{"rendered":"P\u0159idr\u017eovac\u00ed palec &#8211; Nov\u00fd model !"},"content":{"rendered":"<div class=\"page\" title=\"Page 7\">\n<div class=\"layoutArea\">\n<div class=\"column\">\n<p>Pr\u030cidrz\u030covaci\u0301 palec slouz\u030ci\u0301 k p\u0159idr\u017een\u00ed br\u030cemene, jako jsou napr\u030c. dr\u030ceviny nebo kameny.<\/p>\n<p>Palec m\u00e1te vz\u030cdy sebou. Ve sklopene\u0301 poloze pr\u030ci pra\u0301ci nijak nepr\u030ceka\u0301z\u030ci\u0301.<\/p>\n<p>V pr\u030ci\u0301pade\u030c potr\u030ceby pouz\u030cit\u00ed jej pomoci\u0301 c\u030cepu sklopi\u0301te do jedne\u0301 ze dvou poloh, zaaretujete a pomoci\u0301 podkopovy\u0301ch nebo svahovy\u0301ch lz\u030cic, hra\u0301bi\u0301 c\u030ci ry\u0301paci\u0301ch trnu\u030a mu\u030az\u030cete p\u0159idr\u017eet co je tr\u030ceba.<\/p>\n<\/div>\n<\/div>\n<\/div>","protected":false},"excerpt":{"rendered":"<p>Oproti star\u00e9mu p\u0159idr\u017eovac\u00edmu palci se ji\u017e tento nov\u00fd model lehce aretuje na p\u0159edn\u00ed rameno pomoc\u00ed t\u00e9\u017ee jedn\u00e9 areta\u010dn\u00ed osy. P\u0159idr\u017eovac\u00ed palec tak m\u016f\u017eete m\u00edt kdykoli k dispozici, ani\u017e by bylo nutn\u00e9 palec po pou\u017eit\u00ed v\u017edy demontovat. Je z\u00e1rove\u0148 odleh\u010den\u00fd tak, aby zbyte\u010dn\u011b nezat\u011b\u017eoval p\u0159edn\u00ed rameno.<\/p>\n<p>Hmotnost : 14 Kg<\/p>\n<p>Cena uvedena bez DPH.<\/p>","protected":false},"featured_media":5331,"comment_status":"closed","ping_status":"closed","template":"","meta":{"_acf_changed":false},"product_cat":[97],"product_tag":[],"class_list":["post-3416","product","type-product","status-publish","has-post-thumbnail","hentry","product_cat-kleste"],"acf":[],"yoast_head":"<!-- This site is optimized with the Yoast SEO plugin v25.7 - https:\/\/yoast.com\/wordpress\/plugins\/seo\/ -->\n<title>P\u0159idr\u017eovac\u00ed palec - Nov\u00fd model ! - Mikrobagry.cz<\/title>\n<meta name=\"robots\" content=\"index, follow, max-snippet:-1, max-image-preview:large, max-video-preview:-1\" \/>\n<link rel=\"canonical\" href=\"https:\/\/mikrobagry.cz\/de\/obchod\/pridrzovaci-palec\/\" \/>\n<meta property=\"og:locale\" content=\"de_DE\" \/>\n<meta property=\"og:type\" content=\"article\" \/>\n<meta property=\"og:title\" content=\"P\u0159idr\u017eovac\u00ed palec - Nov\u00fd model ! - Mikrobagry.cz\" \/>\n<meta property=\"og:description\" content=\"Oproti star\u00e9mu p\u0159idr\u017eovac\u00edmu palci se ji\u017e tento nov\u00fd model lehce aretuje na p\u0159edn\u00ed rameno pomoc\u00ed t\u00e9\u017ee jedn\u00e9 areta\u010dn\u00ed osy. P\u0159idr\u017eovac\u00ed palec tak m\u016f\u017eete m\u00edt kdykoli k dispozici, ani\u017e by bylo nutn\u00e9 palec po pou\u017eit\u00ed v\u017edy demontovat. Je z\u00e1rove\u0148 odleh\u010den\u00fd tak, aby zbyte\u010dn\u011b nezat\u011b\u017eoval p\u0159edn\u00ed rameno.  Hmotnost : 14 Kg  Cena uvedena bez DPH.\" \/>\n<meta property=\"og:url\" content=\"https:\/\/mikrobagry.cz\/de\/obchod\/pridrzovaci-palec\/\" \/>\n<meta property=\"og:site_name\" content=\"Mikrobagry.cz\" \/>\n<meta property=\"article:publisher\" content=\"https:\/\/www.facebook.com\/Mikrobagry.cz\/\" \/>\n<meta property=\"article:modified_time\" content=\"2026-01-04T21:03:29+00:00\" \/>\n<meta property=\"og:image\" content=\"https:\/\/mikrobagry.cz\/wp-content\/uploads\/2022\/03\/Palec-GIF.gif\" \/>\n\t<meta property=\"og:image:width\" content=\"1200\" \/>\n\t<meta property=\"og:image:height\" content=\"900\" \/>\n\t<meta property=\"og:image:type\" content=\"image\/gif\" \/>\n<meta name=\"twitter:card\" content=\"summary_large_image\" \/>\n<meta name=\"twitter:label1\" content=\"Gesch\u00e4tzte Lesezeit\" \/>\n\t<meta name=\"twitter:data1\" content=\"1\u00a0Minute\" \/>\n<script type=\"application\/ld+json\" class=\"yoast-schema-graph\">{\"@context\":\"https:\/\/schema.org\",\"@graph\":[{\"@type\":\"WebPage\",\"@id\":\"https:\/\/mikrobagry.cz\/obchod\/pridrzovaci-palec\/\",\"url\":\"https:\/\/mikrobagry.cz\/obchod\/pridrzovaci-palec\/\",\"name\":\"P\u0159idr\u017eovac\u00ed palec - Nov\u00fd model ! - Mikrobagry.cz\",\"isPartOf\":{\"@id\":\"https:\/\/mikrobagry.cz\/#website\"},\"primaryImageOfPage\":{\"@id\":\"https:\/\/mikrobagry.cz\/obchod\/pridrzovaci-palec\/#primaryimage\"},\"image\":{\"@id\":\"https:\/\/mikrobagry.cz\/obchod\/pridrzovaci-palec\/#primaryimage\"},\"thumbnailUrl\":\"https:\/\/mikrobagry.cz\/wp-content\/uploads\/2022\/03\/Palec-GIF.gif\",\"datePublished\":\"2019-12-15T19:55:18+00:00\",\"dateModified\":\"2026-01-04T21:03:29+00:00\",\"breadcrumb\":{\"@id\":\"https:\/\/mikrobagry.cz\/obchod\/pridrzovaci-palec\/#breadcrumb\"},\"inLanguage\":\"de\",\"potentialAction\":[{\"@type\":\"ReadAction\",\"target\":[\"https:\/\/mikrobagry.cz\/obchod\/pridrzovaci-palec\/\"]}]},{\"@type\":\"ImageObject\",\"inLanguage\":\"de\",\"@id\":\"https:\/\/mikrobagry.cz\/obchod\/pridrzovaci-palec\/#primaryimage\",\"url\":\"https:\/\/mikrobagry.cz\/wp-content\/uploads\/2022\/03\/Palec-GIF.gif\",\"contentUrl\":\"https:\/\/mikrobagry.cz\/wp-content\/uploads\/2022\/03\/Palec-GIF.gif\",\"width\":1200,\"height\":900},{\"@type\":\"BreadcrumbList\",\"@id\":\"https:\/\/mikrobagry.cz\/obchod\/pridrzovaci-palec\/#breadcrumb\",\"itemListElement\":[{\"@type\":\"ListItem\",\"position\":1,\"name\":\"Dom\u016f\",\"item\":\"https:\/\/mikrobagry.cz\/\"},{\"@type\":\"ListItem\",\"position\":2,\"name\":\"Produkty\",\"item\":\"https:\/\/mikrobagry.cz\/shop\/\"},{\"@type\":\"ListItem\",\"position\":3,\"name\":\"P\u0159idr\u017eovac\u00ed palec &#8211; Nov\u00fd model !\"}]},{\"@type\":\"WebSite\",\"@id\":\"https:\/\/mikrobagry.cz\/#website\",\"url\":\"https:\/\/mikrobagry.cz\/\",\"name\":\"Mikrobagry.cz\",\"description\":\"Dal\u0161\u00ed web pou\u017e\u00edvaj\u00edc\u00ed WordPress\",\"potentialAction\":[{\"@type\":\"SearchAction\",\"target\":{\"@type\":\"EntryPoint\",\"urlTemplate\":\"https:\/\/mikrobagry.cz\/?s={search_term_string}\"},\"query-input\":{\"@type\":\"PropertyValueSpecification\",\"valueRequired\":true,\"valueName\":\"search_term_string\"}}],\"inLanguage\":\"de\"}]}<\/script>\n<!-- \/ Yoast SEO plugin. -->","yoast_head_json":{"title":"P\u0159idr\u017eovac\u00ed palec - Nov\u00fd model ! - Mikrobagry.cz","robots":{"index":"index","follow":"follow","max-snippet":"max-snippet:-1","max-image-preview":"max-image-preview:large","max-video-preview":"max-video-preview:-1"},"canonical":"https:\/\/mikrobagry.cz\/de\/obchod\/pridrzovaci-palec\/","og_locale":"de_DE","og_type":"article","og_title":"P\u0159idr\u017eovac\u00ed palec - Nov\u00fd model ! - Mikrobagry.cz","og_description":"Oproti star\u00e9mu p\u0159idr\u017eovac\u00edmu palci se ji\u017e tento nov\u00fd model lehce aretuje na p\u0159edn\u00ed rameno pomoc\u00ed t\u00e9\u017ee jedn\u00e9 areta\u010dn\u00ed osy. P\u0159idr\u017eovac\u00ed palec tak m\u016f\u017eete m\u00edt kdykoli k dispozici, ani\u017e by bylo nutn\u00e9 palec po pou\u017eit\u00ed v\u017edy demontovat. Je z\u00e1rove\u0148 odleh\u010den\u00fd tak, aby zbyte\u010dn\u011b nezat\u011b\u017eoval p\u0159edn\u00ed rameno.  Hmotnost : 14 Kg  Cena uvedena bez DPH.","og_url":"https:\/\/mikrobagry.cz\/de\/obchod\/pridrzovaci-palec\/","og_site_name":"Mikrobagry.cz","article_publisher":"https:\/\/www.facebook.com\/Mikrobagry.cz\/","article_modified_time":"2026-01-04T21:03:29+00:00","og_image":[{"width":1200,"height":900,"url":"https:\/\/mikrobagry.cz\/wp-content\/uploads\/2022\/03\/Palec-GIF.gif","type":"image\/gif"}],"twitter_card":"summary_large_image","twitter_misc":{"Gesch\u00e4tzte Lesezeit":"1\u00a0Minute"},"schema":{"@context":"https:\/\/schema.org","@graph":[{"@type":"WebPage","@id":"https:\/\/mikrobagry.cz\/obchod\/pridrzovaci-palec\/","url":"https:\/\/mikrobagry.cz\/obchod\/pridrzovaci-palec\/","name":"P\u0159idr\u017eovac\u00ed palec - Nov\u00fd model ! - Mikrobagry.cz","isPartOf":{"@id":"https:\/\/mikrobagry.cz\/#website"},"primaryImageOfPage":{"@id":"https:\/\/mikrobagry.cz\/obchod\/pridrzovaci-palec\/#primaryimage"},"image":{"@id":"https:\/\/mikrobagry.cz\/obchod\/pridrzovaci-palec\/#primaryimage"},"thumbnailUrl":"https:\/\/mikrobagry.cz\/wp-content\/uploads\/2022\/03\/Palec-GIF.gif","datePublished":"2019-12-15T19:55:18+00:00","dateModified":"2026-01-04T21:03:29+00:00","breadcrumb":{"@id":"https:\/\/mikrobagry.cz\/obchod\/pridrzovaci-palec\/#breadcrumb"},"inLanguage":"de","potentialAction":[{"@type":"ReadAction","target":["https:\/\/mikrobagry.cz\/obchod\/pridrzovaci-palec\/"]}]},{"@type":"ImageObject","inLanguage":"de","@id":"https:\/\/mikrobagry.cz\/obchod\/pridrzovaci-palec\/#primaryimage","url":"https:\/\/mikrobagry.cz\/wp-content\/uploads\/2022\/03\/Palec-GIF.gif","contentUrl":"https:\/\/mikrobagry.cz\/wp-content\/uploads\/2022\/03\/Palec-GIF.gif","width":1200,"height":900},{"@type":"BreadcrumbList","@id":"https:\/\/mikrobagry.cz\/obchod\/pridrzovaci-palec\/#breadcrumb","itemListElement":[{"@type":"ListItem","position":1,"name":"Dom\u016f","item":"https:\/\/mikrobagry.cz\/"},{"@type":"ListItem","position":2,"name":"Produkty","item":"https:\/\/mikrobagry.cz\/shop\/"},{"@type":"ListItem","position":3,"name":"P\u0159idr\u017eovac\u00ed palec &#8211; Nov\u00fd model !"}]},{"@type":"WebSite","@id":"https:\/\/mikrobagry.cz\/#website","url":"https:\/\/mikrobagry.cz\/","name":"Mikrobagry.cz","description":"Dal\u0161\u00ed web pou\u017e\u00edvaj\u00edc\u00ed WordPress","potentialAction":[{"@type":"SearchAction","target":{"@type":"EntryPoint","urlTemplate":"https:\/\/mikrobagry.cz\/?s={search_term_string}"},"query-input":{"@type":"PropertyValueSpecification","valueRequired":true,"valueName":"search_term_string"}}],"inLanguage":"de"}]}},"_links":{"self":[{"href":"https:\/\/mikrobagry.cz\/de\/wp-json\/wp\/v2\/product\/3416","targetHints":{"allow":["GET"]}}],"collection":[{"href":"https:\/\/mikrobagry.cz\/de\/wp-json\/wp\/v2\/product"}],"about":[{"href":"https:\/\/mikrobagry.cz\/de\/wp-json\/wp\/v2\/types\/product"}],"replies":[{"embeddable":true,"href":"https:\/\/mikrobagry.cz\/de\/wp-json\/wp\/v2\/comments?post=3416"}],"wp:featuredmedia":[{"embeddable":true,"href":"https:\/\/mikrobagry.cz\/de\/wp-json\/wp\/v2\/media\/5331"}],"wp:attachment":[{"href":"https:\/\/mikrobagry.cz\/de\/wp-json\/wp\/v2\/media?parent=3416"}],"wp:term":[{"taxonomy":"product_cat","embeddable":true,"href":"https:\/\/mikrobagry.cz\/de\/wp-json\/wp\/v2\/product_cat?post=3416"},{"taxonomy":"product_tag","embeddable":true,"href":"https:\/\/mikrobagry.cz\/de\/wp-json\/wp\/v2\/product_tag?post=3416"}],"curies":[{"name":"wp","href":"https:\/\/api.w.org\/{rel}","templated":true}]}}