{"id":2903,"date":"2019-07-28T15:10:59","date_gmt":"2019-07-28T13:10:59","guid":{"rendered":"http:\/\/mikrobagry.cz\/?post_type=product&#038;p=2903"},"modified":"2024-11-02T10:40:10","modified_gmt":"2024-11-02T09:40:10","slug":"chladic-hydraulickeho-oleje","status":"publish","type":"product","link":"https:\/\/mikrobagry.cz\/de\/obchod\/chladic-hydraulickeho-oleje\/","title":{"rendered":"Hydraulischer \u00d6lk\u00fchler"},"content":{"rendered":"<p>Chladi\u010d hydraulick\u00e9ho oleje je voliteln\u00e1 v\u00fdbava. Pro nep\u0159etr\u017eitou pr\u00e1ci se strojem v tepl\u00fdch letn\u00edch dnech v\u0161ak doporu\u010dujeme chladi\u010d na stroj instalovat. V takov\u00e9m p\u0159\u00edpad\u011b se v\u00fd\u0161e teploty hydr. oleje nedostane p\u0159es 50\u00b0. To m\u00e1 pozitivn\u00ed vliv na udr\u017een\u00ed kvality hydraulick\u00e9ho oleje pro del\u0161\u00ed interval. P\u0159i p\u0159eh\u0159\u00edv\u00e1n\u00ed hydraulick\u00e9ho oleje m\u016f\u017ee u stroje tak\u00e9 doch\u00e1zet k \u010dast\u011bj\u0161\u00edmu prasknut\u00ed hadice.<\/p>","protected":false},"excerpt":{"rendered":"<p>Uveden\u00e1 cena je bez DPH.<\/p>","protected":false},"featured_media":2899,"comment_status":"closed","ping_status":"closed","template":"","meta":{"_acf_changed":false},"product_cat":[103,87,88,81],"product_tag":[],"class_list":["post-2903","product","type-product","status-publish","has-post-thumbnail","hentry","product_cat-hydraulicke-nahradni-dily","product_cat-nahradni-dily","product_cat-vybava","product_cat-prislusenstvi"],"acf":[],"yoast_head":"<!-- This site is optimized with the Yoast SEO plugin v25.7 - https:\/\/yoast.com\/wordpress\/plugins\/seo\/ -->\n<title>Chladi\u010d hydraulick\u00e9ho oleje - Mikrobagry.cz<\/title>\n<meta name=\"robots\" content=\"index, follow, max-snippet:-1, max-image-preview:large, max-video-preview:-1\" \/>\n<link rel=\"canonical\" href=\"https:\/\/mikrobagry.cz\/de\/obchod\/chladic-hydraulickeho-oleje\/\" \/>\n<meta property=\"og:locale\" content=\"de_DE\" \/>\n<meta property=\"og:type\" content=\"article\" \/>\n<meta property=\"og:title\" content=\"Chladi\u010d hydraulick\u00e9ho oleje - Mikrobagry.cz\" \/>\n<meta property=\"og:description\" content=\"Uveden\u00e1 cena je bez DPH.\" \/>\n<meta property=\"og:url\" content=\"https:\/\/mikrobagry.cz\/de\/obchod\/chladic-hydraulickeho-oleje\/\" \/>\n<meta property=\"og:site_name\" content=\"Mikrobagry.cz\" \/>\n<meta property=\"article:publisher\" content=\"https:\/\/www.facebook.com\/Mikrobagry.cz\/\" \/>\n<meta property=\"article:modified_time\" content=\"2024-11-02T09:40:10+00:00\" \/>\n<meta property=\"og:image\" content=\"https:\/\/mikrobagry.cz\/wp-content\/uploads\/2019\/07\/Chladi\u010d-hydraulick\u00e9ho-oleje.jpg\" \/>\n\t<meta property=\"og:image:width\" content=\"300\" \/>\n\t<meta property=\"og:image:height\" content=\"300\" \/>\n\t<meta property=\"og:image:type\" content=\"image\/jpeg\" \/>\n<meta name=\"twitter:card\" content=\"summary_large_image\" \/>\n<meta name=\"twitter:label1\" content=\"Gesch\u00e4tzte Lesezeit\" \/>\n\t<meta name=\"twitter:data1\" content=\"1\u00a0Minute\" \/>\n<script type=\"application\/ld+json\" class=\"yoast-schema-graph\">{\"@context\":\"https:\/\/schema.org\",\"@graph\":[{\"@type\":\"WebPage\",\"@id\":\"https:\/\/mikrobagry.cz\/obchod\/chladic-hydraulickeho-oleje\/\",\"url\":\"https:\/\/mikrobagry.cz\/obchod\/chladic-hydraulickeho-oleje\/\",\"name\":\"Chladi\u010d hydraulick\u00e9ho oleje - Mikrobagry.cz\",\"isPartOf\":{\"@id\":\"https:\/\/mikrobagry.cz\/#website\"},\"primaryImageOfPage\":{\"@id\":\"https:\/\/mikrobagry.cz\/obchod\/chladic-hydraulickeho-oleje\/#primaryimage\"},\"image\":{\"@id\":\"https:\/\/mikrobagry.cz\/obchod\/chladic-hydraulickeho-oleje\/#primaryimage\"},\"thumbnailUrl\":\"https:\/\/mikrobagry.cz\/wp-content\/uploads\/2019\/07\/Chladi\u010d-hydraulick\u00e9ho-oleje.jpg\",\"datePublished\":\"2019-07-28T13:10:59+00:00\",\"dateModified\":\"2024-11-02T09:40:10+00:00\",\"breadcrumb\":{\"@id\":\"https:\/\/mikrobagry.cz\/obchod\/chladic-hydraulickeho-oleje\/#breadcrumb\"},\"inLanguage\":\"de\",\"potentialAction\":[{\"@type\":\"ReadAction\",\"target\":[\"https:\/\/mikrobagry.cz\/obchod\/chladic-hydraulickeho-oleje\/\"]}]},{\"@type\":\"ImageObject\",\"inLanguage\":\"de\",\"@id\":\"https:\/\/mikrobagry.cz\/obchod\/chladic-hydraulickeho-oleje\/#primaryimage\",\"url\":\"https:\/\/mikrobagry.cz\/wp-content\/uploads\/2019\/07\/Chladi\u010d-hydraulick\u00e9ho-oleje.jpg\",\"contentUrl\":\"https:\/\/mikrobagry.cz\/wp-content\/uploads\/2019\/07\/Chladi\u010d-hydraulick\u00e9ho-oleje.jpg\",\"width\":300,\"height\":300},{\"@type\":\"BreadcrumbList\",\"@id\":\"https:\/\/mikrobagry.cz\/obchod\/chladic-hydraulickeho-oleje\/#breadcrumb\",\"itemListElement\":[{\"@type\":\"ListItem\",\"position\":1,\"name\":\"Dom\u016f\",\"item\":\"https:\/\/mikrobagry.cz\/\"},{\"@type\":\"ListItem\",\"position\":2,\"name\":\"Produkty\",\"item\":\"https:\/\/mikrobagry.cz\/shop\/\"},{\"@type\":\"ListItem\",\"position\":3,\"name\":\"Chladi\u010d hydraulick\u00e9ho oleje\"}]},{\"@type\":\"WebSite\",\"@id\":\"https:\/\/mikrobagry.cz\/#website\",\"url\":\"https:\/\/mikrobagry.cz\/\",\"name\":\"Mikrobagry.cz\",\"description\":\"Dal\u0161\u00ed web pou\u017e\u00edvaj\u00edc\u00ed WordPress\",\"potentialAction\":[{\"@type\":\"SearchAction\",\"target\":{\"@type\":\"EntryPoint\",\"urlTemplate\":\"https:\/\/mikrobagry.cz\/?s={search_term_string}\"},\"query-input\":{\"@type\":\"PropertyValueSpecification\",\"valueRequired\":true,\"valueName\":\"search_term_string\"}}],\"inLanguage\":\"de\"}]}<\/script>\n<!-- \/ Yoast SEO plugin. -->","yoast_head_json":{"title":"Chladi\u010d hydraulick\u00e9ho oleje - Mikrobagry.cz","robots":{"index":"index","follow":"follow","max-snippet":"max-snippet:-1","max-image-preview":"max-image-preview:large","max-video-preview":"max-video-preview:-1"},"canonical":"https:\/\/mikrobagry.cz\/de\/obchod\/chladic-hydraulickeho-oleje\/","og_locale":"de_DE","og_type":"article","og_title":"Chladi\u010d hydraulick\u00e9ho oleje - Mikrobagry.cz","og_description":"Uveden\u00e1 cena je bez DPH.","og_url":"https:\/\/mikrobagry.cz\/de\/obchod\/chladic-hydraulickeho-oleje\/","og_site_name":"Mikrobagry.cz","article_publisher":"https:\/\/www.facebook.com\/Mikrobagry.cz\/","article_modified_time":"2024-11-02T09:40:10+00:00","og_image":[{"width":300,"height":300,"url":"https:\/\/mikrobagry.cz\/wp-content\/uploads\/2019\/07\/Chladi\u010d-hydraulick\u00e9ho-oleje.jpg","type":"image\/jpeg"}],"twitter_card":"summary_large_image","twitter_misc":{"Gesch\u00e4tzte Lesezeit":"1\u00a0Minute"},"schema":{"@context":"https:\/\/schema.org","@graph":[{"@type":"WebPage","@id":"https:\/\/mikrobagry.cz\/obchod\/chladic-hydraulickeho-oleje\/","url":"https:\/\/mikrobagry.cz\/obchod\/chladic-hydraulickeho-oleje\/","name":"Chladi\u010d hydraulick\u00e9ho oleje - Mikrobagry.cz","isPartOf":{"@id":"https:\/\/mikrobagry.cz\/#website"},"primaryImageOfPage":{"@id":"https:\/\/mikrobagry.cz\/obchod\/chladic-hydraulickeho-oleje\/#primaryimage"},"image":{"@id":"https:\/\/mikrobagry.cz\/obchod\/chladic-hydraulickeho-oleje\/#primaryimage"},"thumbnailUrl":"https:\/\/mikrobagry.cz\/wp-content\/uploads\/2019\/07\/Chladi\u010d-hydraulick\u00e9ho-oleje.jpg","datePublished":"2019-07-28T13:10:59+00:00","dateModified":"2024-11-02T09:40:10+00:00","breadcrumb":{"@id":"https:\/\/mikrobagry.cz\/obchod\/chladic-hydraulickeho-oleje\/#breadcrumb"},"inLanguage":"de","potentialAction":[{"@type":"ReadAction","target":["https:\/\/mikrobagry.cz\/obchod\/chladic-hydraulickeho-oleje\/"]}]},{"@type":"ImageObject","inLanguage":"de","@id":"https:\/\/mikrobagry.cz\/obchod\/chladic-hydraulickeho-oleje\/#primaryimage","url":"https:\/\/mikrobagry.cz\/wp-content\/uploads\/2019\/07\/Chladi\u010d-hydraulick\u00e9ho-oleje.jpg","contentUrl":"https:\/\/mikrobagry.cz\/wp-content\/uploads\/2019\/07\/Chladi\u010d-hydraulick\u00e9ho-oleje.jpg","width":300,"height":300},{"@type":"BreadcrumbList","@id":"https:\/\/mikrobagry.cz\/obchod\/chladic-hydraulickeho-oleje\/#breadcrumb","itemListElement":[{"@type":"ListItem","position":1,"name":"Dom\u016f","item":"https:\/\/mikrobagry.cz\/"},{"@type":"ListItem","position":2,"name":"Produkty","item":"https:\/\/mikrobagry.cz\/shop\/"},{"@type":"ListItem","position":3,"name":"Chladi\u010d hydraulick\u00e9ho oleje"}]},{"@type":"WebSite","@id":"https:\/\/mikrobagry.cz\/#website","url":"https:\/\/mikrobagry.cz\/","name":"Mikrobagry.cz","description":"Dal\u0161\u00ed web pou\u017e\u00edvaj\u00edc\u00ed WordPress","potentialAction":[{"@type":"SearchAction","target":{"@type":"EntryPoint","urlTemplate":"https:\/\/mikrobagry.cz\/?s={search_term_string}"},"query-input":{"@type":"PropertyValueSpecification","valueRequired":true,"valueName":"search_term_string"}}],"inLanguage":"de"}]}},"_links":{"self":[{"href":"https:\/\/mikrobagry.cz\/de\/wp-json\/wp\/v2\/product\/2903","targetHints":{"allow":["GET"]}}],"collection":[{"href":"https:\/\/mikrobagry.cz\/de\/wp-json\/wp\/v2\/product"}],"about":[{"href":"https:\/\/mikrobagry.cz\/de\/wp-json\/wp\/v2\/types\/product"}],"replies":[{"embeddable":true,"href":"https:\/\/mikrobagry.cz\/de\/wp-json\/wp\/v2\/comments?post=2903"}],"wp:featuredmedia":[{"embeddable":true,"href":"https:\/\/mikrobagry.cz\/de\/wp-json\/wp\/v2\/media\/2899"}],"wp:attachment":[{"href":"https:\/\/mikrobagry.cz\/de\/wp-json\/wp\/v2\/media?parent=2903"}],"wp:term":[{"taxonomy":"product_cat","embeddable":true,"href":"https:\/\/mikrobagry.cz\/de\/wp-json\/wp\/v2\/product_cat?post=2903"},{"taxonomy":"product_tag","embeddable":true,"href":"https:\/\/mikrobagry.cz\/de\/wp-json\/wp\/v2\/product_tag?post=2903"}],"curies":[{"name":"wp","href":"https:\/\/api.w.org\/{rel}","templated":true}]}}