{"id":2481,"date":"2018-12-03T21:29:36","date_gmt":"2018-12-03T20:29:36","guid":{"rendered":"http:\/\/mikrobagry.cz\/?post_type=product&#038;p=2481"},"modified":"2024-02-16T17:33:00","modified_gmt":"2024-02-16T16:33:00","slug":"osazeni-pro-hadici-prumer-8","status":"publish","type":"product","link":"https:\/\/mikrobagry.cz\/de\/obchod\/osazeni-pro-hadici-prumer-8\/","title":{"rendered":"Osazen\u00ed pro hadici pr\u016fm\u011br 8"},"content":{"rendered":"","protected":false},"excerpt":{"rendered":"<p>Uvedena cena je bez DPH.<\/p>","protected":false},"featured_media":2057,"comment_status":"closed","ping_status":"closed","template":"","meta":{"_acf_changed":false},"product_cat":[100,81],"product_tag":[],"class_list":["post-2481","product","type-product","status-publish","has-post-thumbnail","hentry","product_cat-hydraulicke-komponenty","product_cat-prislusenstvi"],"acf":[],"yoast_head":"<!-- This site is optimized with the Yoast SEO plugin v25.7 - https:\/\/yoast.com\/wordpress\/plugins\/seo\/ -->\n<title>Osazen\u00ed pro hadici pr\u016fm\u011br 8 - Mikrobagry.cz<\/title>\n<meta name=\"robots\" content=\"index, follow, max-snippet:-1, max-image-preview:large, max-video-preview:-1\" \/>\n<link rel=\"canonical\" href=\"https:\/\/mikrobagry.cz\/de\/obchod\/osazeni-pro-hadici-prumer-8\/\" \/>\n<meta property=\"og:locale\" content=\"de_DE\" \/>\n<meta property=\"og:type\" content=\"article\" \/>\n<meta property=\"og:title\" content=\"Osazen\u00ed pro hadici pr\u016fm\u011br 8 - Mikrobagry.cz\" \/>\n<meta property=\"og:description\" content=\"Uvedena cena je bez DPH.\" \/>\n<meta property=\"og:url\" content=\"https:\/\/mikrobagry.cz\/de\/obchod\/osazeni-pro-hadici-prumer-8\/\" \/>\n<meta property=\"og:site_name\" content=\"Mikrobagry.cz\" \/>\n<meta property=\"article:publisher\" content=\"https:\/\/www.facebook.com\/Mikrobagry.cz\/\" \/>\n<meta property=\"article:modified_time\" content=\"2024-02-16T16:33:00+00:00\" \/>\n<meta property=\"og:image\" content=\"https:\/\/mikrobagry.cz\/wp-content\/uploads\/2018\/02\/Osazen\u00ed-pr\u016fm\u011br8-e1544124492359.jpg\" \/>\n\t<meta property=\"og:image:width\" content=\"150\" \/>\n\t<meta property=\"og:image:height\" content=\"150\" \/>\n\t<meta property=\"og:image:type\" content=\"image\/jpeg\" \/>\n<meta name=\"twitter:card\" content=\"summary_large_image\" \/>\n<script type=\"application\/ld+json\" class=\"yoast-schema-graph\">{\"@context\":\"https:\/\/schema.org\",\"@graph\":[{\"@type\":\"WebPage\",\"@id\":\"https:\/\/mikrobagry.cz\/obchod\/osazeni-pro-hadici-prumer-8\/\",\"url\":\"https:\/\/mikrobagry.cz\/obchod\/osazeni-pro-hadici-prumer-8\/\",\"name\":\"Osazen\u00ed pro hadici pr\u016fm\u011br 8 - Mikrobagry.cz\",\"isPartOf\":{\"@id\":\"https:\/\/mikrobagry.cz\/#website\"},\"primaryImageOfPage\":{\"@id\":\"https:\/\/mikrobagry.cz\/obchod\/osazeni-pro-hadici-prumer-8\/#primaryimage\"},\"image\":{\"@id\":\"https:\/\/mikrobagry.cz\/obchod\/osazeni-pro-hadici-prumer-8\/#primaryimage\"},\"thumbnailUrl\":\"https:\/\/mikrobagry.cz\/wp-content\/uploads\/2018\/02\/Osazen\u00ed-pr\u016fm\u011br8-e1544124492359.jpg\",\"datePublished\":\"2018-12-03T20:29:36+00:00\",\"dateModified\":\"2024-02-16T16:33:00+00:00\",\"breadcrumb\":{\"@id\":\"https:\/\/mikrobagry.cz\/obchod\/osazeni-pro-hadici-prumer-8\/#breadcrumb\"},\"inLanguage\":\"de\",\"potentialAction\":[{\"@type\":\"ReadAction\",\"target\":[\"https:\/\/mikrobagry.cz\/obchod\/osazeni-pro-hadici-prumer-8\/\"]}]},{\"@type\":\"ImageObject\",\"inLanguage\":\"de\",\"@id\":\"https:\/\/mikrobagry.cz\/obchod\/osazeni-pro-hadici-prumer-8\/#primaryimage\",\"url\":\"https:\/\/mikrobagry.cz\/wp-content\/uploads\/2018\/02\/Osazen\u00ed-pr\u016fm\u011br8-e1544124492359.jpg\",\"contentUrl\":\"https:\/\/mikrobagry.cz\/wp-content\/uploads\/2018\/02\/Osazen\u00ed-pr\u016fm\u011br8-e1544124492359.jpg\",\"width\":150,\"height\":150},{\"@type\":\"BreadcrumbList\",\"@id\":\"https:\/\/mikrobagry.cz\/obchod\/osazeni-pro-hadici-prumer-8\/#breadcrumb\",\"itemListElement\":[{\"@type\":\"ListItem\",\"position\":1,\"name\":\"Dom\u016f\",\"item\":\"https:\/\/mikrobagry.cz\/\"},{\"@type\":\"ListItem\",\"position\":2,\"name\":\"Produkty\",\"item\":\"https:\/\/mikrobagry.cz\/shop\/\"},{\"@type\":\"ListItem\",\"position\":3,\"name\":\"Osazen\u00ed pro hadici pr\u016fm\u011br 8\"}]},{\"@type\":\"WebSite\",\"@id\":\"https:\/\/mikrobagry.cz\/#website\",\"url\":\"https:\/\/mikrobagry.cz\/\",\"name\":\"Mikrobagry.cz\",\"description\":\"Dal\u0161\u00ed web pou\u017e\u00edvaj\u00edc\u00ed WordPress\",\"potentialAction\":[{\"@type\":\"SearchAction\",\"target\":{\"@type\":\"EntryPoint\",\"urlTemplate\":\"https:\/\/mikrobagry.cz\/?s={search_term_string}\"},\"query-input\":{\"@type\":\"PropertyValueSpecification\",\"valueRequired\":true,\"valueName\":\"search_term_string\"}}],\"inLanguage\":\"de\"}]}<\/script>\n<!-- \/ Yoast SEO plugin. -->","yoast_head_json":{"title":"Osazen\u00ed pro hadici pr\u016fm\u011br 8 - Mikrobagry.cz","robots":{"index":"index","follow":"follow","max-snippet":"max-snippet:-1","max-image-preview":"max-image-preview:large","max-video-preview":"max-video-preview:-1"},"canonical":"https:\/\/mikrobagry.cz\/de\/obchod\/osazeni-pro-hadici-prumer-8\/","og_locale":"de_DE","og_type":"article","og_title":"Osazen\u00ed pro hadici pr\u016fm\u011br 8 - Mikrobagry.cz","og_description":"Uvedena cena je bez DPH.","og_url":"https:\/\/mikrobagry.cz\/de\/obchod\/osazeni-pro-hadici-prumer-8\/","og_site_name":"Mikrobagry.cz","article_publisher":"https:\/\/www.facebook.com\/Mikrobagry.cz\/","article_modified_time":"2024-02-16T16:33:00+00:00","og_image":[{"width":150,"height":150,"url":"https:\/\/mikrobagry.cz\/wp-content\/uploads\/2018\/02\/Osazen\u00ed-pr\u016fm\u011br8-e1544124492359.jpg","type":"image\/jpeg"}],"twitter_card":"summary_large_image","schema":{"@context":"https:\/\/schema.org","@graph":[{"@type":"WebPage","@id":"https:\/\/mikrobagry.cz\/obchod\/osazeni-pro-hadici-prumer-8\/","url":"https:\/\/mikrobagry.cz\/obchod\/osazeni-pro-hadici-prumer-8\/","name":"Osazen\u00ed pro hadici pr\u016fm\u011br 8 - Mikrobagry.cz","isPartOf":{"@id":"https:\/\/mikrobagry.cz\/#website"},"primaryImageOfPage":{"@id":"https:\/\/mikrobagry.cz\/obchod\/osazeni-pro-hadici-prumer-8\/#primaryimage"},"image":{"@id":"https:\/\/mikrobagry.cz\/obchod\/osazeni-pro-hadici-prumer-8\/#primaryimage"},"thumbnailUrl":"https:\/\/mikrobagry.cz\/wp-content\/uploads\/2018\/02\/Osazen\u00ed-pr\u016fm\u011br8-e1544124492359.jpg","datePublished":"2018-12-03T20:29:36+00:00","dateModified":"2024-02-16T16:33:00+00:00","breadcrumb":{"@id":"https:\/\/mikrobagry.cz\/obchod\/osazeni-pro-hadici-prumer-8\/#breadcrumb"},"inLanguage":"de","potentialAction":[{"@type":"ReadAction","target":["https:\/\/mikrobagry.cz\/obchod\/osazeni-pro-hadici-prumer-8\/"]}]},{"@type":"ImageObject","inLanguage":"de","@id":"https:\/\/mikrobagry.cz\/obchod\/osazeni-pro-hadici-prumer-8\/#primaryimage","url":"https:\/\/mikrobagry.cz\/wp-content\/uploads\/2018\/02\/Osazen\u00ed-pr\u016fm\u011br8-e1544124492359.jpg","contentUrl":"https:\/\/mikrobagry.cz\/wp-content\/uploads\/2018\/02\/Osazen\u00ed-pr\u016fm\u011br8-e1544124492359.jpg","width":150,"height":150},{"@type":"BreadcrumbList","@id":"https:\/\/mikrobagry.cz\/obchod\/osazeni-pro-hadici-prumer-8\/#breadcrumb","itemListElement":[{"@type":"ListItem","position":1,"name":"Dom\u016f","item":"https:\/\/mikrobagry.cz\/"},{"@type":"ListItem","position":2,"name":"Produkty","item":"https:\/\/mikrobagry.cz\/shop\/"},{"@type":"ListItem","position":3,"name":"Osazen\u00ed pro hadici pr\u016fm\u011br 8"}]},{"@type":"WebSite","@id":"https:\/\/mikrobagry.cz\/#website","url":"https:\/\/mikrobagry.cz\/","name":"Mikrobagry.cz","description":"Dal\u0161\u00ed web pou\u017e\u00edvaj\u00edc\u00ed WordPress","potentialAction":[{"@type":"SearchAction","target":{"@type":"EntryPoint","urlTemplate":"https:\/\/mikrobagry.cz\/?s={search_term_string}"},"query-input":{"@type":"PropertyValueSpecification","valueRequired":true,"valueName":"search_term_string"}}],"inLanguage":"de"}]}},"_links":{"self":[{"href":"https:\/\/mikrobagry.cz\/de\/wp-json\/wp\/v2\/product\/2481","targetHints":{"allow":["GET"]}}],"collection":[{"href":"https:\/\/mikrobagry.cz\/de\/wp-json\/wp\/v2\/product"}],"about":[{"href":"https:\/\/mikrobagry.cz\/de\/wp-json\/wp\/v2\/types\/product"}],"replies":[{"embeddable":true,"href":"https:\/\/mikrobagry.cz\/de\/wp-json\/wp\/v2\/comments?post=2481"}],"wp:featuredmedia":[{"embeddable":true,"href":"https:\/\/mikrobagry.cz\/de\/wp-json\/wp\/v2\/media\/2057"}],"wp:attachment":[{"href":"https:\/\/mikrobagry.cz\/de\/wp-json\/wp\/v2\/media?parent=2481"}],"wp:term":[{"taxonomy":"product_cat","embeddable":true,"href":"https:\/\/mikrobagry.cz\/de\/wp-json\/wp\/v2\/product_cat?post=2481"},{"taxonomy":"product_tag","embeddable":true,"href":"https:\/\/mikrobagry.cz\/de\/wp-json\/wp\/v2\/product_tag?post=2481"}],"curies":[{"name":"wp","href":"https:\/\/api.w.org\/{rel}","templated":true}]}}