{"id":2455,"date":"2018-12-01T21:03:05","date_gmt":"2018-12-01T20:03:05","guid":{"rendered":"http:\/\/mikrobagry.cz\/?post_type=product&#038;p=2455"},"modified":"2026-03-19T13:43:04","modified_gmt":"2026-03-19T12:43:04","slug":"hydraulicky-olej-hv46-20l","status":"publish","type":"product","link":"https:\/\/mikrobagry.cz\/de\/obchod\/hydraulicky-olej-hv46-20l\/","title":{"rendered":"Hydraulick\u00fd olej HV46\/68 20L"},"content":{"rendered":"","protected":false},"excerpt":{"rendered":"<p>Doporu\u010den\u00fd hydraulick\u00fd olej pro na\u0161e stroje.<\/p>","protected":false},"featured_media":6378,"comment_status":"closed","ping_status":"closed","template":"","meta":{"_acf_changed":false},"product_cat":[103,108,87,81],"product_tag":[],"class_list":["post-2455","product","type-product","status-publish","has-post-thumbnail","hentry","product_cat-hydraulicke-nahradni-dily","product_cat-maziva-oleje-maznice","product_cat-nahradni-dily","product_cat-prislusenstvi"],"acf":[],"yoast_head":"<!-- This site is optimized with the Yoast SEO plugin v25.7 - https:\/\/yoast.com\/wordpress\/plugins\/seo\/ -->\n<title>Hydraulick\u00fd olej HV46\/68 20L - Mikrobagry.cz<\/title>\n<meta name=\"robots\" content=\"index, follow, max-snippet:-1, max-image-preview:large, max-video-preview:-1\" \/>\n<link rel=\"canonical\" href=\"https:\/\/mikrobagry.cz\/de\/obchod\/hydraulicky-olej-hv46-20l\/\" \/>\n<meta property=\"og:locale\" content=\"de_DE\" \/>\n<meta property=\"og:type\" content=\"article\" \/>\n<meta property=\"og:title\" content=\"Hydraulick\u00fd olej HV46\/68 20L - Mikrobagry.cz\" \/>\n<meta property=\"og:description\" content=\"Doporu\u010den\u00fd hydraulick\u00fd olej pro na\u0161e stroje.\" \/>\n<meta property=\"og:url\" content=\"https:\/\/mikrobagry.cz\/de\/obchod\/hydraulicky-olej-hv46-20l\/\" \/>\n<meta property=\"og:site_name\" content=\"Mikrobagry.cz\" \/>\n<meta property=\"article:publisher\" content=\"https:\/\/www.facebook.com\/Mikrobagry.cz\/\" \/>\n<meta property=\"article:modified_time\" content=\"2026-03-19T12:43:04+00:00\" \/>\n<meta property=\"og:image\" content=\"https:\/\/mikrobagry.cz\/wp-content\/uploads\/2023\/04\/IMG_8785.jpg\" \/>\n\t<meta property=\"og:image:width\" content=\"1200\" \/>\n\t<meta property=\"og:image:height\" content=\"900\" \/>\n\t<meta property=\"og:image:type\" content=\"image\/jpeg\" \/>\n<meta name=\"twitter:card\" content=\"summary_large_image\" \/>\n<script type=\"application\/ld+json\" class=\"yoast-schema-graph\">{\"@context\":\"https:\/\/schema.org\",\"@graph\":[{\"@type\":\"WebPage\",\"@id\":\"https:\/\/mikrobagry.cz\/obchod\/hydraulicky-olej-hv46-20l\/\",\"url\":\"https:\/\/mikrobagry.cz\/obchod\/hydraulicky-olej-hv46-20l\/\",\"name\":\"Hydraulick\u00fd olej HV46\/68 20L - Mikrobagry.cz\",\"isPartOf\":{\"@id\":\"https:\/\/mikrobagry.cz\/#website\"},\"primaryImageOfPage\":{\"@id\":\"https:\/\/mikrobagry.cz\/obchod\/hydraulicky-olej-hv46-20l\/#primaryimage\"},\"image\":{\"@id\":\"https:\/\/mikrobagry.cz\/obchod\/hydraulicky-olej-hv46-20l\/#primaryimage\"},\"thumbnailUrl\":\"https:\/\/mikrobagry.cz\/wp-content\/uploads\/2023\/04\/IMG_8785.jpg\",\"datePublished\":\"2018-12-01T20:03:05+00:00\",\"dateModified\":\"2026-03-19T12:43:04+00:00\",\"breadcrumb\":{\"@id\":\"https:\/\/mikrobagry.cz\/obchod\/hydraulicky-olej-hv46-20l\/#breadcrumb\"},\"inLanguage\":\"de\",\"potentialAction\":[{\"@type\":\"ReadAction\",\"target\":[\"https:\/\/mikrobagry.cz\/obchod\/hydraulicky-olej-hv46-20l\/\"]}]},{\"@type\":\"ImageObject\",\"inLanguage\":\"de\",\"@id\":\"https:\/\/mikrobagry.cz\/obchod\/hydraulicky-olej-hv46-20l\/#primaryimage\",\"url\":\"https:\/\/mikrobagry.cz\/wp-content\/uploads\/2023\/04\/IMG_8785.jpg\",\"contentUrl\":\"https:\/\/mikrobagry.cz\/wp-content\/uploads\/2023\/04\/IMG_8785.jpg\",\"width\":1200,\"height\":900},{\"@type\":\"BreadcrumbList\",\"@id\":\"https:\/\/mikrobagry.cz\/obchod\/hydraulicky-olej-hv46-20l\/#breadcrumb\",\"itemListElement\":[{\"@type\":\"ListItem\",\"position\":1,\"name\":\"Dom\u016f\",\"item\":\"https:\/\/mikrobagry.cz\/\"},{\"@type\":\"ListItem\",\"position\":2,\"name\":\"Produkty\",\"item\":\"https:\/\/mikrobagry.cz\/shop\/\"},{\"@type\":\"ListItem\",\"position\":3,\"name\":\"Hydraulick\u00fd olej HV46\/68 20L\"}]},{\"@type\":\"WebSite\",\"@id\":\"https:\/\/mikrobagry.cz\/#website\",\"url\":\"https:\/\/mikrobagry.cz\/\",\"name\":\"Mikrobagry.cz\",\"description\":\"Dal\u0161\u00ed web pou\u017e\u00edvaj\u00edc\u00ed WordPress\",\"potentialAction\":[{\"@type\":\"SearchAction\",\"target\":{\"@type\":\"EntryPoint\",\"urlTemplate\":\"https:\/\/mikrobagry.cz\/?s={search_term_string}\"},\"query-input\":{\"@type\":\"PropertyValueSpecification\",\"valueRequired\":true,\"valueName\":\"search_term_string\"}}],\"inLanguage\":\"de\"}]}<\/script>\n<!-- \/ Yoast SEO plugin. -->","yoast_head_json":{"title":"Hydraulick\u00fd olej HV46\/68 20L - Mikrobagry.cz","robots":{"index":"index","follow":"follow","max-snippet":"max-snippet:-1","max-image-preview":"max-image-preview:large","max-video-preview":"max-video-preview:-1"},"canonical":"https:\/\/mikrobagry.cz\/de\/obchod\/hydraulicky-olej-hv46-20l\/","og_locale":"de_DE","og_type":"article","og_title":"Hydraulick\u00fd olej HV46\/68 20L - Mikrobagry.cz","og_description":"Doporu\u010den\u00fd hydraulick\u00fd olej pro na\u0161e stroje.","og_url":"https:\/\/mikrobagry.cz\/de\/obchod\/hydraulicky-olej-hv46-20l\/","og_site_name":"Mikrobagry.cz","article_publisher":"https:\/\/www.facebook.com\/Mikrobagry.cz\/","article_modified_time":"2026-03-19T12:43:04+00:00","og_image":[{"width":1200,"height":900,"url":"https:\/\/mikrobagry.cz\/wp-content\/uploads\/2023\/04\/IMG_8785.jpg","type":"image\/jpeg"}],"twitter_card":"summary_large_image","schema":{"@context":"https:\/\/schema.org","@graph":[{"@type":"WebPage","@id":"https:\/\/mikrobagry.cz\/obchod\/hydraulicky-olej-hv46-20l\/","url":"https:\/\/mikrobagry.cz\/obchod\/hydraulicky-olej-hv46-20l\/","name":"Hydraulick\u00fd olej HV46\/68 20L - Mikrobagry.cz","isPartOf":{"@id":"https:\/\/mikrobagry.cz\/#website"},"primaryImageOfPage":{"@id":"https:\/\/mikrobagry.cz\/obchod\/hydraulicky-olej-hv46-20l\/#primaryimage"},"image":{"@id":"https:\/\/mikrobagry.cz\/obchod\/hydraulicky-olej-hv46-20l\/#primaryimage"},"thumbnailUrl":"https:\/\/mikrobagry.cz\/wp-content\/uploads\/2023\/04\/IMG_8785.jpg","datePublished":"2018-12-01T20:03:05+00:00","dateModified":"2026-03-19T12:43:04+00:00","breadcrumb":{"@id":"https:\/\/mikrobagry.cz\/obchod\/hydraulicky-olej-hv46-20l\/#breadcrumb"},"inLanguage":"de","potentialAction":[{"@type":"ReadAction","target":["https:\/\/mikrobagry.cz\/obchod\/hydraulicky-olej-hv46-20l\/"]}]},{"@type":"ImageObject","inLanguage":"de","@id":"https:\/\/mikrobagry.cz\/obchod\/hydraulicky-olej-hv46-20l\/#primaryimage","url":"https:\/\/mikrobagry.cz\/wp-content\/uploads\/2023\/04\/IMG_8785.jpg","contentUrl":"https:\/\/mikrobagry.cz\/wp-content\/uploads\/2023\/04\/IMG_8785.jpg","width":1200,"height":900},{"@type":"BreadcrumbList","@id":"https:\/\/mikrobagry.cz\/obchod\/hydraulicky-olej-hv46-20l\/#breadcrumb","itemListElement":[{"@type":"ListItem","position":1,"name":"Dom\u016f","item":"https:\/\/mikrobagry.cz\/"},{"@type":"ListItem","position":2,"name":"Produkty","item":"https:\/\/mikrobagry.cz\/shop\/"},{"@type":"ListItem","position":3,"name":"Hydraulick\u00fd olej HV46\/68 20L"}]},{"@type":"WebSite","@id":"https:\/\/mikrobagry.cz\/#website","url":"https:\/\/mikrobagry.cz\/","name":"Mikrobagry.cz","description":"Dal\u0161\u00ed web pou\u017e\u00edvaj\u00edc\u00ed WordPress","potentialAction":[{"@type":"SearchAction","target":{"@type":"EntryPoint","urlTemplate":"https:\/\/mikrobagry.cz\/?s={search_term_string}"},"query-input":{"@type":"PropertyValueSpecification","valueRequired":true,"valueName":"search_term_string"}}],"inLanguage":"de"}]}},"_links":{"self":[{"href":"https:\/\/mikrobagry.cz\/de\/wp-json\/wp\/v2\/product\/2455","targetHints":{"allow":["GET"]}}],"collection":[{"href":"https:\/\/mikrobagry.cz\/de\/wp-json\/wp\/v2\/product"}],"about":[{"href":"https:\/\/mikrobagry.cz\/de\/wp-json\/wp\/v2\/types\/product"}],"replies":[{"embeddable":true,"href":"https:\/\/mikrobagry.cz\/de\/wp-json\/wp\/v2\/comments?post=2455"}],"wp:featuredmedia":[{"embeddable":true,"href":"https:\/\/mikrobagry.cz\/de\/wp-json\/wp\/v2\/media\/6378"}],"wp:attachment":[{"href":"https:\/\/mikrobagry.cz\/de\/wp-json\/wp\/v2\/media?parent=2455"}],"wp:term":[{"taxonomy":"product_cat","embeddable":true,"href":"https:\/\/mikrobagry.cz\/de\/wp-json\/wp\/v2\/product_cat?post=2455"},{"taxonomy":"product_tag","embeddable":true,"href":"https:\/\/mikrobagry.cz\/de\/wp-json\/wp\/v2\/product_tag?post=2455"}],"curies":[{"name":"wp","href":"https:\/\/api.w.org\/{rel}","templated":true}]}}