{"id":2209,"date":"2018-04-21T15:18:58","date_gmt":"2018-04-21T13:18:58","guid":{"rendered":"http:\/\/mikrobagry.cz\/?post_type=product&#038;p=2209"},"modified":"2026-02-25T21:02:09","modified_gmt":"2026-02-25T20:02:09","slug":"nakladac-sphynx-ci-mp357-kompletni-lakovany","status":"publish","type":"product","link":"https:\/\/mikrobagry.cz\/de\/obchod\/nakladac-sphynx-ci-mp357-kompletni-lakovany\/","title":{"rendered":"\u010celn\u00ed lopata pro na\u0161e MIKROBAGRY.cz"},"content":{"rendered":"<div class=\"page\" title=\"Page 13\">\n<div class=\"layoutArea\">\n<div class=\"column\">\n<p>C\u030cELNI\u0301 NAKLA\u0301DACI\u0301 LZ\u030cI\u0301CE.<\/p>\n<\/div>\n<\/div>\n<div class=\"layoutArea\">\n<div class=\"column\">\n<p>Aby bylo moz\u030cne\u0301 k bagru uchytit c\u030celni\u0301 nakla\u0301daci\u0301 lz\u030ci\u0301ci, je nutne\u0301 nejprve demontovat pr\u030cedni\u0301 rameno (kyvadlo).<\/p>\n<p>Postup vy\u0301me\u030cny ramene za nakla\u0301daci\u0301 lz\u030ci\u0301ci:<\/p>\n<ul>\n<li>&#8211; \u00a0Opr\u030cete kyvadlo kolno o zem a odpojte rychlospojky,umi\u0301ste\u030cne\u0301 na hadici\u0301ch, vedouci\u0301m k pr\u030cedni\u0301muhydraulicke\u0301mu va\u0301lci.<\/li>\n<li>&#8211; \u00a0Demontujte pojistne\u0301 s\u030crouby a vyjme\u030cte c\u030cepy.<\/li>\n<li>&#8211; \u00a0Kyvadlo pak opatrne\u030c odloz\u030cte na zem.<\/li>\n<li>&#8211; \u00a0Hlavni\u0301 rameno pote\u0301 spust\u030cte te\u030csne\u030c nad zem k pr\u030cipravene\u0301c\u030celni\u0301 nakla\u0301daci\u0301 lz\u030ci\u0301ci, tu nasad\u030cte a zajiste\u030cte c\u030cepy.<br \/>\n(pro snazs\u030ci\u0301 vy\u0301me\u030cnu lze pouz\u030ci\u0301t \u201eRychloupi\u0301na\u0301k pro c\u030celni\u0301 nakladac\u030c a paletove\u0301 vidle\u201c, jedn\u00e1 se o nov\u00e9 p\u0159\u00edslu\u0161enstv\u00ed, kter\u00e9 m\u00e1me ji\u017e skladem zde : <a href=\"https:\/\/mikrobagry.cz\/de\/obchod\/novy-adapter-rychloupinak-nakladace\/\">http:\/\/novy-adapter-rychloupinak-nakladace<\/a>.)Objem: 96 L<br \/>\nHmotnost: 37 kg<\/li>\n<\/ul>\n<\/div>\n<\/div>\n<\/div>","protected":false},"excerpt":{"rendered":"<p>\u010celn\u00ed naklada\u010d ihned k pou\u017ei\u010d\u00ed, \u0161\u00ed\u0159e 75 cm. Objem naklada\u010de je 96 litr\u016f. Vhodn\u00fd na nakl\u00e1d\u00e1n\u00ed a vykl\u00e1d\u00e1n\u00ed zeminy, \u0161t\u011brku, p\u00edsku a tak\u00e9 nap\u0159. na \u00faklid sn\u011bhu. P\u0159i zakoupen\u00ed tohoto \u010deln\u00edho naklada\u010de je vhodn\u00e9 ke stroji dokoupit dr\u017e\u00e1k z\u00e1va\u017e\u00ed s pou\u017eit\u00edm z\u00e1va\u017e\u00ed, a\u017e 140kg, pro Va\u0161i lep\u0161\u00ed stabilitu.<\/p>\n<p>\u010celn\u00ed naklada\u010d je mo\u017en\u00fd pou\u017e\u00edt i na stroje MPT-72-800.<\/p>\n<p>Hmotnost : 37 Kg<\/p>\n<p>Cena uvedena bez DPH<\/p>","protected":false},"featured_media":7414,"comment_status":"closed","ping_status":"closed","template":"","meta":{"_acf_changed":false},"product_cat":[92,90,81],"product_tag":[],"class_list":["post-2209","product","type-product","status-publish","has-post-thumbnail","hentry","product_cat-celni-lopaty","product_cat-lzice","product_cat-prislusenstvi"],"acf":[],"yoast_head":"<!-- This site is optimized with the Yoast SEO plugin v25.7 - https:\/\/yoast.com\/wordpress\/plugins\/seo\/ -->\n<title>\u010celn\u00ed lopata pro na\u0161e MIKROBAGRY.cz - Mikrobagry.cz<\/title>\n<meta name=\"description\" content=\"\u010celn\u00ed naklada\u010d pro minibagry.cz\" \/>\n<meta name=\"robots\" content=\"index, follow, max-snippet:-1, max-image-preview:large, max-video-preview:-1\" \/>\n<link rel=\"canonical\" href=\"https:\/\/mikrobagry.cz\/de\/obchod\/nakladac-sphynx-ci-mp357-kompletni-lakovany\/\" \/>\n<meta property=\"og:locale\" content=\"de_DE\" \/>\n<meta property=\"og:type\" content=\"article\" \/>\n<meta property=\"og:title\" content=\"\u010celn\u00ed lopata pro na\u0161e MIKROBAGRY.cz - Mikrobagry.cz\" \/>\n<meta property=\"og:description\" content=\"\u010celn\u00ed naklada\u010d pro minibagry.cz\" \/>\n<meta property=\"og:url\" content=\"https:\/\/mikrobagry.cz\/de\/obchod\/nakladac-sphynx-ci-mp357-kompletni-lakovany\/\" \/>\n<meta property=\"og:site_name\" content=\"Mikrobagry.cz\" \/>\n<meta property=\"article:publisher\" content=\"https:\/\/www.facebook.com\/Mikrobagry.cz\/\" \/>\n<meta property=\"article:modified_time\" content=\"2026-02-25T20:02:09+00:00\" \/>\n<meta property=\"og:image\" content=\"https:\/\/mikrobagry.cz\/wp-content\/uploads\/2018\/04\/celni-nakladac.png\" \/>\n\t<meta property=\"og:image:width\" content=\"690\" \/>\n\t<meta property=\"og:image:height\" content=\"658\" \/>\n\t<meta property=\"og:image:type\" content=\"image\/png\" \/>\n<meta name=\"twitter:card\" content=\"summary_large_image\" \/>\n<meta name=\"twitter:label1\" content=\"Gesch\u00e4tzte Lesezeit\" \/>\n\t<meta name=\"twitter:data1\" content=\"1\u00a0Minute\" \/>\n<script type=\"application\/ld+json\" class=\"yoast-schema-graph\">{\"@context\":\"https:\/\/schema.org\",\"@graph\":[{\"@type\":\"WebPage\",\"@id\":\"https:\/\/mikrobagry.cz\/obchod\/nakladac-sphynx-ci-mp357-kompletni-lakovany\/\",\"url\":\"https:\/\/mikrobagry.cz\/obchod\/nakladac-sphynx-ci-mp357-kompletni-lakovany\/\",\"name\":\"\u010celn\u00ed lopata pro na\u0161e MIKROBAGRY.cz - Mikrobagry.cz\",\"isPartOf\":{\"@id\":\"https:\/\/mikrobagry.cz\/#website\"},\"primaryImageOfPage\":{\"@id\":\"https:\/\/mikrobagry.cz\/obchod\/nakladac-sphynx-ci-mp357-kompletni-lakovany\/#primaryimage\"},\"image\":{\"@id\":\"https:\/\/mikrobagry.cz\/obchod\/nakladac-sphynx-ci-mp357-kompletni-lakovany\/#primaryimage\"},\"thumbnailUrl\":\"https:\/\/mikrobagry.cz\/wp-content\/uploads\/2018\/04\/celni-nakladac.png\",\"datePublished\":\"2018-04-21T13:18:58+00:00\",\"dateModified\":\"2026-02-25T20:02:09+00:00\",\"description\":\"\u010celn\u00ed naklada\u010d pro minibagry.cz\",\"breadcrumb\":{\"@id\":\"https:\/\/mikrobagry.cz\/obchod\/nakladac-sphynx-ci-mp357-kompletni-lakovany\/#breadcrumb\"},\"inLanguage\":\"de\",\"potentialAction\":[{\"@type\":\"ReadAction\",\"target\":[\"https:\/\/mikrobagry.cz\/obchod\/nakladac-sphynx-ci-mp357-kompletni-lakovany\/\"]}]},{\"@type\":\"ImageObject\",\"inLanguage\":\"de\",\"@id\":\"https:\/\/mikrobagry.cz\/obchod\/nakladac-sphynx-ci-mp357-kompletni-lakovany\/#primaryimage\",\"url\":\"https:\/\/mikrobagry.cz\/wp-content\/uploads\/2018\/04\/celni-nakladac.png\",\"contentUrl\":\"https:\/\/mikrobagry.cz\/wp-content\/uploads\/2018\/04\/celni-nakladac.png\",\"width\":690,\"height\":658},{\"@type\":\"BreadcrumbList\",\"@id\":\"https:\/\/mikrobagry.cz\/obchod\/nakladac-sphynx-ci-mp357-kompletni-lakovany\/#breadcrumb\",\"itemListElement\":[{\"@type\":\"ListItem\",\"position\":1,\"name\":\"Dom\u016f\",\"item\":\"https:\/\/mikrobagry.cz\/\"},{\"@type\":\"ListItem\",\"position\":2,\"name\":\"Produkty\",\"item\":\"https:\/\/mikrobagry.cz\/shop\/\"},{\"@type\":\"ListItem\",\"position\":3,\"name\":\"\u010celn\u00ed naklada\u010d pro na\u0161e MIKROBAGRY.cz\"}]},{\"@type\":\"WebSite\",\"@id\":\"https:\/\/mikrobagry.cz\/#website\",\"url\":\"https:\/\/mikrobagry.cz\/\",\"name\":\"Mikrobagry.cz\",\"description\":\"Dal\u0161\u00ed web pou\u017e\u00edvaj\u00edc\u00ed WordPress\",\"potentialAction\":[{\"@type\":\"SearchAction\",\"target\":{\"@type\":\"EntryPoint\",\"urlTemplate\":\"https:\/\/mikrobagry.cz\/?s={search_term_string}\"},\"query-input\":{\"@type\":\"PropertyValueSpecification\",\"valueRequired\":true,\"valueName\":\"search_term_string\"}}],\"inLanguage\":\"de\"}]}<\/script>\n<!-- \/ Yoast SEO plugin. -->","yoast_head_json":{"title":"\u010celn\u00ed lopata pro na\u0161e MIKROBAGRY.cz - Mikrobagry.cz","description":"\u010celn\u00ed naklada\u010d pro minibagry.cz","robots":{"index":"index","follow":"follow","max-snippet":"max-snippet:-1","max-image-preview":"max-image-preview:large","max-video-preview":"max-video-preview:-1"},"canonical":"https:\/\/mikrobagry.cz\/de\/obchod\/nakladac-sphynx-ci-mp357-kompletni-lakovany\/","og_locale":"de_DE","og_type":"article","og_title":"\u010celn\u00ed lopata pro na\u0161e MIKROBAGRY.cz - Mikrobagry.cz","og_description":"\u010celn\u00ed naklada\u010d pro minibagry.cz","og_url":"https:\/\/mikrobagry.cz\/de\/obchod\/nakladac-sphynx-ci-mp357-kompletni-lakovany\/","og_site_name":"Mikrobagry.cz","article_publisher":"https:\/\/www.facebook.com\/Mikrobagry.cz\/","article_modified_time":"2026-02-25T20:02:09+00:00","og_image":[{"width":690,"height":658,"url":"https:\/\/mikrobagry.cz\/wp-content\/uploads\/2018\/04\/celni-nakladac.png","type":"image\/png"}],"twitter_card":"summary_large_image","twitter_misc":{"Gesch\u00e4tzte Lesezeit":"1\u00a0Minute"},"schema":{"@context":"https:\/\/schema.org","@graph":[{"@type":"WebPage","@id":"https:\/\/mikrobagry.cz\/obchod\/nakladac-sphynx-ci-mp357-kompletni-lakovany\/","url":"https:\/\/mikrobagry.cz\/obchod\/nakladac-sphynx-ci-mp357-kompletni-lakovany\/","name":"\u010celn\u00ed lopata pro na\u0161e MIKROBAGRY.cz - Mikrobagry.cz","isPartOf":{"@id":"https:\/\/mikrobagry.cz\/#website"},"primaryImageOfPage":{"@id":"https:\/\/mikrobagry.cz\/obchod\/nakladac-sphynx-ci-mp357-kompletni-lakovany\/#primaryimage"},"image":{"@id":"https:\/\/mikrobagry.cz\/obchod\/nakladac-sphynx-ci-mp357-kompletni-lakovany\/#primaryimage"},"thumbnailUrl":"https:\/\/mikrobagry.cz\/wp-content\/uploads\/2018\/04\/celni-nakladac.png","datePublished":"2018-04-21T13:18:58+00:00","dateModified":"2026-02-25T20:02:09+00:00","description":"\u010celn\u00ed naklada\u010d pro minibagry.cz","breadcrumb":{"@id":"https:\/\/mikrobagry.cz\/obchod\/nakladac-sphynx-ci-mp357-kompletni-lakovany\/#breadcrumb"},"inLanguage":"de","potentialAction":[{"@type":"ReadAction","target":["https:\/\/mikrobagry.cz\/obchod\/nakladac-sphynx-ci-mp357-kompletni-lakovany\/"]}]},{"@type":"ImageObject","inLanguage":"de","@id":"https:\/\/mikrobagry.cz\/obchod\/nakladac-sphynx-ci-mp357-kompletni-lakovany\/#primaryimage","url":"https:\/\/mikrobagry.cz\/wp-content\/uploads\/2018\/04\/celni-nakladac.png","contentUrl":"https:\/\/mikrobagry.cz\/wp-content\/uploads\/2018\/04\/celni-nakladac.png","width":690,"height":658},{"@type":"BreadcrumbList","@id":"https:\/\/mikrobagry.cz\/obchod\/nakladac-sphynx-ci-mp357-kompletni-lakovany\/#breadcrumb","itemListElement":[{"@type":"ListItem","position":1,"name":"Dom\u016f","item":"https:\/\/mikrobagry.cz\/"},{"@type":"ListItem","position":2,"name":"Produkty","item":"https:\/\/mikrobagry.cz\/shop\/"},{"@type":"ListItem","position":3,"name":"\u010celn\u00ed naklada\u010d pro na\u0161e MIKROBAGRY.cz"}]},{"@type":"WebSite","@id":"https:\/\/mikrobagry.cz\/#website","url":"https:\/\/mikrobagry.cz\/","name":"Mikrobagry.cz","description":"Dal\u0161\u00ed web pou\u017e\u00edvaj\u00edc\u00ed WordPress","potentialAction":[{"@type":"SearchAction","target":{"@type":"EntryPoint","urlTemplate":"https:\/\/mikrobagry.cz\/?s={search_term_string}"},"query-input":{"@type":"PropertyValueSpecification","valueRequired":true,"valueName":"search_term_string"}}],"inLanguage":"de"}]}},"_links":{"self":[{"href":"https:\/\/mikrobagry.cz\/de\/wp-json\/wp\/v2\/product\/2209","targetHints":{"allow":["GET"]}}],"collection":[{"href":"https:\/\/mikrobagry.cz\/de\/wp-json\/wp\/v2\/product"}],"about":[{"href":"https:\/\/mikrobagry.cz\/de\/wp-json\/wp\/v2\/types\/product"}],"replies":[{"embeddable":true,"href":"https:\/\/mikrobagry.cz\/de\/wp-json\/wp\/v2\/comments?post=2209"}],"wp:featuredmedia":[{"embeddable":true,"href":"https:\/\/mikrobagry.cz\/de\/wp-json\/wp\/v2\/media\/7414"}],"wp:attachment":[{"href":"https:\/\/mikrobagry.cz\/de\/wp-json\/wp\/v2\/media?parent=2209"}],"wp:term":[{"taxonomy":"product_cat","embeddable":true,"href":"https:\/\/mikrobagry.cz\/de\/wp-json\/wp\/v2\/product_cat?post=2209"},{"taxonomy":"product_tag","embeddable":true,"href":"https:\/\/mikrobagry.cz\/de\/wp-json\/wp\/v2\/product_tag?post=2209"}],"curies":[{"name":"wp","href":"https:\/\/api.w.org\/{rel}","templated":true}]}}